{"id":12460,"date":"2023-01-10T04:40:37","date_gmt":"2023-01-10T07:40:37","guid":{"rendered":"https:\/\/cursos.talentup.cl\/?post_type=product&#038;p=12460"},"modified":"2024-02-07T23:37:44","modified_gmt":"2024-02-08T02:37:44","slug":"ingles-facil","status":"publish","type":"product","link":"https:\/\/cursos.talentup.cl\/?product=ingles-facil","title":{"rendered":"INGL\u00c9S F\u00c1CIL"},"content":{"rendered":"<p>\u00bfQuieres aprender a hablar ingl\u00e9s y comunicarte c\u00f3modamente sin sentirte avergonzado?<\/p>\n<p>Domina las bases del ingl\u00e9s y expr\u00e9sate correctamente y en poco tiempo con el MasterClass INGL\u00c9S F\u00c1CIL.<\/p>\n<p>Aprende a dominar las habilidades de escucha para que te conectes con cualquiera que lo hable.<\/p>\n<p>Lee con rapidez, comun\u00edcate con impacto y escr\u00edbelo correctamente con un programa completo y divertido de aprendizaje.<\/p>\n<p>Comprende su estructura, los tiempos, la terminolog\u00eda y la fluidez que necesitas de un idioma encantador y muy \u00fatil.<\/p>\n<p>\u00bfQU\u00c9 VAS A LOGRAR?<\/p>\n<p>Manejar\u00e1s correctamente las estructuras del idioma.<\/p>\n<p>Iniciar\u00e1s conversaciones.<\/p>\n<p>Mantendr\u00e1s di\u00e1logos con seguridad.<\/p>\n<p>Pronunciar\u00e1s adecuadamente.<\/p>\n<p>Fortalecer\u00e1s tus habilidades de escucha.<\/p>\n<p>Enriquecer\u00e1s tu vocabulario.<\/p>\n<p>Practicar\u00e1s de manera espont\u00e1nea y con alta motivaci\u00f3n.<\/p>\n<p>Utilizar\u00e1s expresiones actualizadas.<\/p>\n<p>Ganar\u00e1s confianza al y sentirte c\u00f3modo con el idioma.<\/p>\n<p>Acceder\u00e1s al certificado avalado por Hotmart y Seminarios Online.<\/p>\n<p>\u00bfC\u00d3MO LO VAS A LOGRAR?<\/p>\n<p>Por medio de los siguientes m\u00f3dulos:<\/p>\n<p>1. Greetings<br \/>\n2. Personal Information (Part 1)<br \/>\n3. Personal Information (Part 2)<br \/>\n4. Personal pronouns and verb to be<br \/>\n5. Tag questions (verb to be)<br \/>\n6. Demonstrative pronouns<br \/>\n7. Simple present (Verb to be \u2013 Affirmative and negative sentences, Yes\/no questions, Wh questions)<br \/>\n8. Simple present tense (Uses, Regular and irregular verbs, Affirmative and negative sentences, Yes\/no questions, Wh questions)<br \/>\n9. Tag questions for simple present<br \/>\n10. Present progressive<br \/>\n11. Tag questions for present progressive tense<br \/>\n12. Nouns<br \/>\n13. Singular and plural forms<br \/>\n14. There is there are (countable and non countable nouns)<br \/>\n15. Adjectives<br \/>\n16. Prespositions: place, time, movement or direction<br \/>\n17. Coordinating Conjunctions (fanboys)<br \/>\n18. Possesive pronouns and possessive adjectives<br \/>\n19. Comparatives and Superlatives<br \/>\n20. Past simple (Verb to be \u2013 Affirmative and negative sentences, Yes\/no questions, Wh questions)<br \/>\n21. Past simple tense (Regular and irregular verbs)<br \/>\n22. Bonus class<\/p>\n<p>ACERCA DEL PRODUCTOR<\/p>\n<p>Desarrollado por CINDY BOLA\u00d1OS, docente y tutora con amplia experiencia en ense\u00f1anza de ni\u00f1os, adolescentes y adultos en todos sus niveles.<\/p>\n<p>Ha trabajado para empresas transnacionales donde el \u00fanico idioma utilizado es el ingl\u00e9s por m\u00e1s de 7 a\u00f1os y cuenta con un total de 27 a\u00f1os de experiencia con el idioma. <\/p>\n<p>Ha obtenido certificaciones TOEIC, t\u00edtulos comerciales de aprendizaje y experiencia en ingl\u00e9s como segunda lengua. <\/p>\n","protected":false},"excerpt":{"rendered":"<p>\u00bfQuieres aprender a hablar ingl\u00e9s y comunicarte c\u00f3modamente sin sentirte avergonzado?<\/p>\n<p>Domina las bases del ingl\u00e9s y expr\u00e9sate correctamente y en poco tiempo con el MasterClass INGL\u00c9S F\u00c1CIL.<\/p>\n<p>Aprende a dominar las habilidades de escucha para que te conectes con cualquiera que lo hable.<\/p>\n<p>Lee con rapidez, comun\u00edcate con impacto y escr\u00edbelo correctamente con un programa completo y divertido de aprendizaje.<\/p>\n<p>Comprende su estructura, los tiempos, la terminolog\u00eda y la fluidez que necesitas de un idioma encantador y muy \u00fatil.<\/p>\n","protected":false},"featured_media":3833,"template":"","meta":{"_joinchat":[]},"product_brand":[],"product_cat":[328,344],"product_tag":[],"class_list":{"0":"post-12460","1":"product","2":"type-product","3":"status-publish","4":"has-post-thumbnail","6":"product_cat-idiomas","7":"product_cat-todos","9":"first","10":"instock","11":"sale","12":"shipping-taxable","13":"product-type-external"},"_links":{"self":[{"href":"https:\/\/cursos.talentup.cl\/index.php?rest_route=\/wp\/v2\/product\/12460","targetHints":{"allow":["GET"]}}],"collection":[{"href":"https:\/\/cursos.talentup.cl\/index.php?rest_route=\/wp\/v2\/product"}],"about":[{"href":"https:\/\/cursos.talentup.cl\/index.php?rest_route=\/wp\/v2\/types\/product"}],"version-history":[{"count":2,"href":"https:\/\/cursos.talentup.cl\/index.php?rest_route=\/wp\/v2\/product\/12460\/revisions"}],"predecessor-version":[{"id":14499,"href":"https:\/\/cursos.talentup.cl\/index.php?rest_route=\/wp\/v2\/product\/12460\/revisions\/14499"}],"wp:featuredmedia":[{"embeddable":true,"href":"https:\/\/cursos.talentup.cl\/index.php?rest_route=\/wp\/v2\/media\/3833"}],"wp:attachment":[{"href":"https:\/\/cursos.talentup.cl\/index.php?rest_route=%2Fwp%2Fv2%2Fmedia&parent=12460"}],"wp:term":[{"taxonomy":"product_brand","embeddable":true,"href":"https:\/\/cursos.talentup.cl\/index.php?rest_route=%2Fwp%2Fv2%2Fproduct_brand&post=12460"},{"taxonomy":"product_cat","embeddable":true,"href":"https:\/\/cursos.talentup.cl\/index.php?rest_route=%2Fwp%2Fv2%2Fproduct_cat&post=12460"},{"taxonomy":"product_tag","embeddable":true,"href":"https:\/\/cursos.talentup.cl\/index.php?rest_route=%2Fwp%2Fv2%2Fproduct_tag&post=12460"}],"curies":[{"name":"wp","href":"https:\/\/api.w.org\/{rel}","templated":true}]}}