{"id":12463,"date":"2023-01-10T04:40:37","date_gmt":"2023-01-10T07:40:37","guid":{"rendered":"https:\/\/cursos.talentup.cl\/?post_type=product&#038;p=12463"},"modified":"2024-02-07T23:37:44","modified_gmt":"2024-02-08T02:37:44","slug":"aprende-coreano-facil","status":"publish","type":"product","link":"https:\/\/cursos.talentup.cl\/?product=aprende-coreano-facil","title":{"rendered":"APRENDE COREANO F\u00c1CIL"},"content":{"rendered":"<p>\u00bfSab\u00edas que alrededor de 80 millones de personas a nivel mundial hablan coreano? <\/p>\n<p>\u00a1A los coreanos les encanta Latinoam\u00e9rica! Adem\u00e1s, cada d\u00eda se convierten en los l\u00edderes de las empresas multinacionales en todo el planeta.<\/p>\n<p>Marca la diferencia con el programa APRENDE COREANO F\u00c1CIL y aprovecha esta oportunidad con una metodolog\u00eda pr\u00e1ctica para que te comuniques bien y ampl\u00edes tu cultura, hagas amigos y cierres negocios.<\/p>\n<p>\u00bfQU\u00c9 VAS A LOGRAR?<\/p>\n<p>Lograr\u00e1s leer, escribir y pronunciar el alfabeto coreano.<\/p>\n<p>Aprender\u00e1s las similitudes que tiene el idioma coreano con el hispano y ver\u00e1s porque es el idioma asi\u00e1tico m\u00e1s f\u00e1cil de dominar.<\/p>\n<p>Aprender\u00e1s sobre las costumbres y tradiciones del pa\u00eds asi\u00e1tico.<\/p>\n<p>Lograr\u00e1s formular palabras y oraciones para comunicarte con nativos de Corea, formal e informalmente.<\/p>\n<p>Conocer\u00e1s m\u00e9todos de asociaci\u00f3n para nutrir tu vocabulario.<\/p>\n<p>Comprender\u00e1s porque es uno de los pa\u00edses m\u00e1s evolucionados a nivel tecnol\u00f3gico.<\/p>\n<p>Aprender\u00e1s las reglas gramaticales esenciales para adaptarte a la lectura.<\/p>\n<p>Aprender\u00e1s a leer, escribir, pronunciar e integrar correctamente los n\u00fameros coreanos en la escritura y pronunciaci\u00f3n. <\/p>\n<p>Acceder\u00e1s al certificado avalado por Hotmart y Seminarios Online.<\/p>\n<p>\u00bfC\u00d3MO LO VAS A LOGRAR?<\/p>\n<p>El contenido que vas a recibir, tiene la siguiente estructura que te facilitara todo el proceso de aprendizaje:<\/p>\n<p>Clase 1: Pronunciaci\u00f3n y escritura (vocales, consonantes y vocabulario)<br \/>\nClase 2: Vocabulario de adaptaci\u00f3n y cultura coreana.<br \/>\nClase 3: Regla gramatical principal.<br \/>\nClase 4: Formalidad e informalidad &#8211; Verbo \u201cSer\u201d<br \/>\nClase 5: Verbo \u201cTener \/ Estar\u201d<br \/>\nClase 6: Vocabulario de objetos.<br \/>\nClase 7: Vocabulario de propiedad.<br \/>\nClase 8: Vocabulario de pertenencia.<br \/>\nClase 9: Adjetivos de ubicaci\u00f3n<br \/>\nClase 10: N\u00fameros Sino coreanos<br \/>\nClase 11: N\u00fameros Coreanos<br \/>\nClase 12: Despedida e invitaci\u00f3n a la comunidad. <\/p>\n<p>ACERCA DEL PRODUCTOR<\/p>\n<p>Desarrollado por PERLAKARIBE OROZCO, mujer apasionada por la cultura asi\u00e1tica, desde muy joven mostr\u00f3 gran inter\u00e9s por el idioma coreano y se dio a la tarea de aprenderlo a trav\u00e9s de profesores y mentores nativos de Corea del Sur. <\/p>\n<p>Desde hace 2 a\u00f1os se desempe\u00f1a como profesora online de idiomas, impartiendo talleres, cursos, y programas de idioma coreano.<\/p>\n<p>Comparte semana a semana con sus estudiantes de m\u00faltiples nacionalidades a trav\u00e9s de aulas virtuales, donde disfruta del intercambio cultural y aprendizaje mutuo.<\/p>\n","protected":false},"excerpt":{"rendered":"<p>\u00bfSab\u00edas que alrededor de 80 millones de personas a nivel mundial hablan coreano? <\/p>\n<p>\u00a1A los coreanos les encanta Latinoam\u00e9rica! Adem\u00e1s, cada d\u00eda se convierten en los l\u00edderes de las empresas multinacionales en todo el planeta.<\/p>\n<p>Marca la diferencia con el programa APRENDE COREANO F\u00c1CIL y aprovecha esta oportunidad con una metodolog\u00eda pr\u00e1ctica para que te comuniques bien y ampl\u00edes tu cultura, hagas amigos y cierres negocios.<\/p>\n","protected":false},"featured_media":3836,"template":"","meta":{"_joinchat":[]},"product_brand":[],"product_cat":[328,344],"product_tag":[],"class_list":{"0":"post-12463","1":"product","2":"type-product","3":"status-publish","4":"has-post-thumbnail","6":"product_cat-idiomas","7":"product_cat-todos","9":"first","10":"instock","11":"sale","12":"shipping-taxable","13":"product-type-external"},"_links":{"self":[{"href":"https:\/\/cursos.talentup.cl\/index.php?rest_route=\/wp\/v2\/product\/12463","targetHints":{"allow":["GET"]}}],"collection":[{"href":"https:\/\/cursos.talentup.cl\/index.php?rest_route=\/wp\/v2\/product"}],"about":[{"href":"https:\/\/cursos.talentup.cl\/index.php?rest_route=\/wp\/v2\/types\/product"}],"version-history":[{"count":2,"href":"https:\/\/cursos.talentup.cl\/index.php?rest_route=\/wp\/v2\/product\/12463\/revisions"}],"predecessor-version":[{"id":14502,"href":"https:\/\/cursos.talentup.cl\/index.php?rest_route=\/wp\/v2\/product\/12463\/revisions\/14502"}],"wp:featuredmedia":[{"embeddable":true,"href":"https:\/\/cursos.talentup.cl\/index.php?rest_route=\/wp\/v2\/media\/3836"}],"wp:attachment":[{"href":"https:\/\/cursos.talentup.cl\/index.php?rest_route=%2Fwp%2Fv2%2Fmedia&parent=12463"}],"wp:term":[{"taxonomy":"product_brand","embeddable":true,"href":"https:\/\/cursos.talentup.cl\/index.php?rest_route=%2Fwp%2Fv2%2Fproduct_brand&post=12463"},{"taxonomy":"product_cat","embeddable":true,"href":"https:\/\/cursos.talentup.cl\/index.php?rest_route=%2Fwp%2Fv2%2Fproduct_cat&post=12463"},{"taxonomy":"product_tag","embeddable":true,"href":"https:\/\/cursos.talentup.cl\/index.php?rest_route=%2Fwp%2Fv2%2Fproduct_tag&post=12463"}],"curies":[{"name":"wp","href":"https:\/\/api.w.org\/{rel}","templated":true}]}}