{"id":12495,"date":"2023-01-10T04:40:41","date_gmt":"2023-01-10T07:40:41","guid":{"rendered":"https:\/\/cursos.talentup.cl\/?post_type=product&#038;p=12495"},"modified":"2024-02-07T23:37:45","modified_gmt":"2024-02-08T02:37:45","slug":"ingles-para-ninos","status":"publish","type":"product","link":"https:\/\/cursos.talentup.cl\/?product=ingles-para-ninos","title":{"rendered":"INGLES PARA NI\u00d1OS"},"content":{"rendered":"<p>El ingl\u00e9s para un ni\u00f1o ya no es el futuro, es el presente. <\/p>\n<p>Con las metodolog\u00edas tradicionales, solo un 10% de ellos puede demostrar su aprendizaje en el tiempo. <\/p>\n<p>Impacta sus posibilidades cuando sea grande con un Programa que si funciona: INGL\u00c9S PARA NI\u00d1OS, un divertido MasterClass que le ense\u00f1a este idioma de forma f\u00e1cil, mientras elimina sus miedos y mejora su seguridad para expresarse.<\/p>\n<p>Dise\u00f1ado con una metodolog\u00eda que combina la interacci\u00f3n, la creatividad y la innovaci\u00f3n con resultados importantes.<\/p>\n<p>\u00bfQU\u00c9 VAS A LOGRAR?<\/p>\n<p>1. El alfabeto y su fon\u00e9tica.<\/p>\n<p>2. Podr\u00e1s interiorizar, reconocer e identificar el vocabulario propuesto y comandos b\u00e1sicos en el idioma, as\u00ed como tambi\u00e9n su uso en oraciones simples.<\/p>\n<p>3. Reconocer e identificar en s\u00ed mismos las partes del cuerpo usando el vocabulario propuesto en producciones orales y escritas.<\/p>\n<p>4. Al final de cada clase se realizar\u00e1n retos que le permitir\u00e1n al estudiante practicar su habilidad oral en el idioma.<\/p>\n<p>5. Reconocer, nombrar e identificar los diferentes h\u00e1bitats y algunos animales que viven en ellos a partir de actividades manipulativas.<\/p>\n<p>6. El ni\u00f1o podr\u00e1 expresar sus intereses (gustos y disgustos) haciendo uso de estructuras como \u00abI like \/ I don&#8217;t like\u00bb.<\/p>\n<p>7. En las actividades programadas para cada lecci\u00f3n se evidenciar\u00e1 una secuencia con los temas anteriores para continuar reforzando, ampliando e interiorizando el vocabulario del ni\u00f1o.<\/p>\n<p>8. El ni\u00f1o podr\u00e1 reconocer, identificar e interpretar el vocabulario visto durante cada lecci\u00f3n a partir de su lenguaje corporal.<\/p>\n<p>9. Acceder\u00e1s al certificado avalado por Hotmart y Seminarios Online.<\/p>\n<p>\u00bfC\u00d3MO LO VAS A LOGRAR?<\/p>\n<p>Atr\u00e9vete y prueba una metodolog\u00eda diferente, din\u00e1mica y creativa que le ayudar\u00e1 a tu hijo a fortalecer su aprendizaje significativo por medio de las siguientes lecciones:<\/p>\n<p>M\u00f3dulo 1: Alfabeto<\/p>\n<p>Video 1: Sonidos del alfabeto<br \/>\nVideo 2: Palabras claves y frases<br \/>\nVideo 3: Pr\u00e1ctica video 1 y vocabulario<\/p>\n<p>M\u00f3dulo 2: Frutas<\/p>\n<p>Video 4: Conociendo las frutas<br \/>\nVideo 5: \u00bfQu\u00e9 fruta te gusta?<br \/>\nVideo 6: Juego pr\u00e1ctico<\/p>\n<p>M\u00f3dulo 3: Interacci\u00f3n con los H\u00e1bitats <\/p>\n<p>Video 7: H\u00e1bitats<br \/>\nVideo 8: Gu\u00eda pr\u00e1ctica<\/p>\n<p>M\u00f3dulo 4: Colores<\/p>\n<p>Video 9: Colores en objetos<br \/>\nVideo 10: Actividad pr\u00e1ctica<br \/>\nVideo 11: Colorea tu Arco\u00edris<\/p>\n<p>M\u00f3dulo 5: Profesiones<\/p>\n<p>Video 12: Identificaci\u00f3n de profesiones<br \/>\nVideo 13: Oraciones pr\u00e1cticas<\/p>\n<p>M\u00f3dulo 6: Las partes del cuerpo<\/p>\n<p>Video 14: Se\u00f1ala las partes del cuerpo<br \/>\nVideo 15: Gu\u00eda pr\u00e1ctica<br \/>\nVideo 16: Construye tu cuerpo<\/p>\n<p>M\u00f3dulo 7: Descubriendo nuestros sentidos<\/p>\n<p>Video 17: Interactuando con nuestros sentidos<br \/>\nVideo 18: Actividad pr\u00e1ctica parte 1<br \/>\nVideo 19: Actividad practica parte 2 (frases)<\/p>\n<p>M\u00f3dulo 8: Recopilaci\u00f3n de lo aprendido<\/p>\n<p>Video 20: Conocimientos adquiridos en pr\u00e1ctica.<\/p>\n<p>ACERCA DE LA PRODUCTORA<\/p>\n<p>Desarrollado por FERNANDA D\u00cdAZ, profesora y traductora del idioma ingl\u00e9s.<\/p>\n<p>Con una experiencia de 10 a\u00f1os en la ense\u00f1anza del mismo en ni\u00f1os con resultados garantizados a lo largo de su carrera.<\/p>\n","protected":false},"excerpt":{"rendered":"<p>El ingl\u00e9s para un ni\u00f1o ya no es el futuro, es el presente. <\/p>\n<p>Con las metodolog\u00edas tradicionales, solo un 10% de ellos puede demostrar su aprendizaje en el tiempo. <\/p>\n<p>Impacta sus posibilidades cuando sea grande con un Programa que si funciona: INGL\u00c9S PARA NI\u00d1OS, un divertido MasterClass que le ense\u00f1a este idioma de forma f\u00e1cil, mientras elimina sus miedos y mejora su seguridad para expresarse.<\/p>\n<p>Dise\u00f1ado con una metodolog\u00eda que combina la interacci\u00f3n, la creatividad y la innovaci\u00f3n con resultados importantes.<\/p>\n","protected":false},"featured_media":3838,"template":"","meta":{"_joinchat":[]},"product_brand":[],"product_cat":[328,344],"product_tag":[],"class_list":{"0":"post-12495","1":"product","2":"type-product","3":"status-publish","4":"has-post-thumbnail","6":"product_cat-idiomas","7":"product_cat-todos","9":"first","10":"instock","11":"sale","12":"shipping-taxable","13":"product-type-external"},"_links":{"self":[{"href":"https:\/\/cursos.talentup.cl\/index.php?rest_route=\/wp\/v2\/product\/12495","targetHints":{"allow":["GET"]}}],"collection":[{"href":"https:\/\/cursos.talentup.cl\/index.php?rest_route=\/wp\/v2\/product"}],"about":[{"href":"https:\/\/cursos.talentup.cl\/index.php?rest_route=\/wp\/v2\/types\/product"}],"version-history":[{"count":2,"href":"https:\/\/cursos.talentup.cl\/index.php?rest_route=\/wp\/v2\/product\/12495\/revisions"}],"predecessor-version":[{"id":14504,"href":"https:\/\/cursos.talentup.cl\/index.php?rest_route=\/wp\/v2\/product\/12495\/revisions\/14504"}],"wp:featuredmedia":[{"embeddable":true,"href":"https:\/\/cursos.talentup.cl\/index.php?rest_route=\/wp\/v2\/media\/3838"}],"wp:attachment":[{"href":"https:\/\/cursos.talentup.cl\/index.php?rest_route=%2Fwp%2Fv2%2Fmedia&parent=12495"}],"wp:term":[{"taxonomy":"product_brand","embeddable":true,"href":"https:\/\/cursos.talentup.cl\/index.php?rest_route=%2Fwp%2Fv2%2Fproduct_brand&post=12495"},{"taxonomy":"product_cat","embeddable":true,"href":"https:\/\/cursos.talentup.cl\/index.php?rest_route=%2Fwp%2Fv2%2Fproduct_cat&post=12495"},{"taxonomy":"product_tag","embeddable":true,"href":"https:\/\/cursos.talentup.cl\/index.php?rest_route=%2Fwp%2Fv2%2Fproduct_tag&post=12495"}],"curies":[{"name":"wp","href":"https:\/\/api.w.org\/{rel}","templated":true}]}}