{"id":12496,"date":"2023-01-10T04:40:41","date_gmt":"2023-01-10T07:40:41","guid":{"rendered":"https:\/\/cursos.talentup.cl\/?post_type=product&#038;p=12496"},"modified":"2024-02-07T23:37:45","modified_gmt":"2024-02-08T02:37:45","slug":"ingles-para-negocios","status":"publish","type":"product","link":"https:\/\/cursos.talentup.cl\/?product=ingles-para-negocios","title":{"rendered":"INGL\u00c9S PARA NEGOCIOS"},"content":{"rendered":"<p>El ingl\u00e9s te abre puertas.<\/p>\n<p>Con el MasterClass INGL\u00c9S PARA NEGOCIOS, impactar a clientes de diferentes pa\u00edses ya no ser\u00e1 una barrera.<\/p>\n<p>Aplica las herramientas necesarias para conectarlos, con estrategias comerciales EN VIVO O POR TEL\u00c9FONO.<\/p>\n<p>Aprende, c\u00f3mo dar un descuento, manejar objeciones y CERRAR VENTAS. <\/p>\n<p>TODO ESTO, EN INGL\u00c9S.  <\/p>\n<p>Ya no tendr\u00e1s que sentir verg\u00fcenza !Lleva tus negocios a otro nivel!<\/p>\n<p>\u00bfQu\u00e9 vas a lograr?<\/p>\n<p>Sabr\u00e1s los 4 tips, m\u00e1s importantes de c\u00f3mo tratar a tus clientes en Ingl\u00e9s.<\/p>\n<p>Aprender\u00e1s c\u00f3mo acercarte y empatizar con tu cliente.<\/p>\n<p>Negociar Descuentos de un determinado producto.<\/p>\n<p>Cerrar\u00e1s Un trato para lograr fidelidad.<\/p>\n<p>Resolver\u00e1s objeciones para convertirlas en una venta.<\/p>\n<p>Negociar\u00e1s mediante Llamadas telef\u00f3nicas.<\/p>\n<p>Resolver\u00e1s situaciones de conflicto con colaboradores.<\/p>\n<p>Bonus minicurso \u201cEntrevista para contratar colaboradores\u201d.<\/p>\n<p>Acceder\u00e1s al certificado avalado por Hotmart y Seminarios Online.<\/p>\n<p>\u00bfC\u00f3mo lo vas a lograr?<\/p>\n<p>Tendr\u00e1s la oportunidad de disfrutar 25 Lecciones en formato 4k al interior de 6 M\u00f3dulos tem\u00e1ticos.<\/p>\n<p>M\u00d3DULO 1.- BUEN TRATO B\u00c1SICO A TUS CLIENTES<\/p>\n<p>Parte No.1 -Introducci\u00f3n al curso<br \/>\nParte No.2 -Cuatro tips para tratar con cliente en ingles<br \/>\nParte No.3 -\u00bfC\u00f3mo ac\u00e9rcanos a nuestros clientes?<\/p>\n<p>M\u00d3DULO 2.- NEGOCIANDO PRECIOS CON CLIENTES O PROVEEDORES<\/p>\n<p>Parte No.4 -Bienvenida al modulo<br \/>\nParte No.5 -Negociando con descuentos<br \/>\nParte No.6 -Situaciones comunes<br \/>\nParte No.7 -Preguntando por descuentos<br \/>\nParte No.8 -Cerrando tratos<br \/>\nParte No.9 -De acuerdo y en desacuerdo<br \/>\nParte No.10 -Muchas gracias m\u00f3dulo <\/p>\n<p>M\u00d3DULO 3.- FIDELIZANDO CLIENTES<\/p>\n<p>Parte No.11 -Telephone bussines<br \/>\nParte No.12 -\u00bfQue le est\u00e1 pasando a tu cliente?<\/p>\n<p>M\u00d3DULO 4.- NEGOCIANDO CON TUS COLABORADORES<\/p>\n<p>Parte No.13 -Bienvenida al m\u00f3dulo<br \/>\nParte No.14 -Reuniones colaboradores<br \/>\nParte No.15 -De acuerdo y en desacuerdo colaboradores<br \/>\nParte No.16 -Alg\u00fan otro acuerdo colaboradores<br \/>\nParte No.17 -Situaciones dif\u00edciles con colaboradores<br \/>\nParte No.18 -Resolviendo dificultades con colaboradores<br \/>\nParte No.19 -Gracias por el m\u00f3dulo <\/p>\n<p>M\u00d3DULO 5.- DESPEDIDA Y RECOMENDACI\u00d3N<\/p>\n<p>Parte No.20 -Despedida de bussines <\/p>\n<p>M\u00d3DULO 6.- MINICURSO \u00abENTREVISTA BIEN A TUS COLABORADORES\u00bb<\/p>\n<p>Parte No.21- Bienvenidos al minicurso<br \/>\nParte No.22 &#8211; La primera impresi\u00f3n<br \/>\nParte No.23 &#8211; \u00bfA qu\u00e9 se dedican?<br \/>\nParte No.24 &#8211; Preguntando por sus fortalezas<br \/>\nParte No.25 &#8211; Despedida en la entrevista<\/p>\n<p>ACERCA DE LA PRODUCTORA<\/p>\n<p>Desarrollado por LILIAN ROSAS RIVERA, Egresada de Idiomas en el ICPNA y certificada en Metodolog\u00eda de la ense\u00f1anza con un Nivel de Ingl\u00e9s C1. <\/p>\n<p>Entre los 5 Idiomas que domina est\u00e1n el Ingl\u00e9s, japon\u00e9s y Franc\u00e9s. Actualmente, es directora de La ONG Punto L\u00f3gico, una instituci\u00f3n que imparte educaci\u00f3n en metodolog\u00edas \u00e1giles de aprendizaje acelerado <\/p>\n","protected":false},"excerpt":{"rendered":"<p>El ingl\u00e9s te abre puertas.<\/p>\n<p>Con el MasterClass INGL\u00c9S PARA NEGOCIOS, impactar a clientes de diferentes pa\u00edses ya no ser\u00e1 una barrera.<\/p>\n<p>Aplica las herramientas necesarias para conectarlos, con estrategias comerciales EN VIVO O POR TEL\u00c9FONO.<\/p>\n<p>Aprende, c\u00f3mo dar un descuento, manejar objeciones y CERRAR VENTAS. <\/p>\n<p>TODO ESTO, EN INGL\u00c9S.  <\/p>\n<p>Ya no tendr\u00e1s que sentir verg\u00fcenza !Lleva tus negocios a otro nivel!<\/p>\n","protected":false},"featured_media":3839,"template":"","meta":{"_joinchat":[]},"product_brand":[],"product_cat":[328,344],"product_tag":[],"class_list":{"0":"post-12496","1":"product","2":"type-product","3":"status-publish","4":"has-post-thumbnail","6":"product_cat-idiomas","7":"product_cat-todos","9":"first","10":"instock","11":"sale","12":"shipping-taxable","13":"product-type-external"},"_links":{"self":[{"href":"https:\/\/cursos.talentup.cl\/index.php?rest_route=\/wp\/v2\/product\/12496","targetHints":{"allow":["GET"]}}],"collection":[{"href":"https:\/\/cursos.talentup.cl\/index.php?rest_route=\/wp\/v2\/product"}],"about":[{"href":"https:\/\/cursos.talentup.cl\/index.php?rest_route=\/wp\/v2\/types\/product"}],"version-history":[{"count":2,"href":"https:\/\/cursos.talentup.cl\/index.php?rest_route=\/wp\/v2\/product\/12496\/revisions"}],"predecessor-version":[{"id":14505,"href":"https:\/\/cursos.talentup.cl\/index.php?rest_route=\/wp\/v2\/product\/12496\/revisions\/14505"}],"wp:featuredmedia":[{"embeddable":true,"href":"https:\/\/cursos.talentup.cl\/index.php?rest_route=\/wp\/v2\/media\/3839"}],"wp:attachment":[{"href":"https:\/\/cursos.talentup.cl\/index.php?rest_route=%2Fwp%2Fv2%2Fmedia&parent=12496"}],"wp:term":[{"taxonomy":"product_brand","embeddable":true,"href":"https:\/\/cursos.talentup.cl\/index.php?rest_route=%2Fwp%2Fv2%2Fproduct_brand&post=12496"},{"taxonomy":"product_cat","embeddable":true,"href":"https:\/\/cursos.talentup.cl\/index.php?rest_route=%2Fwp%2Fv2%2Fproduct_cat&post=12496"},{"taxonomy":"product_tag","embeddable":true,"href":"https:\/\/cursos.talentup.cl\/index.php?rest_route=%2Fwp%2Fv2%2Fproduct_tag&post=12496"}],"curies":[{"name":"wp","href":"https:\/\/api.w.org\/{rel}","templated":true}]}}