{"id":12509,"date":"2023-01-10T04:40:42","date_gmt":"2023-01-10T07:40:42","guid":{"rendered":"https:\/\/cursos.talentup.cl\/?post_type=product&#038;p=12509"},"modified":"2024-02-07T23:37:47","modified_gmt":"2024-02-08T02:37:47","slug":"escritura-de-novelas-para-principiantes","status":"publish","type":"product","link":"https:\/\/cursos.talentup.cl\/?product=escritura-de-novelas-para-principiantes","title":{"rendered":"ESCRITURA DE NOVELAS PARA PRINCIPIANTES"},"content":{"rendered":"<p>\u00bfHas tenido una idea que quer\u00edas convertir en un relato o novela? <\/p>\n<p>Con el MasterClass ESCRITURA DE NOVELA PARA PRINCIPIANTES, finalizar\u00e1s tu obra de ficci\u00f3n, aunque no tengas h\u00e1bito de escribir, sufras bloqueo o partas de cero.<\/p>\n<p>\u00bfQU\u00c9 VAS A LOGRAR?<\/p>\n<p>Conocer\u00e1s las caracter\u00edsticas de cada g\u00e9nero de novela para que las desarrolles en la tuya.<\/p>\n<p>Sabr\u00e1s de d\u00f3nde obtener inspiraci\u00f3n y documentaci\u00f3n seg\u00fan el g\u00e9nero elegido para tu novela.<\/p>\n<p>Aprender\u00e1s los distintos tipos de finales y errores a evitar al escribir el final de tu novela.<\/p>\n<p>Adquirir\u00e1s los conocimientos b\u00e1sicos para empezar a escribir una novela.<\/p>\n<p>Vencer\u00e1s el s\u00edndrome de la p\u00e1gina en blanco, y otros bloqueos creativos.<\/p>\n<p>Aprender\u00e1s a planificarte para escribir.<\/p>\n<p>Conocer\u00e1s m\u00e9todos de escritura, ya seas escritor de br\u00fajula o de mapa.<\/p>\n<p>Aprender\u00e1s algunos trucos para enganchar con cliffhangers.<\/p>\n<p>Aprender\u00e1s a crear personajes y di\u00e1logos cre\u00edbles.<\/p>\n<p>Conocer\u00e1s ventajas e inconvenientes de la autopublicaci\u00f3n, la coedici\u00f3n, los audiolibros, los agentes literarios y las editoriales tradicionales.<\/p>\n<p>Aprender\u00e1s a subir tus libros a Amazon KDP.<\/p>\n<p>Conocer\u00e1s distintas maneras de conseguir financiaci\u00f3n para tu libro.<\/p>\n<p>Aprender\u00e1s a promocionar tu libro con una estrategia de marketing y c\u00f3mo hacer sorteos en redes sociales.<\/p>\n<p>Acceder\u00e1s al certificado avalado por Hotmart y Seminarios Online.<\/p>\n<p>\u00bfC\u00d3MO LO VAS A LOGRAR?<\/p>\n<p>A trav\u00e9s del siguiente contenido, estructurado paso a paso:<\/p>\n<p>M\u00d3DULO 1 &#8211; ESCRITURA DE NOVELA PARA PRINCIPIANTES<\/p>\n<p>Bienvenida.<br \/>\nIntroducci\u00f3n: gu\u00eda de los g\u00e9neros de novela y tipos de finales.<br \/>\nJustificaci\u00f3n: planificaci\u00f3n para evitar bloqueos.<br \/>\nEncuentra tu motivaci\u00f3n e inspiraci\u00f3n.<br \/>\n3 tips para hacer tu texto cre\u00edble para el lector.<br \/>\nConceptos b\u00e1sicos: 6 preguntas a tener en cuenta y tipos de conflictos y de tramas.<br \/>\nPresentaci\u00f3n nudo y desenlace: qu\u00e9 incluir en cada uno y consejos para enganchar.<br \/>\nD\u00f3nde documentarte y encontrar informaci\u00f3n.<br \/>\nCrea tu l\u00ednea de tiempo.<br \/>\nTipos de narradores.<br \/>\nCreaci\u00f3n de personajes.<br \/>\nPersonajes secundarios.<br \/>\nPersonajes planos.<br \/>\nM\u00e9todos de escritura: el copo de nieve y el sistema del espejo.<br \/>\nC\u00f3mo crear obst\u00e1culo, tensi\u00f3n narrativa, suspense, intriga y di\u00e1logos.<br \/>\nCrea tu h\u00e1bito de escritura.<br \/>\nVence bloqueos con 32 ideas y las 12 etapas del viaje del h\u00e9roe.<br \/>\nEscribe tu primer borrador y d\u00e9jalo reposar.<br \/>\nRegistra tu obra.<br \/>\nMejora tu manuscrito.<br \/>\nReescribe y termina tu obra.<\/p>\n<p>M\u00d3DULO 2 &#8211; PUBLICACI\u00d3N Y PROMOCI\u00d3N<\/p>\n<p>Introducci\u00f3n a la publicaci\u00f3n.<br \/>\nAutopublicaci\u00f3n y qu\u00e9 es el isbn.<br \/>\nVentajas e inconvenientes de: autopublicaci\u00f3n, audiolibro, agentes literarios y editorial tradicional.<br \/>\nTips para escribir un email a un agente literario.<br \/>\nC\u00f3mo convertir tu manuscrito en ebook.<br \/>\nFinancia tu libro con micromecenas y crowdfounding.<br \/>\nPromoci\u00f3n.<\/p>\n<p>M\u00d3DULO 3 &#8211; EJERCICIOS, ESQUEMAS Y PLANTILLAS<\/p>\n<p>Ejercicios pr\u00e1cticos, plantillas y esquemas del Paso 1.1 al Paso 3.3.<br \/>\nEjercicios pr\u00e1cticos, plantillas y esquemas del Paso 4.1 al Paso 5.3.<br \/>\nEjercicios pr\u00e1cticos, plantillas y esquemas de los pasos 6.2 y 6.3.<\/p>\n<p>M\u00d3DULO 4 &#8211; MATERIAL ADICIONAL Y COMPLEMENTARIO (BONOS)<\/p>\n<p>Gu\u00eda con los g\u00e9neros de novela, tipos de finales y errores a evitar.<br \/>\nTeor\u00eda de las lecciones de los pasos 1.1 al 6.3.<br \/>\nMaterial extra de los pasos 1.1 al 3.3.<br \/>\nMaterial extra de los pasos 1.1 al 3.3.<\/p>\n<p>M\u00d3DULO 5 &#8211; VIDEO RESPUESTAS<\/p>\n<p>Cliffhanger: \u00bfqu\u00e9 es? \u00bfpara qu\u00e9 se usa? \u00bfcu\u00e1ndo usarlo? \u00bfc\u00f3mo usarlo en los cap\u00edtulos? Ejemplo y usos seg\u00fan g\u00e9nero de novela.<br \/>\nEl eneagrama: \u00bfc\u00f3mo se puede crear la psicolog\u00eda de los personajes? \u00bfqu\u00e9 caracter\u00edsticas tiene cada eneatipo y c\u00f3mo se lleva con el resto?<br \/>\nCv literario: \u00bfc\u00f3mo crear uno y para qu\u00e9 puede servir?<br \/>\nWattpad: \u00bfqu\u00e9 es? \u00bfc\u00f3mo usarlo si eres escritor? \u00bfc\u00f3mo se leen historias en wattpad? \u00bfse puede ganar dinero?<\/p>\n<p>M\u00d3DULO 6 &#8211; \u00bfC\u00d3MO OBTENER TU CERTIFICADO?<\/p>\n<p>\u00bfC\u00f3mo obtener tu certificado?<\/p>\n<p>ACERCA DE LA PRODUCTORA<\/p>\n<p>Desarrollado por LAURA P\u00c9REZ MACHO, escritora de ficci\u00f3n que ha publicado varias obras en formato impreso, ebook y audiolibro.<br \/>\nHa obtenido el Sello Talento de Caligrama con su primera novela de fantas\u00eda hist\u00f3rica y firmado en la Feria del Libro de Madrid 2022 en la caseta 158 de Lantia Publishing.<\/p>\n<p>Se ha formado en varios talleres de escritura, cursos de narrativa y de planificaci\u00f3n de novela impartidos por autores como Arturo P\u00e9rez-Reverte, Juan G\u00f3mez-Jurado, Clara Pe\u00f1alver y Rosa Montero, entre otros.<br \/>\nAhora crea este curso online para orientar y ayudar a escritores principiantes a que empiecen, construyan y terminen su novela de manera exitosa para que enganche desde el primer cap\u00edtulo.<br \/>\nTambi\u00e9n, tiene su propio canal de YouTube: Mi Biblioteca Oscura.<\/p>\n","protected":false},"excerpt":{"rendered":"<p>\u00bfHas tenido una idea que quer\u00edas convertir en un relato o novela? <\/p>\n<p>Con el MasterClass ESCRITURA DE NOVELA PARA PRINCIPIANTES, finalizar\u00e1s tu obra de ficci\u00f3n, aunque no tengas h\u00e1bito de escribir, sufras bloqueo o partas de cero.<\/p>\n","protected":false},"featured_media":3859,"template":"","meta":{"_joinchat":[]},"product_brand":[],"product_cat":[330,344],"product_tag":[],"class_list":{"0":"post-12509","1":"product","2":"type-product","3":"status-publish","4":"has-post-thumbnail","6":"product_cat-literatura","7":"product_cat-todos","9":"first","10":"instock","11":"sale","12":"shipping-taxable","13":"product-type-external"},"_links":{"self":[{"href":"https:\/\/cursos.talentup.cl\/index.php?rest_route=\/wp\/v2\/product\/12509","targetHints":{"allow":["GET"]}}],"collection":[{"href":"https:\/\/cursos.talentup.cl\/index.php?rest_route=\/wp\/v2\/product"}],"about":[{"href":"https:\/\/cursos.talentup.cl\/index.php?rest_route=\/wp\/v2\/types\/product"}],"version-history":[{"count":4,"href":"https:\/\/cursos.talentup.cl\/index.php?rest_route=\/wp\/v2\/product\/12509\/revisions"}],"predecessor-version":[{"id":16034,"href":"https:\/\/cursos.talentup.cl\/index.php?rest_route=\/wp\/v2\/product\/12509\/revisions\/16034"}],"wp:featuredmedia":[{"embeddable":true,"href":"https:\/\/cursos.talentup.cl\/index.php?rest_route=\/wp\/v2\/media\/3859"}],"wp:attachment":[{"href":"https:\/\/cursos.talentup.cl\/index.php?rest_route=%2Fwp%2Fv2%2Fmedia&parent=12509"}],"wp:term":[{"taxonomy":"product_brand","embeddable":true,"href":"https:\/\/cursos.talentup.cl\/index.php?rest_route=%2Fwp%2Fv2%2Fproduct_brand&post=12509"},{"taxonomy":"product_cat","embeddable":true,"href":"https:\/\/cursos.talentup.cl\/index.php?rest_route=%2Fwp%2Fv2%2Fproduct_cat&post=12509"},{"taxonomy":"product_tag","embeddable":true,"href":"https:\/\/cursos.talentup.cl\/index.php?rest_route=%2Fwp%2Fv2%2Fproduct_tag&post=12509"}],"curies":[{"name":"wp","href":"https:\/\/api.w.org\/{rel}","templated":true}]}}