{"id":12510,"date":"2023-01-10T04:40:42","date_gmt":"2023-01-10T07:40:42","guid":{"rendered":"https:\/\/cursos.talentup.cl\/?post_type=product&#038;p=12510"},"modified":"2024-02-07T23:37:47","modified_gmt":"2024-02-08T02:37:47","slug":"reparacion-y-mantenimiento-de-fotocopiadoras-ricoh-como-negocio","status":"publish","type":"product","link":"https:\/\/cursos.talentup.cl\/?product=reparacion-y-mantenimiento-de-fotocopiadoras-ricoh-como-negocio","title":{"rendered":"REPARACI\u00d3N Y MANTENIMIENTO DE FOTOCOPIADORAS RICOH COMO NEGOCIO"},"content":{"rendered":"<p>\u00bfTe gustar\u00eda ampliar tus conocimientos para abarcar el mercado de los servicios t\u00e9cnicos para fotocopiadoras?<\/p>\n<p>Con el Master Class REPARACI\u00d3N Y MANTENIMIENTO DE FOTOCOPIADORAS RICOH COMO NEGOCIO, identificar\u00e1s posibles da\u00f1os o fallas, para lograr repararlos o en su defecto reemplazarlos.<\/p>\n<p>\u00bfQU\u00c9 VAS A LOGRAR?<\/p>\n<p>Aprender\u00e1s a desarmar y armar cualquier equipo fotocopiador RICOH.<\/p>\n<p>Aprender\u00e1s los nombres de cada una de las partes de cualquier fotocopiador RICOH.<\/p>\n<p>Aprender\u00e1s las t\u00e9cnicas para ajustar la unidad de revelado y para ajustar la temperatura en la unidad fusora.<\/p>\n<p>Aprender\u00e1s en qu\u00e9 momento y c\u00f3mo hacer correctamente un mantenimiento preventivo y correctivo.<\/p>\n<p>Aprender\u00e1s a identificar una falla el\u00e9ctrica de las fuentes de poder.<\/p>\n<p>Aprender\u00e1s a reconocer las fallas cuando el equipo no tiene el t\u00f3ner apropiado.<\/p>\n<p>Aprender\u00e1s a reconocer las posibles fallas por el motor principal.<\/p>\n<p>Aprender\u00e1s a identificar y reparar las fallas que se presentan en todas y cada una de las partes de una fotocopiadora RICOH.<\/p>\n<p>Aprender\u00e1s a identificar las fallas que se presentan en las bandejas y recomendaciones para su uso.<\/p>\n<p>Aprender\u00e1s el manejo b\u00e1sico, a nivel de sistema, de las fotocopiadoras RICOH.<\/p>\n<p>Aprender\u00e1s c\u00f3mo levantar tu empresa Digital para comenzar tu emprendimiento.<\/p>\n<p>Aprender\u00e1s cuanto cobrar por servicios.<\/p>\n<p>Tendr\u00e1s acceso directo al especialista.<\/p>\n<p>Acceder\u00e1s al certificado avalado por Hotmart y Seminarios Online.<\/p>\n<p>\u00bfC\u00d3MO LO VAS A LOGRAR?<\/p>\n<p>A trav\u00e9s del siguiente contenido, estructurado paso a paso:<\/p>\n<p>M\u00d3DULO 1 &#8211; PRESENTACI\u00d3N <\/p>\n<p>Bienvenida.<br \/>\nRecomendaciones generales.<br \/>\nHablando de la familia RICOH.<br \/>\nIdentificando cada una de las partes de una fotocopiadora RICOH.<br \/>\nManejo y operaci\u00f3n de una fotocopiadora RICOH.<br \/>\nHablando de los c\u00f3digos de fallas.<br \/>\nC\u00f3mo sacar un contador de una fotocopiadora RICOH.<br \/>\nC\u00f3mo resetear la memoria de una fotocopiadora RICOH.<br \/>\nAjustando la temperatura en la unidad fusora.<br \/>\nAjustando la unidad de revelado.<br \/>\nC\u00f3mo formatear el disco duro.<br \/>\nC\u00f3mo resetear los c\u00f3digos de fallas.<br \/>\nC\u00f3mo descontaminar el revelador.<br \/>\nC\u00f3mo corregir una falla espec\u00edfica en el cilindro y cuchilla para alargar su vida \u00fatil.<br \/>\nC\u00f3mo corregir manchas en la parte trasera de la hoja. <\/p>\n<p>M\u00d3DULO 2 &#8211; EJECUTANDO <\/p>\n<p>Identificando los posibles da\u00f1os en la unidad fotoconductora y c\u00f3mo r epararlos.<br \/>\nIdentificando los posibles da\u00f1os en la unidad fusora y c\u00f3mo repararlos. Parte 1.<br \/>\nIdentificando los posibles da\u00f1os en la unidad fusora y c\u00f3mo repararlos. Parte 2.<br \/>\nIdentificando los posibles da\u00f1os en las fuentes de poder y c\u00f3mo repararlos.<br \/>\nIdentificando los posibles da\u00f1os en el esc\u00e1ner y c\u00f3mo repararlos.<br \/>\nIdentificando los posibles da\u00f1os en la unidad l\u00e1ser y c\u00f3mo repararlos.<br \/>\nIdentificando las posibles fallas de la tolva del t\u00f3ner y el motor de aportaci\u00f3n del t\u00f3ner y c\u00f3mo repararlos.<br \/>\nIdentificando los posibles da\u00f1os del disco duro en la tarjeta de conectividad y c\u00f3mo repararlos.<br \/>\nIdentificando los posibles da\u00f1os en el alimentador y c\u00f3mo repararlos.<br \/>\nIdentificando los posibles da\u00f1os en el bypass y c\u00f3mo repararlos.<br \/>\nIdentificando los posibles da\u00f1os de las bandejas y c\u00f3mo repararlos.<br \/>\nIdentificando los posibles da\u00f1os de la unidad d\u00faplex y c\u00f3mo repararlos.<br \/>\nIdentificando los posibles da\u00f1os en el panel de control y c\u00f3mo repararlos.<br \/>\nIdentificando los posibles da\u00f1os del rodillo de transferencia y c\u00f3mo repararlos.<br \/>\nIdentificando los posibles da\u00f1os en el motor principal y c\u00f3mo repararlos.<br \/>\nIdentificando los posibles da\u00f1os en la tarjeta bicu o tarjeta controladora y c\u00f3mo repararlos.<br \/>\nIdentificando los posibles da\u00f1os del clutch de registro y c\u00f3mo repararlos.<br \/>\nIdentificando los posibles da\u00f1os de la tarjeta de alto voltaje y c\u00f3mo repararlos.<br \/>\nIdentificando los posibles da\u00f1os de los bujes de registro y c\u00f3mo repararlos.<br \/>\nIdentificando los posibles da\u00f1os de la banda de transferencias.<br \/>\nC\u00f3mo reparar las fallas de la banda de transferencias<br \/>\nIdentificando los posibles da\u00f1os de la unidad de revelado.<br \/>\nC\u00f3mo reparar los posibles da\u00f1os de la unidad de revelado.<br \/>\nC\u00f3mo hacer un mantenimiento preventivo y correctivo. Parte 1.<br \/>\nC\u00f3mo hacer un mantenimiento preventivo y correctivo. Parte 2.<br \/>\nC\u00f3mo hacer un mantenimiento preventivo y correctivo. Parte 3.<\/p>\n<p>M\u00d3DULO 3 &#8211; REDES SOCIALES<\/p>\n<p>Creando tu Empresa Digital.<br \/>\nCreando nombre y logo (Canva).<br \/>\nCreando perfil y fanpage de Facebook.<br \/>\nCreando cuenta empresarial en Instagram.<br \/>\nCreando WhatsApp Business.<\/p>\n<p>M\u00d3DULO 4 \u2013 MATERIAL ADICIONAL (BONOS) <\/p>\n<p>Bono 1: Reparaciones simples.<br \/>\nBono 2: 5 Claves para tener una empresa de servicios RICOH exitosa. <\/p>\n<p>M\u00d3DULO 5 \u2013 VIDEO RESPUESTAS<br \/>\nVentajas de usar una m\u00e1quina de t\u00f3ner<\/p>\n<p>\u00bfFotocopiadora profesional o impresora multifuncional?<br \/>\n\u00bfCon qu\u00e9 frecuencia se debe hacer un mantenimiento preventivo?<br \/>\n\u00bfCu\u00e1nto se debe cobrar por un servicio t\u00e9cnico?<br \/>\n\u00bfCu\u00e1nto se debe cobrar por un cambio de repuesto?<br \/>\n\u00bfC\u00f3mo saber que t\u00f3ner utilizar para cada modelo de fotocopiadora?<br \/>\n\u00bfC\u00f3mo saber cu\u00e1nto puede durar un t\u00f3ner?<br \/>\n\u00bfFotocopiadora monocrom\u00e1tica o a color?<br \/>\n\u00bfLas impresoras en red son seguras?<br \/>\n\u00bfCon que frecuencia se debe hacer un Overhaul a una fotocopiadora Ricoh? <\/p>\n<p>M\u00d3DULO 6 \u2013 \u00bfC\u00d3MO OBTENER TU CERTIFICADO?<\/p>\n<p>\u00bfC\u00f3mo obtener tu certificado?<\/p>\n<p>ACERCA DEL PRODUCTOR<\/p>\n<p>Desarrollado por JES\u00daS VILLATE, T\u00e9cnico Superior Universitario en Electr\u00f3nica Industrial con m\u00e1s de 14 a\u00f1os de experiencia con la l\u00ednea RICOH. <\/p>\n<p>Inici\u00f3 su camino con una reconocida empresa local enfocada en la venta y reparaci\u00f3n de toda la l\u00ednea de fotocopiadoras RICOH, donde le fueron transferidos todos los conocimientos por parte de Ingenieros con m\u00e1s de 30 a\u00f1os de experiencia en el ramo.<\/p>\n<p>Para luego saltar al emprendimiento, registrando su empresa como JV TECNISERVICIOS F.P. empresa con la cual lleva ya 10 a\u00f1os, captando una amplia cartera de clientes fieles por su honesto desempe\u00f1o y excelente servicio.<\/p>\n<p>Actualmente, Jes\u00fas ha querido llevar y compartir todos los conocimientos que ha adquirido a lo largo de todos estos a\u00f1os, plasm\u00e1ndolo en un excelente producto digital, que, sin duda, es un gran aporte para todas las personas que quieran aprender y emprender en este maravilloso y rentable mundo de t\u00e9cnicos especialistas en la marca RICOH.<\/p>\n","protected":false},"excerpt":{"rendered":"<p>\u00bfTe gustar\u00eda ampliar tus conocimientos para abarcar el mercado de los servicios t\u00e9cnicos para fotocopiadoras?<\/p>\n<p>Con el Master Class REPARACI\u00d3N Y MANTENIMIENTO DE FOTOCOPIADORAS RICOH COMO NEGOCIO, identificar\u00e1s posibles da\u00f1os o fallas, para lograr repararlos o en su defecto reemplazarlos.<\/p>\n","protected":false},"featured_media":3860,"template":"","meta":{"_joinchat":[]},"product_brand":[],"product_cat":[331,344],"product_tag":[],"class_list":{"0":"post-12510","1":"product","2":"type-product","3":"status-publish","4":"has-post-thumbnail","6":"product_cat-mantenimiento-maquinaria","7":"product_cat-todos","9":"first","10":"instock","11":"sale","12":"shipping-taxable","13":"product-type-external"},"_links":{"self":[{"href":"https:\/\/cursos.talentup.cl\/index.php?rest_route=\/wp\/v2\/product\/12510","targetHints":{"allow":["GET"]}}],"collection":[{"href":"https:\/\/cursos.talentup.cl\/index.php?rest_route=\/wp\/v2\/product"}],"about":[{"href":"https:\/\/cursos.talentup.cl\/index.php?rest_route=\/wp\/v2\/types\/product"}],"version-history":[{"count":4,"href":"https:\/\/cursos.talentup.cl\/index.php?rest_route=\/wp\/v2\/product\/12510\/revisions"}],"predecessor-version":[{"id":16035,"href":"https:\/\/cursos.talentup.cl\/index.php?rest_route=\/wp\/v2\/product\/12510\/revisions\/16035"}],"wp:featuredmedia":[{"embeddable":true,"href":"https:\/\/cursos.talentup.cl\/index.php?rest_route=\/wp\/v2\/media\/3860"}],"wp:attachment":[{"href":"https:\/\/cursos.talentup.cl\/index.php?rest_route=%2Fwp%2Fv2%2Fmedia&parent=12510"}],"wp:term":[{"taxonomy":"product_brand","embeddable":true,"href":"https:\/\/cursos.talentup.cl\/index.php?rest_route=%2Fwp%2Fv2%2Fproduct_brand&post=12510"},{"taxonomy":"product_cat","embeddable":true,"href":"https:\/\/cursos.talentup.cl\/index.php?rest_route=%2Fwp%2Fv2%2Fproduct_cat&post=12510"},{"taxonomy":"product_tag","embeddable":true,"href":"https:\/\/cursos.talentup.cl\/index.php?rest_route=%2Fwp%2Fv2%2Fproduct_tag&post=12510"}],"curies":[{"name":"wp","href":"https:\/\/api.w.org\/{rel}","templated":true}]}}