{"id":12511,"date":"2023-01-10T04:40:42","date_gmt":"2023-01-10T07:40:42","guid":{"rendered":"https:\/\/cursos.talentup.cl\/?post_type=product&#038;p=12511"},"modified":"2024-02-07T23:37:47","modified_gmt":"2024-02-08T02:37:47","slug":"mantenimientos-rentables-de-aires-acondicionados","status":"publish","type":"product","link":"https:\/\/cursos.talentup.cl\/?product=mantenimientos-rentables-de-aires-acondicionados","title":{"rendered":"MANTENIMIENTOS RENTABLES DE AIRES ACONDICIONADOS"},"content":{"rendered":"<p>\u00bfSab\u00edas que El negocio de los mantenimientos e instalaciones de los aires acondicionados es altamente rentable?<\/p>\n<p>Con el MasterClass MANTENIMIENTOS RENTABLES DE AIRES ACONDICIONADOS, te convertir\u00e1s paso a paso en un profesional de este arte, sin necesidad de experiencia previa.<\/p>\n<p>\u00bfQU\u00c9 VAS A LOGRAR?<\/p>\n<p>Aprender\u00e1s los conceptos b\u00e1sicos.<\/p>\n<p>Aprender\u00e1s los diferentes tipos de aires acondicionados.<\/p>\n<p>Aprender\u00e1s a desarmar y armar el equipo aire acondicionado.<\/p>\n<p>Aprender\u00e1s c\u00f3mo hacer un mantenimiento a un split y a un piso techo.<\/p>\n<p>Aprender\u00e1s a instalar un aire acondicionado.<\/p>\n<p>Aprender\u00e1s a desinstalar un equipo ya instalado. <\/p>\n<p>Aprender\u00e1s cuales son las herramientas necesarias para empezar.<\/p>\n<p>Acceder\u00e1s al certificado avalado por Hotmart y Seminarios Online.<\/p>\n<p>\u00bfC\u00d3MO LO VAS A LOGRAR?<\/p>\n<p>A trav\u00e9s del siguiente contenido, estructurado paso a paso:<\/p>\n<p>M\u00d3DULO 1 &#8211; LA RENTABLE PROFESI\u00d3N DE MANTENIMIENTO DE LOS AIRES ACONDICIONADOS<\/p>\n<p>Justificaci\u00f3n \u00bfpor qu\u00e9 el negocio es rentable?<br \/>\nQue herramientas necesito para empezar.<br \/>\nTipos de aires acondicionados que debo conocer.<br \/>\nConozca las diferentes partes del aire acondicionado tipo mini split y condensadora.<br \/>\nConociendo partes internas y externas aire acondicionado tipo ventana.<br \/>\nComo manejar el man\u00f3metro paso a paso.<br \/>\nConociendo el capacitor de marcha.<br \/>\nAprendiendo los conceptos b\u00e1sicos.<br \/>\nDiferencias del gas R22 Y R410A.<\/p>\n<p>M\u00d3DULO 2 &#8211; MANTENIMIENTOS PREVENTIVO AIRE ACONDICIONADO MINI SPLIT<\/p>\n<p>Recomendaciones revisar el equipo antes de empezar el mantenimiento<br \/>\nDesarme de la tapa frontal aire acondicionado mini split.<br \/>\nDesarme de tarjeta electr\u00f3nica y motor el\u00e9ctrico paso a paso mini split.<br \/>\nDesarme de tapas laterales aire acondicionado split.<br \/>\nDesarme del blower o turbina y otros elementos aire acondicionado split.<br \/>\nInicio de desarme de condensadora parte exterior paso a paso.<br \/>\nMantenimiento preventivo al blower o turbina aire acondicionado split.<br \/>\nMantenimiento interno manejadora aire acondicionado mini split en cada una de sus componentes.<br \/>\nMantenimiento preventivo al aire acondicionado con pa\u00f1al y limpieza de desag\u00fce.<br \/>\nMantenimiento preventivo y limpieza del serpent\u00edn de la condensadora parte exterior.<br \/>\nMantenimiento preventivo pate exterior cada una de sus partes y medidas de los capacitores de marcha.<br \/>\nArmado condensadora despu\u00e9s del mantenimiento aire acondicionado parte externa.<br \/>\nArmado de manejadora mini split aire acondicionado paso a paso.<br \/>\nArmado de bandeja desag\u00fce aire acondicionado mini split parte interna.<br \/>\nEtapa final del armado del aire acondicionado parte interna tipo mini split.<\/p>\n<p>M\u00d3DULO 3 &#8211; DESARME, ARMADO PASO A PASO AIRE PISO TECHO<\/p>\n<p>Revisi\u00f3n antes de desarme y mantenimiento aire acondicionado piso techo.<br \/>\nDesarme de bandeja de desag\u00fce y parte el\u00e9ctrica aire acondicionado piso techo.<br \/>\nDesarme de cubre turbina y motor el\u00e9ctrico aire acondicionado piso techo.<br \/>\nMantenimiento preventivo y arreglo de desag\u00fce a aire acondicionado piso techo.<br \/>\nExplicaci\u00f3n de cada componente el\u00e9ctrico y desarme de la condensadora a.c piso techo<br \/>\nMantenimiento preventivo y revisi\u00f3n final de funcionamiento a condensadora a.c piso techo.<\/p>\n<p>M\u00d3DULO 4 &#8211; DESINSTALACI\u00d3N E INSTALACI\u00d3N AIRE ACONDICIONADO SPLIT PASO A PASO<\/p>\n<p>El paso a paso de una desinstalaci\u00f3n aire acondiciona split.<br \/>\nQuitar la energ\u00eda el\u00e9ctrica y conexi\u00f3n de acoples de tuber\u00eda de cobre paso a paso.<br \/>\nDesmonte de condensadora, tuber\u00eda de cobre y manejadora a.c split.<br \/>\nProcedimiento paso a paso revisi\u00f3n y por qu\u00e9 desinstalar el equipo aire acondicionado split.<br \/>\nDestilaci\u00f3n paso a paso de condensadora y manejadora etapa final.<br \/>\nRecomendaciones antes de instalar un aire acondicionado tipo mini split.<br \/>\nMediciones de la manejadora antes de instalar parte interna a.c.<br \/>\nInstalaci\u00f3n paso a paso de parte interna de la manejadora.<br \/>\nMedidas de soporte e instalaci\u00f3n de la condensadora y vac\u00edo al sistema del aire acondicionado &#8211; parte externa.<br \/>\nVerificaci\u00f3n fugas, presiones e encendido y calibraci\u00f3n de gas r410a etapa final.<\/p>\n<p>M\u00d3DULO 5 &#8211; MATERIAL ADICIONAL (BONOS)<\/p>\n<p>Bono 1: Hoja de vida para aire acondicionado0<br \/>\nBono 2: Hoja de vida poner en cada casilla.<br \/>\nBono 3: Como realizar una cuenta de cobro.<br \/>\nBono 4: Que debo de tener en cuenta al momento de realizar la cotizaci\u00f3n.<\/p>\n<p>M\u00d3DULO 6 &#8211; VIDEOS RESPUESTAS<\/p>\n<p>\u00bfQu\u00e9 debo tener en cuenta a la hora de hacer mantenimientos?<br \/>\n\u00bfQu\u00e9 debo de tener en cuenta al momento de instalar el aire acondicionado?<br \/>\n\u00bfQu\u00e9 conceptos b\u00e1sicos que debo de tener en cuenta I?<br \/>\n\u00bfQu\u00e9 conceptos b\u00e1sicos que debo de tener en cuenta II?<\/p>\n<p>M\u00d3DULO 7 &#8211; \u00bfC\u00d3MO OBTENER TU CERTIFICADO?<\/p>\n<p>\u00bfC\u00f3mo obtener tu certificado?<\/p>\n<p>ACERCA DEL PRODUCTOR<\/p>\n<p>Desarrollado por JUAN PABLO CHAVERRA, t\u00e9cnico en aires acondicionados, reparaciones e instalaciones con m\u00e1s de 10 a\u00f1os de experiencia dando soluciones a empresas, hogares, colegios, hoteles y muchos m\u00e1s.<\/p>\n","protected":false},"excerpt":{"rendered":"<p>\u00bfSab\u00edas que El negocio de los mantenimientos e instalaciones de los aires acondicionados es altamente rentable?<\/p>\n<p>Con el MasterClass MANTENIMIENTOS RENTABLES DE AIRES ACONDICIONADOS, te convertir\u00e1s paso a paso en un profesional de este arte, sin necesidad de experiencia previa.<\/p>\n","protected":false},"featured_media":3861,"template":"","meta":{"_joinchat":[]},"product_brand":[],"product_cat":[331,344],"product_tag":[],"class_list":{"0":"post-12511","1":"product","2":"type-product","3":"status-publish","4":"has-post-thumbnail","6":"product_cat-mantenimiento-maquinaria","7":"product_cat-todos","9":"first","10":"instock","11":"sale","12":"shipping-taxable","13":"product-type-external"},"_links":{"self":[{"href":"https:\/\/cursos.talentup.cl\/index.php?rest_route=\/wp\/v2\/product\/12511","targetHints":{"allow":["GET"]}}],"collection":[{"href":"https:\/\/cursos.talentup.cl\/index.php?rest_route=\/wp\/v2\/product"}],"about":[{"href":"https:\/\/cursos.talentup.cl\/index.php?rest_route=\/wp\/v2\/types\/product"}],"version-history":[{"count":4,"href":"https:\/\/cursos.talentup.cl\/index.php?rest_route=\/wp\/v2\/product\/12511\/revisions"}],"predecessor-version":[{"id":16036,"href":"https:\/\/cursos.talentup.cl\/index.php?rest_route=\/wp\/v2\/product\/12511\/revisions\/16036"}],"wp:featuredmedia":[{"embeddable":true,"href":"https:\/\/cursos.talentup.cl\/index.php?rest_route=\/wp\/v2\/media\/3861"}],"wp:attachment":[{"href":"https:\/\/cursos.talentup.cl\/index.php?rest_route=%2Fwp%2Fv2%2Fmedia&parent=12511"}],"wp:term":[{"taxonomy":"product_brand","embeddable":true,"href":"https:\/\/cursos.talentup.cl\/index.php?rest_route=%2Fwp%2Fv2%2Fproduct_brand&post=12511"},{"taxonomy":"product_cat","embeddable":true,"href":"https:\/\/cursos.talentup.cl\/index.php?rest_route=%2Fwp%2Fv2%2Fproduct_cat&post=12511"},{"taxonomy":"product_tag","embeddable":true,"href":"https:\/\/cursos.talentup.cl\/index.php?rest_route=%2Fwp%2Fv2%2Fproduct_tag&post=12511"}],"curies":[{"name":"wp","href":"https:\/\/api.w.org\/{rel}","templated":true}]}}