{"id":12512,"date":"2023-01-10T04:40:42","date_gmt":"2023-01-10T07:40:42","guid":{"rendered":"https:\/\/cursos.talentup.cl\/?post_type=product&#038;p=12512"},"modified":"2024-02-07T23:37:47","modified_gmt":"2024-02-08T02:37:47","slug":"reparacion-y-mantenimiento-de-patinetas-electricas","status":"publish","type":"product","link":"https:\/\/cursos.talentup.cl\/?product=reparacion-y-mantenimiento-de-patinetas-electricas","title":{"rendered":"REPARACI\u00d3N Y MANTENIMIENTO DE PATINETAS EL\u00c9CTRICAS"},"content":{"rendered":"<p>\u00bfTe gustar\u00eda mejorar tu movilidad y estar capacitado para reparar los da\u00f1os de este medio de transporte?<\/p>\n<p>Con el MasterClass REPARACI\u00d3N Y MANTENIMIENTO DE PATINETAS EL\u00c9CTRICAS, armar\u00e1s, desarmar\u00e1s y reparar\u00e1s cualquier tipo de patineta.<\/p>\n<p>\u00bfQU\u00c9 VAS A LOGRAR?<\/p>\n<p>Aprender\u00e1s qu\u00e9 tipos de patinetas existen en el mercado.<\/p>\n<p>Armar\u00e1s y desarmar\u00e1s patinetas comunes y de alta potencia.<\/p>\n<p>Conocer\u00e1s qu\u00e9 tipo de herramientas necesitas para arreglar cualquier patineta.<\/p>\n<p>Aprender\u00e1s sobre las partes que las componen.<\/p>\n<p>Aprender\u00e1s c\u00f3mo se comunica internamente la patineta.<\/p>\n<p>Aprender\u00e1s a diagnosticar posibles da\u00f1os el\u00e9ctricos de cualquier patineta.<\/p>\n<p>Reparar\u00e1s cualquier patineta el\u00e9ctrica.<\/p>\n<p>Conocer\u00e1s qu\u00e9 insumos se usan para realizar un correcto mantenimiento.<\/p>\n<p>Aprender\u00e1s c\u00f3mo cobrar por mano de obra.<\/p>\n<p>Acceder\u00e1s al certificado avalado por Hotmart y Seminarios Online.<\/p>\n<p>\u00bfC\u00d3MO LO VAS A LOGRAR?<\/p>\n<p>A trav\u00e9s del siguiente contenido, estructurado paso a paso:<\/p>\n<p>M\u00d3DULO 1 &#8211; BIENVENIDOS A REPARACI\u00d3N Y MANTENIMIENTO DE PATINETAS EL\u00c9CTRICAS<\/p>\n<p>Bienvenida y presentaci\u00f3n.<\/p>\n<p>M\u00d3DULO 2 &#8211; CONOCIENDO LAS MARCAS Y TIPOS DE PATINETAS<\/p>\n<p>Marcas y tipos de patinetas.<\/p>\n<p>M\u00d3DULO 3 &#8211; INSUMOS Y HERRAMIENTAS NECESARIAS<\/p>\n<p>Insumos I.<br \/>\nInsumos II.<br \/>\nHerramientas necesarias.<\/p>\n<p>M\u00d3DULO 4 &#8211; CONOCIENDO LAS PARTES DE LA PATINETA EL\u00c9CTRICA<\/p>\n<p>Apertura de patineta.<br \/>\nPartes de la patineta.<\/p>\n<p>M\u00d3DULO 5 &#8211; COMUNICACI\u00d3N INTERNA DE LA PATINETA EL\u00c9CTRICA<\/p>\n<p>Comunicaci\u00f3n interna de la patineta el\u00e9ctrica.<br \/>\nDa\u00f1os m\u00e1s frecuentes.<\/p>\n<p>M\u00d3DULO 6 &#8211; DA\u00d1OS M\u00c1S FRECUENTES<\/p>\n<p>Da\u00f1os m\u00e1s frecuentes.<\/p>\n<p>M\u00d3DULO 7 &#8211; REPARANDO UN PINCHAZO<\/p>\n<p>Alistando herramientas.<br \/>\nDesmontando llanta.<br \/>\nLiberando el neum\u00e1tico.<br \/>\nReparando pinchazo.<br \/>\nMontaje de neum\u00e1tico.<\/p>\n<p>M\u00d3DULO 8 &#8211; REPARANDO CABLEADO DE UNA SWAGGER 2<\/p>\n<p>Conociendo la swagger 2.<br \/>\nHaciendo el diagn\u00f3stico.<br \/>\nReparando y realizando el montaje.<\/p>\n<p>M\u00d3DULO 9 &#8211; REPARANDO PINCHAZO DE UNA ULTRON (PATINETA DE ALTA POTENCIA)<\/p>\n<p>Desmontando y reparando.<br \/>\nRealizando montaje ultron.<\/p>\n<p>M\u00d3DULO 10 &#8211; REPARANDO HUMEDAD DE UNA ULTRON (PATINETA DE ALTA POTENCIA)<\/p>\n<p>Diagnosticando patineta ultron.<br \/>\nRealizando secado de controladora ultron.<br \/>\nMontaje y cierre de patineta ultron.<\/p>\n<p>M\u00d3DULO 11 &#8211; AJUSTE DE LA CA\u00d1A DEL TIM\u00d3N<\/p>\n<p>Ajuste ca\u00f1a del tim\u00f3n.<\/p>\n<p>M\u00d3DULO 12 &#8211; AJUSTE DE LA UNIDAD DE FRENO<\/p>\n<p>Ajuste de freno.<\/p>\n<p>M\u00d3DULO 13 &#8211; \u00bfD\u00d3NDE CONSEGUIR LOS REPUESTOS?<\/p>\n<p>Compra de repuestos.<\/p>\n<p>M\u00d3DULO 14 &#8211; CIERRE DEL PROGRAMA<\/p>\n<p>Compra de repuestos.<\/p>\n<p>M\u00d3DULO 16 \u2013 MATERIAL ADICIONAL (BONOS)\t<\/p>\n<p>Bono 1: Tips de limpieza.<br \/>\nBono 2: C\u00f3digos de errores en patinetas (Anexo PDF).<br \/>\nBono 3: Cuanto Cobrar por mano de obra (PDF ANEXO).<\/p>\n<p>M\u00d3DULO 15 &#8211; VIDEO RESPUESTAS A PREGUNTAS FRECUENTES<\/p>\n<p>Respuestas a preguntas frecuentes.<br \/>\n\u00bfD\u00f3nde comprar las llantas?<br \/>\n\u00bfQu\u00e9 hacer ante la lluvia o humedad?<br \/>\n\u00bfQu\u00e9 hacer ante un pinchazo?<\/p>\n<p>M\u00d3DULO 16 &#8211; \u00bfC\u00d3MO OBTENER TU CERTIFICADO?<\/p>\n<p>\u00bfC\u00f3mo obtener tu certificado?<\/p>\n<p>ACERCA DEL PRODUCTOR<\/p>\n<p>Desarrollado por JOS\u00c9 CAMILO RUIZ, t\u00e9cnico en ingenier\u00eda electromec\u00e1nica con experiencia profesional de m\u00e1s de 30 a\u00f1os, especializado en manejo e instalaci\u00f3n de m\u00e1quinas, herramientas electrohidr\u00e1ulicas y electroneum\u00e1ticas, redes el\u00e9ctricas residenciales e industriales y veh\u00edculos el\u00e9ctricos.<\/p>\n<p>Ha trabajado y reparado equipos de las marcas Hilti, Bosch, Milwaukee, Dewalt y Makita entre otros, en Miami FL, Estados Unidos de Am\u00e9rica.<\/p>\n<p>Actualmente, se dedica a su taller independiente \u201cCorrecamilos\u201d tiempo completo y a capacitar personas sobre temas de reparaci\u00f3n de equipos de movilidad el\u00e9ctrica.<\/p>\n","protected":false},"excerpt":{"rendered":"<p>\u00bfTe gustar\u00eda mejorar tu movilidad y estar capacitado para reparar los da\u00f1os de este medio de transporte?<\/p>\n<p>Con el MasterClass REPARACI\u00d3N Y MANTENIMIENTO DE PATINETAS EL\u00c9CTRICAS, armar\u00e1s, desarmar\u00e1s y reparar\u00e1s cualquier tipo de patineta.<\/p>\n","protected":false},"featured_media":3862,"template":"","meta":{"_joinchat":[]},"product_brand":[],"product_cat":[331,344],"product_tag":[],"class_list":{"0":"post-12512","1":"product","2":"type-product","3":"status-publish","4":"has-post-thumbnail","6":"product_cat-mantenimiento-maquinaria","7":"product_cat-todos","9":"first","10":"instock","11":"sale","12":"shipping-taxable","13":"product-type-external"},"_links":{"self":[{"href":"https:\/\/cursos.talentup.cl\/index.php?rest_route=\/wp\/v2\/product\/12512","targetHints":{"allow":["GET"]}}],"collection":[{"href":"https:\/\/cursos.talentup.cl\/index.php?rest_route=\/wp\/v2\/product"}],"about":[{"href":"https:\/\/cursos.talentup.cl\/index.php?rest_route=\/wp\/v2\/types\/product"}],"version-history":[{"count":4,"href":"https:\/\/cursos.talentup.cl\/index.php?rest_route=\/wp\/v2\/product\/12512\/revisions"}],"predecessor-version":[{"id":16037,"href":"https:\/\/cursos.talentup.cl\/index.php?rest_route=\/wp\/v2\/product\/12512\/revisions\/16037"}],"wp:featuredmedia":[{"embeddable":true,"href":"https:\/\/cursos.talentup.cl\/index.php?rest_route=\/wp\/v2\/media\/3862"}],"wp:attachment":[{"href":"https:\/\/cursos.talentup.cl\/index.php?rest_route=%2Fwp%2Fv2%2Fmedia&parent=12512"}],"wp:term":[{"taxonomy":"product_brand","embeddable":true,"href":"https:\/\/cursos.talentup.cl\/index.php?rest_route=%2Fwp%2Fv2%2Fproduct_brand&post=12512"},{"taxonomy":"product_cat","embeddable":true,"href":"https:\/\/cursos.talentup.cl\/index.php?rest_route=%2Fwp%2Fv2%2Fproduct_cat&post=12512"},{"taxonomy":"product_tag","embeddable":true,"href":"https:\/\/cursos.talentup.cl\/index.php?rest_route=%2Fwp%2Fv2%2Fproduct_tag&post=12512"}],"curies":[{"name":"wp","href":"https:\/\/api.w.org\/{rel}","templated":true}]}}