{"id":12516,"date":"2023-01-10T04:40:43","date_gmt":"2023-01-10T07:40:43","guid":{"rendered":"https:\/\/cursos.talentup.cl\/?post_type=product&#038;p=12516"},"modified":"2024-02-07T23:37:48","modified_gmt":"2024-02-08T02:37:48","slug":"reflexoterapia-xpert-la-salud-en-tus-manos","status":"publish","type":"product","link":"https:\/\/cursos.talentup.cl\/?product=reflexoterapia-xpert-la-salud-en-tus-manos","title":{"rendered":"REFLEXOTERAPIA XPERT, LA SALUD EN TUS MANOS"},"content":{"rendered":"<p>\u00bfSab\u00edas que la Reflexoterapia es aceptada por la OMS como un m\u00e9todo de diagn\u00f3stico y tratamiento en colaboraci\u00f3n con la medicina tradicional?<\/p>\n<p>Con el MasterClass REFLEXOTERAPIA XPERT, LA SALUD EN TU MANOS conocer\u00e1s cuales son los canales energ\u00e9ticos, como funcionan y que puntos presionar para mejorar el funcionamiento de \u00f3rganos, sistemas y emociones.<\/p>\n<p>\u00bfQU\u00c9 VAS A LOGRAR?<\/p>\n<p>Aprender\u00e1s nociones de medicina china.<\/p>\n<p>Utilizar\u00e1s tus dedos como herramienta fundamental para sanar enfermedades f\u00edsicas y emocionales.<\/p>\n<p>Conocer\u00e1s los canales que conectan a tus pies y manos con el resto de tu cuerpo.<\/p>\n<p>Conocer\u00e1s de forma te\u00f3rica y pr\u00e1ctica los 59 puntos que al presionarlos sanaras \u00f3rganos, sistemas y emociones.<\/p>\n<p>Aprender\u00e1s un tratamiento sencillo y milenario de probada efectividad.<\/p>\n<p>Aprender\u00e1s el m\u00e9todo de trabajo paso a paso.<\/p>\n<p>Activar\u00e1s la sanaci\u00f3n natural del cuerpo sin medicinas.<\/p>\n<p>Acceder\u00e1s al certificado avalado por Hotmart y Seminarios Online.<\/p>\n<p>\u00bfC\u00d3MO LO VAS A LOGRAR?<\/p>\n<p>A trav\u00e9s del siguiente contenido, estructurado paso a paso:<\/p>\n<p>M\u00d3DULO 1 &#8211; COMENZAMOS<\/p>\n<p>Lecci\u00f3n 1. Bienvenida y presentaci\u00f3n.<br \/>\nLecci\u00f3n 2. Cu\u00e1l es mi experiencia.<br \/>\nLecci\u00f3n 3. En que se basa la reflexoterapia.<br \/>\nLecci\u00f3n 4. La salud en tus manos.<br \/>\nLecci\u00f3n 5. A quien est\u00e1 dirigido este curso.<\/p>\n<p>M\u00d3DULO 2 \u2013 MEDICINA NATURAL Y REFLEJA<\/p>\n<p>Lecci\u00f3n 6. Terapias naturales.<br \/>\nLecci\u00f3n 7. Terapias reflejas.<\/p>\n<p>M\u00d3DULO 3 \u2013 CONOCIMIENTOS NECESARIOS PARA EMPEZAR, EL M\u00c9TODO<\/p>\n<p>Lecci\u00f3n 8. El cuidado de tus dedos, instrumento fundamental.<br \/>\nLecci\u00f3n 9. Reflexolog\u00eda moderna.<br \/>\nLecci\u00f3n 10. La red zonal y las zonas transversas.<br \/>\nLecci\u00f3n 11. Indicaciones y contraindicaciones.<br \/>\nLecci\u00f3n 12. Mapas reflejos.<br \/>\nLecci\u00f3n 13. Posici\u00f3n correcta.<br \/>\nLecci\u00f3n 14. Manipulaciones.<br \/>\nLecci\u00f3n 15. Puntuaci\u00f3n.<br \/>\nLecci\u00f3n 16. Tratamiento reflexol\u00f3gico.<\/p>\n<p>M\u00d3DULO 4 \u2013 LOS DOLORES M\u00c1S FRECUENTES DE CONSULTA<\/p>\n<p>Lecci\u00f3n 17. Dolor de cabeza frontal.<br \/>\nLecci\u00f3n 18. Dolor de cabeza cervical.<br \/>\nLecci\u00f3n 19. Dolores bucales.<br \/>\nLecci\u00f3n 20. Dolores de espalda alta (cervicalgias).<br \/>\nLecci\u00f3n 21. Dolores dorsales (dorsalgias).<br \/>\nLecci\u00f3n 22. Dolores lumbares (lumbalgias).<br \/>\nLecci\u00f3n 23. Estre\u00f1imiento.<br \/>\nLecci\u00f3n 24. Dolores de articulaciones.<br \/>\nLecci\u00f3n 25. Empuje de muelas y dientes.<br \/>\nLecci\u00f3n 26. Bruxismo.<br \/>\nLecci\u00f3n 27. Retenci\u00f3n de l\u00edquidos.<br \/>\nLecci\u00f3n 28. Molestias en el embarazo.<br \/>\nLecci\u00f3n 29. Procesos femeninos.<br \/>\nLecci\u00f3n 30. Enfermedades de pr\u00f3stata.<br \/>\nLecci\u00f3n 31. Bronquitis.<br \/>\nLecci\u00f3n 32. Otitis.<\/p>\n<p>M\u00d3DULO 5 \u2013 TRASTORNOS DIGESTIVOS<\/p>\n<p>Lecci\u00f3n 33. Que implican los trastornos digestivos.<br \/>\nLecci\u00f3n 34. Mal funcionamiento del h\u00edgado.<br \/>\nLecci\u00f3n 35. Ves\u00edcula biliar.<br \/>\nLecci\u00f3n 36. Colon irritable.<br \/>\nLecci\u00f3n 37. Gases.<br \/>\nLecci\u00f3n 38. Reflujo y gastritis.<br \/>\nLecci\u00f3n 39. Intolerancias digestivas.<br \/>\nLecci\u00f3n 40. N\u00e1useas.<\/p>\n<p>M\u00d3DULO 6 \u2013 TRASTORNOS DEL SISTEMA RESPIRATORIO<\/p>\n<p>Lecci\u00f3n 41. Que implican los trastornos respiratorios.<br \/>\nLecci\u00f3n 42. Asma.<br \/>\nLecci\u00f3n 43. Rinitis.<br \/>\nLecci\u00f3n 44. Laringitis.<br \/>\nLecci\u00f3n 45. Sinusitis.<\/p>\n<p>M\u00d3DULO 7 &#8211; SISTEMA URINARIO<\/p>\n<p>Lecci\u00f3n 46. Gl\u00e1ndulas suprarrenales.<br \/>\nLecci\u00f3n 47. C\u00e1lculos renales.<br \/>\nLecci\u00f3n 48. Enfermedades de vejiga.<br \/>\nLecci\u00f3n 49. Inflamaci\u00f3n de conductos urinarios.<\/p>\n<p>M\u00d3DULO 8 \u2013 SISTEMA GENITAL Y SEXUALIDAD<\/p>\n<p>Lecci\u00f3n 50. Menopausia y andropausia.<br \/>\nLecci\u00f3n 51. Dolores menstruales.<br \/>\nLecci\u00f3n 52. Parto.<br \/>\nLecci\u00f3n 53. P\u00e9rdida de libido.<\/p>\n<p>M\u00d3DULO 9 \u2013 SISTEMA CARDIACO Y CIRCULATORIO Reflexolog\u00eda podal<\/p>\n<p>Lecci\u00f3n 54. Que implica la correcta circulaci\u00f3n.<br \/>\nLecci\u00f3n 55. Circulaci\u00f3n sangu\u00ednea y arterial.<br \/>\nLecci\u00f3n 56. Circulaci\u00f3n linf\u00e1tica.<br \/>\nLecci\u00f3n 57. Sistema inmune alergias.<\/p>\n<p>M\u00d3DULO 10 \u2013 ARTICULACIONES Reflexolog\u00eda podal<\/p>\n<p>Lecci\u00f3n 58. Rodillas.<br \/>\nLecci\u00f3n 59. Codos y hombros.<br \/>\nLecci\u00f3n 60. Manos.<br \/>\nLecci\u00f3n 61. Protrusiones, pinzamientos y hernias.<\/p>\n<p>M\u00d3DULO 11 \u2013 ADICCIONES Reflexolog\u00eda podal<\/p>\n<p>Lecci\u00f3n 62. Obesidad y sobrepeso.<br \/>\nLecci\u00f3n 63. Tabaquismo.<br \/>\nLecci\u00f3n 64. Alcoholismo.<\/p>\n<p>M\u00d3DULO 12 \u2013 EMOCIONES Reflexolog\u00eda podal<\/p>\n<p>Lecci\u00f3n 65. Ira y enojo.<br \/>\nLecci\u00f3n 66. Ansiedad.<br \/>\nLecci\u00f3n 67. Cansancio y falta de energ\u00eda.<br \/>\nLecci\u00f3n 68. Angustia, tristeza y depresi\u00f3n.<br \/>\nLecci\u00f3n 69. Miedo.<\/p>\n<p>M\u00d3DULO 13 \u2013 MOLESTIAS COTIDIANAS Reflexolog\u00eda podal<\/p>\n<p>Lecci\u00f3n 70. Insomnio.<br \/>\nLecci\u00f3n 71. V\u00e9rtigo y mareos.<br \/>\nLecci\u00f3n 72. Relajaci\u00f3n.<br \/>\nLecci\u00f3n 73. Dolores de articulaciones.<br \/>\nLecci\u00f3n 74. Tiroides.<br \/>\nLecci\u00f3n 75. Un tratamiento completo.<\/p>\n<p>M\u00d3DULO 14 \u2013 NI\u00d1OS Reflexolog\u00eda podal<\/p>\n<p>Lecci\u00f3n 76. Como atender a un ni\u00f1o<\/p>\n<p>M\u00d3DULO 15 \u2013 TEMPERAMENTOS Reflexolog\u00eda podal<\/p>\n<p>Lecci\u00f3n 77. Que indican las callosidades y durezas en los pies.<br \/>\nLecci\u00f3n 78. Reflexolog\u00eda evolutiva.<br \/>\nLecci\u00f3n 79. U\u00f1as encarnadas, deformaci\u00f3n de los dedos.<br \/>\nLecci\u00f3n 80. Temperamentos.<\/p>\n<p>M\u00d3DULO 16 &#8211; MATERIAL ADICIONAL (BONUS)<\/p>\n<p>Bono 1. Manual completo de auriculoterapia.<br \/>\nBono 2. Ebook completo sobre reflexolog\u00eda podal (creado por experta).<br \/>\nBono 3. Mapa visual reflexolog\u00eda evolutiva.<\/p>\n<p>M\u00d3DULO 17 \u2013 VIDEO RESPUESTAS<\/p>\n<p>\u00bfCu\u00e1l es la diferencia entre reflexolog\u00eda manos o pies, auriculoterapia, digitopuntura o acupuntura?<br \/>\n\u00bfExiste un orden para tratamiento en manos y pies?<\/p>\n<p>M\u00d3DULO 18 \u2013 \u00bfC\u00d3MO OBTENER TU CERTIFICADO?<\/p>\n<p>\u00bfC\u00f3mo obtener tu certificado?<\/p>\n<p>ACERCA DE LA PRODUCTORA<\/p>\n<p>Desarrollado por GABRIELA CABRERA, licenciada en terapias naturales, cosmet\u00f3loga y esteticista, practitioner en Flores de Bach, es la directora del centro de est\u00e9tica y salud natural que lleva su nombre. Empresa que desde el a\u00f1o 2005 trabaja incansablemente en un continuo crecimiento, incorporando siempre nuevos servicios y t\u00e9cnicas para el alivio del dolor y miles de personas han sido atendidas por sus manos.<\/p>\n<p>En el a\u00f1o 2015 se form\u00f3 en neuroeducaci\u00f3n y desde ese a\u00f1o se incorpora en la cl\u00ednica este nuevo proyecto, que forma nuevos emprendedores en el campo de la salud y est\u00e9tica.<\/p>\n<p>Es con suma satisfacci\u00f3n que ve a los egresados lograr sus metas, creando empresas exitosas que generan ingresos m\u00e1s que satisfactorios que les permiten vivir, sustentar a sus familias y mejorar la salud y est\u00e9tica de su entorno.<\/p>\n","protected":false},"excerpt":{"rendered":"<p>\u00bfSab\u00edas que la Reflexoterapia es aceptada por la OMS como un m\u00e9todo de diagn\u00f3stico y tratamiento en colaboraci\u00f3n con la medicina tradicional?<\/p>\n<p>Con el MasterClass REFLEXOTERAPIA XPERT, LA SALUD EN TU MANOS conocer\u00e1s cuales son los canales energ\u00e9ticos, como funcionan y que puntos presionar para mejorar el funcionamiento de \u00f3rganos, sistemas y emociones.<\/p>\n","protected":false},"featured_media":3959,"template":"","meta":{"_joinchat":[]},"product_brand":[],"product_cat":[343,344],"product_tag":[],"class_list":{"0":"post-12516","1":"product","2":"type-product","3":"status-publish","4":"has-post-thumbnail","6":"product_cat-mas-vendidos","7":"product_cat-todos","9":"first","10":"instock","11":"sale","12":"shipping-taxable","13":"product-type-external"},"_links":{"self":[{"href":"https:\/\/cursos.talentup.cl\/index.php?rest_route=\/wp\/v2\/product\/12516","targetHints":{"allow":["GET"]}}],"collection":[{"href":"https:\/\/cursos.talentup.cl\/index.php?rest_route=\/wp\/v2\/product"}],"about":[{"href":"https:\/\/cursos.talentup.cl\/index.php?rest_route=\/wp\/v2\/types\/product"}],"version-history":[{"count":2,"href":"https:\/\/cursos.talentup.cl\/index.php?rest_route=\/wp\/v2\/product\/12516\/revisions"}],"predecessor-version":[{"id":14530,"href":"https:\/\/cursos.talentup.cl\/index.php?rest_route=\/wp\/v2\/product\/12516\/revisions\/14530"}],"wp:featuredmedia":[{"embeddable":true,"href":"https:\/\/cursos.talentup.cl\/index.php?rest_route=\/wp\/v2\/media\/3959"}],"wp:attachment":[{"href":"https:\/\/cursos.talentup.cl\/index.php?rest_route=%2Fwp%2Fv2%2Fmedia&parent=12516"}],"wp:term":[{"taxonomy":"product_brand","embeddable":true,"href":"https:\/\/cursos.talentup.cl\/index.php?rest_route=%2Fwp%2Fv2%2Fproduct_brand&post=12516"},{"taxonomy":"product_cat","embeddable":true,"href":"https:\/\/cursos.talentup.cl\/index.php?rest_route=%2Fwp%2Fv2%2Fproduct_cat&post=12516"},{"taxonomy":"product_tag","embeddable":true,"href":"https:\/\/cursos.talentup.cl\/index.php?rest_route=%2Fwp%2Fv2%2Fproduct_tag&post=12516"}],"curies":[{"name":"wp","href":"https:\/\/api.w.org\/{rel}","templated":true}]}}