{"id":12547,"date":"2023-01-10T04:40:46","date_gmt":"2023-01-10T07:40:46","guid":{"rendered":"https:\/\/cursos.talentup.cl\/?post_type=product&#038;p=12547"},"modified":"2024-02-07T23:37:50","modified_gmt":"2024-02-08T02:37:50","slug":"acupuntura-con-los-dedos","status":"publish","type":"product","link":"https:\/\/cursos.talentup.cl\/?product=acupuntura-con-los-dedos","title":{"rendered":"ACUPUNTURA CON LOS DEDOS"},"content":{"rendered":"<p>Mereces y necesitas vivir tu vida en todo su esplendor. <\/p>\n<p>Con EL MASTER CLASS ACUPUNTURA CON LOS DEDOS, lograr\u00e1s tratar la mayor\u00eda de las dolencias corporales m\u00e1s comunes dejando progresivamente la dependencia de muchos f\u00e1rmacos.<\/p>\n<p>Conocer\u00e1s el poder curativo que tienen tus dedos, de manera f\u00e1cil, r\u00e1pida y pr\u00e1ctica utilizando para esto los puntos de acupuntura.<\/p>\n<p>\u00bfQU\u00c9 VAS A LOGRAR?<\/p>\n<p>Aprender\u00e1s nociones importantes de acupuntura con tus dedos (digitopuntura), para tratar todo tipo de condiciones de salud \u00fanicamente con la ayuda de tus manos. <\/p>\n<p>Aprender\u00e1s la t\u00e9cnica correcta que se debe aplicar para mitigar un dolor en espec\u00edfico.<\/p>\n<p>Conocer\u00e1s de forma pr\u00e1ctica y gr\u00e1fica los 40 puntos con los cuales podr\u00e1s sanar tu cuerpo.<\/p>\n<p>Aprender\u00e1s a masajear zonas de la oreja y la mano con gran efectividad terap\u00e9utica.<\/p>\n<p>Aprender\u00e1s c\u00f3mo y por qu\u00e9 funciona la acupuntura con tus dedos.<\/p>\n<p>Te acercar\u00e1s a la filosof\u00eda de la medicina china.<\/p>\n<p>Acceder\u00e1s al certificado avalado por hotmart y seminarios online. <\/p>\n<p>\u00bfC\u00d3MO LO VAS A LOGRAR?<\/p>\n<p>En este curso aprender\u00e1s nociones importantes de acupuntura con tus dedos (digitopuntura), para tratar todo tipo de condiciones de salud \u00fanicamente con la ayuda de tus manos.<br \/>\nAprender\u00e1s la t\u00e9cnica correcta que se debe aplicar para mitigar un dolor en espec\u00edfico.<br \/>\nConocer\u00e1s de forma pr\u00e1ctica y gr\u00e1fica los 40 puntos con los cuales podr\u00e1s sanar tu cuerpo.<br \/>\nAprender\u00e1s a masajear zonas de la oreja y la mano con gran efectividad terap\u00e9utica.<br \/>\nAprender\u00e1s c\u00f3mo y por qu\u00e9 funciona la acupuntura con tus dedos.<br \/>\nTe acercar\u00e1s a la filosof\u00eda de la medicina china.<br \/>\nAcceder\u00e1s al certificado avalado por Hotmart y seminarios online.<\/p>\n<p>M\u00d3DULO 1. INICIA AQU\u00cd<\/p>\n<p>Lecci\u00f3n 1. Bienvenida, quien soy y cu\u00e1l es mi experiencia.<br \/>\nLecci\u00f3n 2. \u00bfPor qu\u00e9 soy la persona id\u00f3nea para explicarte este tema?.<br \/>\nLecci\u00f3n 3. Conoce las bases del entrenamiento acupuntura con los dedos.<br \/>\nLecci\u00f3n 4. Toma las riendas de tu salud.<br \/>\nLecci\u00f3n 5. A qui\u00e9n va dirigido este entrenamiento.<\/p>\n<p>M\u00d3DULO 2. ORIGEN DE LA MEDICINA CHINA Y SU APLICACI\u00d3N.<\/p>\n<p>Lecci\u00f3n 6. Origen de la medicina china.<br \/>\nLecci\u00f3n 7. Conoce los dos microsistemas y su importancia.<\/p>\n<p>M\u00d3DULO 3. LO QUE DEBES SABER ANTES DE INICIAR.<\/p>\n<p>Lecci\u00f3n 8. Los tipos de presi\u00f3n que puedes ejercer.<br \/>\nLecci\u00f3n 9. Las medidas a conocer seg\u00fan la medicina china.<br \/>\nLecci\u00f3n 10. Como est\u00e1 dividido este curso.<br \/>\nLecci\u00f3n 11. Conoce el recorrido de los meridianos de la medicina china.<\/p>\n<p>M\u00d3DULO 4. \u00bfC\u00d3MO TRATAR LOS 14 DOLORES M\u00c1S FRECUENTES EN EL CUERPO HUMANO?<\/p>\n<p>Lecci\u00f3n 12. Conoce el punto m\u00e1s importante de Analgesia del cuerpo.<br \/>\nLecci\u00f3n 13. Dolores de Cabeza en general.<br \/>\nLecci\u00f3n 14. Dolor de Cabeza frontal.<br \/>\nLecci\u00f3n 15. Dolor de Cabeza producido por la menstruaci\u00f3n.<br \/>\nLecci\u00f3n 16. Dolor de cabeza despu\u00e9s de beber m\u00e1s de la cuenta.<br \/>\nLecci\u00f3n 17. Como evitar el dolor de Cabeza.<br \/>\nLecci\u00f3n 18. Dolor de Muelas.<br \/>\nLecci\u00f3n 19. Dolor de Espalda.<br \/>\nLecci\u00f3n 20. Dolor del Cuello.<br \/>\nLecci\u00f3n 21. Dolores a lo largo de la Columna.<br \/>\nLecci\u00f3n 22. Lumbago y Ci\u00e1tica.<br \/>\nLecci\u00f3n 23. Problemas Reum\u00e1ticos.<br \/>\nLecci\u00f3n 24. Dolores de Rodilla.<br \/>\nLecci\u00f3n 25. Neuralgia intercostal.<\/p>\n<p>M\u00d3DULO 5. \u00bfC\u00d3MO TRATAR LOS PRINCIPALES DOLORES EN CARA Y BRAZOS?<\/p>\n<p>Lecci\u00f3n 26. T\u00fanel carpiano.<br \/>\nLecci\u00f3n 27. Brazo de tenista.<br \/>\nLecci\u00f3n 28. Hombro congelado.<br \/>\nLecci\u00f3n 29. Par\u00e1lisis facial.<br \/>\nLecci\u00f3n 30. Neuralgia del trig\u00e9mino.<br \/>\nLecci\u00f3n 31. Bruxismo.<\/p>\n<p>M\u00d3DULO 6. \u00bfC\u00d3MO TRATAR EL JUANETE?<\/p>\n<p>Lecci\u00f3n 32. Juanete.<\/p>\n<p>M\u00d3DULO 7. \u00bfC\u00d3MO TRATAR LOS PROBLEMAS DIGESTIVOS?<\/p>\n<p>Lecci\u00f3n 33. Introducci\u00f3n a los problemas Digestivos.<br \/>\nLecci\u00f3n 34. Estre\u00f1imiento.<br \/>\nLecci\u00f3n 35. Diarrea.<br \/>\nLecci\u00f3n 36. Colon irritable.<br \/>\nLecci\u00f3n 37. Colitis ulcerosa.<br \/>\nLecci\u00f3n 38. Hemorroides.<br \/>\nLecci\u00f3n 39. La Aerofagia o gases.<br \/>\nLecci\u00f3n 40. Dolor de Est\u00f3mago en los ni\u00f1os.<br \/>\nLecci\u00f3n 41. Ardor de Est\u00f3mago y el Reflujo g\u00e1strico.<br \/>\nLecci\u00f3n 42. N\u00e1useas.<br \/>\nLecci\u00f3n 43. Gastritis. <\/p>\n<p>M\u00d3DULO 8. \u00bfC\u00d3MO TRATAR LAS ALERGIAS EN GENERAL?<\/p>\n<p>Lecci\u00f3n 44. Alergias.<br \/>\nLecci\u00f3n 45. Asma.<br \/>\nLecci\u00f3n 46. Rinitis.<br \/>\nLecci\u00f3n 47. Sinusitis<br \/>\nLecci\u00f3n 48. Herpes.<br \/>\nLecci\u00f3n 49. Neurodermitis.<\/p>\n<p>M\u00d3DULO 9. \u00bfC\u00d3MO TRATAR LAS DOLENCIAS EMOCIONALES?<\/p>\n<p>Lecci\u00f3n 50. La Ansiedad.<br \/>\nLecci\u00f3n 51. Reducir el Cansancio y aumentar la Energ\u00eda.<br \/>\nLecci\u00f3n 52. Recuperar la Alegr\u00eda.<br \/>\nLecci\u00f3n 53. Soltar la Ira.<br \/>\nLecci\u00f3n 54. Romper con las Dudas.<br \/>\nLecci\u00f3n 55. El Miedo.<br \/>\nLecci\u00f3n 56. La Angustia.<br \/>\nLecci\u00f3n 57. El Sobrepeso emocional.<\/p>\n<p>M\u00d3DULO 10. \u00bfC\u00d3MO TRATAR LAS DOLENCIAS EN LA SEXUALIDAD?<\/p>\n<p>Lecci\u00f3n 58. Menopausia y la Andropausia.<br \/>\nLecci\u00f3n 59. Dolores Menstruales.<br \/>\nLecci\u00f3n 60. Como aumentar las Contracciones a la hora del parto.<br \/>\nLecci\u00f3n 61. La Mastitis.<br \/>\nLecci\u00f3n 62. Falta de Leche materna.<br \/>\nLecci\u00f3n 63. P\u00e9rdida de la Libido y la Frigidez.<br \/>\nLecci\u00f3n 64. La Impotencia.<br \/>\nLecci\u00f3n 65. La Eyaculaci\u00f3n precoz.<br \/>\nLecci\u00f3n 66. Cistitis.<br \/>\nLecci\u00f3n 67. Retenci\u00f3n de orina.<\/p>\n<p>M\u00d3DULO 11. \u00bfC\u00d3MO TRATAR LAS DOLENCIAS RELACIONADAS CON LOS<br \/>\nSENTIDOS?<\/p>\n<p>Lecci\u00f3n 68. C\u00f3mo sobrellevar el Tinnitus (Sonidos molestos en el o\u00eddo).<br \/>\nLecci\u00f3n 69. Mareos.<br \/>\nLecci\u00f3n 70. Descompresi\u00f3n de o\u00eddo en \u00e9l avi\u00f3n.<br \/>\nLecci\u00f3n 71. Conjuntivitis.<br \/>\nLecci\u00f3n 72. Epistaxis o sangrado nasal.<br \/>\nLecci\u00f3n 73. P\u00e9rdida de Olfato.<br \/>\nLecci\u00f3n 74. La Ronquera.<br \/>\nLecci\u00f3n 75. El Hipo.<\/p>\n<p>M\u00d3DULO 12. \u00bfC\u00d3MO TRATAR LOS PROBLEMAS DEL CORAZ\u00d3N, HIPERTENSI\u00d3N Y DIFICULTADES RESPIRATORIAS?<\/p>\n<p>Lecci\u00f3n 76. Introducci\u00f3n a los problemas del Coraz\u00f3n.<br \/>\nLecci\u00f3n 77. La Angina de pecho.<br \/>\nLecci\u00f3n 78. La Hipertensi\u00f3n.<br \/>\nLecci\u00f3n 79. La baja de Tensi\u00f3n.<br \/>\nLecci\u00f3n 80. El Ictus.<br \/>\nLecci\u00f3n 81. La Hemiplejia.<br \/>\nLecci\u00f3n 82. La Bronquitis.<br \/>\nLecci\u00f3n 83. La Disnea (dificultad respiratoria).<br \/>\nLecci\u00f3n 84. El Resfriado.<\/p>\n<p>M\u00d3DULO 13. \u00bfC\u00d3MO PREVENIR ATAQUES EPIL\u00c9PTICOS Y TRATAR EL INSOMNIO?<\/p>\n<p>Lecci\u00f3n 85. La Epilepsia.<br \/>\nLecci\u00f3n 86. El Insomnio.<br \/>\nLecci\u00f3n 87. La Fibromialgia.<\/p>\n<p>M\u00d3DULO 14. INFORMACI\u00d3N IMPORTANTE Y DESPEDIDA<\/p>\n<p>Lecci\u00f3n 88. Informaci\u00f3n importante y despedida.<br \/>\nLecci\u00f3n 89. Informaci\u00f3n sobre el nivel avanzado.<\/p>\n<p>BONO 1.<\/p>\n<p>Bestseller &#8211; Teatro en familia.<\/p>\n<p>BONO 2.<\/p>\n<p>Audio yo futuro.<\/p>\n<p>BONO 3. E-BOOK OFICAIL EN PDF<\/p>\n<p>E-book oficial del programa acupuntura con los dedos.<\/p>\n<p>BONO 4. BANCO DE PREGUNTAS Y RESPUESTAS EN PDF<\/p>\n<p>Banco de preguntas y respuestas en PDF.<\/p>\n<p>BONO 5. E-BOOK LOS MERIDIANOS<\/p>\n<p>E-book los Meridianos de la MTC en PDF.<\/p>\n<p>PREGUNTAS FRECUENTES<\/p>\n<p>1. \u00bfCu\u00e1nto tiempo debo ejercer la presi\u00f3n?<br \/>\n2. \u00bfQu\u00e9 podemos esperar del siguiente curso de introducci\u00f3n a la medicina china?<br \/>\n3. \u00bfQu\u00e9 podemos esperar del curso de salud emocional s\u00e1lvese quien quiera?<br \/>\n4. \u00bfCon estas t\u00e9cnicas puedo tratar a un paciente con alzh\u00e9imer?<br \/>\n5. \u00bfCu\u00e1les son los puntos para tratar el tinnitus?<br \/>\n6. \u00bfSe puede emplear estas t\u00e9cnicas para tratar la tos cr\u00f3nica?<br \/>\n7. \u00bfSe puede emplear estas t\u00e9cnicas para tratar la mala circulaci\u00f3n?<br \/>\n8. \u00bfSe puede emplear estas t\u00e9cnicas para tratar la infecci\u00f3n de o\u00eddo?<br \/>\n9. \u00bfC\u00f3mo tratar la ronquera?<br \/>\n10. \u00bfEstas t\u00e9cnicas sirven para todas las dolencias?<br \/>\n11. \u00bfEs necesario estudiar bien los meridianos y donde los encuentro?<br \/>\n12. \u00bfTodas las t\u00e9cnicas son bilaterales o no?<br \/>\n13. \u00bfLa digitopresi\u00f3n se hace con el consultante sentado o se puede hacer en camilla?<br \/>\n14. \u00bfEn el caso de la acupresi\u00f3n se har\u00eda antes o despu\u00e9s del masaje?<br \/>\n15. \u00bfCu\u00e1l es el movimiento m\u00e1s recomendado a la hora de ejercer presi\u00f3n?<br \/>\n16. \u00bfSi tengo un dolor del lado derecho trabajo en esta parte o al lado izquierdo?<br \/>\n17. \u00bfEl recorrido de los meridianos tienen similitud con los 5 elementos?<br \/>\n18. \u00bfQu\u00e9 es m\u00e1s efectivo ejercer presi\u00f3n o masajear?<br \/>\n19. \u00bfD\u00f3nde encuentro mis Bonos y como los descargo?<\/p>\n<p>GR\u00c1FICOS PUNTOS FUNDAMENTALES. ESPECIAL CONTRA EL CORONAVIRUS<\/p>\n<p>Puntos especiales, tambi\u00e9n contra el coronavirus.<\/p>\n<p>ACERCA DEL PRODUCTOR <\/p>\n<p>Desarrollado por el espa\u00f1ol ALEJANDRO LORENTE, Doctor Honoris Causa por la Universidad Iberoamericana de Ciencias y Desarrollo Humano de M\u00e9xico.<\/p>\n<p>Ha recorrido multitud de pa\u00edses formando a terapeutas y tratando a miles de pacientes.<\/p>\n<p>Trabaj\u00f3 cerca de 15 a\u00f1os como periodista en la Televisi\u00f3n Exterior Alemana (Deutsche Welle), con la que sigue colaborando (Programa de salud En forma).<\/p>\n<p>Profesor en las principales escuelas de Fisioterapia y Medicina china de Alemania y Suiza (Top Physio y Acumax).<\/p>\n<p>Heilpraktiker (desde 2003, t\u00edtulo del Estado alem\u00e1n como especialista en Medicina Natural con potestades m\u00e9dicas)<\/p>\n<p>Autor de 8 libros.<\/p>\n<p>Profesor de Medicina china, Auriculoterapia, Mnemotecnia y Medicina Psicoemocional.<\/p>\n<p>Coach Emocional, Especialista en PNL e Hipnosis.<\/p>\n<p>Creador del M\u00e9todo Lorente \u00a9 de Liberaci\u00f3n F\u00edsica y Emocional.<\/p>\n","protected":false},"excerpt":{"rendered":"<p>Mereces y necesitas vivir tu vida en todo su esplendor. <\/p>\n<p>Con EL MASTER CLASS ACUPUNTURA CON LOS DEDOS, lograr\u00e1s tratar la mayor\u00eda de las dolencias corporales m\u00e1s comunes dejando progresivamente la dependencia de muchos f\u00e1rmacos.<\/p>\n<p>Conocer\u00e1s el poder curativo que tienen tus dedos, de manera f\u00e1cil, r\u00e1pida y pr\u00e1ctica utilizando para esto los puntos de acupuntura.<\/p>\n","protected":false},"featured_media":3974,"template":"","meta":{"_joinchat":[]},"product_brand":[],"product_cat":[343,344],"product_tag":[],"class_list":{"0":"post-12547","1":"product","2":"type-product","3":"status-publish","4":"has-post-thumbnail","6":"product_cat-mas-vendidos","7":"product_cat-todos","9":"first","10":"instock","11":"sale","12":"shipping-taxable","13":"product-type-external"},"_links":{"self":[{"href":"https:\/\/cursos.talentup.cl\/index.php?rest_route=\/wp\/v2\/product\/12547","targetHints":{"allow":["GET"]}}],"collection":[{"href":"https:\/\/cursos.talentup.cl\/index.php?rest_route=\/wp\/v2\/product"}],"about":[{"href":"https:\/\/cursos.talentup.cl\/index.php?rest_route=\/wp\/v2\/types\/product"}],"version-history":[{"count":2,"href":"https:\/\/cursos.talentup.cl\/index.php?rest_route=\/wp\/v2\/product\/12547\/revisions"}],"predecessor-version":[{"id":14545,"href":"https:\/\/cursos.talentup.cl\/index.php?rest_route=\/wp\/v2\/product\/12547\/revisions\/14545"}],"wp:featuredmedia":[{"embeddable":true,"href":"https:\/\/cursos.talentup.cl\/index.php?rest_route=\/wp\/v2\/media\/3974"}],"wp:attachment":[{"href":"https:\/\/cursos.talentup.cl\/index.php?rest_route=%2Fwp%2Fv2%2Fmedia&parent=12547"}],"wp:term":[{"taxonomy":"product_brand","embeddable":true,"href":"https:\/\/cursos.talentup.cl\/index.php?rest_route=%2Fwp%2Fv2%2Fproduct_brand&post=12547"},{"taxonomy":"product_cat","embeddable":true,"href":"https:\/\/cursos.talentup.cl\/index.php?rest_route=%2Fwp%2Fv2%2Fproduct_cat&post=12547"},{"taxonomy":"product_tag","embeddable":true,"href":"https:\/\/cursos.talentup.cl\/index.php?rest_route=%2Fwp%2Fv2%2Fproduct_tag&post=12547"}],"curies":[{"name":"wp","href":"https:\/\/api.w.org\/{rel}","templated":true}]}}