{"id":12548,"date":"2023-01-10T04:40:47","date_gmt":"2023-01-10T07:40:47","guid":{"rendered":"https:\/\/cursos.talentup.cl\/?post_type=product&#038;p=12548"},"modified":"2024-02-07T23:37:50","modified_gmt":"2024-02-08T02:37:50","slug":"taller-prenatal-de-cero-a-experto","status":"publish","type":"product","link":"https:\/\/cursos.talentup.cl\/?product=taller-prenatal-de-cero-a-experto","title":{"rendered":"TALLER PRENATAL DE CERO A EXPERTO"},"content":{"rendered":"<p>Prepararte para tu parto, y tener informaci\u00f3n real sobre c\u00f3mo son los beb\u00e9s, te permitir\u00e1 hacerte due\u00f1a de tu proceso.<\/p>\n<p>A pap\u00e1 tambi\u00e9n le permitir\u00e1 empoderarse e involucrarse activamente.<\/p>\n<p>Con el MASTER CLASS TALLER PRENATAL DE CERO A EXPERTO conocer\u00e1s c\u00f3mo funciona tu cuerpo, qu\u00e9 sucede durante el nacimiento de tu beb\u00e9, tendr\u00e1s informaci\u00f3n importante para que puedas comprender y acompa\u00f1ar mejor a tu reci\u00e9n nacido y tengas un inicio de lactancia exitoso.<\/p>\n<p>\u00bfQU\u00c9 VAS A LOGRAR?<\/p>\n<p>Comprender\u00e1s lo que pasa en tu cuerpo durante la labor de parto para que est\u00e9s tranquila con lo que vivir\u00e1s <\/p>\n<p>Te sentir\u00e1s m\u00e1s empoderada en el proceso y tu pareja tendr\u00e1 herramientas para acompa\u00f1arte efectivamente.<\/p>\n<p>Tendr\u00e1s herramientas pr\u00e1cticas para el manejo de dolor durante el parto.<\/p>\n<p>Tendr\u00e1s informaci\u00f3n que te permitir\u00e1 hablar de tu plan de parto y elegir adecuadamente a tu proveedor de salud.<\/p>\n<p>Tendr\u00e1s informaci\u00f3n que te permitir\u00e1 un mejor inicio y \u00e9xito en tu lactancia.<\/p>\n<p>Comprender\u00e1s mejor a tu beb\u00e9 reci\u00e9n nacido, tendr\u00e1s expectativas m\u00e1s reales frente a que esperar y c\u00f3mo vincularte desde el amor con esta nueva personita cuando est\u00e9 en casa.<\/p>\n<p>Acceder\u00e1s al certificado avalado por Hotmart y Seminarios Online.<\/p>\n<p>\u00bfC\u00d3MO LO VAS A LOGRAR?<\/p>\n<p>A trav\u00e9s del siguiente contenido estructurado paso a paso:<\/p>\n<p>VIDEO 1: Todo sobre el Parto.<\/p>\n<p>VIDEO 2: Manejo de Dolor. <\/p>\n<p>VIDEO 3: Lactancia Materna.<\/p>\n<p>VIDEO 4: Conociendo a mi beb\u00e9.<\/p>\n<p>VIDEO 5: Sue\u00f1o Infantil.<\/p>\n<p>VIDEO 6: Desarrollo Normal y Crisis de Desarrollo. <\/p>\n<p>ACERCA DE LA PRODUCTORA<\/p>\n<p>Desarrollador por ADRIANA VERGARA estudi\u00f3 Psicolog\u00eda en la Universidad Javeriana. <\/p>\n<p>Se ha especializado en psicolog\u00eda jur\u00eddica y forense, desde la cual ha trabajado acompa\u00f1ando familias y profesionales para lograr la erradicaci\u00f3n de diferentes formas de violencia en las familias, as\u00ed como la construcci\u00f3n de v\u00ednculos familiares sanos, basados en el respeto y desde la disciplina respetuosa. Es desde este lugar, donde tambi\u00e9n lleva a\u00f1os trabajando el tema de la violencia obst\u00e9trica y la humanizaci\u00f3n en la atenci\u00f3n en el embarazo, parto y postparto. <\/p>\n<p>Por su embarazo, parto, postparto y lactancia se enamor\u00f3 de la psicolog\u00eda perinatal, que es la que se encarga de todo lo relacionado a la salud mental en el embarazo, parto y postparto. <\/p>\n<p>Se ha dedicado con mucha fuerza a capacitarse para poder acompa\u00f1ar a las familias en este periodo de la vida, tan lleno de alegr\u00eda, pero a la vez de crisis y dificultades. <\/p>\n<p>Dentro de este trabajo, es Educadora prenatal certificada por CAPPA (Childbirth and Postpartum Professional Association). <\/p>\n<p>Ha sido representante para Bolivia de Postpartum Support International y actualmente apoya la organizaci\u00f3n desde Ecuador, tiene una certificaci\u00f3n internacional con la University of South Florida en Salud Mental para la Infancia y la Familia (Infant Family Mental Health) y es facilitadora certificada para aplicar el protocolo de Circle Of security para familias a trav\u00e9s del cual se brindan herramientas para la construcci\u00f3n de v\u00ednculos sanos y fuertes con los hijos. <\/p>\n<p>Adriana est\u00e1 certificadas en VIPP-SD (Video Feedback Intervention for Positive Parentibg and Sensitive Discipline) por la universidad de Leiden Holanda y tiene una certificaci\u00f3n en Neurociencia del Sue\u00f1o Infantil por el Centro de Estudios del Sue\u00f1o Infantil de Espa\u00f1a.<\/p>\n<p>Todos los talleres e intervenciones que ofrece son una invitaci\u00f3n a vivir el embarazo, parto, Postparto y crianza desde el respeto , la consciencia y el amor.<\/p>\n","protected":false},"excerpt":{"rendered":"<p>Prepararte para tu parto, y tener informaci\u00f3n real sobre c\u00f3mo son los beb\u00e9s, te permitir\u00e1 hacerte due\u00f1a de tu proceso.<\/p>\n<p>A pap\u00e1 tambi\u00e9n le permitir\u00e1 empoderarse e involucrarse activamente.<\/p>\n<p>Con el MASTER CLASS TALLER PRENATAL DE CERO A EXPERTO conocer\u00e1s c\u00f3mo funciona tu cuerpo, qu\u00e9 sucede durante el nacimiento de tu beb\u00e9, tendr\u00e1s informaci\u00f3n importante para que puedas comprender y acompa\u00f1ar mejor a tu reci\u00e9n nacido y tengas un inicio de lactancia exitoso.<\/p>\n","protected":false},"featured_media":3976,"template":"","meta":{"_joinchat":[]},"product_brand":[],"product_cat":[343,344],"product_tag":[],"class_list":{"0":"post-12548","1":"product","2":"type-product","3":"status-publish","4":"has-post-thumbnail","6":"product_cat-mas-vendidos","7":"product_cat-todos","9":"first","10":"instock","11":"sale","12":"shipping-taxable","13":"product-type-external"},"_links":{"self":[{"href":"https:\/\/cursos.talentup.cl\/index.php?rest_route=\/wp\/v2\/product\/12548","targetHints":{"allow":["GET"]}}],"collection":[{"href":"https:\/\/cursos.talentup.cl\/index.php?rest_route=\/wp\/v2\/product"}],"about":[{"href":"https:\/\/cursos.talentup.cl\/index.php?rest_route=\/wp\/v2\/types\/product"}],"version-history":[{"count":2,"href":"https:\/\/cursos.talentup.cl\/index.php?rest_route=\/wp\/v2\/product\/12548\/revisions"}],"predecessor-version":[{"id":14547,"href":"https:\/\/cursos.talentup.cl\/index.php?rest_route=\/wp\/v2\/product\/12548\/revisions\/14547"}],"wp:featuredmedia":[{"embeddable":true,"href":"https:\/\/cursos.talentup.cl\/index.php?rest_route=\/wp\/v2\/media\/3976"}],"wp:attachment":[{"href":"https:\/\/cursos.talentup.cl\/index.php?rest_route=%2Fwp%2Fv2%2Fmedia&parent=12548"}],"wp:term":[{"taxonomy":"product_brand","embeddable":true,"href":"https:\/\/cursos.talentup.cl\/index.php?rest_route=%2Fwp%2Fv2%2Fproduct_brand&post=12548"},{"taxonomy":"product_cat","embeddable":true,"href":"https:\/\/cursos.talentup.cl\/index.php?rest_route=%2Fwp%2Fv2%2Fproduct_cat&post=12548"},{"taxonomy":"product_tag","embeddable":true,"href":"https:\/\/cursos.talentup.cl\/index.php?rest_route=%2Fwp%2Fv2%2Fproduct_tag&post=12548"}],"curies":[{"name":"wp","href":"https:\/\/api.w.org\/{rel}","templated":true}]}}