{"id":12551,"date":"2023-01-10T04:40:47","date_gmt":"2023-01-10T07:40:47","guid":{"rendered":"https:\/\/cursos.talentup.cl\/?post_type=product&#038;p=12551"},"modified":"2024-02-07T23:37:51","modified_gmt":"2024-02-08T02:37:51","slug":"estimulacion-para-bebes-0-a-24-meses","status":"publish","type":"product","link":"https:\/\/cursos.talentup.cl\/?product=estimulacion-para-bebes-0-a-24-meses","title":{"rendered":"ESTIMULACI\u00d3N PARA BEB\u00c9S (0 A 24 MESES)"},"content":{"rendered":"<p>Los beb\u00e9s necesitan activaci\u00f3n sensorial para un mejor desarrollo de sus habilidades motoras, su lenguaje y sus competencias sociales.<\/p>\n<p>Con el programa ESTIMULACI\u00d3N PARA BEB\u00c9S, puedes hacerlo a trav\u00e9s de estrategias f\u00e1ciles de entender.<\/p>\n<p>Este MasterClass, est\u00e1 dirigido a padres con beb\u00e9s entre 0 y 24 meses. Aqu\u00ed encontrar\u00e1s las diferentes pr\u00e1cticas de estimulaci\u00f3n.<\/p>\n<p>Identifica, signos de alarma de tu beb\u00e9, para ser tratados posteriormente por su pediatra.<\/p>\n<p>Aprende los masajes, los ejercicios y las actividades para desarrollar su inteligencia adecuadamente.<\/p>\n<p>\u00bfQU\u00c9 VAS A LOGRAR?<\/p>\n<p>Realizar\u00e1s la correcta definici\u00f3n y uso pr\u00e1ctico de estimulaci\u00f3n adecuada para beb\u00e9s de 0 a 24 meses de edad.<\/p>\n<p>Conocer\u00e1s los factores externos que influyen positivamente en el desarrollo del beb\u00e9.<\/p>\n<p>Aprender\u00e1s las 4 leyes del desarrollo psicomotor, que har\u00e1n enfocarte en actividades puntuales para trabajar en el desarrollo de tu beb\u00e9.<\/p>\n<p>Aprender\u00e1s cu\u00e1l debe ser el desarrollo psicomotor normal desde 0 hasta los 24 meses.<\/p>\n<p>Conocer\u00e1s las diferentes pr\u00e1cticas de estimulaci\u00f3n adecuada de desde 0-24 meses dividida en sesiones por cada bimestre de desarrollo, y as\u00ed poder realizar actividades acordes al desarrollo del beb\u00e9.<\/p>\n<p>Identificar\u00e1s los signos de alarma para tener en cuenta en el desarrollo de un beb\u00e9, y que muestren anomal\u00edas, las cuales deber\u00e1s tratar de la mano del pediatra de tu beb\u00e9.<\/p>\n<p>Aprender\u00e1s los ejercicios de estimulaci\u00f3n neonatal beb\u00e9s prematuros por debajo de la 37 semana de nacidos.<\/p>\n<p>Conocer\u00e1s las herramientas y ejercicios para desarrollar el lenguaje y la comunicaci\u00f3n en tu beb\u00e9 de modo que, no presente atrasos de ning\u00fan tipo.<\/p>\n<p>Aprender\u00e1s los ejercicios de motricidad fina y gruesa, estimulando por completo su cerebro con ejercicios muy pr\u00e1cticos y a la vez muy sencillo de hacer en la vida diaria.<\/p>\n<p>Aprender\u00e1s el paso a paso para realizar un masaje correcto con tu beb\u00e9.<\/p>\n<p>Aprender\u00e1s la explicaci\u00f3n de juegos y actividades acordes a cada etapa del beb\u00e9.  <\/p>\n<p>Obtendr\u00e1s las respuestas a las preguntas m\u00e1s frecuentes por los padres.<\/p>\n<p>Conocer\u00e1s los tips y recomendaciones para ni\u00f1os con discapacidad.<\/p>\n<p>Acceder\u00e1s al certificado avalado por Hotmart y Seminarios Online.<\/p>\n<p>\u00bfC\u00d3MO LO VAS A LOGRAR?<\/p>\n<p>A trav\u00e9s del siguiente contenido estructurado paso a paso:<\/p>\n<p>VIDEO 1: Introducci\u00f3n.<br \/>\nVIDEO 2: \u00bfQu\u00e9 es la estimulaci\u00f3n adecuada?<br \/>\nVIDEO 3: Neurodesarrollo y factores que influyen en el desarrollo del infante.<br \/>\nVIDEO 4: Las cuatro leyes del desarrollo.<br \/>\nVIDEO 5: Signos de alarma.<br \/>\nVIDEO 6: Consideraciones para prematuros.<br \/>\nVIDEO 7: Recomendaciones y tips.<br \/>\nVIDEO 8: Desarrollo psicomotor reci\u00e9n nacidos a 2 meses.<br \/>\nVIDEO 9: Actividades de estimulaci\u00f3n reci\u00e9n nacido a 2 meses.<br \/>\nVIDEO 10: Desarrollo psicomotor 3-4 meses.<br \/>\nVIDEO 11: Actividades de estimulaci\u00f3n 3-5 meses.<br \/>\nVIDEO 12: Desarrollo psicomotor 5-7 meses.<br \/>\nVIDEO 13: Desarrollo psicomotor 8-9 meses.<br \/>\nVIDEO 14: Actividades de estimulaci\u00f3n 6-8 meses.<br \/>\nVIDEO 15: Desarrollo psicomotor gateo.<br \/>\nVIDEO 16: Estimulaci\u00f3n gateo 8 \u2013 10 meses.<br \/>\nVIDEO 17: Mitos sobre el gateo.<br \/>\nVIDEO 18: Desarrollo psicomotor 10-12 meses.<br \/>\nVIDEO 19: Actividades de estimulaci\u00f3n 10-12 meses.<br \/>\nVIDEO 20: Patrones fundamentales.<br \/>\nVIDEO 21: Patrones fundamentales 12-24 meses.<br \/>\nVIDEO 22: Interacci\u00f3n social.<br \/>\nVIDEO 24 Lenguaje y comunicaci\u00f3n.<br \/>\nVIDEO 25: Actividades sensoriales.<br \/>\nVIDEO 26: Agarre del l\u00e1piz.<br \/>\nVIDEO 27: Juguetes.<br \/>\nVIDEO 28: Masaje corporal.<br \/>\nVIDEO 29: Juego y aprendo, ejercicios pr\u00e1cticos.<br \/>\nVIDEO 30: Preguntas frecuentes de padres.<br \/>\nVIDEO 31: Tips para ni\u00f1os con discapacidad.<br \/>\nVIDEO 32: Despedida.<\/p>\n<p>ACERCA DE LA PRODUCTORA<\/p>\n<p>Desarrollado por LINA MARCELA R\u00cdOS, Fisioterapeuta de la Universidad del Rosario. <\/p>\n<p>Especialista en Gerencia en Salud P\u00fablica. <\/p>\n<p>Certificada en Neurodesarrollo y Pediasuit como t\u00e9cnicas de intervenci\u00f3n. <\/p>\n<p>Se ha desempe\u00f1ado como docente universitaria, ponente nacional e internacional, con amplia experiencia en intervenci\u00f3n de poblaci\u00f3n infantil con y sin discapacidad, haciendo \u00e9nfasis en procesos de educaci\u00f3n y trabajo de estimulaci\u00f3n adecuada en casa con padres de familia. <\/p>\n","protected":false},"excerpt":{"rendered":"<p>Los beb\u00e9s necesitan activaci\u00f3n sensorial para un mejor desarrollo de sus habilidades motoras, su lenguaje y sus competencias sociales.<\/p>\n<p>Con el programa ESTIMULACI\u00d3N PARA BEB\u00c9S, puedes hacerlo a trav\u00e9s de estrategias f\u00e1ciles de entender.<\/p>\n<p>Este MasterClass, est\u00e1 dirigido a padres con beb\u00e9s entre 0 y 24 meses. Aqu\u00ed encontrar\u00e1s las diferentes pr\u00e1cticas de estimulaci\u00f3n.<\/p>\n<p>Identifica, signos de alarma de tu beb\u00e9, para ser tratados posteriormente por su pediatra.<\/p>\n<p>Aprende los masajes, los ejercicios y las actividades para desarrollar su inteligencia adecuadamente.<\/p>\n","protected":false},"featured_media":3982,"template":"","meta":{"_joinchat":[]},"product_brand":[],"product_cat":[343,344],"product_tag":[],"class_list":{"0":"post-12551","1":"product","2":"type-product","3":"status-publish","4":"has-post-thumbnail","6":"product_cat-mas-vendidos","7":"product_cat-todos","9":"first","10":"instock","11":"sale","12":"shipping-taxable","13":"product-type-external"},"_links":{"self":[{"href":"https:\/\/cursos.talentup.cl\/index.php?rest_route=\/wp\/v2\/product\/12551","targetHints":{"allow":["GET"]}}],"collection":[{"href":"https:\/\/cursos.talentup.cl\/index.php?rest_route=\/wp\/v2\/product"}],"about":[{"href":"https:\/\/cursos.talentup.cl\/index.php?rest_route=\/wp\/v2\/types\/product"}],"version-history":[{"count":2,"href":"https:\/\/cursos.talentup.cl\/index.php?rest_route=\/wp\/v2\/product\/12551\/revisions"}],"predecessor-version":[{"id":14552,"href":"https:\/\/cursos.talentup.cl\/index.php?rest_route=\/wp\/v2\/product\/12551\/revisions\/14552"}],"wp:featuredmedia":[{"embeddable":true,"href":"https:\/\/cursos.talentup.cl\/index.php?rest_route=\/wp\/v2\/media\/3982"}],"wp:attachment":[{"href":"https:\/\/cursos.talentup.cl\/index.php?rest_route=%2Fwp%2Fv2%2Fmedia&parent=12551"}],"wp:term":[{"taxonomy":"product_brand","embeddable":true,"href":"https:\/\/cursos.talentup.cl\/index.php?rest_route=%2Fwp%2Fv2%2Fproduct_brand&post=12551"},{"taxonomy":"product_cat","embeddable":true,"href":"https:\/\/cursos.talentup.cl\/index.php?rest_route=%2Fwp%2Fv2%2Fproduct_cat&post=12551"},{"taxonomy":"product_tag","embeddable":true,"href":"https:\/\/cursos.talentup.cl\/index.php?rest_route=%2Fwp%2Fv2%2Fproduct_tag&post=12551"}],"curies":[{"name":"wp","href":"https:\/\/api.w.org\/{rel}","templated":true}]}}