{"id":12576,"date":"2023-01-10T04:40:51","date_gmt":"2023-01-10T07:40:51","guid":{"rendered":"https:\/\/cursos.talentup.cl\/?post_type=product&#038;p=12576"},"modified":"2024-02-07T23:38:05","modified_gmt":"2024-02-08T02:38:05","slug":"trompeta-para-todos","status":"publish","type":"product","link":"https:\/\/cursos.talentup.cl\/?product=trompeta-para-todos","title":{"rendered":"TROMPETA PARA TODOS"},"content":{"rendered":"<p>\u00bfQU\u00c9 VAS A LOGRAR? <\/p>\n<p>Tocar trompeta representa para muchos un reto importante. Este curso est\u00e1 pensado para que cada persona trabaje a su propio ritmo y adquiera la sensibilidad que necesita para que este instrumento se convierta en una pasi\u00f3n que active la curiosidad musical. <\/p>\n<p>De forma intuitiva y sencilla est\u00e1 dirigido a todo m\u00fasico trompetista que quiera estudiar distintos m\u00e9todos para ejecutar el instrumento. Desarrollado por Richard Gil; con m\u00e1s de 11 a\u00f1os de experiencia como m\u00fasico y amplia trayectoria docente, quien adem\u00e1s es arreglista y productor musical de varios artistas. Adem\u00e1s, cuenta con la habilidad de interpretar piano y bater\u00eda entre otros. Con este curso puedes lograr:<\/p>\n<p>Una buena calidad del sonido durante la interpretaci\u00f3n de la trompeta.<br \/>\nLimpieza en la ejecuci\u00f3n del instrumento hasta llegar a notas agudas con una interpretaci\u00f3n impecable.<br \/>\nAprender\u00e1s un sinn\u00famero de ejercicios y t\u00e9cnicas interpretativas con una metodolog\u00eda eficaz e intuitiva.<br \/>\nT\u00e9cnicas de respiraci\u00f3n especializadas para generar un mayor performance durante la interpretaci\u00f3n del instrumento.<br \/>\nAplicar\u00e1s las diferentes posturas para tocar la trompeta adecuadamente y de forma c\u00f3moda.<\/p>\n<p>Con este curso de \u201cTROMPETA PARA TODOS\u00bb, transformar\u00e1s tu gusto por la trompeta una verdadera pasi\u00f3n musical.<\/p>\n<p>\u00bfC\u00d3MO LO VAS A LOGRAR? <\/p>\n<p>Cada peque\u00f1o detalle de este curso, marca la diferencia en el avance significativo durante la ejecuci\u00f3n del instrumento. El curso es desarrollado a partir de 21 lecciones te\u00f3rico-pr\u00e1cticas y un Bonus Extra que contiene el M\u00e9todo Clark; usado por talentosos trompetistas con sus diferentes variaciones.<\/p>\n","protected":false},"excerpt":{"rendered":"<p>\u00bfQU\u00c9 VAS A LOGRAR? <\/p>\n<p>Tocar trompeta representa para muchos un reto importante. Este curso est\u00e1 pensado para que cada persona trabaje a su propio ritmo y adquiera la sensibilidad que necesita para que este instrumento se convierta en una pasi\u00f3n que active la curiosidad musical. <\/p>\n<p>De forma intuitiva y sencilla est\u00e1 dirigido a todo m\u00fasico trompetista que quiera estudiar distintos m\u00e9todos para ejecutar el instrumento. Desarrollado por Richard Gil; con m\u00e1s de 11 a\u00f1os de experiencia como m\u00fasico y amplia trayectoria docente, quien adem\u00e1s es arreglista y productor musical de varios artistas. Adem\u00e1s, cuenta con la habilidad de interpretar piano y bater\u00eda entre otros. Con este curso puedes lograr:<\/p>\n<p>Una buena calidad del sonido durante la interpretaci\u00f3n de la trompeta.<br \/>\nLimpieza en la ejecuci\u00f3n del instrumento hasta llegar a notas agudas con una interpretaci\u00f3n impecable.<br \/>\nAprender\u00e1s un sinn\u00famero de ejercicios y t\u00e9cnicas interpretativas con una metodolog\u00eda eficaz e intuitiva.<br \/>\nT\u00e9cnicas de respiraci\u00f3n especializadas para generar un mayor performance durante la interpretaci\u00f3n del instrumento.<br \/>\nAplicar\u00e1s las diferentes posturas para tocar la trompeta adecuadamente y de forma c\u00f3moda.<\/p>\n<p>Con este curso de \u201cTROMPETA PARA TODOS\u00bb, transformar\u00e1s tu gusto por la trompeta una verdadera pasi\u00f3n musical.<\/p>\n","protected":false},"featured_media":4820,"template":"","meta":{"_joinchat":[]},"product_brand":[],"product_cat":[332,344],"product_tag":[],"class_list":{"0":"post-12576","1":"product","2":"type-product","3":"status-publish","4":"has-post-thumbnail","6":"product_cat-musica-y-artes","7":"product_cat-todos","9":"first","10":"instock","11":"sale","12":"shipping-taxable","13":"product-type-external"},"_links":{"self":[{"href":"https:\/\/cursos.talentup.cl\/index.php?rest_route=\/wp\/v2\/product\/12576","targetHints":{"allow":["GET"]}}],"collection":[{"href":"https:\/\/cursos.talentup.cl\/index.php?rest_route=\/wp\/v2\/product"}],"about":[{"href":"https:\/\/cursos.talentup.cl\/index.php?rest_route=\/wp\/v2\/types\/product"}],"version-history":[{"count":2,"href":"https:\/\/cursos.talentup.cl\/index.php?rest_route=\/wp\/v2\/product\/12576\/revisions"}],"predecessor-version":[{"id":14576,"href":"https:\/\/cursos.talentup.cl\/index.php?rest_route=\/wp\/v2\/product\/12576\/revisions\/14576"}],"wp:featuredmedia":[{"embeddable":true,"href":"https:\/\/cursos.talentup.cl\/index.php?rest_route=\/wp\/v2\/media\/4820"}],"wp:attachment":[{"href":"https:\/\/cursos.talentup.cl\/index.php?rest_route=%2Fwp%2Fv2%2Fmedia&parent=12576"}],"wp:term":[{"taxonomy":"product_brand","embeddable":true,"href":"https:\/\/cursos.talentup.cl\/index.php?rest_route=%2Fwp%2Fv2%2Fproduct_brand&post=12576"},{"taxonomy":"product_cat","embeddable":true,"href":"https:\/\/cursos.talentup.cl\/index.php?rest_route=%2Fwp%2Fv2%2Fproduct_cat&post=12576"},{"taxonomy":"product_tag","embeddable":true,"href":"https:\/\/cursos.talentup.cl\/index.php?rest_route=%2Fwp%2Fv2%2Fproduct_tag&post=12576"}],"curies":[{"name":"wp","href":"https:\/\/api.w.org\/{rel}","templated":true}]}}