{"id":12577,"date":"2023-01-10T04:40:51","date_gmt":"2023-01-10T07:40:51","guid":{"rendered":"https:\/\/cursos.talentup.cl\/?post_type=product&#038;p=12577"},"modified":"2024-02-07T23:38:05","modified_gmt":"2024-02-08T02:38:05","slug":"tocando-el-violin","status":"publish","type":"product","link":"https:\/\/cursos.talentup.cl\/?product=tocando-el-violin","title":{"rendered":"TOCANDO EL VIOL\u00cdN"},"content":{"rendered":"<p>Para muchos el viol\u00edn es un instrumento dif\u00edcil de dominar, quien logra hacerlo con maestr\u00eda puede cautivar emocionalmente a las personas.<\/p>\n<p>Con el MasterClass TOCANDO EL VIOLIN aprender una t\u00e9cnica f\u00e1cil y practica para que logres la sensibilidad que necesitas y captures la verdadera esencia de este instrumento.<\/p>\n<p>Aprende las posturas correctas, las t\u00e9cnicas y los movimientos que te llevaran a tocar fluidamente el viol\u00edn para interpretar tus primeras canciones y conectar a tu p\u00fablico.<\/p>\n<p>\u00bfQU\u00c9 VAS A LOGRAR? <\/p>\n<p>Aprender\u00e1s a dominar el sonido de tu viol\u00edn, haciendo que sea caudaloso, dulce y parejo.<\/p>\n<p>Podr\u00e1s improvisar en el viol\u00edn, aplicando las t\u00e9cnicas aprendidas y creando tus propias composiciones.<\/p>\n<p>Podr\u00e1s tocar en diferentes tiempos y ritmos sin inconvenientes.<\/p>\n<p>Aprender\u00e1s a controlar el arco entero.<\/p>\n<p>Sabr\u00e1s c\u00f3mo dise\u00f1ar tus propios ejercicios para la pr\u00e1ctica de manera creativa y diferente cada d\u00eda.<\/p>\n<p>Acceder\u00e1s al certificado avalado por Hotmart y Seminarios Online.<\/p>\n<p>\u00bfC\u00d3MO LO VAS A LOGRAR? <\/p>\n<p>A trav\u00e9s del siguiente contenido, estructurado paso a paso:<\/p>\n<p>M\u00d3DULO 1 &#8211; PRESENTACI\u00d3N E INTRODUCCI\u00d3N AL CURSO<\/p>\n<p>Presentaci\u00f3n.<br \/>\nM\u00e9todo de aprendizaje.<br \/>\nFundamentos del curso.<br \/>\nNombres de cada una de las partes del viol\u00edn y arco.<\/p>\n<p>M\u00d3DULO 2 &#8211; PREPARACI\u00d3N DEL CUERPO<\/p>\n<p>Introducci\u00f3n.<br \/>\nEjercicios de relajaci\u00f3n.<br \/>\nEjercicios para la postura.<br \/>\nLa toma del viol\u00edn y arco.<br \/>\nEjercicios b\u00e1sicos: tocando la cuerda Re &#8211; La (pdf complementario).<br \/>\nEjercicios con cuerdas Sol &#8211; Re &#8211; La \u2013 Mi.<\/p>\n<p>M\u00d3DULO 3 &#8211; COORDINACI\u00d3N PARA TOCAR CAMBIANDO DE CUERDAS.<\/p>\n<p>Introducci\u00f3n.<br \/>\nRepaso de lo aprendido.<br \/>\nEl cambio de cuerda: Re \u2013 La.<br \/>\nVariaciones sobre Re &#8211; La, Trabajo sobre coordinaci\u00f3n: La &#8211; Re \u2013 Sol.<br \/>\nEscucha atenta y memoriza: ejercicios de imitaci\u00f3n sobre 4 notas.<br \/>\nTrabaj\u00f3 sobre composici\u00f3n cuerdas al aire.<br \/>\nTrabajo sobre mis primeras canciones.<\/p>\n<p>M\u00d3DULO 4 &#8211; R\u00cdTMICA Y EJECUCI\u00d3N DE VELOCIDAD<\/p>\n<p>Introducci\u00f3n al m\u00f3dulo 4.<br \/>\nMovimientos D\u00e9tache.<br \/>\nMovimientos Spiccato.<br \/>\nPr\u00e1ctica sobre composici\u00f3n (D\u00e9tache).<br \/>\nPr\u00e1ctica sobre composici\u00f3n (Spiccato).<\/p>\n<p>M\u00d3DULO 5 &#8211; TRABAJO SOBRE EL ARCO ENTERO Y SU SUBDIVISI\u00d3N<\/p>\n<p>Introducci\u00f3n al m\u00f3dulo 5 y repaso de lo aprendido.<br \/>\nEjercicios del arco entero por etapas, sin tempo.<br \/>\nEjercicios del arco entero con fluidez, con metr\u00f3nomo.<br \/>\nSubdivisi\u00f3n del arco: ejercicios en mitades y cuartos.<br \/>\nEjercitaci\u00f3n final y consejos para la pr\u00e1ctica.<\/p>\n<p>M\u00d3DULO 6 &#8211; MATERIAL ADICIONAL (BONOS)<\/p>\n<p>Bono 1: Lenguaje musical b\u00e1sico para leerlas (PDF).<br \/>\nBono 2: Cuidados b\u00e1sicos del viol\u00edn y el arco (PDF).<br \/>\nBono 3: historia y origen del viol\u00edn para leer (PDF).<\/p>\n<p>M\u00d3DULO 7 &#8211; VIDEOS RESPUESTAS<\/p>\n<p>\u00bfC\u00f3mo afinar el viol\u00edn?<\/p>\n<p>M\u00d3DULO 8 \u2013 \u00bfC\u00d3MO OBTENER TU CERTIFICADO?<\/p>\n<p>\u00bfC\u00f3mo obtener tu certificado?<\/p>\n<p>ACERCA DEL PRODUCTOR<\/p>\n<p>Desarrollado por YUZXLEY GUARDO, m\u00fasico profesional con m\u00e1s de 10 a\u00f1os de experiencia en la m\u00fasica, nacida en la ciudad de (Cantaura, Estado Anzo\u00e1tegui, Venezuela) de padres colombianos actualmente reside en la ciudad de Cali, Colombia, con amplia trayectoria en Colombia, integrante del sistema orquestal de Venezuela.<\/p>\n","protected":false},"excerpt":{"rendered":"<p>Para muchos el viol\u00edn es un instrumento dif\u00edcil de dominar, quien logra hacerlo con maestr\u00eda puede cautivar emocionalmente a las personas.<\/p>\n<p>Con el MasterClass TOCANDO EL VIOLIN aprender una t\u00e9cnica f\u00e1cil y practica para que logres la sensibilidad que necesitas y captures la verdadera esencia de este instrumento.<\/p>\n<p>Aprende las posturas correctas, las t\u00e9cnicas y los movimientos que te llevaran a tocar fluidamente el viol\u00edn para interpretar tus primeras canciones y conectar a tu p\u00fablico.<\/p>\n","protected":false},"featured_media":4821,"template":"","meta":{"_joinchat":[]},"product_brand":[],"product_cat":[332,344],"product_tag":[],"class_list":{"0":"post-12577","1":"product","2":"type-product","3":"status-publish","4":"has-post-thumbnail","6":"product_cat-musica-y-artes","7":"product_cat-todos","9":"first","10":"instock","11":"sale","12":"shipping-taxable","13":"product-type-external"},"_links":{"self":[{"href":"https:\/\/cursos.talentup.cl\/index.php?rest_route=\/wp\/v2\/product\/12577","targetHints":{"allow":["GET"]}}],"collection":[{"href":"https:\/\/cursos.talentup.cl\/index.php?rest_route=\/wp\/v2\/product"}],"about":[{"href":"https:\/\/cursos.talentup.cl\/index.php?rest_route=\/wp\/v2\/types\/product"}],"version-history":[{"count":2,"href":"https:\/\/cursos.talentup.cl\/index.php?rest_route=\/wp\/v2\/product\/12577\/revisions"}],"predecessor-version":[{"id":14577,"href":"https:\/\/cursos.talentup.cl\/index.php?rest_route=\/wp\/v2\/product\/12577\/revisions\/14577"}],"wp:featuredmedia":[{"embeddable":true,"href":"https:\/\/cursos.talentup.cl\/index.php?rest_route=\/wp\/v2\/media\/4821"}],"wp:attachment":[{"href":"https:\/\/cursos.talentup.cl\/index.php?rest_route=%2Fwp%2Fv2%2Fmedia&parent=12577"}],"wp:term":[{"taxonomy":"product_brand","embeddable":true,"href":"https:\/\/cursos.talentup.cl\/index.php?rest_route=%2Fwp%2Fv2%2Fproduct_brand&post=12577"},{"taxonomy":"product_cat","embeddable":true,"href":"https:\/\/cursos.talentup.cl\/index.php?rest_route=%2Fwp%2Fv2%2Fproduct_cat&post=12577"},{"taxonomy":"product_tag","embeddable":true,"href":"https:\/\/cursos.talentup.cl\/index.php?rest_route=%2Fwp%2Fv2%2Fproduct_tag&post=12577"}],"curies":[{"name":"wp","href":"https:\/\/api.w.org\/{rel}","templated":true}]}}