{"id":12578,"date":"2023-01-10T04:40:51","date_gmt":"2023-01-10T07:40:51","guid":{"rendered":"https:\/\/cursos.talentup.cl\/?post_type=product&#038;p=12578"},"modified":"2024-02-07T23:37:56","modified_gmt":"2024-02-08T02:37:56","slug":"el-negocio-de-los-retratos-en-acuarela-desde-cero","status":"publish","type":"product","link":"https:\/\/cursos.talentup.cl\/?product=el-negocio-de-los-retratos-en-acuarela-desde-cero","title":{"rendered":"EL NEGOCIO DE LOS RETRATOS EN ACUARELA DESDE CERO"},"content":{"rendered":"<p>\u00bfSab\u00edas que la t\u00e9cnica de acuarela es catalogada una de las m\u00e1s dif\u00edciles?<\/p>\n<p>Con el MasterClass EL NEGOCIO DE LOS RETRATOS EN ACUARELA DESDE CERO, aprender\u00e1s un m\u00e9todo sencillo, estimulando tu creatividad, canalizando tus emociones y fortaleciendo tu concentraci\u00f3n.<\/p>\n<p>\u00bfQU\u00c9 VAS A LOGRAR?<\/p>\n<p>Tendr\u00e1s por fin tu propio negocio donde podr\u00e1s generar ingresos desde tu propia casa realizando retratos personalizados.<\/p>\n<p>Aprender\u00e1s la t\u00e9cnica de la acuarela, esta t\u00e9cnica te ayudara a estimular tu creatividad, te ayudara a canalizar las emociones, te fortalecer\u00e1 la concentraci\u00f3n y aumentara tu autoestima.<\/p>\n<p>Conocer\u00e1s los materiales a utilizar para poder desarrollar la t\u00e9cnica sin tener que gastar en materiales tan caros.<\/p>\n<p>Conocer\u00e1s y aprender\u00e1s practicando las principales t\u00e9cnicas de la acuarela esenciales para realizar los retrasos de una forma muy f\u00e1cil y divertida.<\/p>\n<p>Analizar\u00e1s el tipo de fotograf\u00eda que es apta para realizar los retratos, aspecto importante ya que una buena fotograf\u00eda te garantizara realizar un buen retrato.<\/p>\n<p>Dibujar\u00e1s retratos sin tener ning\u00fan conocimiento de dibujo, con un m\u00e9todo f\u00e1cil sencillo y en muy poco tiempo.<\/p>\n<p>Ejecutar\u00e1s un retrato con un paso a paso donde te llevare de la mano, desde el momento de dibujar hasta pintar el retrato completo utilizando el m\u00e9todo capas tras capas en acuarela.<\/p>\n<p>Realizar\u00e1s marketing digital para poder comercializar tus retratos.<\/p>\n<p>Dise\u00f1ar\u00e1s tu propio logo o marca que te identificara para que tus futuros clientes puedan identificarte.<\/p>\n<p>Acceder\u00e1s al certificado avalado por Hotmart y Seminarios Online.<\/p>\n<p>\u00bfC\u00d3MO LO VAS A LOGRAR?<\/p>\n<p>A trav\u00e9s del siguiente contenido, estructurado paso a paso:<\/p>\n<p>M\u00d3DULO 1 &#8211; EL NEGOCIO DE LOS RETRATOS PERSONALIZADOS EN ACUARELA DESDE CERO<\/p>\n<p>Introducci\u00f3n.<br \/>\nJustificaci\u00f3n \u00bfPor qu\u00e9 el negocio es rentable?<\/p>\n<p>M\u00d3DULO 2 &#8211; LA ACUARELA Y MATERIALES A USAR PARA REALIZAR RETRATOS PERSONALIZADOS EN ACUARELA<\/p>\n<p>Que es la acuarela.<br \/>\nMateriales parte 1.<br \/>\nMateriales parte 2.<br \/>\nPreparar el soporte o bastidor.<br \/>\nComo cuidar los pinceles para que nos duren m\u00e1s tiempo.<br \/>\nTipos de papel, y que papel usar para pintar los retratos.<\/p>\n<p>M\u00d3DULO 3 \u2013 TE\u00d3RICO PRACTICO, T\u00c9CNICAS B\u00c1SICAS DE LA ACUARELA<\/p>\n<p>H\u00famedo sobre h\u00famedo.<br \/>\nH\u00famedo sobre seco.<br \/>\nSeco sobre seco.<br \/>\nExplicaciones de valores tonales, degrade y capas.<\/p>\n<p>M\u00d3DULO 4 \u2013 COMO ANALIZAR LA FOTOGRAF\u00cdA PARA EL RETRATO, UNA BUENA FOTO UN BUEN RETRATO<\/p>\n<p>Estudio y an\u00e1lisis de la fotograf\u00eda del retrato.<\/p>\n<p>M\u00d3DULO 5 &#8211; COMO DIBUJAR DESDE CERRO M\u00c9TODO F\u00c1CIL Y R\u00c1PIDO, TE SORPRENDER\u00c1S.<\/p>\n<p>Como dibujar desde cero parte 1.<br \/>\nComo dibujar desde cero parte 2.<br \/>\nComo dibujar en formato m\u00e1s grande.<\/p>\n<p>M\u00d3DULO 6 \u2013 PARTE PR\u00c1CTICA, PASO A PASO PINTANDO UN RETRATO EN ACUARELA<\/p>\n<p>Preparar la superficie para iniciar a pintar.<br \/>\nPrimera mancha, del rostro humero sobre h\u00famedo.<br \/>\nPintado de los ojos.<br \/>\nPintado la nariz.<br \/>\nPintando la boca.<br \/>\nPintando el cabello y blusa.<br \/>\nDetalles parte 1.<br \/>\nDetalles parte 2.<br \/>\nAcabado retrato final.<\/p>\n<p>M\u00d3DULO 7 \u2013COMO HACER MARKETING DIGITAL Y COMO CREAR TU PROPIA MARCA O LOGO PARA TU NEGOCIO<\/p>\n<p>Marketing digital, (como hacer publicidad a tus retratos).<br \/>\nC\u00f3mo crear tu propia marca o logo.<\/p>\n<p>M\u00d3DULO 8 &#8211; RECOMENDACIONES IMPORTANTES<\/p>\n<p>Recomendaciones importantes.<\/p>\n<p>M\u00d3DULO 9 &#8211; MATERIAL ADICIONAL (BONOS)<\/p>\n<p>Bono 1: PDF. Otras acuarelas que pueden utilizar.<br \/>\nBono 2: PDF. Como hacer acuarelas artesanales.<br \/>\nBono 3: PDF: Aspectos importantes para dibujar un retrato.<br \/>\nBono 4: y2mate.com &#8211; Pintando un retrato con acuarela colores b\u00e1sicos Liliana Rodr\u00edguez. <\/p>\n<p>M\u00d3DULO 10 &#8211; VIDEO RESPUESTAS<\/p>\n<p>\u00bfQu\u00e9 tipo de acuarelas son mis favoritas?<br \/>\n\u00bfSe puede usar otro papel para pintar acuarela?<br \/>\n\u00bfComo recupero un blanco que no pude mantenerlo por ejemplo el brillo del ojo?<br \/>\n\u00bfD\u00f3nde comprar mis materiales para pintar acuarela?<br \/>\n\u00bfQu\u00e9 es mejor, comenzar a pintar el rosto o por el fondo?<br \/>\n\u00bfPor qu\u00e9 no usar papel de celulosa si es m\u00e1s barato que el de algod\u00f3n?<\/p>\n<p>M\u00d3DULO 11 \u2013 \u00bfC\u00d3MO OBTENER TU CERTIFICADO?<\/p>\n<p>\u00bfC\u00f3mo obtener tu certificado?<\/p>\n<p>ACERCA DE LA PRODUCTORA<\/p>\n<p>Desarrollado por LILIANA RODR\u00cdGUEZ licenciada en administraci\u00f3n de empresas con una maestr\u00eda en direcci\u00f3n en Recursos Humanos, con m\u00e1s de 10 a\u00f1os pintando RETRATOS en acuarelas donde se especializo con maestros nacionales e internacionales de la acuarela, representa a la internacional Watercolor Society (IWS) en su pa\u00eds.<\/p>\n<p>Ha participado en eventos internacionales de acuarela y ganado reconocimientos, y ha visitado diferentes pa\u00edses compartiendo experiencias con otros maestros a nivel mundial de la acuarela y ha impartido clases a ni\u00f1os, j\u00f3venes y adultos de esta t\u00e9cnica.<\/p>\n","protected":false},"excerpt":{"rendered":"<p>\u00bfSab\u00edas que la t\u00e9cnica de acuarela es catalogada una de las m\u00e1s dif\u00edciles?<\/p>\n<p>Con el MasterClass EL NEGOCIO DE LOS RETRATOS EN ACUARELA DESDE CERO, aprender\u00e1s un m\u00e9todo sencillo, estimulando tu creatividad, canalizando tus emociones y fortaleciendo tu concentraci\u00f3n.<\/p>\n","protected":false},"featured_media":4756,"template":"","meta":{"_joinchat":[]},"product_brand":[],"product_cat":[332,344],"product_tag":[],"class_list":{"0":"post-12578","1":"product","2":"type-product","3":"status-publish","4":"has-post-thumbnail","6":"product_cat-musica-y-artes","7":"product_cat-todos","9":"first","10":"instock","11":"sale","12":"shipping-taxable","13":"product-type-external"},"_links":{"self":[{"href":"https:\/\/cursos.talentup.cl\/index.php?rest_route=\/wp\/v2\/product\/12578","targetHints":{"allow":["GET"]}}],"collection":[{"href":"https:\/\/cursos.talentup.cl\/index.php?rest_route=\/wp\/v2\/product"}],"about":[{"href":"https:\/\/cursos.talentup.cl\/index.php?rest_route=\/wp\/v2\/types\/product"}],"version-history":[{"count":2,"href":"https:\/\/cursos.talentup.cl\/index.php?rest_route=\/wp\/v2\/product\/12578\/revisions"}],"predecessor-version":[{"id":14578,"href":"https:\/\/cursos.talentup.cl\/index.php?rest_route=\/wp\/v2\/product\/12578\/revisions\/14578"}],"wp:featuredmedia":[{"embeddable":true,"href":"https:\/\/cursos.talentup.cl\/index.php?rest_route=\/wp\/v2\/media\/4756"}],"wp:attachment":[{"href":"https:\/\/cursos.talentup.cl\/index.php?rest_route=%2Fwp%2Fv2%2Fmedia&parent=12578"}],"wp:term":[{"taxonomy":"product_brand","embeddable":true,"href":"https:\/\/cursos.talentup.cl\/index.php?rest_route=%2Fwp%2Fv2%2Fproduct_brand&post=12578"},{"taxonomy":"product_cat","embeddable":true,"href":"https:\/\/cursos.talentup.cl\/index.php?rest_route=%2Fwp%2Fv2%2Fproduct_cat&post=12578"},{"taxonomy":"product_tag","embeddable":true,"href":"https:\/\/cursos.talentup.cl\/index.php?rest_route=%2Fwp%2Fv2%2Fproduct_tag&post=12578"}],"curies":[{"name":"wp","href":"https:\/\/api.w.org\/{rel}","templated":true}]}}