{"id":12579,"date":"2023-01-10T04:40:51","date_gmt":"2023-01-10T07:40:51","guid":{"rendered":"https:\/\/cursos.talentup.cl\/?post_type=product&#038;p=12579"},"modified":"2024-02-07T23:37:54","modified_gmt":"2024-02-08T02:37:54","slug":"origami-artistico","status":"publish","type":"product","link":"https:\/\/cursos.talentup.cl\/?product=origami-artistico","title":{"rendered":"ORIGAMI ART\u00cdSTICO"},"content":{"rendered":"<p>\u00bfSabes que el origami desarrolla habilidades que aportan beneficios para toda la vida?<\/p>\n<p>Con el MasterClass ORIGAMI ART\u00cdSTICO, adem\u00e1s de decorar tu casa, tus hijos lo utilizar\u00e1n como m\u00e9todo de aprendizaje.<\/p>\n<p>\u00bfQU\u00c9 VAS A LOGRAR?<\/p>\n<p>Aprender\u00e1s c\u00f3mo crear desde 0, incre\u00edbles figuras en origami, desde el nivel b\u00e1sico al nivel avanzado.<\/p>\n<p>Aprender\u00e1s a crear figuras desde 1 hasta 700 piezas.<\/p>\n<p>Podr\u00e1s decorar tu casa de una manera \u00fanica y diferente.<\/p>\n<p>Tendr\u00e1s muchas ideas a la hora de regalar un detalle.<\/p>\n<p>Podr\u00e1s realizar las figuras con tus hijos y pasar tiempo de calidad con ellos.<\/p>\n<p>Podr\u00e1s crear tu propio negocio rentable de figuras.<\/p>\n<p>Si eres maestra, podr\u00e1s utilizar este arte como m\u00e9todo de aprendizaje para los ni\u00f1os.<\/p>\n<p>Aprender\u00e1s a hacer figuras de origami en 3D.<\/p>\n<p>En fechas navide\u00f1as, podr\u00e1s decorar todos los espacios de tu hogar.<\/p>\n<p>Acceder\u00e1s al certificado avalado por Hotmart y Seminarios Online.<\/p>\n<p>\u00bfC\u00d3MO LO VAS A LOGRAR?<\/p>\n<p>A trav\u00e9s del siguiente contenido, estructurado paso a paso:<\/p>\n<p>M\u00d3DULO 1 &#8211; TUS PRIMEROS PASOS<\/p>\n<p>Presentaci\u00f3n.<br \/>\nMateriales y tipos de figuras.<br \/>\nTipos de papel.<br \/>\nTipos de doblez y c\u00f3mo doblar correctamente.<br \/>\nPieza general para las figuras en 3D.<\/p>\n<p>M\u00d3DULO 2 &#8211; ORIGAMI PARA AMOR Y AMISTAD<\/p>\n<p>Caja de coraz\u00f3n.<br \/>\nFlor estrella.<br \/>\nCoraz\u00f3n de p\u00e9talos.<br \/>\nGirasol multicolor.<br \/>\nCaja triangular de detalles.<br \/>\nCaja estrella para empacar detalle de amor y amistad.<br \/>\nRamo de tulipanes.<br \/>\nCesta de cisnes coraz\u00f3n (origami 3D) 265 piezas.<\/p>\n<p>M\u00d3DULO 3 &#8211; ORIGAMI PARA HACER EN NAVIDAD<\/p>\n<p>Estrella de origami.<br \/>\nReno navide\u00f1o.<br \/>\nCisnes para tu pesebre.<br \/>\nCaja de regalo.<br \/>\nCorona navide\u00f1a.<br \/>\nEstrella navide\u00f1a de 30 puntas.<br \/>\nAdorno para tu \u00e1rbol navide\u00f1o (origami 3D).<\/p>\n<p>M\u00d3DULO 4 &#8211; PARA DECORAR TU CASA<\/p>\n<p>Estrella portaretratos.<br \/>\nKusudama de rosas.<br \/>\nKusudama estrellada.<br \/>\nKusudama colmena.<br \/>\nJarr\u00f3n de corazones 3D.<\/p>\n<p>M\u00d3DULO 5 &#8211; PARA TUS FAMILIARES EN FECHAS ESPECIALES<\/p>\n<p>Caja cartuchera.<br \/>\nFlor estrellada.<br \/>\nSeparador de hojas.<br \/>\nOrigami m\u00e1ndala.<br \/>\nCubo modular.<br \/>\nDragon chino (origami 3D).<br \/>\nIcosaedro.<\/p>\n<p>M\u00d3DULO 6 \u2013 MATERIAL ADICIONAL (BONOS)<\/p>\n<p>C\u00f3mo crear tu buyer.<br \/>\nInvestigaci\u00f3n de competencia.<br \/>\nEscoger el producto que vender\u00e1s.<br \/>\nCalculando el precio.<\/p>\n<p>M\u00d3DULO 7 \u2013 MATERIAL ADICIONAL (BONOS)<\/p>\n<p>\u00bfQu\u00e9 tipo de papel me sirve para hacer origami?<br \/>\n\u00bfPara qu\u00e9 otras cosas puedo utilizar el origami?<\/p>\n<p>M\u00d3DULO 8 \u2013\u00bfC\u00d3MO OBTENER TU CERTIFICADO?<\/p>\n<p>\u00bfC\u00f3mo obtener tu certificado?<\/p>\n<p>ACERCA DEL PRODUCTOR<\/p>\n<p>Desarrollado por JUAN DAVID RAM\u00cdREZ es un emprendedor apasionado, graduado en administraci\u00f3n de empresas, que actualmente se dedica a las artes del origami.<\/p>\n<p>Desde sus 12 a\u00f1os, ha dedicado su vida a realizar figuras de papel y ahora te brindar\u00e1 todo su conocimiento, para que como \u00e9l, te conviertas en un experto o experta de origami.<\/p>\n","protected":false},"excerpt":{"rendered":"<p>\u00bfSabes que el origami desarrolla habilidades que aportan beneficios para toda la vida?<\/p>\n<p>Con el MasterClass ORIGAMI ART\u00cdSTICO, adem\u00e1s de decorar tu casa, tus hijos lo utilizar\u00e1n como m\u00e9todo de aprendizaje.<\/p>\n","protected":false},"featured_media":4822,"template":"","meta":{"_joinchat":[]},"product_brand":[],"product_cat":[332,344],"product_tag":[],"class_list":{"0":"post-12579","1":"product","2":"type-product","3":"status-publish","4":"has-post-thumbnail","6":"product_cat-musica-y-artes","7":"product_cat-todos","9":"first","10":"instock","11":"sale","12":"shipping-taxable","13":"product-type-external"},"_links":{"self":[{"href":"https:\/\/cursos.talentup.cl\/index.php?rest_route=\/wp\/v2\/product\/12579","targetHints":{"allow":["GET"]}}],"collection":[{"href":"https:\/\/cursos.talentup.cl\/index.php?rest_route=\/wp\/v2\/product"}],"about":[{"href":"https:\/\/cursos.talentup.cl\/index.php?rest_route=\/wp\/v2\/types\/product"}],"version-history":[{"count":2,"href":"https:\/\/cursos.talentup.cl\/index.php?rest_route=\/wp\/v2\/product\/12579\/revisions"}],"predecessor-version":[{"id":14579,"href":"https:\/\/cursos.talentup.cl\/index.php?rest_route=\/wp\/v2\/product\/12579\/revisions\/14579"}],"wp:featuredmedia":[{"embeddable":true,"href":"https:\/\/cursos.talentup.cl\/index.php?rest_route=\/wp\/v2\/media\/4822"}],"wp:attachment":[{"href":"https:\/\/cursos.talentup.cl\/index.php?rest_route=%2Fwp%2Fv2%2Fmedia&parent=12579"}],"wp:term":[{"taxonomy":"product_brand","embeddable":true,"href":"https:\/\/cursos.talentup.cl\/index.php?rest_route=%2Fwp%2Fv2%2Fproduct_brand&post=12579"},{"taxonomy":"product_cat","embeddable":true,"href":"https:\/\/cursos.talentup.cl\/index.php?rest_route=%2Fwp%2Fv2%2Fproduct_cat&post=12579"},{"taxonomy":"product_tag","embeddable":true,"href":"https:\/\/cursos.talentup.cl\/index.php?rest_route=%2Fwp%2Fv2%2Fproduct_tag&post=12579"}],"curies":[{"name":"wp","href":"https:\/\/api.w.org\/{rel}","templated":true}]}}