{"id":12580,"date":"2023-01-10T04:40:51","date_gmt":"2023-01-10T07:40:51","guid":{"rendered":"https:\/\/cursos.talentup.cl\/?post_type=product&#038;p=12580"},"modified":"2024-02-07T23:37:54","modified_gmt":"2024-02-08T02:37:54","slug":"introduccion-al-matte-painting","status":"publish","type":"product","link":"https:\/\/cursos.talentup.cl\/?product=introduccion-al-matte-painting","title":{"rendered":"INTRODUCCI\u00d3N AL MATTE PAINTING"},"content":{"rendered":"<p>\u00bfTe gustar\u00eda crear fotocomposiciones realistas con t\u00e9cnicas avanzadas de retoque digital?<\/p>\n<p>Con el MasterClass INTRODUCCION AL MATTEPAINTING, aplicar\u00e1s diversos efectos a escenarios incre\u00edbles, imposibles de recrear en la vida real.<\/p>\n<p>\u00bfQU\u00c9 VAS A LOGRAR?<\/p>\n<p>Conocer\u00e1s el fascinante mundo del MattePainting y este curso te dar\u00e1 las herramientas necesarias para iniciar con el pie derecho.<\/p>\n<p>Descubrir\u00e1s el trabajo de grandes referentes de la industria y tendr\u00e1s una inspiraci\u00f3n para llegar a esos niveles y porque no superarlo.<\/p>\n<p>Tendr\u00e1s a tu disposici\u00f3n toneladas de material libre de derechos para crear lo que quieras.<\/p>\n<p>Entender\u00e1s como se distribuye el espacio de trabajo dentro de Photoshop y como distribuirlo para trabajar de una manera c\u00f3moda y eficiente. <\/p>\n<p>Identificaras las diferentes herramientas de selecci\u00f3n para extraer objetos y personajes con precisi\u00f3n y sabr\u00e1s con exactitud cu\u00e1l es la mejor para cada caso.<\/p>\n<p>Dominaras el alma de este arte, como lo son, las m\u00e1scaras, modos de fusi\u00f3n y capas de ajuste.<\/p>\n<p>Aprender\u00e1s a crear filtros para generar profundidad.<\/p>\n<p>Sabr\u00e1s identificar la sobre saturaci\u00f3n de colores a trav\u00e9s de unas gu\u00edas que te impiden cometer errores, con esto tu trabajo tendr\u00e1 un acabado equilibrado y profesional.<\/p>\n<p>Conocer\u00e1s y aplicaras las diferentes t\u00e9cnicas de composici\u00f3n, as\u00ed como el manejo de dimensiones basado en la perspectiva. <\/p>\n<p>Le dar\u00e1s una personalidad propia a tus escenas aplicando una temperatura de color determinado.<\/p>\n<p>Aprender\u00e1s y aplicaras distintos tipos de acabados para darle un toque \u00fanico y profesional a tu trabajo.<\/p>\n<p>Descubrir\u00e1s las distintas formas de exportaci\u00f3n para tener un resultado fidedigno a lo que hemos creado, es decir, la imagen que hayamos creado en gran medida ser\u00e1 la que veamos en internet.<\/p>\n<p>Acceder\u00e1s al certificado avalado por Hotmart y Seminarios Online.<\/p>\n<p>\u00bfC\u00d3MO LO VAS A LOGRAR?<\/p>\n<p>A trav\u00e9s del siguiente contenido, estructurado paso a paso:<\/p>\n<p>M\u00d3DULO 1: Descubre este m\u00e1gico mundo<\/p>\n<p>\u00bfQu\u00e9 es el MattePainting?<br \/>\nLa diferencia entre un trabajo bueno y uno no tan bueno.<br \/>\nT\u00e9cnicas de composici\u00f3n.<br \/>\nBuscando inspiraci\u00f3n.<br \/>\nRecursos gratuitos en l\u00ednea.<br \/>\nConociendo nuestro espacio de trabajo.<br \/>\nConfiguraciones iniciales.<\/p>\n<p>M\u00d3DULO 2: Extracci\u00f3n con precisi\u00f3n<\/p>\n<p>Varita m\u00e1gica.<br \/>\nSelecci\u00f3n r\u00e1pida.<br \/>\nSelecci\u00f3n de sujeto.<br \/>\nHerramienta lazo.<br \/>\nLazo poligonal.<br \/>\nLazo magn\u00e9tico.<br \/>\nSeleccionar y aplicar m\u00e1scara.<br \/>\nBorrador de fondos.<br \/>\nSelecci\u00f3n por gama de colores.<br \/>\nHerramienta pluma.<br \/>\nRealizando m\u00e1s de una selecci\u00f3n con la pluma.<br \/>\nExtracci\u00f3n por canales.<br \/>\nRellenar seg\u00fan contenido.<\/p>\n<p>M\u00d3DULO 3: Juguemos con los pinceles<\/p>\n<p>\u00bfQu\u00e9 son y c\u00f3mo funcionan los pinceles?<br \/>\nModificando nuestros pinceles.<br \/>\nDescubre donde encontrar y como instalar pinceles.<br \/>\nCreando tus propios pinceles.<\/p>\n<p>M\u00d3DULO 4: M\u00e1scaras, capas de ajuste y modos de fusi\u00f3n<\/p>\n<p>Conoce las m\u00e1scaras de capa.<br \/>\nM\u00e1scara inversa.<br \/>\nCapas de ajuste.<br \/>\nCapas de ajuste parte 2.<br \/>\nModos de fusi\u00f3n.<\/p>\n<p>M\u00d3DULO 5: Creando nuestra composici\u00f3n<\/p>\n<p>Lluvia de ideas.<br \/>\nBriefing.<br \/>\nBocetaje.<br \/>\nColocando la base de nuestro proyecto.<br \/>\nCreando nuestro punto de inter\u00e9s.<br \/>\nConstruyendo nuestro escenario parte 1.<br \/>\nConstruyendo nuestro escenario parte 2.<br \/>\nConstruyendo nuestro escenario parte 3.<br \/>\nColocando elementos de apoyo.<br \/>\nAjustando punto central parte 1.<br \/>\nAjustando punto central parte 2.<br \/>\nLook de color.<br \/>\nDodge and burn.<br \/>\nRuido y paso alto.<br \/>\nFiltro de c\u00e1mara raw.<br \/>\nDespedida y reflexiones finales.<\/p>\n<p>M\u00d3DULO 6: BONOS<\/p>\n<p>Megapack de pinceles.<br \/>\nStock de im\u00e1genes libres de derechos de autor.<br \/>\nTexturas y overlays para crear efectos interesantes.<br \/>\nActualizaciones de por vida.<br \/>\nVideo respuestas a preguntas frecuentes.<br \/>\nCertificado de finalizaci\u00f3n. <\/p>\n<p>M\u00d3DULO 7: Video respuestas a preguntas frecuentes <\/p>\n<p>Introducci\u00f3n a video respuestas.<br \/>\nRespuesta a consulta sobre m\u00e1scaras de capa.<\/p>\n<p>ACERCA DEL PRODUCTOR<\/p>\n<p>Desarrollado por RICARDO BETANCOURT dise\u00f1ador gr\u00e1fico y web colombiano con m\u00e1s de 10 a\u00f1os de experiencia, marketero digital y freelancer independiente en desarrollo web y dise\u00f1o gr\u00e1fico. Principal en asesoriadigital.co<\/p>\n","protected":false},"excerpt":{"rendered":"<p>\u00bfTe gustar\u00eda crear fotocomposiciones realistas con t\u00e9cnicas avanzadas de retoque digital?<\/p>\n<p>Con el MasterClass INTRODUCCION AL MATTEPAINTING, aplicar\u00e1s diversos efectos a escenarios incre\u00edbles, imposibles de recrear en la vida real.<\/p>\n","protected":false},"featured_media":4823,"template":"","meta":{"_joinchat":[]},"product_brand":[],"product_cat":[332,344],"product_tag":[],"class_list":{"0":"post-12580","1":"product","2":"type-product","3":"status-publish","4":"has-post-thumbnail","6":"product_cat-musica-y-artes","7":"product_cat-todos","9":"first","10":"instock","11":"sale","12":"shipping-taxable","13":"product-type-external"},"_links":{"self":[{"href":"https:\/\/cursos.talentup.cl\/index.php?rest_route=\/wp\/v2\/product\/12580","targetHints":{"allow":["GET"]}}],"collection":[{"href":"https:\/\/cursos.talentup.cl\/index.php?rest_route=\/wp\/v2\/product"}],"about":[{"href":"https:\/\/cursos.talentup.cl\/index.php?rest_route=\/wp\/v2\/types\/product"}],"version-history":[{"count":2,"href":"https:\/\/cursos.talentup.cl\/index.php?rest_route=\/wp\/v2\/product\/12580\/revisions"}],"predecessor-version":[{"id":14580,"href":"https:\/\/cursos.talentup.cl\/index.php?rest_route=\/wp\/v2\/product\/12580\/revisions\/14580"}],"wp:featuredmedia":[{"embeddable":true,"href":"https:\/\/cursos.talentup.cl\/index.php?rest_route=\/wp\/v2\/media\/4823"}],"wp:attachment":[{"href":"https:\/\/cursos.talentup.cl\/index.php?rest_route=%2Fwp%2Fv2%2Fmedia&parent=12580"}],"wp:term":[{"taxonomy":"product_brand","embeddable":true,"href":"https:\/\/cursos.talentup.cl\/index.php?rest_route=%2Fwp%2Fv2%2Fproduct_brand&post=12580"},{"taxonomy":"product_cat","embeddable":true,"href":"https:\/\/cursos.talentup.cl\/index.php?rest_route=%2Fwp%2Fv2%2Fproduct_cat&post=12580"},{"taxonomy":"product_tag","embeddable":true,"href":"https:\/\/cursos.talentup.cl\/index.php?rest_route=%2Fwp%2Fv2%2Fproduct_tag&post=12580"}],"curies":[{"name":"wp","href":"https:\/\/api.w.org\/{rel}","templated":true}]}}