{"id":12583,"date":"2023-01-10T04:40:51","date_gmt":"2023-01-10T07:40:51","guid":{"rendered":"https:\/\/cursos.talentup.cl\/?post_type=product&#038;p=12583"},"modified":"2024-02-07T23:37:54","modified_gmt":"2024-02-08T02:37:54","slug":"imurumis-personajes-en-crochet-como-negocio","status":"publish","type":"product","link":"https:\/\/cursos.talentup.cl\/?product=imurumis-personajes-en-crochet-como-negocio","title":{"rendered":"IMURUMIS PERSONAJES EN CROCHET COMO NEGOCIO"},"content":{"rendered":"<p>\u00bfSab\u00edas que con la t\u00e9cnica de tejido en crochet se pueden crear tiernos y divertidos personajes?<\/p>\n<p>Con el masterclass IMURUMIS: Creaci\u00f3n de Personajes en Crochet Como Oportunidad de Negocio podr\u00e1s aprender a tejer mu\u00f1ecos con dise\u00f1os personalizados<\/p>\n<p>\u00bfQU\u00c9 VAS A LOGRAR?<\/p>\n<p>Aprender\u00e1s los diferentes puntos y t\u00e9cnicas de tejido.<\/p>\n<p>Comprender\u00e1s como leer y elaborar patrones.<\/p>\n<p>Podr\u00e1s aprender a tejer tus propios Amigurumis de diferentes referentes.<\/p>\n<p>Crearas detalles exclusivos para familiares. Amigos y Clientes.<\/p>\n<p>Desarrollaras tu propia marca de emprendimiento vendiendo tus creaciones.<\/p>\n<p>Tendr\u00e1s cada vez m\u00e1s la motivaci\u00f3n de seguir creando proyectos.<\/p>\n<p>Conocer\u00e1s los puntos b\u00e1sicos del tejido.<\/p>\n<p>Acceder\u00e1s al certificado avalado por Hotmart y Seminarios Online.<\/p>\n<p>\u00bfC\u00d3MO LO VAS A LOGRAR?<\/p>\n<p>Todo lo anterior, a trav\u00e9s del siguiente contenido estructurado paso a paso:<\/p>\n<p>VIDEO 1: Presentaci\u00f3n.<br \/>\nVIDEO 2: La Importancia.<br \/>\nVIDEO 3: Origen de los Amigurumis.<br \/>\nVIDEO 4: Tendencias.<br \/>\nVIDEO 5: Herramientas y Materiales.<br \/>\nVIDEO 6: Materiales Para la Elaboraci\u00f3n del Oso.<br \/>\nVIDEO 7: C\u00f3mo Leer e Interpretar Patrones.<br \/>\nVIDEO 8: El Uso de la Aguja.<br \/>\nVIDEO 9: Puntos B\u00e1sicos Para El Tejido.<br \/>\nVIDEO 10: Uso de los Aumentos y las Disminuciones.<br \/>\nVIDEO 11: Elaboraci\u00f3n de la Cabeza.<br \/>\nVIDEO 12: Elaboraci\u00f3n del Hocico.<br \/>\nVIDEO 13: Elaboraci\u00f3n del Cuerpo.<br \/>\nVIDEO 14: Elaboraci\u00f3n de las Patas.<br \/>\nVIDEO 15: Elaboraci\u00f3n de los brazos.<br \/>\nVIDEO 16: Elaboraci\u00f3n de las Orejas.<br \/>\nVIDEO 17: Elaboraci\u00f3n de la Cola.<br \/>\nVIDEO 18: Armado del Oso.<br \/>\nVIDEO 19: Costos.<\/p>\n<p>ACERCA DEL PRODUCTOR<\/p>\n<p>Desarrollado por IDALID DOMINGUEZ MORALES, colombiana, mujer emprendedora y con deseos de ense\u00f1ar a otros.<\/p>\n<p>Apasionada con la t\u00e9cnica del crochet y el emprendimiento, profesional en Administraci\u00f3n de Empresas especialista en Gerencia de Auditor\u00eda, con m\u00e1s de 15 a\u00f1os de experiencia en trabajo manual.<\/p>\n<p>Ejerc\u00ed mi profesi\u00f3n durante varios a\u00f1os en diferentes empresas y hace aproximadamente 5 a\u00f1os decid\u00ed no enviar m\u00e1s hojas de vida. Desde que me acuerdo, siempre me ha gustado el trabajo manual, he hecho cursos de pintura al \u00f3leo, trabajos de bordado en punto de cruz, cursos de elaboraci\u00f3n de bolsos y sandalias. Nunca me ha gustado quedarme quieta, un d\u00eda viendo las redes sociales, vi la invitaci\u00f3n a un curso de trapillo en crochet y me llam\u00f3 la atenci\u00f3n. Igualmente fue f\u00e1cil porque desde peque\u00f1a en el colegio y mi mam\u00e1 me ense\u00f1aron a tejer. Hice el curso y empec\u00e9 a buscar fotos e informaci\u00f3n acerca del crochet y me encant\u00f3 todas las cosas que vi porque no s\u00f3lo se tejen prendas, sino que se pueden hacer infinidad de cosas, tanto para el hogar como detalles lindos para regalar. Desde all\u00ed, qued\u00e9 enamorada del crochet y especialmente de los amigurumis.<\/p>\n","protected":false},"excerpt":{"rendered":"<p>\u00bfSab\u00edas que con la t\u00e9cnica de tejido en crochet se pueden crear tiernos y divertidos personajes?<\/p>\n<p>Con el masterclass IMURUMIS: Creaci\u00f3n de Personajes en Crochet Como Oportunidad de Negocio podr\u00e1s aprender a tejer mu\u00f1ecos con dise\u00f1os personalizados<\/p>\n","protected":false},"featured_media":4826,"template":"","meta":{"_joinchat":[]},"product_brand":[],"product_cat":[332,344],"product_tag":[],"class_list":{"0":"post-12583","1":"product","2":"type-product","3":"status-publish","4":"has-post-thumbnail","6":"product_cat-musica-y-artes","7":"product_cat-todos","9":"first","10":"instock","11":"sale","12":"shipping-taxable","13":"product-type-external"},"_links":{"self":[{"href":"https:\/\/cursos.talentup.cl\/index.php?rest_route=\/wp\/v2\/product\/12583","targetHints":{"allow":["GET"]}}],"collection":[{"href":"https:\/\/cursos.talentup.cl\/index.php?rest_route=\/wp\/v2\/product"}],"about":[{"href":"https:\/\/cursos.talentup.cl\/index.php?rest_route=\/wp\/v2\/types\/product"}],"version-history":[{"count":2,"href":"https:\/\/cursos.talentup.cl\/index.php?rest_route=\/wp\/v2\/product\/12583\/revisions"}],"predecessor-version":[{"id":14583,"href":"https:\/\/cursos.talentup.cl\/index.php?rest_route=\/wp\/v2\/product\/12583\/revisions\/14583"}],"wp:featuredmedia":[{"embeddable":true,"href":"https:\/\/cursos.talentup.cl\/index.php?rest_route=\/wp\/v2\/media\/4826"}],"wp:attachment":[{"href":"https:\/\/cursos.talentup.cl\/index.php?rest_route=%2Fwp%2Fv2%2Fmedia&parent=12583"}],"wp:term":[{"taxonomy":"product_brand","embeddable":true,"href":"https:\/\/cursos.talentup.cl\/index.php?rest_route=%2Fwp%2Fv2%2Fproduct_brand&post=12583"},{"taxonomy":"product_cat","embeddable":true,"href":"https:\/\/cursos.talentup.cl\/index.php?rest_route=%2Fwp%2Fv2%2Fproduct_cat&post=12583"},{"taxonomy":"product_tag","embeddable":true,"href":"https:\/\/cursos.talentup.cl\/index.php?rest_route=%2Fwp%2Fv2%2Fproduct_tag&post=12583"}],"curies":[{"name":"wp","href":"https:\/\/api.w.org\/{rel}","templated":true}]}}