{"id":12584,"date":"2023-01-10T04:40:51","date_gmt":"2023-01-10T07:40:51","guid":{"rendered":"https:\/\/cursos.talentup.cl\/?post_type=product&#038;p=12584"},"modified":"2024-02-07T23:37:54","modified_gmt":"2024-02-08T02:37:54","slug":"arte-abstracto-en-acrilico","status":"publish","type":"product","link":"https:\/\/cursos.talentup.cl\/?product=arte-abstracto-en-acrilico","title":{"rendered":"ARTE ABSTRACTO EN ACR\u00cdLICO"},"content":{"rendered":"<p>\u00bfSabes la diferencia entre pintar un simple garabato y crear una valiosa obra de arte abstracto?<\/p>\n<p>Con el masterclass ARTE ABSTRACTO EN ACRILICO aprender\u00e1s a crear una obra de arte espectacular y moderna para tu sala o la de alguien m\u00e1s.<\/p>\n<p>\u00bfQU\u00c9 VAS A LOGRAR?<\/p>\n<p>Aprender\u00e1s de forma f\u00e1cil y divertida como crear y manejar a la perfecci\u00f3n la t\u00e9cnica de la pintura acr\u00edlica en obras abstractas.<\/p>\n<p>Podr\u00e1s despertar tu creatividad, dejar volar tu imaginaci\u00f3n, conectarte contigo mismo, aprender y apasionarte con este curso lleno de color y energ\u00eda.<\/p>\n<p>Conocer\u00e1s los secretos de la pintura acr\u00edlica desde la teor\u00eda y la pr\u00e1ctica para usarla adecuadamente.<\/p>\n<p>Dominar\u00e1s 9 m\u00e9todos diferentes para pintar con acr\u00edlico.<\/p>\n<p>Construir\u00e1s obras incre\u00edbles que se vean fabulosos, sin necesidad de ser profesional en la pintura art\u00edstica.<\/p>\n<p>Desarrollar\u00e1s, despertar y entusiasmarte al trabajar con tu imaginaci\u00f3n. <\/p>\n<p>Conocer\u00e1s artistas referentes que trabajen esta l\u00ednea de producci\u00f3n para aprender de los grandes maestros.<\/p>\n<p>Analizar\u00e1s, estudiar y practicar \u201cel color\u201d como eje principal de la construcci\u00f3n pict\u00f3rica.<\/p>\n<p>Construir\u00e1s procedimientos creativos y compositivos a partir de la pr\u00e1ctica de las diferentes t\u00e9cnicas, la utilizaci\u00f3n de diversas herramientas y soportes.<\/p>\n<p>Vincular\u00e1s procesos creativos con la imagen abstracta.<\/p>\n<p>Conocer\u00e1s y aplicar correctamente lenguaje t\u00e9cnico de la pintura art\u00edstica.<\/p>\n<p>Conectar\u00e1s contigo mismo a partir de la creatividad y hacer arte para sentirte bien. <\/p>\n<p>Podr\u00e1s crear pinturas abstractas con la t\u00e9cnica del acr\u00edlico como un profesional, lo que brinda no solo un espacio de expresi\u00f3n, aprendizaje y experiencia personal, sino tambi\u00e9n la posibilidad de generar ingresos econ\u00f3micos con la venta de obras modernas, de vanguardia y originales que todos quieren tener en su casa.         <\/p>\n<p>Acceder\u00e1s al certificado avalado por Hotmart y Seminarios Online.<\/p>\n<p>\u00bfC\u00d3MO LO VAS A LOGRAR?<\/p>\n<p>A trav\u00e9s del siguiente contenido, estructurado paso a paso:<\/p>\n<p>PINTURA ACR\u00cdLICA EN OBRA ABSTRACTA.<\/p>\n<p>Bienvenida.<br \/>\nConoce a la maestra Sabrina Coco.<br \/>\nExplicaci\u00f3n del programa de trabajo.<br \/>\nIntroducci\u00f3n al mundo de la pintura art\u00edstica.<br \/>\nLo que debes saber antes de empezar.<\/p>\n<p>COMENZAMOS EL CAMINO.<\/p>\n<p>\u00bfQu\u00e9 es el acr\u00edlico?<br \/>\n\u00bfQu\u00e9 es el arte abstracto?<br \/>\nHerramientas apropiadas para la pintura acr\u00edlica.<br \/>\nSoportes apropiados para la pintura acr\u00edlica. <\/p>\n<p>EL GESTO Y LOS PRIMEROS 5 M\u00c9TODOS.<\/p>\n<p>Primeras manchas e improvisaci\u00f3n.<br \/>\nPintura gestual.<br \/>\nArtista referente 1.<br \/>\nAn\u00e1lisis de MI obra y planificaci\u00f3n del trabajo.<br \/>\nC\u00f3mo elegir y formar los colores.<br \/>\n\u00bfQu\u00e9 es una paleta de colores amplia y reducida?<br \/>\nM\u00e9todo: transparencias con aguadas (primera parte pr\u00e1ctica).<br \/>\nM\u00e9todo: transparencias con aguadas (primera parte pr\u00e1ctica).<br \/>\nM\u00e9todo: Empaste, carga mat\u00e9rica y esp\u00e1tula (primera parte pr\u00e1ctica).<br \/>\nM\u00e9todo: Empaste, carga mat\u00e9rica y esp\u00e1tula (segunda parte aplicaci\u00f3n).<br \/>\nM\u00e9todo: veladuras (primera parte pr\u00e1ctica).<br \/>\nM\u00e9todo: veladuras (segunda parte aplicaci\u00f3n).<br \/>\nM\u00e9todo: chorreadas (primera parte pr\u00e1ctica).<br \/>\nM\u00e9todo: chorreadas (segunda parte aplicaci\u00f3n).<br \/>\nTips de edici\u00f3n pict\u00f3rica.<br \/>\nAcabados y conclusi\u00f3n de obra.<\/p>\n<p>LA ABSTRACCI\u00d3N GEOM\u00c9TRICA EN 4 M\u00c9TODOS.<\/p>\n<p>Abstracci\u00f3n geom\u00e9trica an\u00e1lisis de obras contempor\u00e1neas.<br \/>\nRevisando la historia del arte.<br \/>\n3 principios b\u00e1sicos para la composici\u00f3n.<br \/>\nEjercicios de bocetaje a partir de figuras.<br \/>\nEntrevista \u201cabstracci\u00f3n geom\u00e9trica en Europa\u201d.<br \/>\nSelecci\u00f3n de la paleta de colores.<br \/>\nFondeo.<br \/>\nM\u00e9todo: h\u00famedo sobre h\u00famedo (primera parte pr\u00e1ctica).<br \/>\nM\u00e9todo: h\u00famedo sobre h\u00famedo (segunda parte).<br \/>\nM\u00e9todo: reservas (primera parte pr\u00e1ctica).<br \/>\nM\u00e9todo: reservas (segunda parte aplicaci\u00f3n).<br \/>\nM\u00e9todo: stencil (primera parte pr\u00e1ctica).<br \/>\nM\u00e9todo: stencil (segunda parte aplicaci\u00f3n).<br \/>\nA y B M\u00e9todo: pincel seco (primera parte pr\u00e1ctica).<br \/>\nM\u00e9todo: pincel seco (segunda parte aplicaci\u00f3n).<br \/>\nEdici\u00f3n pict\u00f3rica.<\/p>\n<p>TE ESPERA UN LARGO CAMINO LLENO DE COLOR Y CREATIVIDAD.<\/p>\n<p>Finalizaci\u00f3n y \u00daltimas recomendaciones.<\/p>\n<p>MATERIAL ADICIONAL (BONOS).<\/p>\n<p>SUPER BONO 1: Publicaciones y personajes.<br \/>\nSUPER BONO 2: Bibliograf\u00eda de sustento (E-Books).<br \/>\nSUPER BONO 3 Cuestionario: \u00bfTe interesa poner a prueba tu pr\u00e1ctica?<br \/>\nSUPER BONO 4: Cinco Recomendaciones para comercializar tu trabajo.<br \/>\nSUPER BONO 4: Comercializa tu trabajo. (recomendaci\u00f3n #1).<br \/>\nSUPER BONO 4: Comercializa tu trabajo. (recomendaci\u00f3n #2).<br \/>\nSUPER BONO 4: Comercializa tu trabajo. (recomendaci\u00f3n #3).<br \/>\nSUPER BONO 4: Comercializa tu trabajo. (recomendaci\u00f3n #4).<br \/>\nSUPER BONO 4: Comercializa tu trabajo. (recomendaci\u00f3n #5).<br \/>\nSUPER BONO 5: Entrevista exclusiva a Salvador de la Mancha, fundador del sal\u00f3n internacional de arte abstracto.<\/p>\n<p>PREGUNTAS FRECUENTES (VIDEO RESPUESTAS).<\/p>\n<p>COMO OBTENER TU CERTIFICADO.<\/p>\n<p>ACERCA DEL PRODUCTOR<\/p>\n<p>Desarrollado por SABRINA COCO, Argentina, profesora en artes pl\u00e1sticas. Artista visual, especializada en escultura, dibujo y pintura, profesora en artes pl\u00e1sticas con orientaci\u00f3n en escenograf\u00eda, maestra en dibujo, pintura e historia del arte. <\/p>\n<p>Ha desempe\u00f1ado trabajos como asesora, cr\u00edtica de arte y curadora, especializada en arte latinoamericano, en diversas instituciones de alcance internacional, ha creado y dirigido tres escuelas de formaci\u00f3n profesional en arte para adultos en Argentina y M\u00e9xico vinculadas a Universidades p\u00fablicas y privadas, ha realizado m\u00e1s de 45 exposiciones de dibujo, pintura y escultura. <\/p>\n<p>Su producci\u00f3n de implantaci\u00f3n en el \u00e1mbito p\u00fablico y privado puede encontrarse en Brasil, Colombia, Chile, Cuba, Suiza, Espa\u00f1a, Argentina, M\u00e9xico, entre otros.<\/p>\n","protected":false},"excerpt":{"rendered":"<p>\u00bfSabes la diferencia entre pintar un simple garabato y crear una valiosa obra de arte abstracto?<\/p>\n<p>Con el masterclass ARTE ABSTRACTO EN ACRILICO aprender\u00e1s a crear una obra de arte espectacular y moderna para tu sala o la de alguien m\u00e1s.<\/p>\n","protected":false},"featured_media":4737,"template":"","meta":{"_joinchat":[]},"product_brand":[],"product_cat":[332,344],"product_tag":[],"class_list":{"0":"post-12584","1":"product","2":"type-product","3":"status-publish","4":"has-post-thumbnail","6":"product_cat-musica-y-artes","7":"product_cat-todos","9":"first","10":"instock","11":"sale","12":"shipping-taxable","13":"product-type-external"},"_links":{"self":[{"href":"https:\/\/cursos.talentup.cl\/index.php?rest_route=\/wp\/v2\/product\/12584","targetHints":{"allow":["GET"]}}],"collection":[{"href":"https:\/\/cursos.talentup.cl\/index.php?rest_route=\/wp\/v2\/product"}],"about":[{"href":"https:\/\/cursos.talentup.cl\/index.php?rest_route=\/wp\/v2\/types\/product"}],"version-history":[{"count":2,"href":"https:\/\/cursos.talentup.cl\/index.php?rest_route=\/wp\/v2\/product\/12584\/revisions"}],"predecessor-version":[{"id":14584,"href":"https:\/\/cursos.talentup.cl\/index.php?rest_route=\/wp\/v2\/product\/12584\/revisions\/14584"}],"wp:featuredmedia":[{"embeddable":true,"href":"https:\/\/cursos.talentup.cl\/index.php?rest_route=\/wp\/v2\/media\/4737"}],"wp:attachment":[{"href":"https:\/\/cursos.talentup.cl\/index.php?rest_route=%2Fwp%2Fv2%2Fmedia&parent=12584"}],"wp:term":[{"taxonomy":"product_brand","embeddable":true,"href":"https:\/\/cursos.talentup.cl\/index.php?rest_route=%2Fwp%2Fv2%2Fproduct_brand&post=12584"},{"taxonomy":"product_cat","embeddable":true,"href":"https:\/\/cursos.talentup.cl\/index.php?rest_route=%2Fwp%2Fv2%2Fproduct_cat&post=12584"},{"taxonomy":"product_tag","embeddable":true,"href":"https:\/\/cursos.talentup.cl\/index.php?rest_route=%2Fwp%2Fv2%2Fproduct_tag&post=12584"}],"curies":[{"name":"wp","href":"https:\/\/api.w.org\/{rel}","templated":true}]}}