{"id":12585,"date":"2023-01-10T04:40:51","date_gmt":"2023-01-10T07:40:51","guid":{"rendered":"https:\/\/cursos.talentup.cl\/?post_type=product&#038;p=12585"},"modified":"2024-02-07T23:37:54","modified_gmt":"2024-02-08T02:37:54","slug":"pintura-country-navidena-como-negocio","status":"publish","type":"product","link":"https:\/\/cursos.talentup.cl\/?product=pintura-country-navidena-como-negocio","title":{"rendered":"PINTURA COUNTRY NAVIDE\u00d1A COMO NEGOCIO"},"content":{"rendered":"<p>\u00bfSab\u00edas que la navidad es la mejor temporada para generar ingresos como artesana?<\/p>\n<p>Si te pasas horas en redes sociales mirando proyectos de pintura en madera pensando en c\u00f3mo realizarlos, pero crees que las t\u00e9cnicas son muy dif\u00edciles, la combinaci\u00f3n de colores muy compleja, el sombreado o flotado casi imposible de hacer y no sabes por d\u00f3nde empezar, el MASTER CLASS PINTURA COUNTRY NAVIDE\u00d1A es para t\u00ed.<\/p>\n<p>Aprender\u00e1s una actividad creativa y productiva para dar inicio a un relajante hobby como lo es la pintura en madera.<\/p>\n<p>\u00bfQU\u00c9 VAS A LOGRAR?<\/p>\n<p>Aprender\u00e1s a pintar 10 proyectos navide\u00f1os en piezas en madera de inicio a fin.<\/p>\n<p>Diferenciar\u00e1s los materiales adecuados para obtener piezas con excelente acabado. <\/p>\n<p>Lograr\u00e1s dominar los pinceles de manera correcta por medio de ejercicios pr\u00e1cticos.<\/p>\n<p>Aprender\u00e1s a tallar la madera y lograr efectos desgastados.<\/p>\n<p>Sabr\u00e1s c\u00f3mo preparar las piezas y aplicar fondos de manera correcta.<\/p>\n<p>Aprender\u00e1s todos los secretos para obtener un sombreado o flotado perfecto.<\/p>\n<p>Dominar\u00e1s el manejo de una herramienta econ\u00f3mica y vers\u00e1til como es el est\u00e9ncil.<\/p>\n<p>Perder\u00e1s el miedo a pintar rostros, pelos, ojos, rubores y bocas en estilo country.<\/p>\n<p>Aprender\u00e1s realizar t\u00e9cnicas como el cuadrill\u00e9, lluvia americana y diferentes estampas aplicables a cualquier pieza.<\/p>\n<p>Decorar\u00e1s tus piezas con accesorios que aumenten el valor agregado.<\/p>\n<p>Conocer\u00e1s la forma correcta de poner el precio a tus piezas e iniciar un negocio rentable.<\/p>\n<p>Ser\u00e1s reconocida y tendr\u00e1s clientes amantes de tu trabajo. <\/p>\n<p>Acceder\u00e1s al certificado avalado por Hotmart y Seminarios Online.<\/p>\n<p>\u00bfC\u00d3MO LO VAS A LOGRAR?<\/p>\n<p>A trav\u00e9s del siguiente contenido estructurado paso a paso:<\/p>\n<p>M\u00d3DULO 1 INTRODUCCI\u00d3N AL CURSO DE PINTURA EN MADERA.<\/p>\n<p>Clase 1: Bienvenida al curso de pintura en madera.<br \/>\nClase 2: Recomendaciones.<br \/>\nClase 3: Materiales, accesorios y herramientas.<br \/>\nClase 4: Presentaci\u00f3n de las piezas y el ebook.<\/p>\n<p>M\u00d3DULO 2 EJERCICIOS B\u00c1SICOS PARA DOMINAR LOS PINCELES.<\/p>\n<p>Clase 5: Ejercicios con pincel plano.<br \/>\nClase 6: Ejercicios con pincel angular.<br \/>\nClase 7: Ejercicios con pincel delineador.<br \/>\nClase 8: Ejercicios con pincel de cerda dura.<\/p>\n<p>M\u00d3DULO 3 C\u00d3MO PINTAR UN ARBOLITO NAVIDE\u00d1O.<\/p>\n<p>Clase 9: Pintura de fondos o plenos.<br \/>\nClase 10: Sombreado o flotados con pincel angular.<br \/>\nClase 11: Detalles: Aplicaci\u00f3n de est\u00e9ncil, como hacer estrellas con pincel delineador.<br \/>\nClase 12: Barnizado de la pieza.<\/p>\n<p>M\u00d3DULO 4: COMO PINTAR UN RENO Y UNA GALLETITA DE JENGIBRE.<\/p>\n<p>Clase 13: Pintura de fondos o plenos.<br \/>\nClase 14: Sombreados o flotados con pincel angular.<br \/>\nClase 15: Detalles: Como hacer ojos, rubores, bocas y decoraci\u00f3n con el puntero.<br \/>\nClase 16: Barnizado de la pieza, como decorar con lazos de tela.<\/p>\n<p>M\u00d3DULO 5: C\u00d3MO PINTAR UN MU\u00d1ECO DE NIEVE.<\/p>\n<p>Clase 17: C\u00f3mo tallar la madera.<br \/>\nClase 18: C\u00f3mo y cuando aplicar el sellador multiprop\u00f3sito.<br \/>\nClase 19: Pintura de fondos o plenos.<br \/>\nClase 20: Sombreados o flotados con pincel angular.<br \/>\nClase 21: Detalles: Aplicaci\u00f3n de est\u00e9ncil, como hacer ojos, rubores y decoraci\u00f3n con el puntero, como hacer estampas con pincel plano y delineador.<br \/>\nClase 22: C\u00f3mo hacer el efecto desgastado.<br \/>\nClase 23: Barnizado de la pieza y decoraci\u00f3n final.<\/p>\n<p>M\u00d3DULO 6: C\u00d3MO PINTAR UN GUANTE Y UNA MEDIA.<\/p>\n<p>Clase 24: Pintura de fondos o plenos con pincel plano y redondo.<br \/>\nClase 25: Sombreados o flotados con pincel angular.<br \/>\nClase 26: Detalles: Como hacer la t\u00e9cnica de lluvia americana, aplicaci\u00f3n de est\u00e9ncil y decorado con puntero y pincel delineador.<br \/>\nClase 27: Barnizado de la pieza con embellecedores de colores.<\/p>\n<p>M\u00d3DULO 7: COMO PINTAR LA CARA DE PAP\u00c1NOEL.<\/p>\n<p>Clase 28: Pintura de fondos o plenos con pincel plano y redondo.<br \/>\nClase 29: Sombreados o flotados con pincel angular.<br \/>\nClase 30: Detalles: Aplicaci\u00f3n de est\u00e9ncil, como hacer ojos, rubores y decoraci\u00f3n con el puntero, como hacer luces con el pincel delineador.<br \/>\nClase 31: Barnizado de la pieza, armado y fabricaci\u00f3n del colgante.<\/p>\n<p>M\u00d3DULO 8: TR\u00cdO DE NOELES PORTAVELAS.<\/p>\n<p>Clase 32: Pintura de fondos o plenos con pincel plano y redondo.<br \/>\nClase 33: Sombreados o flotados con pincel angular.<br \/>\nClase 34: Detalles 1: Ojos, cejas, cuadrill\u00e9 con pincel delineador.<br \/>\nClase 35: Detalles 2: Estampas, c\u00f3mo hacer el efecto peluche.<br \/>\nClase 36: Barnizado y armado de las piezas.<\/p>\n<p>M\u00d3DULO 9: GUIRNALDA LOS AMIGOS.<\/p>\n<p>Clase 37: Fondo 1, preparaci\u00f3n del aro y uso del rodillo.<br \/>\nClase 38: C\u00f3mo sombrear el aro SIN el uso de un pincel.<br \/>\nClase 39: Fondos 2, pintura de fondos sobre las piezas.<br \/>\nClase 40: Sombreados o flotados con pincel angular en letras, reno y galleta.<br \/>\nClase 41: Sombreados en Noel, cerezas, lazo, barba y bigote.<br \/>\nClase 42: Detalles en el cartel: cuadrill\u00e9 perfecto, sombra con pincel seco.<br \/>\nClase 43: Detalles en la galleta de jengibre: Estampa en lazo y pintado de ojos.<br \/>\nClase 44: Detalles del reno: aplicaci\u00f3n de luces secas.<br \/>\nClase 45: Detalles en Noel: volumen con luces secas y pintado de rostro.<br \/>\nClase 46: Barnizado de las piezas con rodillo.<br \/>\nClase 47: Armado y decoraci\u00f3n de la pieza.<\/p>\n<p>M\u00d3DULO 10: LA SAGRADA FAMILIA.<\/p>\n<p>Clase 48: Aplicaci\u00f3n de base blanca.<br \/>\nClase 49: Preparaci\u00f3n de las piezas y transferencia de dise\u00f1o.<br \/>\nClase 50: Pintura de fondos o plenos con colores claros.<br \/>\nClase 51: Pintura de fondos o plenos con colores oscuros.<br \/>\nClase 52: Sombreado de rostros.<br \/>\nClase 53: Sombreado en ropa y accesorios de la familia.<br \/>\nClase 54: Detalles en las ovejas, pintado de follaje.<br \/>\nClase 55: Detalles en la ropa de Mar\u00eda y Jes\u00fas.<br \/>\nClase 56: Detalles de la ropa y accesorios de Jos\u00e9.<br \/>\nClase 57: Barnizado de las piezas.<br \/>\nClase 58: Montaje de las piezas y despedida.<\/p>\n<p>M\u00d3DULO 11: INICIANDO EL NEGOCIO.<\/p>\n<p>Clase 59: Mi historia.<br \/>\nClase 60: \u00bfPor d\u00f3nde empezar?<br \/>\nClase 61: Crea tu marca.<br \/>\nClase 62: La importancia del empaque.<br \/>\nClase 63: C\u00f3mo poner el precio a tus productos. <\/p>\n<p>BONO 1: Imprime tu Ebook.<br \/>\nBONO 2: Fabrica tu propio empaque.<br \/>\nBONO 3: C\u00f3mo presentar tus productos.<\/p>\n<p>ACERCA DE LA PRODUCTORA<\/p>\n<p>Desarrollado por M\u00d3NICA ROSALES ROJAS; boliviana, economista de profesi\u00f3n y artesana de coraz\u00f3n, mujer emprendedora y con deseos de ense\u00f1ar a otras.<\/p>\n<p>Antes de dedicarse de lleno al mundo de la pintura, era funcionaria en una entidad financiera, con un cargo bien remunerado, pero totalmente absorbente y estresante. <\/p>\n<p>Sin embargo, al ser una apasionada por la pintura y las manualidades, hace 9 a\u00f1os decidi\u00f3 emprender abriendo el taller de pintura Cosas Lindas Arte Decorativo para transmitir sus conocimientos, comercializar material e insumos y adem\u00e1s realizar productos artesanales de la mejor calidad con una buena aceptaci\u00f3n en el mercado. <\/p>\n<p>Actualmente, su cartera de clientes est\u00e1 formada por reconocidas empresas del medio.<\/p>\n<p>Particip\u00f3 como expositora e invitada en diferentes Ferias Internacionales de Arte Decorativo, programas televisivos y prensa escrita.<\/p>\n<p>Realiz\u00f3 estudios de capacitaci\u00f3n y actualizaci\u00f3n en Brasil, Argentina y Bolivia, pues considera que para ense\u00f1ar nunca debemos dejar de aprender.<\/p>\n<p>El convertir su hobby en un negocio rentable y legalmente establecido, le ha permitido vivir hasta hoy de lo que ama hacer: \u00a1Pintar! <\/p>\n","protected":false},"excerpt":{"rendered":"<p>\u00bfSab\u00edas que la navidad es la mejor temporada para generar ingresos como artesana?<\/p>\n<p>Si te pasas horas en redes sociales mirando proyectos de pintura en madera pensando en c\u00f3mo realizarlos, pero crees que las t\u00e9cnicas son muy dif\u00edciles, la combinaci\u00f3n de colores muy compleja, el sombreado o flotado casi imposible de hacer y no sabes por d\u00f3nde empezar, el MASTER CLASS PINTURA COUNTRY NAVIDE\u00d1A es para t\u00ed.<\/p>\n<p>Aprender\u00e1s una actividad creativa y productiva para dar inicio a un relajante hobby como lo es la pintura en madera.<\/p>\n","protected":false},"featured_media":4738,"template":"","meta":{"_joinchat":[]},"product_brand":[],"product_cat":[332,344],"product_tag":[],"class_list":{"0":"post-12585","1":"product","2":"type-product","3":"status-publish","4":"has-post-thumbnail","6":"product_cat-musica-y-artes","7":"product_cat-todos","9":"first","10":"instock","11":"sale","12":"shipping-taxable","13":"product-type-external"},"_links":{"self":[{"href":"https:\/\/cursos.talentup.cl\/index.php?rest_route=\/wp\/v2\/product\/12585","targetHints":{"allow":["GET"]}}],"collection":[{"href":"https:\/\/cursos.talentup.cl\/index.php?rest_route=\/wp\/v2\/product"}],"about":[{"href":"https:\/\/cursos.talentup.cl\/index.php?rest_route=\/wp\/v2\/types\/product"}],"version-history":[{"count":2,"href":"https:\/\/cursos.talentup.cl\/index.php?rest_route=\/wp\/v2\/product\/12585\/revisions"}],"predecessor-version":[{"id":14585,"href":"https:\/\/cursos.talentup.cl\/index.php?rest_route=\/wp\/v2\/product\/12585\/revisions\/14585"}],"wp:featuredmedia":[{"embeddable":true,"href":"https:\/\/cursos.talentup.cl\/index.php?rest_route=\/wp\/v2\/media\/4738"}],"wp:attachment":[{"href":"https:\/\/cursos.talentup.cl\/index.php?rest_route=%2Fwp%2Fv2%2Fmedia&parent=12585"}],"wp:term":[{"taxonomy":"product_brand","embeddable":true,"href":"https:\/\/cursos.talentup.cl\/index.php?rest_route=%2Fwp%2Fv2%2Fproduct_brand&post=12585"},{"taxonomy":"product_cat","embeddable":true,"href":"https:\/\/cursos.talentup.cl\/index.php?rest_route=%2Fwp%2Fv2%2Fproduct_cat&post=12585"},{"taxonomy":"product_tag","embeddable":true,"href":"https:\/\/cursos.talentup.cl\/index.php?rest_route=%2Fwp%2Fv2%2Fproduct_tag&post=12585"}],"curies":[{"name":"wp","href":"https:\/\/api.w.org\/{rel}","templated":true}]}}