{"id":12586,"date":"2023-01-10T04:40:51","date_gmt":"2023-01-10T07:40:51","guid":{"rendered":"https:\/\/cursos.talentup.cl\/?post_type=product&#038;p=12586"},"modified":"2024-02-07T23:37:54","modified_gmt":"2024-02-08T02:37:54","slug":"aprende-saxofon-desde-cero","status":"publish","type":"product","link":"https:\/\/cursos.talentup.cl\/?product=aprende-saxofon-desde-cero","title":{"rendered":"APRENDE SAXOF\u00d3N DESDE CERO"},"content":{"rendered":"<p>\u00bfSab\u00edas que el saxof\u00f3n es un instrumento musical c\u00f3nico y se asocia com\u00fanmente con la m\u00fasica popular, big band y el jazz?<\/p>\n<p>Con este MasterClass APRENDE SAXOFON DESDE CERO desarrolla la habilidad para interpretar grandes piezas musicales y cautivar a tu audiencia con un instrumento elegante y tambi\u00e9n conocido como signo de romanticismo y clase por su m\u00e1gico sonido.<\/p>\n<p>Aprende a tocar el SAXOF\u00d3N para que comiences a formar tu propio repertorio, como siempre lo hab\u00edas so\u00f1ado.<\/p>\n<p>\u00bfQU\u00c9 VAS A LOGRAR?<\/p>\n<p>Aprender\u00e1s a diferenciar entre un instrumento b\u00e1sico y un instrumento profesional.<\/p>\n<p>Conocer\u00e1s los secretos para lograr una sonoridad clara y hermosa por medio de metodolog\u00edas como Dorsey, klosse, entre otras que son utilizadas en los grandes conservatorios del mundo.<\/p>\n<p>Desarrollar\u00e1s las habilidades para dominar el lenguaje musical enfocado en el saxof\u00f3n.<\/p>\n<p>Adquirir\u00e1s los conocimientos necesarios y as\u00ed dominar escalas y arpegios en el saxof\u00f3n.<\/p>\n<p>Comenzar\u00e1s a comprender la melod\u00eda en el saxof\u00f3n y as\u00ed avanzar de manera m\u00e1s eficiente. <\/p>\n<p>Adquirir\u00e1s el material necesario para que tengas un proceso de aprendizaje completo y efectivo de manera que cada lecci\u00f3n sea completa.<\/p>\n<p>Aprender\u00e1s piezas con las cuales siempre has so\u00f1ado.<\/p>\n<p>Realizar\u00e1s ejercicios t\u00e9cnicos para el desarrollo de la agilidad y un buen sonido acompa\u00f1ado de piezas musicales para comenzar a formar un repertorio propio.<\/p>\n<p>Contar\u00e1s con material de estudios y bonos adicionales que te sirvieran para despejar dudas.  <\/p>\n<p>Acceder\u00e1s al certificado avalado por Hotmart y Seminarios Online.<\/p>\n<p>\u00bfC\u00d3MO LO VAS A LOGRAR?<\/p>\n<p>A trav\u00e9s, del siguiente contenido estructurado paso a paso:<\/p>\n<p>M\u00f3dulo 1: Conoce el saxof\u00f3n sus partes.<br \/>\nM\u00f3dulo 2: Aprende la postura correcta para su interpretaci\u00f3n y primeros ejercicios t\u00e9cnicos.<br \/>\nM\u00f3dulo 3: Aprendizaje de las primeras escalas, lectoescritura del saxof\u00f3n y repertorio inicial.<br \/>\nM\u00f3dulo 4: Aprendizaje de la correcta distribuci\u00f3n del aire y primera canci\u00f3n.<br \/>\nM\u00f3dulo 5: Aprendizaje de los fraseos interpretativos.<br \/>\nM\u00f3dulo 6: Escalas y arpegios mayores.<br \/>\nM\u00f3dulo 7: Repertorio de 2 nivel y ejercicios de calidad de sonido.<br \/>\nM\u00f3dulo 8: C\u00f3mo tocar en grupo o ensambles musicales.<br \/>\nM\u00f3dulo 9: Escalas menores y sus arpegios.<br \/>\nM\u00f3dulo 10: Introducci\u00f3n al repertorio avanzado (manejo de agudos y graves).<\/p>\n<p>ANEXOS<\/p>\n<p>1. M\u00e9todo completo de saxof\u00f3n.<br \/>\n2. Metodo de saxofon.<br \/>\n3. Gu\u00eda de iniciaci\u00f3n al saxof\u00f3n.<br \/>\n4. Gu\u00eda de intervalos.<br \/>\n5. 25 ejercicios diarios para saxof\u00f3n H Klose. <\/p>\n<p>ACERCA DEL PRODUCTOR<\/p>\n<p>Desarrollado CAMILO ANDR\u00c9S PARADA RUIZ, saxofonista y clarinetista con 19 a\u00f1os de experiencia como m\u00fasico en orquestas, como el sistema de orquestas de la fundaci\u00f3n batuta, orquesta sinf\u00f3nica juvenil de Colombia, y actualmente como m\u00fasico en la orquesta sinf\u00f3nica de la juventud.<\/p>\n<p>Contando con una trayectoria como maestro de 18 a\u00f1os en diferentes academias, colegios<br \/>\nY con estudiantes privados tambi\u00e9n cuanto con la fortuna de contar con mi propia fundaci\u00f3n en la cual desarrollo mi proyecto educativo en el \u00e1rea musical. <\/p>\n","protected":false},"excerpt":{"rendered":"<p>\u00bfSab\u00edas que el saxof\u00f3n es un instrumento musical c\u00f3nico y se asocia com\u00fanmente con la m\u00fasica popular, big band y el jazz?<\/p>\n<p>Con este MasterClass APRENDE SAXOFON DESDE CERO desarrolla la habilidad para interpretar grandes piezas musicales y cautivar a tu audiencia con un instrumento elegante y tambi\u00e9n conocido como signo de romanticismo y clase por su m\u00e1gico sonido.<\/p>\n<p>Aprende a tocar el SAXOF\u00d3N para que comiences a formar tu propio repertorio, como siempre lo hab\u00edas so\u00f1ado.<\/p>\n","protected":false},"featured_media":4739,"template":"","meta":{"_joinchat":[]},"product_brand":[],"product_cat":[332,344],"product_tag":[],"class_list":{"0":"post-12586","1":"product","2":"type-product","3":"status-publish","4":"has-post-thumbnail","6":"product_cat-musica-y-artes","7":"product_cat-todos","9":"first","10":"instock","11":"sale","12":"shipping-taxable","13":"product-type-external"},"_links":{"self":[{"href":"https:\/\/cursos.talentup.cl\/index.php?rest_route=\/wp\/v2\/product\/12586","targetHints":{"allow":["GET"]}}],"collection":[{"href":"https:\/\/cursos.talentup.cl\/index.php?rest_route=\/wp\/v2\/product"}],"about":[{"href":"https:\/\/cursos.talentup.cl\/index.php?rest_route=\/wp\/v2\/types\/product"}],"version-history":[{"count":2,"href":"https:\/\/cursos.talentup.cl\/index.php?rest_route=\/wp\/v2\/product\/12586\/revisions"}],"predecessor-version":[{"id":14586,"href":"https:\/\/cursos.talentup.cl\/index.php?rest_route=\/wp\/v2\/product\/12586\/revisions\/14586"}],"wp:featuredmedia":[{"embeddable":true,"href":"https:\/\/cursos.talentup.cl\/index.php?rest_route=\/wp\/v2\/media\/4739"}],"wp:attachment":[{"href":"https:\/\/cursos.talentup.cl\/index.php?rest_route=%2Fwp%2Fv2%2Fmedia&parent=12586"}],"wp:term":[{"taxonomy":"product_brand","embeddable":true,"href":"https:\/\/cursos.talentup.cl\/index.php?rest_route=%2Fwp%2Fv2%2Fproduct_brand&post=12586"},{"taxonomy":"product_cat","embeddable":true,"href":"https:\/\/cursos.talentup.cl\/index.php?rest_route=%2Fwp%2Fv2%2Fproduct_cat&post=12586"},{"taxonomy":"product_tag","embeddable":true,"href":"https:\/\/cursos.talentup.cl\/index.php?rest_route=%2Fwp%2Fv2%2Fproduct_tag&post=12586"}],"curies":[{"name":"wp","href":"https:\/\/api.w.org\/{rel}","templated":true}]}}