{"id":12589,"date":"2023-01-10T04:40:52","date_gmt":"2023-01-10T07:40:52","guid":{"rendered":"https:\/\/cursos.talentup.cl\/?post_type=product&#038;p=12589"},"modified":"2024-02-07T23:37:55","modified_gmt":"2024-02-08T02:37:55","slug":"salsa-fusion","status":"publish","type":"product","link":"https:\/\/cursos.talentup.cl\/?product=salsa-fusion","title":{"rendered":"SALSA FUSI\u00d3N"},"content":{"rendered":"<p>Ir a una fiesta para no bailar y quedarse sentado \u00a1ya no es una opci\u00f3n!<\/p>\n<p>Aprende a bailar, manteni\u00e9ndote en forma con el programa SALSA FUSION y convi\u00e9rtete en el show de la noche.<\/p>\n<p>Este es un m\u00e9todo comprobado que le ha permitido a cientos de personas a bailar bien con excelentes resultados. Incluso, sin tener conocimientos previos.<\/p>\n<p>Disfruta este curso y mejora tu rendimiento f\u00edsico para que bailes salsa hasta el amanecer. <\/p>\n<p>\u00bfQU\u00c9 VAS A LOGRAR?<\/p>\n<p>Te convertir\u00e1s en el alma de la fiesta, contagiando a todos con su energ\u00eda.<\/p>\n<p>Aprender\u00e1s c\u00f3mo llevar el ritmo correctamente para que te puedas conectar con tu pareja mientras sientes el poder de la m\u00fasica en tus pies.<\/p>\n<p>Contar\u00e1s con contenido nuevo de pasos y alcanzar\u00e1s tus metas de baile que ir\u00e1s mejorando en una l\u00ednea de tiempo.<\/p>\n<p>Contar\u00e1s con pistas musicales elaboradas para entender mejor la m\u00fasica que vas a bailar.<\/p>\n<p>Tendr\u00e1s una herramienta poderosa para socializar con m\u00e1s personas y cultivar amistades de valor.<\/p>\n<p>Mejorar\u00e1s tu rendimiento f\u00edsico y aumentar\u00e1s los niveles de energ\u00eda, sinti\u00e9ndote a gusto contigo mismo.<\/p>\n<p>Conocer\u00e1s t\u00e9cnicas para que tu coraz\u00f3n se mantenga fuerte, al aumentar el ritmo card\u00edaco y la capacidad pulmonar.<\/p>\n<p>Guiar\u00e1s a tu pareja de baile para que sienta el ritmo de la misma forma como lo est\u00e1s haciendo.<\/p>\n<p>Bailar\u00e1s bien de tal forma que puedas entenderte con cualquier persona.<\/p>\n<p>Disminuir\u00e1s los niveles de estr\u00e9s, ya que estimular\u00e1s la producci\u00f3n de endorfinas (hormonas que combaten el estr\u00e9s).<\/p>\n<p>Aprender\u00e1s rutinas de baile, que har\u00e1n que mejore tu memoria y la habilidad de realizar varias tareas al mismo tiempo.<\/p>\n<p>Acceder\u00e1s al certificado avalado por Hotmart y Seminarios Online.<\/p>\n<p>\u00bfC\u00d3MO LO VAS A LOGRAR?<\/p>\n<p>A trav\u00e9s del siguiente contenido estructurado paso a paso:<\/p>\n<p>Video 1 &#8211; Presentaci\u00f3n de bailarines<br \/>\nVideo 2 &#8211; Introducci\u00f3n al nivel b\u00e1sico<br \/>\nVideo 3 &#8211; Tiempos de la Salsa<br \/>\nVideo 4 &#8211; Postura y b\u00e1sicos<br \/>\nVideo 5 &#8211; Cuarta y cuarta en pareja<br \/>\nVideo 6 &#8211; Vamos para arriba<br \/>\nVideo 7 &#8211; Giros de Hombre y Mujer<br \/>\nVideo 8 &#8211; Giros en Pareja<br \/>\nVideo 9 &#8211; Desplazamientos<br \/>\nVideo 10 &#8211; Dile que No<br \/>\nVideo 11 &#8211; Ni pa ti ni pa mi<br \/>\nVideo 12 &#8211; Contragiro<br \/>\nVideo 13 &#8211; Enchufa<br \/>\nVideo 14 &#8211; Enchufa doble<br \/>\nVideo 15 &#8211; Lavarropa<br \/>\nVideo 16 &#8211; Secarropa<br \/>\nVideo 17 &#8211; Sed\u00facela<br \/>\nVideo 18 &#8211; Seducidos<br \/>\nVideo 19 &#8211; Dos de mujer<br \/>\nVideo 20 &#8211; Dos de hombre<br \/>\nVideo 21 &#8211; Combinaciones Nivel b\u00e1sico<br \/>\nVideo 22 &#8211; Introducci\u00f3n al nivel Intermedio<br \/>\nVideo 23 &#8211; Sombrero<br \/>\nVideo 24 &#8211; C\u00f3sela<br \/>\nVideo 25 &#8211; Sambuca<br \/>\nVideo 26 &#8211; Micaela<br \/>\nVideo 27 &#8211; Super Enchufa<br \/>\nVideo 28 &#8211; Vac\u00edlala<br \/>\nVideo 29 &#8211; Vuelta al Mundo<br \/>\nVideo 30 &#8211; Tornillo Matancero<br \/>\nVideo 31 &#8211; Micaela con vuelta<br \/>\nVideo 32 &#8211; Sombrero por abajo<br \/>\nVideo 33 &#8211; Enchufa Dos<br \/>\nVideo 34 &#8211; La Paseo<br \/>\nVideo 35 &#8211; Vacil\u00f3n<br \/>\nVideo 36 &#8211; Taxi<br \/>\nVideo 37 &#8211; Pelota<br \/>\nVideo 38 &#8211; Pelota Doble<br \/>\nVideo 39 &#8211; Enchufa Doble Complicado<br \/>\nVideo 40 &#8211; Le parto el brazo<br \/>\nVideo 41 &#8211; Santiaguero<br \/>\nVideo 42 &#8211; Daikiri<br \/>\nVideo 43 &#8211; Combinaciones Enlaces<\/p>\n<p>ACERCA DEL PRODUCTOR<\/p>\n<p>Desarrollado por ALEJANDRO CASANO, artista nacido en Buenos Aires, Argentina. Amante de la Salsa, la Bachata y ritmos latinos con 20 a\u00f1os de trayectoria y experiencia como docente y bailar\u00edn. <\/p>\n<p>Ha sido profesor de la mejor discoteca de Argentina, AZ\u00daCAR BELGRANO, durante 20 a\u00f1os. <\/p>\n<p>Fundador del INSAR, (Instructorados Argentinos), en donde desde el 2011 egresan centenares de Instructores de Salsa y Bachata siendo uno de los Instructorados m\u00e1s reconocidos del pa\u00eds. <\/p>\n<p>Hace 8 a\u00f1os tiene su propio espacio, ACADEMIA \u201cBAILAMOS?\u201d, cita obligada para todos aquellos que desean insertarse en el ambiente caribe\u00f1o.<\/p>\n<p>Adem\u00e1s, su desempe\u00f1o como instructor y core\u00f3grafo en numerosos espect\u00e1culos le ha permitido desarrollar un novedoso m\u00e9todo que facilita el aprendizaje para llevar a los estudiantes desde cero y que juntos cumplamos sus objetivos en el baile.<\/p>\n","protected":false},"excerpt":{"rendered":"<p>Ir a una fiesta para no bailar y quedarse sentado \u00a1ya no es una opci\u00f3n!<\/p>\n<p>Aprende a bailar, manteni\u00e9ndote en forma con el programa SALSA FUSION y convi\u00e9rtete en el show de la noche.<\/p>\n<p>Este es un m\u00e9todo comprobado que le ha permitido a cientos de personas a bailar bien con excelentes resultados. Incluso, sin tener conocimientos previos.<\/p>\n<p>Disfruta este curso y mejora tu rendimiento f\u00edsico para que bailes salsa hasta el amanecer. <\/p>\n","protected":false},"featured_media":4745,"template":"","meta":{"_joinchat":[]},"product_brand":[],"product_cat":[332,344],"product_tag":[],"class_list":{"0":"post-12589","1":"product","2":"type-product","3":"status-publish","4":"has-post-thumbnail","6":"product_cat-musica-y-artes","7":"product_cat-todos","9":"first","10":"instock","11":"sale","12":"shipping-taxable","13":"product-type-external"},"_links":{"self":[{"href":"https:\/\/cursos.talentup.cl\/index.php?rest_route=\/wp\/v2\/product\/12589","targetHints":{"allow":["GET"]}}],"collection":[{"href":"https:\/\/cursos.talentup.cl\/index.php?rest_route=\/wp\/v2\/product"}],"about":[{"href":"https:\/\/cursos.talentup.cl\/index.php?rest_route=\/wp\/v2\/types\/product"}],"version-history":[{"count":2,"href":"https:\/\/cursos.talentup.cl\/index.php?rest_route=\/wp\/v2\/product\/12589\/revisions"}],"predecessor-version":[{"id":14590,"href":"https:\/\/cursos.talentup.cl\/index.php?rest_route=\/wp\/v2\/product\/12589\/revisions\/14590"}],"wp:featuredmedia":[{"embeddable":true,"href":"https:\/\/cursos.talentup.cl\/index.php?rest_route=\/wp\/v2\/media\/4745"}],"wp:attachment":[{"href":"https:\/\/cursos.talentup.cl\/index.php?rest_route=%2Fwp%2Fv2%2Fmedia&parent=12589"}],"wp:term":[{"taxonomy":"product_brand","embeddable":true,"href":"https:\/\/cursos.talentup.cl\/index.php?rest_route=%2Fwp%2Fv2%2Fproduct_brand&post=12589"},{"taxonomy":"product_cat","embeddable":true,"href":"https:\/\/cursos.talentup.cl\/index.php?rest_route=%2Fwp%2Fv2%2Fproduct_cat&post=12589"},{"taxonomy":"product_tag","embeddable":true,"href":"https:\/\/cursos.talentup.cl\/index.php?rest_route=%2Fwp%2Fv2%2Fproduct_tag&post=12589"}],"curies":[{"name":"wp","href":"https:\/\/api.w.org\/{rel}","templated":true}]}}