{"id":12612,"date":"2023-01-10T04:40:55","date_gmt":"2023-01-10T07:40:55","guid":{"rendered":"https:\/\/cursos.talentup.cl\/?post_type=product&#038;p=12612"},"modified":"2024-02-07T23:37:55","modified_gmt":"2024-02-08T02:37:55","slug":"cuadros-con-resina-epoxica","status":"publish","type":"product","link":"https:\/\/cursos.talentup.cl\/?product=cuadros-con-resina-epoxica","title":{"rendered":"CUADROS CON RESINA EP\u00d3XICA"},"content":{"rendered":"<p>\u00bfImagina formar incre\u00edbles texturas con piedras sint\u00e9ticas y originales de cuarzos, \u00e1gatas o amatistas, donde resaltes su color con dise\u00f1os \u00fanicos?<\/p>\n<p>Con el programa CUADROS CON RESINA EP\u00d3XICA, Crea obras de arte mejorando tu salud mental y tu bienestar mientras pintas.<\/p>\n<p>Conoce los tipos de resinas y las herramientas para que lo puedas hacer f\u00e1cilmente.<\/p>\n<p>Estimula tu creatividad y lib\u00e9rate de la ansiedad y estr\u00e9s, causada por el aislamiento. <\/p>\n<p>Llena tu casa de color con una decoraci\u00f3n inolvidable que hoy es tendencia.<\/p>\n<p>\u00bfQU\u00c9 VAS A LOGRAR?<\/p>\n<p>Lograr\u00e1s aprender a elaborar o desarrollar cuadros con resina ep\u00f3xica de diversos colores.<\/p>\n<p>Utilizar\u00e1s las artes pl\u00e1sticas como medio de recuperar o mejorar la salud mental y el bienestar emocional y social.<\/p>\n<p>Aprender\u00e1s a identificar la importancia de respirar sincronizadamente, eso te dar\u00e1 paso a canalizar la ansiedad desde un estado consciente de tranquilidad.<\/p>\n<p>Formar\u00e1s creadores de arte con el conocimiento necesario en el \u00e1rea de campo de la aplicaci\u00f3n de t\u00e9cnicas en resina ep\u00f3xica como uso decorativo.<\/p>\n<p>Incursionar\u00e1s en el nuevo mercado del dise\u00f1o de cuadros abstractos y formas decorativas derivadas de la resina ep\u00f3xica.<\/p>\n<p>Desarrollar\u00e1s habilidades para economizar la materia prima. <\/p>\n<p>Orientar\u00e1s el enfoque a los diversos nichos de mercado actuales y futuros.<\/p>\n<p>Aprender\u00e1s el uso adecuado de herramientas para la aplicaci\u00f3n de la resina ep\u00f3xica decorativa.<\/p>\n<p>Estimular\u00e1s la creatividad al momento del desarrollo de un proyecto.<\/p>\n<p>Incrementar\u00e1s la confianza en s\u00ed mismo mediante el conocimiento.<\/p>\n<p>Acceder\u00e1s al certificado avalado por Hotmart y Seminarios Online.<\/p>\n<p>\u00bfC\u00d3MO LO VAS A LOGRAR?<\/p>\n<p>De una forma f\u00e1cil y sencilla por medio del aprendizaje de t\u00e9cnicas y estrategias que est\u00e1n explicadas desde el punto de vista te\u00f3rico y pr\u00e1ctico, distribuidas en 15 lecciones. <\/p>\n<p>Parte No.1 &#8211; Introducci\u00f3n al dise\u00f1o de geodas.<br \/>\nParte No.2 &#8211; Definici\u00f3n de las geodas<br \/>\nParte No.3 &#8211; Tipos de geodas.<br \/>\nParte No.4 &#8211; Tipos de resinas.<br \/>\nParte No.5 &#8211; Herramientas y materiales para la elaboraci\u00f3n de geodas.<br \/>\nParte No.6 &#8211; Elaboraci\u00f3n de geoda de cuarzo.<br \/>\nParte No.7 &#8211; Elaboraci\u00f3n de geoda de cuarzo 2.<br \/>\nParte No.8 &#8211; Elaboraci\u00f3n de geoda de cuarzo 3.<br \/>\nParte No.9 &#8211; Elaboraci\u00f3n de geoda de cuarzo 4.<br \/>\nParte No.10 &#8211; Elaboraci\u00f3n de geoda celestina.<br \/>\nParte No.11 &#8211; Elaboraci\u00f3n de geoda celestina 2.<br \/>\nParte No.12 &#8211; Elaboraci\u00f3n de geoda \u00e1gata.<br \/>\nParte No.13 &#8211; Elaboraci\u00f3n de geoda \u00e1gata 2.<br \/>\nParte No.14 &#8211; Elaboraci\u00f3n de geoda \u00e1gata 3.<br \/>\nParte No.15 &#8211; Elaboraci\u00f3n de geoda \u00e1gata 4.<\/p>\n<p>ACERCA DEL PRODUCTOR<\/p>\n<p>Desarrollado por EDWIN JAIR MART\u00cdNEZ SURATA, dise\u00f1ador gr\u00e1fico en la ciudad de Cali Colombia y dise\u00f1o de interiores en la ciudad de M\u00e9xico. <\/p>\n<p>Logr\u00e9 desarrollar pisos bidimensionales y tridimensionales (3D) con resina ep\u00f3xica. <\/p>\n<p>Continu\u00f3 incursionando en el mundo de los productos ep\u00f3xidos, desarrollando diversos proyectos en resina como mesones, mesas epoxicas, cuadros, pisos y m\u00e1s, incursionando en la parte art\u00edstica y los tipos de cuadros de geodas o abstractos en resina ep\u00f3xica. <\/p>\n<p>Posteriormente, en el \u00e1rea de ense\u00f1anza de seminarios presenciales en varias ciudades de M\u00e9xico, Nicaragua, Costa Rica, Panam\u00e1 y Colombia. <\/p>\n","protected":false},"excerpt":{"rendered":"<p>\u00bfImagina formar incre\u00edbles texturas con piedras sint\u00e9ticas y originales de cuarzos, \u00e1gatas o amatistas, donde resaltes su color con dise\u00f1os \u00fanicos?<\/p>\n<p>Con el programa CUADROS CON RESINA EP\u00d3XICA, Crea obras de arte mejorando tu salud mental y tu bienestar mientras pintas.<\/p>\n<p>Conoce los tipos de resinas y las herramientas para que lo puedas hacer f\u00e1cilmente.<\/p>\n<p>Estimula tu creatividad y lib\u00e9rate de la ansiedad y estr\u00e9s, causada por el aislamiento. <\/p>\n<p>Llena tu casa de color con una decoraci\u00f3n inolvidable que hoy es tendencia.<\/p>\n","protected":false},"featured_media":4747,"template":"","meta":{"_joinchat":[]},"product_brand":[],"product_cat":[332,344],"product_tag":[],"class_list":{"0":"post-12612","1":"product","2":"type-product","3":"status-publish","4":"has-post-thumbnail","6":"product_cat-musica-y-artes","7":"product_cat-todos","9":"first","10":"instock","11":"sale","12":"shipping-taxable","13":"product-type-external"},"_links":{"self":[{"href":"https:\/\/cursos.talentup.cl\/index.php?rest_route=\/wp\/v2\/product\/12612","targetHints":{"allow":["GET"]}}],"collection":[{"href":"https:\/\/cursos.talentup.cl\/index.php?rest_route=\/wp\/v2\/product"}],"about":[{"href":"https:\/\/cursos.talentup.cl\/index.php?rest_route=\/wp\/v2\/types\/product"}],"version-history":[{"count":2,"href":"https:\/\/cursos.talentup.cl\/index.php?rest_route=\/wp\/v2\/product\/12612\/revisions"}],"predecessor-version":[{"id":14594,"href":"https:\/\/cursos.talentup.cl\/index.php?rest_route=\/wp\/v2\/product\/12612\/revisions\/14594"}],"wp:featuredmedia":[{"embeddable":true,"href":"https:\/\/cursos.talentup.cl\/index.php?rest_route=\/wp\/v2\/media\/4747"}],"wp:attachment":[{"href":"https:\/\/cursos.talentup.cl\/index.php?rest_route=%2Fwp%2Fv2%2Fmedia&parent=12612"}],"wp:term":[{"taxonomy":"product_brand","embeddable":true,"href":"https:\/\/cursos.talentup.cl\/index.php?rest_route=%2Fwp%2Fv2%2Fproduct_brand&post=12612"},{"taxonomy":"product_cat","embeddable":true,"href":"https:\/\/cursos.talentup.cl\/index.php?rest_route=%2Fwp%2Fv2%2Fproduct_cat&post=12612"},{"taxonomy":"product_tag","embeddable":true,"href":"https:\/\/cursos.talentup.cl\/index.php?rest_route=%2Fwp%2Fv2%2Fproduct_tag&post=12612"}],"curies":[{"name":"wp","href":"https:\/\/api.w.org\/{rel}","templated":true}]}}