{"id":12615,"date":"2023-01-10T04:40:55","date_gmt":"2023-01-10T07:40:55","guid":{"rendered":"https:\/\/cursos.talentup.cl\/?post_type=product&#038;p=12615"},"modified":"2024-02-07T23:37:55","modified_gmt":"2024-02-08T02:37:55","slug":"acuarelas-personalizadas-como-negocio","status":"publish","type":"product","link":"https:\/\/cursos.talentup.cl\/?product=acuarelas-personalizadas-como-negocio","title":{"rendered":"ACUARELAS PERSONALIZADAS COMO NEGOCIO"},"content":{"rendered":"<p>\u00bfTe gustar\u00eda aprender sobre el maravilloso arte de las acuarelas?<\/p>\n<p>Con el MasterClass ACUARELAS PERSONALIZADAS COMO NEGOCIO, aprender\u00e1s t\u00e9cnicas sobre papel, que te permitir\u00e1n crear retratos personalizados, convirtiendo este arte en un modelo de negocio.<\/p>\n<p>\u00bfQU\u00c9 VAS A LOGRAR?<\/p>\n<p>Aprender\u00e1s t\u00e9cnicas de acuarelas sobre papel, conocer\u00e1s los materiales esenciales para iniciar un negocio.<\/p>\n<p>Lograr\u00e1s realizar retratos realistas de personas y mascotas.<\/p>\n<p>Mediante conceptos de Community Manager lograr\u00e1s definir si deseas utilizar una marca comercial o personal, podr\u00e1s conocer las medidas para realizar publicaciones en las redes sociales.<\/p>\n<p>Dise\u00f1ar\u00e1s bocetos y publicaciones en Canva.<\/p>\n<p>Acceder\u00e1s al certificado avalado por Hotmart y Seminarios Online.<\/p>\n<p>\u00bfC\u00d3MO LO VAS A LOGRAR?<\/p>\n<p>A trav\u00e9s del siguiente contenido, estructurado paso a paso:<\/p>\n<p>M\u00d3DULO 1 &#8211; INTRODUCCI\u00d3N Y PRESENTACI\u00d3N<\/p>\n<p>Introducci\u00f3n y bienvenida.<br \/>\nGu\u00eda de lo que se realizar\u00e1.<br \/>\nCon\u00f3ceme Arodit Fern\u00e1ndez.<br \/>\nPrincipales influencias.<\/p>\n<p>M\u00d3DULO 2 &#8211; TEOR\u00cdA Y T\u00c9CNICAS B\u00c1SICAS DE ACUARELA<\/p>\n<p>Conociendo materiales.<br \/>\nT\u00e9cnicas de acuarelas y experimentos.<br \/>\nTeor\u00eda del color.<br \/>\nCirculo Crom\u00e1tico.<br \/>\nArmon\u00eda crom\u00e1tica.<br \/>\nColores complementarios (importancia de las luces y sombras).<br \/>\nTransparencia monocrom\u00e1tica.<\/p>\n<p>M\u00d3DULO 3 &#8211; CREACI\u00d3N DE ACUARELAS PERSONALIZADAS<\/p>\n<p>Retrato de mascota.<br \/>\nRetrato de persona.<\/p>\n<p>M\u00d3DULO 4 &#8211; CONCEPTOS BASE DE UN COMMUNITY MANAGER<\/p>\n<p>Definir marca personal y comercial.<br \/>\nPrincipales RR.SS. de venta, Instagram y Facebook bussines.<br \/>\nMedidas de publicaciones en redes sociales.<br \/>\nProceso de edici\u00f3n en Canva de post (mockups en Canva)<br \/>\nDescripci\u00f3n (Copy) y publicaci\u00f3n en redes sociales.<\/p>\n<p>M\u00d3DULO 5 &#8211; MATERIAL ADICIONAL (BONOS)<\/p>\n<p>Bono 1: Planifica tu negocio.<br \/>\nBono 2: Administra tus redes sociales.<br \/>\nBono 3: Mercado Libre (gu\u00eda de uso).<br \/>\nBono 4: Plantilla de cat\u00e1logo y sitio web editable en Canva.<\/p>\n<p> M\u00d3DULO 6 &#8211; VIDEO RESPUESTAS<\/p>\n<p>\u00bfC\u00f3mo utilizar la App Hotmart Sparkle?<\/p>\n<p>M\u00d3DULO 7 &#8211; \u00bfC\u00d3MO OBTENER TU CERTIFICADO?<\/p>\n<p>\u00bfC\u00f3mo obtener tu certificado?<\/p>\n<p>ACERCA DE LA PRODUCTORA<\/p>\n<p>Desarrollado por ARODIT FERNANDEZ, acuarelista autodidacta.<\/p>\n<p>Con m\u00e1s de 5 a\u00f1os de experiencia en el desarrollo de retratos personalizados de mascotas y personas. <\/p>\n<p>Gracias a los conocimientos que tiene como Community Manager ha logrado crear una s\u00f3lida comunidad y un modelo de negocio \u00f3ptimo.<\/p>\n<p>Actualmente, ARODIT hace uso de las acuarelas no s\u00f3lo c\u00f3mo un hobby, sino tambi\u00e9n para vender sus ilustraciones y ense\u00f1ar a miles de personas sobre este maravilloso arte.<\/p>\n","protected":false},"excerpt":{"rendered":"<p>\u00bfTe gustar\u00eda aprender sobre el maravilloso arte de las acuarelas?<\/p>\n<p>Con el MasterClass ACUARELAS PERSONALIZADAS COMO NEGOCIO, aprender\u00e1s t\u00e9cnicas sobre papel, que te permitir\u00e1n crear retratos personalizados, convirtiendo este arte en un modelo de negocio.<\/p>\n","protected":false},"featured_media":4750,"template":"","meta":{"_joinchat":[]},"product_brand":[],"product_cat":[332,344],"product_tag":[],"class_list":{"0":"post-12615","1":"product","2":"type-product","3":"status-publish","4":"has-post-thumbnail","6":"product_cat-musica-y-artes","7":"product_cat-todos","9":"first","10":"instock","11":"sale","12":"shipping-taxable","13":"product-type-external"},"_links":{"self":[{"href":"https:\/\/cursos.talentup.cl\/index.php?rest_route=\/wp\/v2\/product\/12615","targetHints":{"allow":["GET"]}}],"collection":[{"href":"https:\/\/cursos.talentup.cl\/index.php?rest_route=\/wp\/v2\/product"}],"about":[{"href":"https:\/\/cursos.talentup.cl\/index.php?rest_route=\/wp\/v2\/types\/product"}],"version-history":[{"count":2,"href":"https:\/\/cursos.talentup.cl\/index.php?rest_route=\/wp\/v2\/product\/12615\/revisions"}],"predecessor-version":[{"id":14597,"href":"https:\/\/cursos.talentup.cl\/index.php?rest_route=\/wp\/v2\/product\/12615\/revisions\/14597"}],"wp:featuredmedia":[{"embeddable":true,"href":"https:\/\/cursos.talentup.cl\/index.php?rest_route=\/wp\/v2\/media\/4750"}],"wp:attachment":[{"href":"https:\/\/cursos.talentup.cl\/index.php?rest_route=%2Fwp%2Fv2%2Fmedia&parent=12615"}],"wp:term":[{"taxonomy":"product_brand","embeddable":true,"href":"https:\/\/cursos.talentup.cl\/index.php?rest_route=%2Fwp%2Fv2%2Fproduct_brand&post=12615"},{"taxonomy":"product_cat","embeddable":true,"href":"https:\/\/cursos.talentup.cl\/index.php?rest_route=%2Fwp%2Fv2%2Fproduct_cat&post=12615"},{"taxonomy":"product_tag","embeddable":true,"href":"https:\/\/cursos.talentup.cl\/index.php?rest_route=%2Fwp%2Fv2%2Fproduct_tag&post=12615"}],"curies":[{"name":"wp","href":"https:\/\/api.w.org\/{rel}","templated":true}]}}