{"id":12616,"date":"2023-01-10T04:40:55","date_gmt":"2023-01-10T07:40:55","guid":{"rendered":"https:\/\/cursos.talentup.cl\/?post_type=product&#038;p=12616"},"modified":"2024-02-07T23:37:55","modified_gmt":"2024-02-08T02:37:55","slug":"tecnicas-de-acuarela-para-ninos-y-principiantes","status":"publish","type":"product","link":"https:\/\/cursos.talentup.cl\/?product=tecnicas-de-acuarela-para-ninos-y-principiantes","title":{"rendered":"T\u00c9CNICAS DE ACUARELA PARA NI\u00d1OS Y PRINCIPIANTES"},"content":{"rendered":"<p>\u00bfSab\u00edas que fomentar la creatividad nos ayuda a mejorar nuestras habilidades de aprendizaje?<\/p>\n<p>Con el Master Class T\u00c9CNICAS DE ACUARELA PARA NI\u00d1OS Y PRINCIPIANTES, conocer\u00e1s las diferentes t\u00e9cnicas b\u00e1sicas de la acuarela y los m\u00e9todos de ilustraci\u00f3n para dise\u00f1ar ideas originales para tus representaciones art\u00edsticas.<\/p>\n<p>\u00bfQU\u00c9 VAS A LOGRAR?<\/p>\n<p>Aprender\u00e1s a pintar con acuarela desde cero y descubre en el error a tu mejor aliado.<\/p>\n<p>Conocer\u00e1s las diferentes t\u00e9cnicas b\u00e1sicas de la acuarela como el trazo seco, trazo h\u00famedo, seco sobre seco, seco sobre h\u00famedo, h\u00famedo sobre seco y h\u00famedo sobre h\u00famedo.<\/p>\n<p>Descubrir\u00e1s diversas t\u00e9cnicas y m\u00e9todos de ilustraci\u00f3n para dise\u00f1ar ideas originales para tus representaciones art\u00edsticas.<\/p>\n<p>Conocer\u00e1s por medio de talleres experimentales las caracter\u00edsticas m\u00e1s importantes a la hora de pintar con acuarelas.<\/p>\n<p>Ver\u00e1s al detalle los materiales que debes tener para comenzar a pintar con acuarelas y las posibilidades creativas que nos ofrece cada uno de ellos al momento de crear una ilustraci\u00f3n.<\/p>\n<p>Aprender\u00e1s sobre la teor\u00eda del color, psicolog\u00eda del color, adem\u00e1s; cu\u00e1les son sus caracter\u00edsticas principales, y c\u00f3mo puedes mezclar y conseguir los colores que deseas para transmitir un mensaje con tu obra.<\/p>\n<p>Lograr\u00e1s inspirarte tomando partida con fotograf\u00edas de diferentes animales, aprender\u00e1s a dibujarlos tanto de manera realista como de una manera m\u00e1s creativa, para pintarlos con acuarela y otras t\u00e9cnicas m\u00e1s experimentales.<\/p>\n<p>Acceder\u00e1s al certificado avalado por Hotmart y Seminarios Online.<\/p>\n<p>\u00bfC\u00d3MO LO VAS A LOGRAR?<\/p>\n<p>A trav\u00e9s del siguiente contenido, estructurado paso a paso:<\/p>\n<p>M\u00d3DULO 1 &#8211; INTRODUCCI\u00d3N<\/p>\n<p>Presentaci\u00f3n: Ser creativo \u00bfPor qu\u00e9 es tan importante?<br \/>\nMateriales.<br \/>\nInfluencias art\u00edsticas.<\/p>\n<p>M\u00d3DULO 2 &#8211; PSICOLOG\u00cdA DEL COLOR Y COMUNICACI\u00d3N VISUAL<\/p>\n<p>Psicolog\u00eda del color y comunicaci\u00f3n visual.<br \/>\nTeor\u00eda del color y referentes art\u00edsticos.<br \/>\nCualidades del color.<\/p>\n<p>M\u00d3DULO 3 &#8211; TALLERES CREATIVOS<\/p>\n<p>Colores primarios, secundarios y an\u00e1logos (terciarios).<br \/>\nPaletas de colores.<br \/>\nDise\u00f1o del personaje.<br \/>\nColores complementarios.<br \/>\nColores monocrom\u00e1ticos.<\/p>\n<p>M\u00d3DULO 4 &#8211; TALLERES EXPERIMENTALES<\/p>\n<p>T\u00e9cnicas b\u00e1sicas de acuarela.<br \/>\nDise\u00f1o de personaje a partir de la mancha.<br \/>\nT\u00e9cnica h\u00famedo sobre h\u00famedo.<br \/>\nGalaxia creativa.<br \/>\nT\u00e9cnica del degrad\u00e9 y contraluz en paisaje natural.<br \/>\nCoffee Art.<br \/>\nMateriales poco convencionales para acuarelas<\/p>\n<p>M\u00d3DULO 5 \u2013 MATERIAL ADICIONAL (BONUS)<\/p>\n<p>Bono 1: Artistas destacados y redes sociales.<br \/>\nBono 2: Inspiraci\u00f3n: Podcasts y Board design.<\/p>\n<p>M\u00d3DULO 5 \u2013 VIDEO RESPUESTAS <\/p>\n<p>\u00bfEs mejor comenzar por el fondo o por los elementos?<br \/>\n\u00bfTengo que saber dibujar para poder pintar con acuarela?<br \/>\n\u00bfEs posible hacer de la acuarela un medio para generar ingresos econ\u00f3micos?<br \/>\n\u00bfC\u00f3mo puedo conservar mi pintura una vez est\u00e9 terminada?<br \/>\n\u00bfPor qu\u00e9 veo rayas de pinceladas en el papel?<\/p>\n<p>M\u00d3DULO 6 \u2013 \u00bfC\u00d3MO OBTENER TU CERTIFICADO?<\/p>\n<p>\u00bfC\u00f3mo obtener tu certificado?<\/p>\n<p>ACERCA DEL PRODUCTOR<\/p>\n<p>Desarrollado por JOAN SEBASTI\u00c1N APONTE, profesional en Educaci\u00f3n Art\u00edstica y educaci\u00f3n b\u00e1sica, fot\u00f3grafo, ilustrador y dibujante. <\/p>\n<p>Ha desarrollado gran variedad de representaciones art\u00edsticas, Exposiciones rurales y urbanas. Realizado diversos talleres de pintura, ilustraci\u00f3n y acuarela para instituciones gubernamentales y educativas en Colombia, promotor del arte como instrumento de descubrimiento personal y fortalecimiento de la autoestima, que han disfrutado de su mano del maravilloso mundo art\u00edstico.<\/p>\n","protected":false},"excerpt":{"rendered":"<p>\u00bfSab\u00edas que fomentar la creatividad nos ayuda a mejorar nuestras habilidades de aprendizaje?<\/p>\n<p>Con el Master Class T\u00c9CNICAS DE ACUARELA PARA NI\u00d1OS Y PRINCIPIANTES, conocer\u00e1s las diferentes t\u00e9cnicas b\u00e1sicas de la acuarela y los m\u00e9todos de ilustraci\u00f3n para dise\u00f1ar ideas originales para tus representaciones art\u00edsticas.<\/p>\n","protected":false},"featured_media":4751,"template":"","meta":{"_joinchat":[]},"product_brand":[],"product_cat":[332,344],"product_tag":[],"class_list":{"0":"post-12616","1":"product","2":"type-product","3":"status-publish","4":"has-post-thumbnail","6":"product_cat-musica-y-artes","7":"product_cat-todos","9":"first","10":"instock","11":"sale","12":"shipping-taxable","13":"product-type-external"},"_links":{"self":[{"href":"https:\/\/cursos.talentup.cl\/index.php?rest_route=\/wp\/v2\/product\/12616","targetHints":{"allow":["GET"]}}],"collection":[{"href":"https:\/\/cursos.talentup.cl\/index.php?rest_route=\/wp\/v2\/product"}],"about":[{"href":"https:\/\/cursos.talentup.cl\/index.php?rest_route=\/wp\/v2\/types\/product"}],"version-history":[{"count":2,"href":"https:\/\/cursos.talentup.cl\/index.php?rest_route=\/wp\/v2\/product\/12616\/revisions"}],"predecessor-version":[{"id":14598,"href":"https:\/\/cursos.talentup.cl\/index.php?rest_route=\/wp\/v2\/product\/12616\/revisions\/14598"}],"wp:featuredmedia":[{"embeddable":true,"href":"https:\/\/cursos.talentup.cl\/index.php?rest_route=\/wp\/v2\/media\/4751"}],"wp:attachment":[{"href":"https:\/\/cursos.talentup.cl\/index.php?rest_route=%2Fwp%2Fv2%2Fmedia&parent=12616"}],"wp:term":[{"taxonomy":"product_brand","embeddable":true,"href":"https:\/\/cursos.talentup.cl\/index.php?rest_route=%2Fwp%2Fv2%2Fproduct_brand&post=12616"},{"taxonomy":"product_cat","embeddable":true,"href":"https:\/\/cursos.talentup.cl\/index.php?rest_route=%2Fwp%2Fv2%2Fproduct_cat&post=12616"},{"taxonomy":"product_tag","embeddable":true,"href":"https:\/\/cursos.talentup.cl\/index.php?rest_route=%2Fwp%2Fv2%2Fproduct_tag&post=12616"}],"curies":[{"name":"wp","href":"https:\/\/api.w.org\/{rel}","templated":true}]}}