{"id":12618,"date":"2023-01-10T04:40:55","date_gmt":"2023-01-10T07:40:55","guid":{"rendered":"https:\/\/cursos.talentup.cl\/?post_type=product&#038;p=12618"},"modified":"2024-02-07T23:37:56","modified_gmt":"2024-02-08T02:37:56","slug":"curso-de-autorretrato-en-carboncillo","status":"publish","type":"product","link":"https:\/\/cursos.talentup.cl\/?product=curso-de-autorretrato-en-carboncillo","title":{"rendered":"CURSO DE AUTORRETRATO EN CARBONCILLO"},"content":{"rendered":"<p>\u00bfSab\u00edas que los autorretratos es lo m\u00e1s demandado para un artista pl\u00e1stico?<\/p>\n<p>Con el MasterClass AUTORRETRATO EN CARBONCILLO, aprender\u00e1s las bases volum\u00e9tricas para realizar tu autorretrato o el de otras personas.<\/p>\n<p>\u00bfQU\u00c9 VAS A LOGRAR?<\/p>\n<p>Aprender\u00e1s que materiales se necesitan para desarrollar la t\u00e9cnica de carboncillo.<\/p>\n<p>Conocer\u00e1s historia del arte.<\/p>\n<p>Podr\u00e1s sacar diferentes tonalidades, en trama y difuminaci\u00f3n.<\/p>\n<p>Aprender\u00e1s volumetr\u00eda anat\u00f3mica del rostro humano.<\/p>\n<p>Aprender\u00e1s sobre composici\u00f3n fotogr\u00e1fica.<\/p>\n<p>Podr\u00e1s hacer tu autorretrato.<\/p>\n<p>Aprender\u00e1s la t\u00e9cnica para realizar cualquier retrato que te propongas.<\/p>\n<p>Acceder\u00e1s al certificado avalado por Hotmart y Seminarios Online.<\/p>\n<p>\u00bfC\u00d3MO LO VAS A LOGRAR?<\/p>\n<p>A trav\u00e9s del siguiente contenido, estructurado paso a paso:<\/p>\n<p>M\u00d3DULO 1 &#8211; FUNDAMENTACI\u00d3N TE\u00d3RICA<br \/>\nBienvenida e introducci\u00f3n.<br \/>\n\u00bfQu\u00e9 aprenderemos en este curso?<br \/>\nMi experiencia.<br \/>\nHistoria del arte I.<br \/>\nHistoria del arte II.<br \/>\n\u00bfQu\u00e9 es volumetr\u00eda?<br \/>\nEl autorretrato.<\/p>\n<p>M\u00d3DULO 2 &#8211; EJERCICIOS PR\u00c1CTICOS<br \/>\nMateriales.<br \/>\nT\u00e9cnicas de trazos carboncillo.<br \/>\nDibujando la esfera.<br \/>\nVolumetr\u00eda de la cabeza humana.<br \/>\nComo dibujar el ojo humano I.<br \/>\nComo dibujar el ojo humano II.<br \/>\nComo dibujar la nariz.<br \/>\nComo dibujar la boca humana.<br \/>\nEjercicios del cabello humano I.<br \/>\nEjercicios del cabello humano II.<br \/>\nLa foto para el retrato.<br \/>\nDibujando nuestro autorretrato.<br \/>\nPerfeccionando nuestro autorretrato.<\/p>\n<p>M\u00d3DULO 3 \u2013 MATERIAL ADICIONAL (BONOS)<br \/>\nBono 1. Como generar ingresos con dibujos de retratos.<\/p>\n<p>M\u00d3DULO 4 \u2013 VIDEO RESPUESTAS<br \/>\n\u00bfExiste el carboncillo de colores?<\/p>\n<p>M\u00d3DULO 5 \u2013 \u00bfC\u00d3MO OBTENER TU CERTIFICADO?<br \/>\n\u00bfC\u00f3mo obtener tu certificado?<\/p>\n<p>ACERCA DEL PRODUCTOR<\/p>\n<p>Desarrollado por ANDR\u00c9S FELIPE CORREA JIM\u00c9NEZ, cuya experiencia con el arte data desde la infancia, siempre ten\u00eda un cuaderno a la mano donde dibujaba toda clase de dibujos animados, despu\u00e9s se interes\u00f3 en la anatom\u00eda humana y ah\u00ed comenz\u00f3 su estudio.<\/p>\n<p>Creador del taller y galer\u00eda arte demente en la ciudad de Cali, Valle del Cauca.<br \/>\nGestor cultural del departamento del Valle.<br \/>\nCreador de semillero virtual de dibujo art\u00edstico y anat\u00f3mico arte demente.<br \/>\nEstudiante del instituto popular de cultura de Cali.<br \/>\nInstructor cultural de dibujo art\u00edstico en el proyecto red de monitores culturales.<br \/>\nTallerista de dibujo art\u00edstico en el departamento administrativo de arte y cultura de Tulu\u00e1.<\/p>\n","protected":false},"excerpt":{"rendered":"<p>\u00bfSab\u00edas que los autorretratos es lo m\u00e1s demandado para un artista pl\u00e1stico?<\/p>\n<p>Con el MasterClass AUTORRETRATO EN CARBONCILLO, aprender\u00e1s las bases volum\u00e9tricas para realizar tu autorretrato o el de otras personas.<\/p>\n","protected":false},"featured_media":4753,"template":"","meta":{"_joinchat":[]},"product_brand":[],"product_cat":[332,344],"product_tag":[],"class_list":{"0":"post-12618","1":"product","2":"type-product","3":"status-publish","4":"has-post-thumbnail","6":"product_cat-musica-y-artes","7":"product_cat-todos","9":"first","10":"instock","11":"sale","12":"shipping-taxable","13":"product-type-external"},"_links":{"self":[{"href":"https:\/\/cursos.talentup.cl\/index.php?rest_route=\/wp\/v2\/product\/12618","targetHints":{"allow":["GET"]}}],"collection":[{"href":"https:\/\/cursos.talentup.cl\/index.php?rest_route=\/wp\/v2\/product"}],"about":[{"href":"https:\/\/cursos.talentup.cl\/index.php?rest_route=\/wp\/v2\/types\/product"}],"version-history":[{"count":2,"href":"https:\/\/cursos.talentup.cl\/index.php?rest_route=\/wp\/v2\/product\/12618\/revisions"}],"predecessor-version":[{"id":14600,"href":"https:\/\/cursos.talentup.cl\/index.php?rest_route=\/wp\/v2\/product\/12618\/revisions\/14600"}],"wp:featuredmedia":[{"embeddable":true,"href":"https:\/\/cursos.talentup.cl\/index.php?rest_route=\/wp\/v2\/media\/4753"}],"wp:attachment":[{"href":"https:\/\/cursos.talentup.cl\/index.php?rest_route=%2Fwp%2Fv2%2Fmedia&parent=12618"}],"wp:term":[{"taxonomy":"product_brand","embeddable":true,"href":"https:\/\/cursos.talentup.cl\/index.php?rest_route=%2Fwp%2Fv2%2Fproduct_brand&post=12618"},{"taxonomy":"product_cat","embeddable":true,"href":"https:\/\/cursos.talentup.cl\/index.php?rest_route=%2Fwp%2Fv2%2Fproduct_cat&post=12618"},{"taxonomy":"product_tag","embeddable":true,"href":"https:\/\/cursos.talentup.cl\/index.php?rest_route=%2Fwp%2Fv2%2Fproduct_tag&post=12618"}],"curies":[{"name":"wp","href":"https:\/\/api.w.org\/{rel}","templated":true}]}}