{"id":12619,"date":"2023-01-10T04:40:55","date_gmt":"2023-01-10T07:40:55","guid":{"rendered":"https:\/\/cursos.talentup.cl\/?post_type=product&#038;p=12619"},"modified":"2024-02-07T23:37:56","modified_gmt":"2024-02-08T02:37:56","slug":"aprende-a-dibujar-desde-cero","status":"publish","type":"product","link":"https:\/\/cursos.talentup.cl\/?product=aprende-a-dibujar-desde-cero","title":{"rendered":"APRENDE A DIBUJAR DESDE CERO"},"content":{"rendered":"<p>\u00bfSab\u00edas que puedes aprender a dibujar desde cero de manera profesional?<\/p>\n<p>Con el MasterClass APRENDE A DIBUJAR DESDE CERO, crear\u00e1s desde lo m\u00e1s b\u00e1sico, tus dibujos creativos e influyentes, a trav\u00e9s de un m\u00e9todo f\u00e1cil, sencillo y r\u00e1pido.<\/p>\n<p>\u00bfQU\u00c9 VAS A LOGRAR?<\/p>\n<p>Descubrir\u00e1s lo f\u00e1cil que es aprender a dibujar cualquier objeto o figura humana siguiendo una metodolog\u00eda cien por ciento pr\u00e1ctica y sencilla y saldr\u00e1s con bases s\u00f3lidas para iniciarte con \u00e9xito en este maravilloso arte.<\/p>\n<p>Sabr\u00e1s exactamente que materiales usar, los colores adecuados, los l\u00e1pices, herramientas de dibujo, que material de hojas poder usar antes de dibujar, y como utiliza, para que tu dibujo pueda verse de un verdadero estilo profesional.<\/p>\n<p>Realizar\u00e1s las mejores combinaciones de colores para que tus dise\u00f1os sean \u00fanicos.<\/p>\n<p>Preparar\u00e1s tus l\u00e1pices, para dejarlos listos para empezar a colorear.<\/p>\n<p>Aprender\u00e1s a calcular los costos de tus dibujos y obras realizadas y cobrar por ellos.<\/p>\n<p>Generar\u00e1s ingresos vendiendo tus propias colecciones o dibujando alg\u00fan retrato para familiares, amigos y conocidos.<\/p>\n<p>Podr\u00e1s tener por fin tu negocio propio y altamente rentable. Adem\u00e1s, con la explicaci\u00f3n precisa para que sea f\u00e1cil y r\u00e1pido de montar, aprovechando la impresionante demanda que tienen en este momento los dibujos sobre hojas especializadas y \u00fanicas.<\/p>\n<p>Tendr\u00e1s videos con ejercicios de experimentaci\u00f3n, exploraci\u00f3n y creatividad.<\/p>\n<p>Acceder\u00e1s al certificado avalado por Hotmart y Seminarios Online.<\/p>\n<p>\u00bfC\u00d3MO LO VAS A LOGRAR?<\/p>\n<p>A trav\u00e9s del siguiente contenido, estructurado paso a paso:<\/p>\n<p>M\u00d3DULO 1 &#8211; INICIACI\u00d3N<\/p>\n<p>Saludo de bienvenida<br \/>\nMateriales a usar en el curso<\/p>\n<p>M\u00f3dulo 2 &#8211; Conocimiento de dibujos y preparaci\u00f3n del espacio de trabajo<\/p>\n<p>Explicaci\u00f3n de lo que es el dibujo<br \/>\nC\u00f3mo preparar la tabla de trabajo<br \/>\nOrganizaci\u00f3n de los materiales para el primer ejercicio<\/p>\n<p>M\u00d3DULO 3 \u2013 EJERCICIOS<\/p>\n<p>Ejercicio de l\u00edneas y ejercicio de ondas.<br \/>\nEjercicio para el dibujo.<br \/>\nAplicaci\u00f3n de colores y t\u00e9cnica plana.<br \/>\nEscala tonal.<br \/>\nExplicaci\u00f3n de luces y sombras.<\/p>\n<p>M\u00d3DULO 4 &#8211; PREPARACI\u00d3N DE COLORES<\/p>\n<p>\u00bfQu\u00e9 son colores fr\u00edos?<br \/>\n\u00bfQu\u00e9 son colores c\u00e1lidos?<br \/>\n\u00bfQu\u00e9 es el circulo crom\u00e1tico?<br \/>\n\u00bfC\u00f3mo combinar colores?<\/p>\n<p>M\u00d3DULO 5 &#8211; DIBUJANDO FIGURAS PLANAS EN ESCALA TONAL<\/p>\n<p>Introducci\u00f3n al m\u00f3dulo 5.<br \/>\nPreparaci\u00f3n para tu primer dibujo.<br \/>\nExplicaci\u00f3n del boceto.<br \/>\nDelineado del dibujo.<br \/>\nDetalles del dibujo.<br \/>\n\u00bfC\u00f3mo sacar punta a los l\u00e1pices?<br \/>\nDibujo a caricatura.<br \/>\nRecomendaciones finales.  <\/p>\n<p>M\u00d3DULO 6 &#8211; DIBUJANDO UN ROSTRO A GRAFITO<\/p>\n<p>Introducci\u00f3n m\u00f3dulo 6.<br \/>\nL\u00e1pices que utilizaras y herramientas.<br \/>\nEjercicios y explicaci\u00f3n de partes del rostro.<br \/>\nComo hacer el boceto para el rostro.<br \/>\nC\u00f3mo aplicar difumino en el rostro.<br \/>\nAplicaci\u00f3n de luces y sombras.<br \/>\nTerminado de rostro a grafito.<\/p>\n<p>M\u00d3DULO 7 &#8211; COLOREANDO UN ROSTRO<\/p>\n<p>Materiales para dibujo a color.<br \/>\nAplicando boceto en la hoja.<br \/>\nUtilizando colores primarios al rostro.<br \/>\nUtilizando colores secundarios.<br \/>\nDetalles para el coloreado del dibujo.<br \/>\nFinalizaci\u00f3n.<\/p>\n<p>M\u00d3DULO 8 \u2013 MATERIAL ADICIONAL (BONOS)<\/p>\n<p>Bono 1: Bocetos de Rostros para Practicar (PDF).<br \/>\nBono 2: Consejo a la hora de aplicar los colores perfectamente (PDF).<br \/>\nBono 3: Como utilizar la cuadricula.<br \/>\nBono 4: T\u00e9cnica de como dibujar al realismo.<br \/>\nBono 5: Dibujo de caricatura al ojo.                                      <\/p>\n<p>M\u00d3DULO 9 \u2013 VIDEO RESPUESTAS<\/p>\n<p>\u00bfComo hacer un buen dibujo?<br \/>\n\u00bfComo se empieza a dibujar?<br \/>\n\u00bfCu\u00e1ntas horas debo dedicar a mis dibujos?<br \/>\n\u00bfQue deber\u00edamos dibujar?<br \/>\n\u00bfSe deben utilizar todas las herramientas?<\/p>\n<p>M\u00d3DULO 10 \u2013 \u00bfC\u00d3MO OBTENER TU CERTIFICADO?<\/p>\n<p>\u00bfC\u00f3mo obtener tu certificado?<\/p>\n<p>ACERCA DEL PRODUCTOR<\/p>\n<p>Desarrollado por EDWARD LUIS CAMPUSANO, profesional altamente calificado, con una experiencia de m\u00e1s de 7 a\u00f1os en lo que son las artes pl\u00e1sticas. Reconocido por varias instituciones nacionales y por proyectos que han hecho a nivel internacional por instituciones juveniles.<\/p>\n<p>Emprendedor, entusiasta, perseverante, dedicado y apasionado. Es un gran estudiante de lo que son la mayor\u00eda de las obras de arte a nivel de cada rama especial, como puede ser la pintura, escultura, m\u00fasica y literatura.<\/p>\n<p>Posee un alto dominio en las habilidades para poder crear una obra de arte de manera muy profesional<\/p>\n","protected":false},"excerpt":{"rendered":"<p>\u00bfSab\u00edas que puedes aprender a dibujar desde cero de manera profesional?<\/p>\n<p>Con el MasterClass APRENDE A DIBUJAR DESDE CERO, crear\u00e1s desde lo m\u00e1s b\u00e1sico, tus dibujos creativos e influyentes, a trav\u00e9s de un m\u00e9todo f\u00e1cil, sencillo y r\u00e1pido.<\/p>\n","protected":false},"featured_media":4754,"template":"","meta":{"_joinchat":[]},"product_brand":[],"product_cat":[332,344],"product_tag":[],"class_list":{"0":"post-12619","1":"product","2":"type-product","3":"status-publish","4":"has-post-thumbnail","6":"product_cat-musica-y-artes","7":"product_cat-todos","9":"first","10":"instock","11":"sale","12":"shipping-taxable","13":"product-type-external"},"_links":{"self":[{"href":"https:\/\/cursos.talentup.cl\/index.php?rest_route=\/wp\/v2\/product\/12619","targetHints":{"allow":["GET"]}}],"collection":[{"href":"https:\/\/cursos.talentup.cl\/index.php?rest_route=\/wp\/v2\/product"}],"about":[{"href":"https:\/\/cursos.talentup.cl\/index.php?rest_route=\/wp\/v2\/types\/product"}],"version-history":[{"count":2,"href":"https:\/\/cursos.talentup.cl\/index.php?rest_route=\/wp\/v2\/product\/12619\/revisions"}],"predecessor-version":[{"id":14601,"href":"https:\/\/cursos.talentup.cl\/index.php?rest_route=\/wp\/v2\/product\/12619\/revisions\/14601"}],"wp:featuredmedia":[{"embeddable":true,"href":"https:\/\/cursos.talentup.cl\/index.php?rest_route=\/wp\/v2\/media\/4754"}],"wp:attachment":[{"href":"https:\/\/cursos.talentup.cl\/index.php?rest_route=%2Fwp%2Fv2%2Fmedia&parent=12619"}],"wp:term":[{"taxonomy":"product_brand","embeddable":true,"href":"https:\/\/cursos.talentup.cl\/index.php?rest_route=%2Fwp%2Fv2%2Fproduct_brand&post=12619"},{"taxonomy":"product_cat","embeddable":true,"href":"https:\/\/cursos.talentup.cl\/index.php?rest_route=%2Fwp%2Fv2%2Fproduct_cat&post=12619"},{"taxonomy":"product_tag","embeddable":true,"href":"https:\/\/cursos.talentup.cl\/index.php?rest_route=%2Fwp%2Fv2%2Fproduct_tag&post=12619"}],"curies":[{"name":"wp","href":"https:\/\/api.w.org\/{rel}","templated":true}]}}