{"id":12623,"date":"2023-01-10T04:40:56","date_gmt":"2023-01-10T07:40:56","guid":{"rendered":"https:\/\/cursos.talentup.cl\/?post_type=product&#038;p=12623"},"modified":"2024-02-07T23:37:58","modified_gmt":"2024-02-08T02:37:58","slug":"inicia-tu-negocio-de-acabados-artisticos-en-paredes","status":"publish","type":"product","link":"https:\/\/cursos.talentup.cl\/?product=inicia-tu-negocio-de-acabados-artisticos-en-paredes","title":{"rendered":"INICIA TU NEGOCIO DE ACABADOS ART\u00cdSTICOS EN PAREDES"},"content":{"rendered":"<p>\u00bfQuieres impactar a las personas con espacios que solo generen prosperidad y belleza?<\/p>\n<p>Con el Master Class INICIA TU NEGOCIO DE ACABADOS ART\u00cdSTICOS EN PAREDES, dise\u00f1ar\u00e1s y pintar\u00e1s con prop\u00f3sitos definidos, para impactar y transformar estilos de vida.<\/p>\n<p>\u00bfQU\u00c9 VAS A LOGRAR?<\/p>\n<p>Conocer\u00e1s el potencial que existe en la ejecuci\u00f3n de acabados art\u00edsticos en paredes como forma de generar ingresos e impactar positivamente la vida de otros.<\/p>\n<p>Conocer\u00e1s e identificar\u00e1s tus clientes potenciales, aliados estrat\u00e9gicos y las oportunidades de negocio emergentes.<\/p>\n<p>Emplear\u00e1s de manera consciente recursos como la luz, el color, los contrastes, para lograr efectos asombrosos.<\/p>\n<p>Ejecutar\u00e1s conmigo m\u00e1s de 10 t\u00e9cnicas ense\u00f1adas paso a paso, para combinar de forma infinita, y que te ayudar\u00e1n a crear tu portafolio de arranque.<\/p>\n<p>Imitar\u00e1s texturas, \u00f3xidos, transparencias, envejecidos, elementos org\u00e1nicos.<\/p>\n<p>Crear\u00e1s franjas verticales y horizontales de diversos estilos, aplicando mis trucos y m\u00e9todos.<\/p>\n<p>Elaborar\u00e1s tu portafolio de arranque para ofrecer tus servicios de inmediato.<\/p>\n<p>Aprender\u00e1s c\u00f3mo elegir, calcular y comprar la pintura necesaria para tus proyectos de acuerdo al \u00e1rea de dise\u00f1o, y c\u00f3mo crear infinitas combinaciones.<\/p>\n<p>Conocer\u00e1s c\u00f3mo afectan los colores en los estados de \u00e1nimo y c\u00f3mo han sido utilizado por diferentes artistas para generar experiencias memorables.<\/p>\n<p>Aprender\u00e1s a dise\u00f1ar y pintar con prop\u00f3sitos definidos, para impactar y transformar estilos de vida.<\/p>\n<p>Analizar\u00e1s el espacio, y desarrollar tus proyectos pensando en los clientes y usuarios de las \u00e1reas.<\/p>\n<p>Conocer\u00e1s materiales e implementos convencionales y no convencionales que te har\u00e1n explotar la mente con nuevas ideas.<\/p>\n<p>Acceder\u00e1s al certificado avalado por Hotmart y Seminarios Online.<\/p>\n<p>\u00bfC\u00d3MO LO VAS A LOGRAR?<\/p>\n<p>A trav\u00e9s del siguiente contenido, estructurado paso a paso:<\/p>\n<p>M\u00d3DULO 1 &#8211; EL POTENCIAL DE TU NUEVO NEGOCIO<\/p>\n<p>\u00bfPor qu\u00e9 es rentable el negocio de acabados art\u00edsticos de paredes?<br \/>\n\u00bfD\u00f3nde est\u00e1n tus clientes potenciales?<br \/>\nIdentifica tus aliados estrat\u00e9gicos.<\/p>\n<p>M\u00d3DULO 2 &#8211; \u00bfPOR QU\u00c9 INTERVENIR PAREDES?<\/p>\n<p>De aqu\u00ed nace el inter\u00e9s en paredes.<br \/>\nTe comparto mis referencias.<br \/>\nC\u00f3mo te invitan los artistas a ser parte de sus obras.<br \/>\nExaltar el sentido del merecimiento.<br \/>\nEl poder transformador tu negocio con paredes.<\/p>\n<p>M\u00d3DULO 3 &#8211; LA FUNCIONALIDAD DE LOS ESPACIOS<\/p>\n<p>An\u00e1lisis: mural versus cuadro.<br \/>\nEl estudio de los espacios y usuarios.<br \/>\nC\u00f3mo medir las paredes.<\/p>\n<p>M\u00d3DULO 4 &#8211; EL ESTUDIO DE LA LUZ Y EL COLOR<\/p>\n<p>Conceptos para aplicaci\u00f3n de la luz y el color.<br \/>\nTemperatura y paleta de colores.<br \/>\nLos colores en la decoraci\u00f3n.<br \/>\nEstudio de la iluminaci\u00f3n.<\/p>\n<p>M\u00d3DULO 5 &#8211; C\u00d3MO LLEGA LA PINTURA A LAS PAREDES<\/p>\n<p>Caja de herramientas.<br \/>\nEl uso de rodillos.<br \/>\nImplementos no convencionales.<br \/>\nC\u00f3mo calcular la cantidad de pintura.<br \/>\nTipos de pinturas.<br \/>\nPrepara tu \u00e1rea de trabajo.<\/p>\n<p>M\u00d3DULO 6 &#8211; PROYECTO PR\u00c1CTICO 1: EL MURAL DE T\u00c9CNICAS<\/p>\n<p>Preparaci\u00f3n de colores.<br \/>\nPreparaci\u00f3n de soporte y t\u00e9cnica 1.<br \/>\nT\u00e9cnicas 2, 3 y 4: Trapeado rodado, brocha seca y trazos con esponja.<br \/>\nT\u00e9cnica 5: Transparencia de estrella.<\/p>\n<p>M\u00d3DULO 7 &#8211; PROYECTO PR\u00c1CTICO 2: GALER\u00cdA DE FRANJAS<\/p>\n<p>Galer\u00eda de franjas parte 1. Trazado de verticales y horizontales.<br \/>\nGaler\u00eda de franjas parte 2.<\/p>\n<p>M\u00d3DULO 8 &#8211; PROYECTO PR\u00c1CTICO 3: EFECTO OXIDADO<\/p>\n<p>Efecto oxidado Parte 1.<br \/>\nEfecto oxidado Parte 2.<\/p>\n<p>M\u00d3DULO 9 &#8211; JORNADA CREATIVA<\/p>\n<p>Dise\u00f1a y desarrolla tu jornada de trabajo efectiva.<br \/>\n\u00bfDe d\u00f3nde sale la creatividad? Aprende a mirar y coleccionar ideas.<br \/>\nLa an\u00e9cdota del arbolito en mi set.<\/p>\n<p>M\u00d3DULO 10 &#8211; RESUMEN A VUELO DE P\u00c1JARO<\/p>\n<p>Vamos a un vuelo de p\u00e1jaro por lo que hemos aprendido.<\/p>\n<p>M\u00d3DULO 11 &#8211; MATERIAL ADICIONAL (BONOS)<\/p>\n<p>Bono 1: Gu\u00eda para levantamiento de informaci\u00f3n esencial en sitio.<br \/>\nBono 2: C\u00f3mo realizar un presupuesto de tu obra.<br \/>\nBono 3: Cartas de colores y c\u00f3digos.<\/p>\n<p>M\u00d3DULO 12 \u2013 VIDEO RESPUESTAS<\/p>\n<p>\u00bfC\u00f3mo crear contrastes en mis dise\u00f1os?<br \/>\n\u00bfC\u00f3mo trasladar a la pared mi dise\u00f1o a escala?<br \/>\n\u00bfCu\u00e1l es la manera de usar colores oscuros?<\/p>\n<p>M\u00d3DULO 13 \u2013 \u00bfC\u00d3MO OBTENER TU CERTIFICADO?<\/p>\n<p>\u00bfC\u00f3mo obtener tu certificado?<\/p>\n<p>ACERCA DE LA PRODUCTORA<\/p>\n<p>Desarrollado por LETICIA QUI\u00d1ONES PONS, quien hered\u00f3 la pasi\u00f3n por las artes de su madre, y se contagi\u00f3 cuando recibi\u00f3 sus primeras influencias art\u00edsticas en escuelas de arte, exposiciones, libros y las propias obras que emerg\u00edan en los talleres de su casa.<\/p>\n<p>Su pasi\u00f3n por la pintura con \u00abbrocha gorda\u201d inici\u00f3 cuando se encontr\u00f3 con las paredes blancas de su departamento de casada. A partir de all\u00ed, se apasion\u00f3 por transformar sus espacios, a los que fueron sum\u00e1ndose los de familiares, espacios empresariales y los clientes que han encontrado en ella la habilidad de enriquecer sus espacios y marcas.<\/p>\n<p>Su curiosidad e inter\u00e9s por imitar texturas, por realizar dise\u00f1os que se adapten a los estilos de vida de los usuarios, le han conferido la capacidad de transformar ambientes interiores y exteriores, atendiendo las necesidades de los usuarios y clientes, pero aplicando lo que llama su \u00abtoque de mano\u00bb, para lo cual valen los implementos convencionales, o cualquier objeto que se proponga para un acabado art\u00edstico.<br \/>\nA la par, su carrera en el capo de la Ingenier\u00eda Mec\u00e1nica e Industrial, le otorga nuevas \u00f3pticas de los procesos, para hacerlos m\u00e1s efectivos y replicables. Y como asesora de negocios y marketing digital, est\u00e1 empe\u00f1ada en proveer a sus alumnos herramientas para convertir sus pasiones en maneras recurrentes de ingresos.<\/p>\n<p>Arte, procesos, m\u00e9todos, an\u00e1lisis, creatividad, pasi\u00f3n, experiencia. todo esto a tu disposici\u00f3n para que desarrolles una actividad creativa, rentable Y QUE TE HAGA EL CAMINO M\u00c1S FELIZ<\/p>\n","protected":false},"excerpt":{"rendered":"<p>\u00bfQuieres impactar a las personas con espacios que solo generen prosperidad y belleza?<\/p>\n<p>Con el Master Class INICIA TU NEGOCIO DE ACABADOS ART\u00cdSTICOS EN PAREDES, dise\u00f1ar\u00e1s y pintar\u00e1s con prop\u00f3sitos definidos, para impactar y transformar estilos de vida.<\/p>\n","protected":false},"featured_media":4759,"template":"","meta":{"_joinchat":[]},"product_brand":[],"product_cat":[332,344],"product_tag":[],"class_list":{"0":"post-12623","1":"product","2":"type-product","3":"status-publish","4":"has-post-thumbnail","6":"product_cat-musica-y-artes","7":"product_cat-todos","9":"first","10":"instock","11":"sale","12":"shipping-taxable","13":"product-type-external"},"_links":{"self":[{"href":"https:\/\/cursos.talentup.cl\/index.php?rest_route=\/wp\/v2\/product\/12623","targetHints":{"allow":["GET"]}}],"collection":[{"href":"https:\/\/cursos.talentup.cl\/index.php?rest_route=\/wp\/v2\/product"}],"about":[{"href":"https:\/\/cursos.talentup.cl\/index.php?rest_route=\/wp\/v2\/types\/product"}],"version-history":[{"count":2,"href":"https:\/\/cursos.talentup.cl\/index.php?rest_route=\/wp\/v2\/product\/12623\/revisions"}],"predecessor-version":[{"id":14605,"href":"https:\/\/cursos.talentup.cl\/index.php?rest_route=\/wp\/v2\/product\/12623\/revisions\/14605"}],"wp:featuredmedia":[{"embeddable":true,"href":"https:\/\/cursos.talentup.cl\/index.php?rest_route=\/wp\/v2\/media\/4759"}],"wp:attachment":[{"href":"https:\/\/cursos.talentup.cl\/index.php?rest_route=%2Fwp%2Fv2%2Fmedia&parent=12623"}],"wp:term":[{"taxonomy":"product_brand","embeddable":true,"href":"https:\/\/cursos.talentup.cl\/index.php?rest_route=%2Fwp%2Fv2%2Fproduct_brand&post=12623"},{"taxonomy":"product_cat","embeddable":true,"href":"https:\/\/cursos.talentup.cl\/index.php?rest_route=%2Fwp%2Fv2%2Fproduct_cat&post=12623"},{"taxonomy":"product_tag","embeddable":true,"href":"https:\/\/cursos.talentup.cl\/index.php?rest_route=%2Fwp%2Fv2%2Fproduct_tag&post=12623"}],"curies":[{"name":"wp","href":"https:\/\/api.w.org\/{rel}","templated":true}]}}