{"id":12625,"date":"2023-01-10T04:40:56","date_gmt":"2023-01-10T07:40:56","guid":{"rendered":"https:\/\/cursos.talentup.cl\/?post_type=product&#038;p=12625"},"modified":"2024-02-07T23:37:58","modified_gmt":"2024-02-08T02:37:58","slug":"teclas-entrenamiento-para-pianistas","status":"publish","type":"product","link":"https:\/\/cursos.talentup.cl\/?product=teclas-entrenamiento-para-pianistas","title":{"rendered":"TECLAS: ENTRENAMIENTO PARA PIANISTAS"},"content":{"rendered":"<p>\u00bfSiempre so\u00f1aste tocar el piano, pero te parec\u00eda dif\u00edcil?<\/p>\n<p>Con el Master Class TECLAS ENTRENAMIENTO PARA PIANISTAS, aprender\u00e1s de forma sustancial los fundamentos pr\u00e1cticos y te\u00f3ricos para desenvolverte como un m\u00fasico pianista.<\/p>\n<p>\u00bfQU\u00c9 VAS A LOGRAR?<\/p>\n<p>Te consolidar\u00e1s como pianista obteniendo s\u00f3lidas bases te\u00f3ricas y pr\u00e1cticas. <\/p>\n<p>Aprender\u00e1s a leer ritmos y notas en el pentagrama. <\/p>\n<p>Obtendr\u00e1s mejora y dominio en el movimiento de tus dedos, lo cual te permitir\u00e1 tocar diversas canciones. <\/p>\n<p>Aprender\u00e1s a formar escalas mayores, menores y acordes de cualquier tipo; estos ser\u00e1n recursos realmente \u00fatiles a la hora de tocar canciones. <\/p>\n<p>Entender\u00e1s qu\u00e9 es la m\u00fasica, cu\u00e1les son los elementos que la conforman y por qu\u00e9 para nosotros como pianistas es importante saber integrarlos.<\/p>\n<p>Aumentar\u00e1s notablemente tu conexi\u00f3n y sensibilidad con la m\u00fasica.<\/p>\n<p>Acceder\u00e1s al certificado avalado por Hotmart y Seminarios Online.<\/p>\n<p>\u00bfC\u00d3MO LO VAS A LOGRAR?<\/p>\n<p>A trav\u00e9s del siguiente contenido, estructurado paso a paso:<\/p>\n<p>M\u00d3DULO 1 &#8211; FUNDAMENTOS<\/p>\n<p>Introducci\u00f3n.<br \/>\n\u00bfQu\u00e9 es la m\u00fasica?<br \/>\nNuestro instrumento.<\/p>\n<p>M\u00d3DULO 2 &#8211; GENERACI\u00d3N DE MELOD\u00cdAS<\/p>\n<p>\u00bfQu\u00e9 es la melod\u00eda?<br \/>\nNotas en el piano.<br \/>\nDistancia entre notas.<br \/>\nEscalas.<br \/>\nSintiendo las escalas.<br \/>\nAplicaci\u00f3n y ejecuci\u00f3n de escalas.<br \/>\nEjercicios de digitaci\u00f3n.<br \/>\nTest N\u00b01.<\/p>\n<p>M\u00d3DULO 3 &#8211; ENTRENAMIENTO R\u00cdTMICO<\/p>\n<p>\u00bfQu\u00e9 es el ritmo?<br \/>\nFiguras r\u00edtmicas.<br \/>\nM\u00e9todo aire\/tierra.<br \/>\nAplicaci\u00f3n: M\u00e9todo aire\/tierra.<br \/>\nM\u00e9todo mnem\u00f3nico.<br \/>\nAplicaci\u00f3n: M\u00e9todo mnem\u00f3nico.<br \/>\nTest N\u00b02.<\/p>\n<p>M\u00d3DULO 4 &#8211; FUNDAMENTOS DE LA LECTURA MUSICAL<\/p>\n<p>Lectura musical<br \/>\nAplicaci\u00f3n: Himno de la alegr\u00eda.<br \/>\nEjercicios \u2013 Hanon.<\/p>\n<p>M\u00d3DULO 5 &#8211; ARMON\u00cdA MUSICAL<\/p>\n<p>Armon\u00eda y acordes.<br \/>\nInversiones.<br \/>\nImplementaci\u00f3n (Parte 1).<br \/>\nAplicaci\u00f3n: Himno de la alegr\u00eda II.<br \/>\nAcordes especiales.<br \/>\nImplementaci\u00f3n (Parte 2).<br \/>\nImplementaci\u00f3n (Parte 3).<br \/>\nTest N\u00b03<br \/>\nCanci\u00f3n: Feliz cumplea\u00f1os.<\/p>\n<p>M\u00d3DULO 6 \u2013 METERIAL ADICIONAL (BONOS)<\/p>\n<p>E-book: Teclas.<br \/>\nMasterclass: La m\u00fasica y las emociones.<\/p>\n<p>M\u00d3DULO 7 \u2013 VIDEO RESPUESTAS<\/p>\n<p>\u00bfCu\u00e1nto tiempo demora aprender piano?<br \/>\n\u00bfEs necesario tener un teclado?<br \/>\n\u00bfProblemas por manos peque\u00f1as?<br \/>\n\u00bfProblemas con el control en los dedos?<\/p>\n<p>M\u00d3DULO 8 &#8211; \u00bfC\u00d3MO OBTENER TU CERTIFICADO?<\/p>\n<p>\u00bfC\u00f3mo obtener tu certificado?<\/p>\n<p>ACERCA DEL PRODUCTOR<\/p>\n<p>Desarrollado por ROBERTO S\u00c1NCHEZ, m\u00e1s que m\u00fasico, amante de la m\u00fasica. <\/p>\n<p>Un pianista con m\u00e1s de 8 a\u00f1os de experiencia, formado por m\u00faltiples m\u00fasicos de alto nivel, te llevar\u00e1 de la mano a tocar y leer tus primeras canciones.<\/p>\n","protected":false},"excerpt":{"rendered":"<p>\u00bfSiempre so\u00f1aste tocar el piano, pero te parec\u00eda dif\u00edcil?<\/p>\n<p>Con el Master Class TECLAS ENTRENAMIENTO PARA PIANISTAS, aprender\u00e1s de forma sustancial los fundamentos pr\u00e1cticos y te\u00f3ricos para desenvolverte como un m\u00fasico pianista.<\/p>\n","protected":false},"featured_media":4761,"template":"","meta":{"_joinchat":[]},"product_brand":[],"product_cat":[332,344],"product_tag":[],"class_list":{"0":"post-12625","1":"product","2":"type-product","3":"status-publish","4":"has-post-thumbnail","6":"product_cat-musica-y-artes","7":"product_cat-todos","9":"first","10":"instock","11":"sale","12":"shipping-taxable","13":"product-type-external"},"_links":{"self":[{"href":"https:\/\/cursos.talentup.cl\/index.php?rest_route=\/wp\/v2\/product\/12625","targetHints":{"allow":["GET"]}}],"collection":[{"href":"https:\/\/cursos.talentup.cl\/index.php?rest_route=\/wp\/v2\/product"}],"about":[{"href":"https:\/\/cursos.talentup.cl\/index.php?rest_route=\/wp\/v2\/types\/product"}],"version-history":[{"count":2,"href":"https:\/\/cursos.talentup.cl\/index.php?rest_route=\/wp\/v2\/product\/12625\/revisions"}],"predecessor-version":[{"id":14607,"href":"https:\/\/cursos.talentup.cl\/index.php?rest_route=\/wp\/v2\/product\/12625\/revisions\/14607"}],"wp:featuredmedia":[{"embeddable":true,"href":"https:\/\/cursos.talentup.cl\/index.php?rest_route=\/wp\/v2\/media\/4761"}],"wp:attachment":[{"href":"https:\/\/cursos.talentup.cl\/index.php?rest_route=%2Fwp%2Fv2%2Fmedia&parent=12625"}],"wp:term":[{"taxonomy":"product_brand","embeddable":true,"href":"https:\/\/cursos.talentup.cl\/index.php?rest_route=%2Fwp%2Fv2%2Fproduct_brand&post=12625"},{"taxonomy":"product_cat","embeddable":true,"href":"https:\/\/cursos.talentup.cl\/index.php?rest_route=%2Fwp%2Fv2%2Fproduct_cat&post=12625"},{"taxonomy":"product_tag","embeddable":true,"href":"https:\/\/cursos.talentup.cl\/index.php?rest_route=%2Fwp%2Fv2%2Fproduct_tag&post=12625"}],"curies":[{"name":"wp","href":"https:\/\/api.w.org\/{rel}","templated":true}]}}