{"id":12626,"date":"2023-01-10T04:40:56","date_gmt":"2023-01-10T07:40:56","guid":{"rendered":"https:\/\/cursos.talentup.cl\/?post_type=product&#038;p=12626"},"modified":"2024-02-07T23:37:58","modified_gmt":"2024-02-08T02:37:58","slug":"digitaliza-tu-negocio-musical","status":"publish","type":"product","link":"https:\/\/cursos.talentup.cl\/?product=digitaliza-tu-negocio-musical","title":{"rendered":"DIGITALIZA TU NEGOCIO MUSICAL"},"content":{"rendered":"<p>\u00bfQuieres aprender a crear y comercializar productos digitales en base a tus conocimientos musicales?<\/p>\n<p>Con el Master Class DIGITALIZA TU NEGOCIO MUSICAL, mostrar\u00e1s tu arte, productos o servicios musicales por medio de productos digitales, impactanto a muchas personas.<\/p>\n<p>\u00bfQU\u00c9 VAS A LOGRAR?<\/p>\n<p>Conocer\u00e1s los distintos tipos de productos digitales que puedes crear para tu emprendimiento o conocimiento en la m\u00fasica.<\/p>\n<p>Crear\u00e1s productos digitales dentro de la m\u00fasica.<\/p>\n<p>Aprender\u00e1s los elementos y herramientas que necesitas para lograr crear productos digitales.<\/p>\n<p>Entender\u00e1s como mostrarlos en internet y las herramientas que existe para darlos a conocer.<\/p>\n<p>Comercializar\u00e1s tus productos en las distintas plataformas que existen en internet y poder tener la oportunidad de aumentar tus ingresos, y dejar de depender de un sitio f\u00edsico.<\/p>\n<p>Mostrar\u00e1s tu arte, productos, servicios musicales por medio de productos digitales y llegar a muchas personas.<\/p>\n<p>Acceder\u00e1s al certificado avalado por Hotmart y Seminarios Online.<\/p>\n<p>\u00bfC\u00d3MO LO VAS A LOGRAR?<\/p>\n<p>A trav\u00e9s del siguiente contenido, estructurado paso a paso:<\/p>\n<p>M\u00d3DULO 1 &#8211; DIGITALIZA TU NEGOCIO MUSICAL<\/p>\n<p>Bienvenida.<br \/>\nRecomendaciones.<br \/>\n\u00bfQu\u00e9 significa digitalizar tu negocio?<\/p>\n<p>M\u00d3DULO 2 &#8211; APRENDIENDO M\u00c1S ACERCA DE LOS PRODUCTOS DIGITALES<\/p>\n<p>\u00bfQu\u00e9 son los productos digitales?<br \/>\nElementos de tu producto digital.<br \/>\n\u00bfQu\u00e9 es un e-book?<br \/>\n\u00bfQu\u00e9 es un podcast?<br \/>\nCursos pregrabados vs. cursos en vivo.<br \/>\nPlantillas.<\/p>\n<p>M\u00d3DULO 3 &#8211; C\u00d3MO CREAR ESTOS PRODUCTOS DIGITALES<\/p>\n<p>Creando e-books con power point.<br \/>\nC\u00f3mo crear e-books con otras plataformas.<br \/>\nRecomendaciones para crear tu e-book y otros productos digitales.<br \/>\nC\u00f3mo crear un podcast con contenido musical.<br \/>\nElementos para tus cursos digitales.<br \/>\nHerramientas para crear tus cursos digitales.<br \/>\nC\u00f3mo editar tus cursos pregrabados.<br \/>\nC\u00f3mo crear plantillas en base a la m\u00fasica.<\/p>\n<p>M\u00d3DULO 4 &#8211; UTILIZANDO LAS REDES SOCIALES PARA DAR A CONOCER TU NEGOCIO MUSICAL<\/p>\n<p>Mostrando nuestros productos digitales en Instagram.<br \/>\nMostrando nuestros productos digitales en YouTube.<br \/>\nPromociona productos digitales por medio de LinkedIn.<br \/>\nHerramientas para crear contenido en tus redes sociales (canva, inshot).<br \/>\nC\u00f3mo programar tu contenido en redes sociales.<\/p>\n<p>M\u00d3DULO 5 &#8211; PLATAFORMAS DONDE PUEDES COMERCIALIZAR TU NEGOCIO MUSICAL<\/p>\n<p>Hotmart y sus beneficios.<br \/>\nApal\u00e1ncate de otras personas, marketing de afiliados.<br \/>\nMuestra tu producto digital en seminarios online.<br \/>\nPanzofi y sus beneficios.<\/p>\n<p>M\u00d3DULO 6 \u2013 MATERIAL ADICIONAL (BONOS)<\/p>\n<p>E-book sobre marca personal en tu negocio musical.<br \/>\nE-book digitaliza tu negocio musical y cultural.<br \/>\nPlantilla organiza tu tiempo para crear tu producto digital.<\/p>\n<p>M\u00d3DULO 7 \u2013 VIDEO RESPUESTAS<\/p>\n<p>\u00bfPor qu\u00e9 crear un producto digital?<br \/>\n\u00bfCu\u00e1l es la diferencia entre Hotmart y Panzofi?<br \/>\n\u00bfPuedo editar con otros programas aparte de Adobe Premiere Pro?<\/p>\n<p>M\u00d3DULO 8 &#8211; DESPEDIDA<\/p>\n<p>Despedida<\/p>\n<p>M\u00d3DULO 9 &#8211; \u00bfC\u00d3MO OBTENER TU CERTIFICADO?<\/p>\n<p>\u00bfC\u00f3mo obtener tu certificado?<\/p>\n<p>ACERCA DE LA PRODUCTORA<\/p>\n<p>Desarrollado por SANDRA DIAZ, profesional en administraci\u00f3n de empresas y marketing digital, ha realizado muchas estrategias digitales desde hace m\u00e1s de 8 a\u00f1os, por distintos medios. <\/p>\n<p>Lo ha hecho para empresas, para m\u00fasicos y personas que est\u00e1n creando sus propias marcas, en distintos pa\u00edses como Indonesia, Alemania y Colombia.  <\/p>\n<p>Ha promocionado m\u00e1s de 200 m\u00fasicos por medios digitales tanto latinos como de Francia, Espa\u00f1a, Colombia y otros pa\u00edses. <\/p>\n<p>Creadora de productos digitales con gran \u00e9xito.<\/p>\n","protected":false},"excerpt":{"rendered":"<p>\u00bfQuieres aprender a crear y comercializar productos digitales en base a tus conocimientos musicales?<\/p>\n<p>Con el Master Class DIGITALIZA TU NEGOCIO MUSICAL, mostrar\u00e1s tu arte, productos o servicios musicales por medio de productos digitales, impactanto a muchas personas.<\/p>\n","protected":false},"featured_media":4762,"template":"","meta":{"_joinchat":[]},"product_brand":[],"product_cat":[332,344],"product_tag":[],"class_list":{"0":"post-12626","1":"product","2":"type-product","3":"status-publish","4":"has-post-thumbnail","6":"product_cat-musica-y-artes","7":"product_cat-todos","9":"first","10":"instock","11":"sale","12":"shipping-taxable","13":"product-type-external"},"_links":{"self":[{"href":"https:\/\/cursos.talentup.cl\/index.php?rest_route=\/wp\/v2\/product\/12626","targetHints":{"allow":["GET"]}}],"collection":[{"href":"https:\/\/cursos.talentup.cl\/index.php?rest_route=\/wp\/v2\/product"}],"about":[{"href":"https:\/\/cursos.talentup.cl\/index.php?rest_route=\/wp\/v2\/types\/product"}],"version-history":[{"count":2,"href":"https:\/\/cursos.talentup.cl\/index.php?rest_route=\/wp\/v2\/product\/12626\/revisions"}],"predecessor-version":[{"id":14608,"href":"https:\/\/cursos.talentup.cl\/index.php?rest_route=\/wp\/v2\/product\/12626\/revisions\/14608"}],"wp:featuredmedia":[{"embeddable":true,"href":"https:\/\/cursos.talentup.cl\/index.php?rest_route=\/wp\/v2\/media\/4762"}],"wp:attachment":[{"href":"https:\/\/cursos.talentup.cl\/index.php?rest_route=%2Fwp%2Fv2%2Fmedia&parent=12626"}],"wp:term":[{"taxonomy":"product_brand","embeddable":true,"href":"https:\/\/cursos.talentup.cl\/index.php?rest_route=%2Fwp%2Fv2%2Fproduct_brand&post=12626"},{"taxonomy":"product_cat","embeddable":true,"href":"https:\/\/cursos.talentup.cl\/index.php?rest_route=%2Fwp%2Fv2%2Fproduct_cat&post=12626"},{"taxonomy":"product_tag","embeddable":true,"href":"https:\/\/cursos.talentup.cl\/index.php?rest_route=%2Fwp%2Fv2%2Fproduct_tag&post=12626"}],"curies":[{"name":"wp","href":"https:\/\/api.w.org\/{rel}","templated":true}]}}