{"id":12627,"date":"2023-01-10T04:40:56","date_gmt":"2023-01-10T07:40:56","guid":{"rendered":"https:\/\/cursos.talentup.cl\/?post_type=product&#038;p=12627"},"modified":"2024-02-07T23:37:58","modified_gmt":"2024-02-08T02:37:58","slug":"en-la-silla-magica-barber-kids","status":"publish","type":"product","link":"https:\/\/cursos.talentup.cl\/?product=en-la-silla-magica-barber-kids","title":{"rendered":"EN LA SILLA M\u00c1GICA BARBER KIDS"},"content":{"rendered":"<p>\u00bfHas pensado en crear tu propia barber\u00eda para ni\u00f1os?<\/p>\n<p>Con el Master Class EN LA SILLA M\u00c1GICA BARBER KIDS, aprender\u00e1s las bases del corte de cabello para ni\u00f1os y las t\u00e9cnicas para crear tu propio negocio.<\/p>\n<p>\u00bfQU\u00c9 VAS A LOGRAR?<\/p>\n<p>Aprender\u00e1s a escuchar a los ni\u00f1os para generar un nicho de mercado que es altamente rentable<\/p>\n<p>Conocer\u00e1s las herramientas de barber\u00eda m\u00e1s importantes para saber c\u00f3mo ser un barbero profesional.<\/p>\n<p>Aprender\u00e1s barber\u00eda y todo sobre el manejo del negocio, el servicio al cliente y la \u00e9tica de un barbero que trabaja con otras personas.<\/p>\n<p>Aplicar\u00e1s las t\u00e9cnicas y los procesos pr\u00e1cticos que se deben tener en cuenta al crear tu barber\u00eda para ni\u00f1os<\/p>\n<p>Crear\u00e1s ofertas irresistibles de esta manera podr\u00e1s saber que promociones te funcionan mejor.<\/p>\n<p>Aprender\u00e1s t\u00e9cnicas de corte de cabello que siguen las \u00faltimas tendencias en est\u00e9tica facial para los ni\u00f1os.<\/p>\n<p>Conocer\u00e1s los 3 pilares fundamentales del Marketing digital, para de esa forma siempre tener clientes haciendo filas por tus servicios.<\/p>\n<p>Acceder\u00e1s al certificado avalado por Hotmart y Seminarios Online.<\/p>\n<p>\u00bfC\u00d3MO LO VAS A LOGRAR?<\/p>\n<p>A trav\u00e9s del siguiente contenido, estructurado paso a paso:<\/p>\n<p>M\u00d3DULO 1 &#8211; BIENVENIDA E INTRODUCCI\u00d3N AL PROGRAMA<\/p>\n<p>Bienvenida.<br \/>\nPeluquer\u00eda infantil \u00bfC\u00f3mo oportunidad de negocio?<br \/>\nRecomendaciones.<br \/>\n\u00danete a la comunidad.<\/p>\n<p>M\u00d3DULO 2 &#8211; MANERAS DE TRABAJAR LA BARBER\u00cdA<\/p>\n<p>Monta tu local.<br \/>\nTrabaja a domicilio.<br \/>\nKit de herramientas.<\/p>\n<p>M\u00d3DULO 3 &#8211; LA BARBER\u00cdA KIDS COMO NEGOCIO<\/p>\n<p>El negocio de la barber\u00eda para ni\u00f1os.<br \/>\nServicio al cliente.<br \/>\nOfertas para atraer clientes a tu negocio.<\/p>\n<p>M\u00d3DULO 4 &#8211; C\u00d3MO CORTAR EL PELO DE LOS NI\u00d1OS<\/p>\n<p>Haciendo el corte de cabello para los ni\u00f1os en capas largas.<br \/>\nCorte cl\u00e1sico con tijera.<br \/>\nCorte cabello siete desvanecido.<br \/>\nCorte desvanecido desde gu\u00eda cero.<br \/>\nCorte especial milim\u00e9trico semi hongo.<\/p>\n<p>M\u00d3DULO 5 &#8211; DESARMA, LIMPIA Y LUBRICA LAS HERRAMIENTAS<\/p>\n<p>Desarma, limpia y lubrica las herramientas.<\/p>\n<p>M\u00d3DULO 6 &#8211; DESINFECCI\u00d3N DEL ESPACIO<\/p>\n<p>Desinfecci\u00f3n del espacio.<\/p>\n<p>M\u00d3DULO 7 &#8211; MATERIAL ADICIONAL (BONOS)<\/p>\n<p>Bono 1: C\u00f3mo te\u00f1ir el pelo de los ni\u00f1os.<br \/>\nBono 2: Cortes con l\u00edneas para ni\u00f1os.<\/p>\n<p>M\u00d3DULO 8 &#8211; VIDEO RESPUESTAS<\/p>\n<p>\u00bfCu\u00e1l deber\u00eda ser el perfil de un barbero para ni\u00f1os?<br \/>\n\u00bfC\u00f3mo generar confianza en los papas cuando le vamos a realizar el corte al ni\u00f1o?<br \/>\n\u00bfCu\u00e1l ser\u00eda el presupuesto inicial para montar la barber\u00eda infantil?<\/p>\n<p>M\u00d3DULO 9 &#8211; \u00bfC\u00d3MO OBTENER TU CERTIFICADO?<\/p>\n<p>\u00bfC\u00f3mo obtener tu certificado?<\/p>\n<p>ACERCA DEL PRODUCTOR<\/p>\n<p>Desarrollado por CARLOS VALENCIA, lleva m\u00e1s de 15 a\u00f1os trabajando en peluquer\u00eda y se ha especializado en la barber\u00eda enfocada para ni\u00f1os. <\/p>\n<p>Naci\u00f3 en la ciudad de Ibagu\u00e9 en el pa\u00eds de Colombia; aqu\u00ed termin\u00f3 sus estudios de secundaria, pero por falta de oportunidades decidi\u00f3 irse para Bogot\u00e1, la capital del pa\u00eds. All\u00ed fue donde aprendi\u00f3 este arte, lo hizo por invitaci\u00f3n de un familiar que lo aconsej\u00f3 para que aprendiera y trabajara en su peluquer\u00eda.<\/p>\n<p>Al comienzo solo el ve\u00eda como algo temporal, como una fuente de ingresos mientras estudiaba algo m\u00e1s; Sin embargo, cuando aprendi\u00f3 este oficio y en la medida que lo iba perfeccionando, pudo apreciar mucho m\u00e1s este trabajo, especialmente por el cari\u00f1o y el aprecio de los clientes, tanto de los ni\u00f1os como de sus padres. Se dio cuenta que la peluquer\u00eda infantil es un trabajo muy agradecido.<\/p>\n<p>Finalmente, junto con su esposa decidieron regresar a su ciudad natal con el prop\u00f3sito de comenzar su propia peluquer\u00eda infantil&#8230; As\u00ed lo hicieron, y al d\u00eda de hoy ya llevamos m\u00e1s de 5 a\u00f1os de haber iniciado su propio negocio; Han crecido en este tiempo, la gente ha respondido muy bien y ahora los conocen en la ciudad por el servicio especializado en peluquer\u00eda infantil.<\/p>\n","protected":false},"excerpt":{"rendered":"<p>\u00bfHas pensado en crear tu propia barber\u00eda para ni\u00f1os?<\/p>\n<p>Con el Master Class EN LA SILLA M\u00c1GICA BARBER KIDS, aprender\u00e1s las bases del corte de cabello para ni\u00f1os y las t\u00e9cnicas para crear tu propio negocio.<\/p>\n","protected":false},"featured_media":4763,"template":"","meta":{"_joinchat":[]},"product_brand":[],"product_cat":[332,344],"product_tag":[],"class_list":{"0":"post-12627","1":"product","2":"type-product","3":"status-publish","4":"has-post-thumbnail","6":"product_cat-musica-y-artes","7":"product_cat-todos","9":"first","10":"instock","11":"sale","12":"shipping-taxable","13":"product-type-external"},"_links":{"self":[{"href":"https:\/\/cursos.talentup.cl\/index.php?rest_route=\/wp\/v2\/product\/12627","targetHints":{"allow":["GET"]}}],"collection":[{"href":"https:\/\/cursos.talentup.cl\/index.php?rest_route=\/wp\/v2\/product"}],"about":[{"href":"https:\/\/cursos.talentup.cl\/index.php?rest_route=\/wp\/v2\/types\/product"}],"version-history":[{"count":2,"href":"https:\/\/cursos.talentup.cl\/index.php?rest_route=\/wp\/v2\/product\/12627\/revisions"}],"predecessor-version":[{"id":14609,"href":"https:\/\/cursos.talentup.cl\/index.php?rest_route=\/wp\/v2\/product\/12627\/revisions\/14609"}],"wp:featuredmedia":[{"embeddable":true,"href":"https:\/\/cursos.talentup.cl\/index.php?rest_route=\/wp\/v2\/media\/4763"}],"wp:attachment":[{"href":"https:\/\/cursos.talentup.cl\/index.php?rest_route=%2Fwp%2Fv2%2Fmedia&parent=12627"}],"wp:term":[{"taxonomy":"product_brand","embeddable":true,"href":"https:\/\/cursos.talentup.cl\/index.php?rest_route=%2Fwp%2Fv2%2Fproduct_brand&post=12627"},{"taxonomy":"product_cat","embeddable":true,"href":"https:\/\/cursos.talentup.cl\/index.php?rest_route=%2Fwp%2Fv2%2Fproduct_cat&post=12627"},{"taxonomy":"product_tag","embeddable":true,"href":"https:\/\/cursos.talentup.cl\/index.php?rest_route=%2Fwp%2Fv2%2Fproduct_tag&post=12627"}],"curies":[{"name":"wp","href":"https:\/\/api.w.org\/{rel}","templated":true}]}}