{"id":12630,"date":"2023-01-10T04:40:56","date_gmt":"2023-01-10T07:40:56","guid":{"rendered":"https:\/\/cursos.talentup.cl\/?post_type=product&#038;p=12630"},"modified":"2024-02-07T23:37:58","modified_gmt":"2024-02-08T02:37:58","slug":"musicos-y-cantantes-monetizando-en-facebook-live","status":"publish","type":"product","link":"https:\/\/cursos.talentup.cl\/?product=musicos-y-cantantes-monetizando-en-facebook-live","title":{"rendered":"M\u00daSICOS Y CANTANTES MONETIZANDO EN FACEBOOK LIVE"},"content":{"rendered":"<p>\u00bfEres m\u00fasico, cantante o artista, y quieres aprender a hacer una transmisi\u00f3n en vivo desde tu propia casa, con la mejor calidad de audio y video?<\/p>\n<p>Con el MasterClass M\u00daSICOS Y CANTANTES MONETIZANDO EN FACEBOOK LIVE, configurar\u00e1s en tu casa un estudio profesional personal para transmitir en vivo en Facebook y en otras de las plataformas m\u00e1s importantes de streaming, con una inversi\u00f3n muy baja. <\/p>\n<p>\u00bfQU\u00c9 VAS A LOGRAR?<\/p>\n<p>Aprender\u00e1s c\u00f3mo configurar en tu propia casa un estudio profesional personal para transmitir en vivo en Facebook y en otras de las plataformas m\u00e1s importantes de streaming, con una inversi\u00f3n muy baja. <\/p>\n<p>Sabr\u00e1s qu\u00e9 herramientas necesitas para transmitir con audio y v\u00eddeo de \u00f3ptima calidad y c\u00f3mo conectarlas y configurarlas DESDE CERO.<\/p>\n<p>Aprender\u00e1s c\u00f3mo bajar y dominar el software GRATUITO recomendado por las principales plataformas de streaming (OBS) para lograr im\u00e1genes con las que sorprender\u00e1s a tu audiencia en tu lives, o incluso en tus reuniones por zoom aunque no tengas ninguna experiencia previa. <\/p>\n<p>Aprender\u00e1s la forma correcta de llevar un en vivo para generar una verdadera interacci\u00f3n, que te permitir\u00e1 aumentar tus seguidores.<\/p>\n<p>Aprender\u00e1s c\u00f3mo organizar conciertos online pagados, sin necesidad de usar servicios de streaming externos que cobran altas comisiones. <\/p>\n<p>Te dir\u00e9 LAS PALABRAS EXACTAS que debes decir a tus fans para que te apoyen econ\u00f3micamente en tus lives. <\/p>\n<p>Aprender\u00e1s c\u00f3mo configurar medios de pago para que puedas recibir pagos y aportaciones virtuales de tus fans en todo el mundo.<\/p>\n<p>Acceder\u00e1s al certificado avalado por Hotmart y Seminarios Online.<\/p>\n<p>\u00bfC\u00d3MO LO VAS A LOGRAR?<\/p>\n<p>A trav\u00e9s del siguiente contenido, estructurado paso a paso:<\/p>\n<p>M\u00d3DULO 1 &#8211; M\u00daSICOS Y CANTANTES MONETIZANDO EN FACEBOOK LIVE Y OTRAS PLATAFORMAS DE STREAMING<\/p>\n<p>Bienvenida.<br \/>\n\u00bfQui\u00e9n es tu instructor?<br \/>\n\u00bfPor qu\u00e9 hacemos lives? Cu\u00e1nto puedes ganar y antecedentes.<br \/>\nRecomendaciones antes de empezar.<\/p>\n<p>M\u00d3DULO 2 &#8211; CONFIGURACI\u00d3N DE TU ESTUDIO PERSONAL DE TRANSMISI\u00d3N EN VIVO<\/p>\n<p>Vista general del estudio personal de transmisi\u00f3n en vivo.<br \/>\nAjuste de la pantalla verde y la c\u00e1mara.<br \/>\nHabilitando y configurando el audio.<\/p>\n<p>M\u00d3DULO 3 &#8211; DOMINA EL SOFTWARE (OBS)<\/p>\n<p>OBS Vista general.<br \/>\nDescargando e instalando el software.<br \/>\nFUENTES: Video y audio.<br \/>\nFUENTES: Im\u00e1genes y fondos.<br \/>\nCreando escenas nuevas.<br \/>\nFUENTES. Textos.<br \/>\nFUENTES: Galer\u00eda de im\u00e1genes.<br \/>\nFUENTES: Fondos de video.<br \/>\nQuitando el fondo (transparencia) y ajustando el croma.<br \/>\nEl \u00abTel\u00f3n virtual\u00bb.<br \/>\nPresentar un video durante el live.<br \/>\nAtajos (shortcuts).<br \/>\nHabilita tu m\u00f3vil como una segunda c\u00e1mara.<br \/>\nC\u00f3mo grabar tutoriales y videos musicales.<br \/>\nAjustes y optimizaci\u00f3n de OBS.<\/p>\n<p>M\u00d3DULO 4 &#8211; EVENTOS Y PROGRAMACI\u00d3N<\/p>\n<p>\u00bfPor qu\u00e9 programar eventos?<br \/>\nC\u00f3mo crear un evento gratuito con inicio autom\u00e1tico.<br \/>\nC\u00f3mo crear un evento DE PAGO.<\/p>\n<p>M\u00d3DULO 5 &#8211; DOMINA EL LIVE<\/p>\n<p>Tips y mejores pr\u00e1cticas para un buen live.<br \/>\nIntegraci\u00f3n de Facebook y OBS.<br \/>\nLive Producer: Panel, estad\u00edsticas, m\u00e9tricas, moderaci\u00f3n de comentarios.<br \/>\nLive Producer: Configuraci\u00f3n.<br \/>\nLive Producer: Encuestas.<br \/>\nLive Producer: Preguntas.<br \/>\nLive Producer: Distribuci\u00f3n.<br \/>\nLive Producer: Gr\u00e1ficos.<br \/>\nPasos a seguir DURANTE el live.<br \/>\nPasos a seguir DESPU\u00c9S del live.<br \/>\nC\u00f3mo transmitir en grupos de Facebook.<br \/>\nTransmitiendo SIN OBS.<br \/>\nGu\u00eda para transmitir desde el m\u00f3vil.<\/p>\n<p>M\u00d3DULO 6 &#8211; MONETIZACI\u00d3N<\/p>\n<p>Paypal.me (actualizaci\u00f3n 2022).<br \/>\nMonetizando con ESTRELLAS de Facebook.<br \/>\nMonetizando con Buymeacoffee.com.<\/p>\n<p>M\u00d3DULO 7 &#8211; C\u00d3MO TRANSMITIR A OTRAS PLATAFORMAS<\/p>\n<p>C\u00f3mo transmitir a Youtube.<br \/>\nC\u00f3mo transmitir a Zoom.<br \/>\nC\u00f3mo transmitir a Twitch.<\/p>\n<p>M\u00d3DULO 8 &#8211; MATERIAL ADICIONAL (BONOS)<\/p>\n<p>Bono 1: C\u00f3mo ganar fans leales usando el embudo de marketing.<br \/>\nBono 2: Claves para crecer en redes sociales, contenido y constancia.<br \/>\nBono 3: C\u00f3mo usar el engagement para ganar fans.<br \/>\nBono 4: Branding para m\u00fasicos &#8211; (definiendo tu marca).<br \/>\nBono 5: Aprende a crear tus propios dise\u00f1os promocionales.<br \/>\nBono 6: \u00danete a nuestra comunidad privada (grupo de Facebook).<br \/>\nBono 7: \u00danete al canal exclusivo de Telegram y recibe contenido exclusivo. <\/p>\n<p>M\u00d3DULO 9 &#8211; VIDEO RESPUESTAS<\/p>\n<p>Preguntas frecuentes.<br \/>\n\u00bfPara qui\u00e9n es este curso?<br \/>\n\u00bfTengo que tener conocimientos previos o ser un experto?<br \/>\n\u00bfEl equipo que se usa para transmitir es muy costoso?<br \/>\n\u00bfEl software que se usa para transmitir tiene alg\u00fan costo?<br \/>\n\u00bfPuedo transmitir desde mi perfil personal de Facebook?<br \/>\n\u00bfCu\u00e1les plataformas ense\u00f1as como transmitir?<br \/>\n\u00bfEl curso estar\u00e1 actualizado?<\/p>\n<p>ACERCA DEL PRODUCTOR<\/p>\n<p>Desarrollado por FRANCISCO BENITEZ, m\u00fasico profesional con m\u00e1s de 33 a\u00f1os de experiencia en el negocio de la m\u00fasica. <\/p>\n<p>Ha sido m\u00fasico acompa\u00f1ante de diversos cantantes de fama internacional, tales como Cristian Castro, Thal\u00eda, Paulina Rubio y muchos otros. Ha participado en numerosos programas de TV en su pa\u00eds natal, M\u00e9xico. Es compositor y productor musical de cientos de obras para radio y televisi\u00f3n. <\/p>\n<p>Es Licenciado en Administraci\u00f3n de Empresas, y ha cursado estudios especializados en M\u00e9xico y Estados Unidos sobre marketing digital enfocado a m\u00fasicos y artistas. <\/p>\n<p>Es fundador de la comunidad y la academia de \u201cM\u00fasicos exitosos\u201d donde ense\u00f1a a m\u00fasicos de varios pa\u00edses c\u00f3mo potenciar y comercializar su m\u00fasica en redes sociales.<\/p>\n","protected":false},"excerpt":{"rendered":"<p>\u00bfEres m\u00fasico, cantante o artista, y quieres aprender a hacer una transmisi\u00f3n en vivo desde tu propia casa, con la mejor calidad de audio y video?<\/p>\n<p>Con el MasterClass M\u00daSICOS Y CANTANTES MONETIZANDO EN FACEBOOK LIVE, configurar\u00e1s en tu casa un estudio profesional personal para transmitir en vivo en Facebook y en otras de las plataformas m\u00e1s importantes de streaming, con una inversi\u00f3n muy baja. <\/p>\n","protected":false},"featured_media":4766,"template":"","meta":{"_joinchat":[]},"product_brand":[],"product_cat":[332,344],"product_tag":[],"class_list":{"0":"post-12630","1":"product","2":"type-product","3":"status-publish","4":"has-post-thumbnail","6":"product_cat-musica-y-artes","7":"product_cat-todos","9":"first","10":"instock","11":"sale","12":"shipping-taxable","13":"product-type-external"},"_links":{"self":[{"href":"https:\/\/cursos.talentup.cl\/index.php?rest_route=\/wp\/v2\/product\/12630","targetHints":{"allow":["GET"]}}],"collection":[{"href":"https:\/\/cursos.talentup.cl\/index.php?rest_route=\/wp\/v2\/product"}],"about":[{"href":"https:\/\/cursos.talentup.cl\/index.php?rest_route=\/wp\/v2\/types\/product"}],"version-history":[{"count":2,"href":"https:\/\/cursos.talentup.cl\/index.php?rest_route=\/wp\/v2\/product\/12630\/revisions"}],"predecessor-version":[{"id":14612,"href":"https:\/\/cursos.talentup.cl\/index.php?rest_route=\/wp\/v2\/product\/12630\/revisions\/14612"}],"wp:featuredmedia":[{"embeddable":true,"href":"https:\/\/cursos.talentup.cl\/index.php?rest_route=\/wp\/v2\/media\/4766"}],"wp:attachment":[{"href":"https:\/\/cursos.talentup.cl\/index.php?rest_route=%2Fwp%2Fv2%2Fmedia&parent=12630"}],"wp:term":[{"taxonomy":"product_brand","embeddable":true,"href":"https:\/\/cursos.talentup.cl\/index.php?rest_route=%2Fwp%2Fv2%2Fproduct_brand&post=12630"},{"taxonomy":"product_cat","embeddable":true,"href":"https:\/\/cursos.talentup.cl\/index.php?rest_route=%2Fwp%2Fv2%2Fproduct_cat&post=12630"},{"taxonomy":"product_tag","embeddable":true,"href":"https:\/\/cursos.talentup.cl\/index.php?rest_route=%2Fwp%2Fv2%2Fproduct_tag&post=12630"}],"curies":[{"name":"wp","href":"https:\/\/api.w.org\/{rel}","templated":true}]}}