{"id":12632,"date":"2023-01-10T04:40:56","date_gmt":"2023-01-10T07:40:56","guid":{"rendered":"https:\/\/cursos.talentup.cl\/?post_type=product&#038;p=12632"},"modified":"2024-02-07T23:37:58","modified_gmt":"2024-02-08T02:37:58","slug":"piano-para-ninos-pro","status":"publish","type":"product","link":"https:\/\/cursos.talentup.cl\/?product=piano-para-ninos-pro","title":{"rendered":"PIANO PARA NI\u00d1OS PRO"},"content":{"rendered":"<p>\u00bfTe gustar\u00eda fortalecer en tu hijo la motricidad, la coordinaci\u00f3n y la disciplina a trav\u00e9s del piano?<\/p>\n<p>Con el MasterClass PIANO PARA NI\u00d1OS PRO, tu hijo aprender\u00e1 a tocar el piano de una forma muy l\u00fadica con un m\u00e9todo 100% pr\u00e1ctico.<\/p>\n<p>\u00bfQU\u00c9 VAS A LOGRAR?<\/p>\n<p>Identificar\u00e1s las notas a trav\u00e9s de los colores primarios y secundarios.<\/p>\n<p>Fortalecer\u00e1s su lateralidad interpretando canciones con mano derecha e Izquierda.<\/p>\n<p>Fortalecer\u00e1s su motricidad a trav\u00e9s de ejercicios de destreza y canciones.<\/p>\n<p>Aprender\u00e1s de madera did\u00e1ctica a leer e interpretar las figuras musicales.<\/p>\n<p>Interpretar\u00e1s 11 canciones explicadas paso a paso.<\/p>\n<p>Acceder\u00e1s al certificado avalado por Hotmart y Seminarios Online.<\/p>\n<p>\u00bfC\u00d3MO LO VAS A LOGRAR?<\/p>\n<p>A trav\u00e9s del siguiente contenido, estructurado paso a paso:<\/p>\n<p>BIENVENIDA<\/p>\n<p>Bienvenida y recomendaciones.<\/p>\n<p>SEMANA 1<\/p>\n<p>Clase 1 &#8211; Conozcamos el piano.<br \/>\nClase 2 &#8211; Ejercicio el gusanito.<\/p>\n<p>SEMANA 2<\/p>\n<p>Clase 3 &#8211; Canci\u00f3n #1 \u2013 Panadero.<br \/>\nClase 4 &#8211; La escala de Do.<\/p>\n<p>SEMANA 3<\/p>\n<p>Clase 5 &#8211; Las figuras musicales.<br \/>\nClase 6 &#8211; Canci\u00f3n #2 \u2013 Estrellita.<\/p>\n<p>SEMANA 4<\/p>\n<p>Clase 7 &#8211; El pentagrama.<br \/>\nClase 8 &#8211; Canci\u00f3n #3 \u2013 A la luz de la luna.<\/p>\n<p>SEMANA 5<\/p>\n<p>Clase 9 &#8211; Las corcheras.<br \/>\nClase 10 &#8211; Canci\u00f3n #4 \u2013 El juez de Aranjuez.<\/p>\n<p>SEMANA 6  <\/p>\n<p>Clase 11 &#8211; Las teclas negras<br \/>\nClase 12 &#8211; Canci\u00f3n #5 \u2013 Cumplea\u00f1os feliz.<\/p>\n<p>SEMANA 7<\/p>\n<p>Clase 13 \u2013 Repasemos.<br \/>\nClase 14 &#8211; Canci\u00f3n #6 \u2013 Mary ten\u00eda un corderito.<\/p>\n<p>SEMANA 8<\/p>\n<p>Clase 15 &#8211; Ejercicio de destreza #1.<br \/>\nClase 16 &#8211; Canci\u00f3n #7 \u2013 Los pollitos dicen.<\/p>\n<p>SEMANA 9<\/p>\n<p>Clase 17 &#8211; Canci\u00f3n #8 \u2013 Can can.<\/p>\n<p>SEMANA 10<\/p>\n<p>Clase 18 &#8211; Ejercicio de destreza #2.<br \/>\nClase 19 &#8211; Silencios musicales.<\/p>\n<p>SEMANA 11<\/p>\n<p>Clase 20 &#8211; Canci\u00f3n #9 \u2013 El burro y el cucu.<br \/>\nClase 21 &#8211; Canci\u00f3n #10 \u2013 Jingle bells.<\/p>\n<p>SEMANA 12<\/p>\n<p>Clase 22 &#8211; Canci\u00f3n #11 \u2013 Para Elisa.<\/p>\n<p>BONOS<\/p>\n<p>Tips de postura y posici\u00f3n corporal.<br \/>\nMi coraz\u00f3n encantado (Dragon Ball) \u2013 Tutorial.<br \/>\nBella Ciao (Tutorial).<\/p>\n<p>VIDEO RESPUESTAS<\/p>\n<p>\u00bfC\u00f3mo debo estudiar el curso?<br \/>\n\u00bfCu\u00e1nto tiempo debo estudiar?<br \/>\n\u00bfC\u00f3mo puedo mostrar los avances de mi hijo?<\/p>\n<p>ACERCA DEL PRODUCTOR<\/p>\n<p>Desarrollado por EDWAR MELO, licenciado en educaci\u00f3n Art\u00edstica de Cali (Colombia) con m\u00e1s de 15 a\u00f1os de experiencia en la docencia.<\/p>\n<p>A los 18 a\u00f1os comenz\u00f3 su experiencia como docente en una fundaci\u00f3n de ni\u00f1os con necesidades especiales. Desde ese entonces ha sido maestro en diferentes colegios como docente de m\u00fasica en preescolar, primaria y tambi\u00e9n como docente particular ense\u00f1ando piano y guitarra a ni\u00f1os de 5 a\u00f1os en adelante.<\/p>\n<p>El Curso de Piano para ni\u00f1os PRO ha sido creado con el prop\u00f3sito de fomentar el gusto por la m\u00fasica a trav\u00e9s del piano y para que a trav\u00e9s de \u00e9l, muchos ni\u00f1os de habla hispana comiencen este bonito mundo de las blancas y negras.<\/p>\n","protected":false},"excerpt":{"rendered":"<p>\u00bfTe gustar\u00eda fortalecer en tu hijo la motricidad, la coordinaci\u00f3n y la disciplina a trav\u00e9s del piano?<\/p>\n<p>Con el MasterClass PIANO PARA NI\u00d1OS PRO, tu hijo aprender\u00e1 a tocar el piano de una forma muy l\u00fadica con un m\u00e9todo 100% pr\u00e1ctico.<\/p>\n","protected":false},"featured_media":4768,"template":"","meta":{"_joinchat":[]},"product_brand":[],"product_cat":[332,344],"product_tag":[],"class_list":{"0":"post-12632","1":"product","2":"type-product","3":"status-publish","4":"has-post-thumbnail","6":"product_cat-musica-y-artes","7":"product_cat-todos","9":"first","10":"instock","11":"sale","12":"shipping-taxable","13":"product-type-external"},"_links":{"self":[{"href":"https:\/\/cursos.talentup.cl\/index.php?rest_route=\/wp\/v2\/product\/12632","targetHints":{"allow":["GET"]}}],"collection":[{"href":"https:\/\/cursos.talentup.cl\/index.php?rest_route=\/wp\/v2\/product"}],"about":[{"href":"https:\/\/cursos.talentup.cl\/index.php?rest_route=\/wp\/v2\/types\/product"}],"version-history":[{"count":2,"href":"https:\/\/cursos.talentup.cl\/index.php?rest_route=\/wp\/v2\/product\/12632\/revisions"}],"predecessor-version":[{"id":14614,"href":"https:\/\/cursos.talentup.cl\/index.php?rest_route=\/wp\/v2\/product\/12632\/revisions\/14614"}],"wp:featuredmedia":[{"embeddable":true,"href":"https:\/\/cursos.talentup.cl\/index.php?rest_route=\/wp\/v2\/media\/4768"}],"wp:attachment":[{"href":"https:\/\/cursos.talentup.cl\/index.php?rest_route=%2Fwp%2Fv2%2Fmedia&parent=12632"}],"wp:term":[{"taxonomy":"product_brand","embeddable":true,"href":"https:\/\/cursos.talentup.cl\/index.php?rest_route=%2Fwp%2Fv2%2Fproduct_brand&post=12632"},{"taxonomy":"product_cat","embeddable":true,"href":"https:\/\/cursos.talentup.cl\/index.php?rest_route=%2Fwp%2Fv2%2Fproduct_cat&post=12632"},{"taxonomy":"product_tag","embeddable":true,"href":"https:\/\/cursos.talentup.cl\/index.php?rest_route=%2Fwp%2Fv2%2Fproduct_tag&post=12632"}],"curies":[{"name":"wp","href":"https:\/\/api.w.org\/{rel}","templated":true}]}}