{"id":12636,"date":"2023-01-10T04:40:56","date_gmt":"2023-01-10T07:40:56","guid":{"rendered":"https:\/\/cursos.talentup.cl\/?post_type=product&#038;p=12636"},"modified":"2024-02-07T23:37:59","modified_gmt":"2024-02-08T02:37:59","slug":"las-4-etapas-para-cantar-sin-danar-tus-cuerdas-vocales","status":"publish","type":"product","link":"https:\/\/cursos.talentup.cl\/?product=las-4-etapas-para-cantar-sin-danar-tus-cuerdas-vocales","title":{"rendered":"LAS 4 ETAPAS PARA CANTAR SIN DA\u00d1AR TUS CUERDAS VOCALES"},"content":{"rendered":"<p>\u00bfTe gustar\u00eda aprender a cantar sin tener que esforzar tanto tu voz? <\/p>\n<p>Con el MasterClass LAS 4 ETAPAS PARA APRENDER A CANTAR SIN DA\u00d1AR TUS CUERDAS VOCALES aprender\u00e1s a usar tus cuerdas vocales de manera adecuada para entonar todo tu repertorio sin desgastar tu voz.<\/p>\n<p>\u00bfQU\u00c9 VAS A LOGRAR?<\/p>\n<p>Aprender\u00e1s a ejercitar tu voz en cualquier lugar.<\/p>\n<p>Estar\u00e1s listo para cantar cualquier nota musical.<\/p>\n<p>Conectar\u00e1s con tu cuerpo para potenciar mucho m\u00e1s tu voz. <\/p>\n<p>Le brindaras m\u00e1s control a tu respiraci\u00f3n para alcanzar esas notas tan desafiantes.<\/p>\n<p>Podr\u00e1s realizar notas graves y agudas sin la incomodidad de querer toser.<\/p>\n<p>Crear\u00e1s un soporte \u00f3ptimo de cuerpo, respiraci\u00f3n para cantar tus notas con entonaci\u00f3n.<\/p>\n<p>Disfrutar\u00e1s de largas noches de karaoke, siendo toda una estrella musical.<\/p>\n<p>Cantar tus propias canciones de manera placentera sin da\u00f1ar tus cuerdas vocales.<\/p>\n<p>Acceder\u00e1s al certificado avalado por Hotmart y Seminarios Online.<\/p>\n<p>\u00bfC\u00d3MO LO VAS A LOGRAR?<\/p>\n<p>A trav\u00e9s del siguiente contenido, estructurado paso a paso:<\/p>\n<p>M\u00f3dulo No 1 &#8211; LAS 4 ETAPAS PARA CANTAR SIN DA\u00d1AR TUS CUERDAS VOCALES<\/p>\n<p>Introducci\u00f3n.<br \/>\nI Nivel &#8211; Entrenando la respiraci\u00f3n.<br \/>\nII Nivel &#8211; Vocalizando con Afonas.<br \/>\nIII Nivel- Vocalizaci\u00f3n con s\u00edlabas.<br \/>\nIV Nivel &#8211; Canta una canci\u00f3n.<br \/>\nV Nivel &#8211; Conecta con tu cuerpo.<br \/>\nVI Nivel &#8211; Potencia tu voz.<br \/>\nVII Nivel &#8211; Vocalizaci\u00f3n.<\/p>\n<p>M\u00f3dulo No.2 (BONOS).<\/p>\n<p>Potencia tu voz.<br \/>\nEjercicio extra.<\/p>\n<p>M\u00f3dulo No.3 (Video respuestas)<\/p>\n<p>Pregunta 1 : \u00bfCualquier persona puede cantar?<br \/>\nPregunta 2: \u00bfPuedo cantar apenas me levanto?<\/p>\n<p>ACERCA DE LA PRODUCTORA<\/p>\n<p>Desarrollado por GISELE PAULOS, cantante con una trayectoria destacada, se ha presentado desde peque\u00f1as tarimas hasta en estadios con un p\u00fablico gigantesco. Gigi comenz\u00f3 a brindar t\u00e9cnicas de cantos desde muy joven observando que las personas ten\u00edan ese deseo de cantar pero no se cre\u00edan capaz, creando una comunidad de valientes, donde el objetivo es que cada uno se atreva a vencer sus miedos y cantar desde el coraz\u00f3n sin deteriorar su cuerdas vocales. <\/p>\n<p>Este es un dato curioso, Gigi Paulos a muy corta edad le diagnosticaron n\u00f3dulos, los m\u00e9dicos le recomendaban dejar el canto, lo que ocasion\u00f3 en ella un frustraci\u00f3n y tristeza inmensa, era dejar de practicar su pasi\u00f3n, as\u00ed que comenz\u00f3 asesorarse con diferentes profesionales foniatras, m\u00e9dicos, cantantes, profesores de canto, entre otros para poder continuar proyectando su voz con melod\u00eda.<\/p>\n<p>Luego de varios a\u00f1os de aprendizaje, pr\u00e1ctica y muchos desaf\u00edos logra cantar de manera profesional y ha dise\u00f1ado este curso sintetizando todo su conocimiento de a\u00f1os, aprendizajes de vida, experiencias en el cuidado de las cuerdas vocales, un m\u00e9todo de 4 etapas para aprender a cantar sin deteriorar las cuerdas vocales, esta t\u00e9cnica tiene el resultado de su propia experiencia personal y hoy quiere compartirla con el mundo. Adem\u00e1s de eso Gigi es t\u00e9cnica en inteligencia emocional. M\u00fasico profesional con especializaci\u00f3n en canto y se ha destacado como docente desde 17 a\u00f1os atr\u00e1s.<\/p>\n","protected":false},"excerpt":{"rendered":"<p>\u00bfTe gustar\u00eda aprender a cantar sin tener que esforzar tanto tu voz? <\/p>\n<p>Con el MasterClass LAS 4 ETAPAS PARA APRENDER A CANTAR SIN DA\u00d1AR TUS CUERDAS VOCALES aprender\u00e1s a usar tus cuerdas vocales de manera adecuada para entonar todo tu repertorio sin desgastar tu voz.<\/p>\n","protected":false},"featured_media":4772,"template":"","meta":{"_joinchat":[]},"product_brand":[],"product_cat":[332,344],"product_tag":[],"class_list":{"0":"post-12636","1":"product","2":"type-product","3":"status-publish","4":"has-post-thumbnail","6":"product_cat-musica-y-artes","7":"product_cat-todos","9":"first","10":"instock","11":"sale","12":"shipping-taxable","13":"product-type-external"},"_links":{"self":[{"href":"https:\/\/cursos.talentup.cl\/index.php?rest_route=\/wp\/v2\/product\/12636","targetHints":{"allow":["GET"]}}],"collection":[{"href":"https:\/\/cursos.talentup.cl\/index.php?rest_route=\/wp\/v2\/product"}],"about":[{"href":"https:\/\/cursos.talentup.cl\/index.php?rest_route=\/wp\/v2\/types\/product"}],"version-history":[{"count":2,"href":"https:\/\/cursos.talentup.cl\/index.php?rest_route=\/wp\/v2\/product\/12636\/revisions"}],"predecessor-version":[{"id":14618,"href":"https:\/\/cursos.talentup.cl\/index.php?rest_route=\/wp\/v2\/product\/12636\/revisions\/14618"}],"wp:featuredmedia":[{"embeddable":true,"href":"https:\/\/cursos.talentup.cl\/index.php?rest_route=\/wp\/v2\/media\/4772"}],"wp:attachment":[{"href":"https:\/\/cursos.talentup.cl\/index.php?rest_route=%2Fwp%2Fv2%2Fmedia&parent=12636"}],"wp:term":[{"taxonomy":"product_brand","embeddable":true,"href":"https:\/\/cursos.talentup.cl\/index.php?rest_route=%2Fwp%2Fv2%2Fproduct_brand&post=12636"},{"taxonomy":"product_cat","embeddable":true,"href":"https:\/\/cursos.talentup.cl\/index.php?rest_route=%2Fwp%2Fv2%2Fproduct_cat&post=12636"},{"taxonomy":"product_tag","embeddable":true,"href":"https:\/\/cursos.talentup.cl\/index.php?rest_route=%2Fwp%2Fv2%2Fproduct_tag&post=12636"}],"curies":[{"name":"wp","href":"https:\/\/api.w.org\/{rel}","templated":true}]}}