{"id":12637,"date":"2023-01-10T04:40:56","date_gmt":"2023-01-10T07:40:56","guid":{"rendered":"https:\/\/cursos.talentup.cl\/?post_type=product&#038;p=12637"},"modified":"2024-02-07T23:37:59","modified_gmt":"2024-02-08T02:37:59","slug":"como-leer-y-seguir-partituras","status":"publish","type":"product","link":"https:\/\/cursos.talentup.cl\/?product=como-leer-y-seguir-partituras","title":{"rendered":"COMO LEER Y SEGUIR PARTITURAS"},"content":{"rendered":"<p>\u00bfEres un m\u00fasico emp\u00edrico y te sientes limitado al no poder leer con claridad las partituras?<\/p>\n<p>Con el Masterclass COMO LEER Y SEGUIR PARTITURAS, lograr\u00e1s leer y seguir una partitura desde lo m\u00e1s b\u00e1sico hasta un nivel intermedio, desarrollando tu habilidad en el instrumento que m\u00e1s domines.<\/p>\n<p>\u00bfQU\u00c9 VAS A LOGRAR?<\/p>\n<p>Saldr\u00e1s del analfabetismo musical y vas a alcanzar habilidades importantes.<\/p>\n<p>Leer\u00e1s partituras sencillas en tu propio instrumento.<\/p>\n<p>Seguir\u00e1s partituras de hasta un nivel mediano de complejidad, mientras escuchas su grabaci\u00f3n.<\/p>\n<p>Lograr\u00e1s ampliar tu repertorio musical.<\/p>\n<p>Acceder\u00e1s a un sinn\u00famero de piezas musicales de todo el mundo y todos los g\u00e9neros musicales.<\/p>\n<p>Aprender\u00e1s a tocar diversas partituras en tu instrumento musical favorito.<\/p>\n<p>Comprender\u00e1s a nivel b\u00e1sico las partituras de cualquier pieza musical. <\/p>\n<p>Acceder\u00e1s al certificado avalado por Hotmart y Seminarios Online.<\/p>\n<p>\u00bfC\u00d3MO LO VAS A LOGRAR?<\/p>\n<p>A trav\u00e9s del siguiente contenido, estructurado paso a paso:<\/p>\n<p>M\u00f3dulo 1: Conceptos fundamentales<\/p>\n<p>\u00bfQu\u00e9 aprender\u00e1s en este curso?.<br \/>\nBeneficios de saber leer partituras.<br \/>\n\u00bfC\u00f3mo estudiar este curso?.<br \/>\nEl pentagrama.<br \/>\nNotas y su ubicaci\u00f3n en el pentagrama.<br \/>\nClave sol.<br \/>\nClave de fa.<br \/>\nFiguras r\u00edtmicas.<br \/>\nPulso, tiempo y tempo.<br \/>\nComp\u00e1s y barra de comp\u00e1s.<br \/>\nM\u00e9trica.<br \/>\nAlteraciones y armadura.<br \/>\nIndicaciones de tempo.<br \/>\nDin\u00e1micas.<br \/>\nArticulaci\u00f3n.<\/p>\n<p>M\u00f3dulo 2: 7 pasos para leer una partitura <\/p>\n<p>Paso 1: Determinar cu\u00e1ntos tiempos tiene cada comp\u00e1s.<br \/>\nPaso 2: Determinar qu\u00e9 figura equivale a 1 pulso.<br \/>\nPaso 3: Determinar d\u00f3nde est\u00e1n los pulsos en cada comp\u00e1s.<br \/>\nPaso 4: Contar y se\u00f1alar.<br \/>\nPaso 5: Nombrar las notas.<br \/>\nPaso 6: Tocar las notas en tu instrumento.<br \/>\nPaso 7: Contar y tocar.<\/p>\n<p>Modulo 3: 6 pasos para seguir una partitura<\/p>\n<p>Paso 1: Observar la m\u00e9trica y el tempo.<br \/>\nPaso 2: Encontrar el pulso y la m\u00e9trica.<br \/>\nPaso 3 y 4: Observar la forma\/ numerar compases.<br \/>\nPaso 5: Escuchar la pieza contando pulsos y compases.<br \/>\nPaso 6: Escuchar la pieza siguiendo la partitura.<br \/>\nCoda: Resumen general.<\/p>\n<p>M\u00f3dulo 4: Material adicional<\/p>\n<p>M\u00e9tricas compuestas.<br \/>\nGlosario.<br \/>\nApp: Metr\u00f3nomo digital.<br \/>\nOtras aplicaciones.<\/p>\n<p>M\u00f3dulo 5: Preguntas frecuentes<\/p>\n<p>\u00bfQu\u00e9 es el solfeo y la lectura musical?.<br \/>\n\u00bfQu\u00e9 es la lectura a primera vista?.<br \/>\n\u00bfC\u00f3mo puedo mejorar mi lectura musical?.<br \/>\n\u00bfQu\u00e9 es la lectura a primera vista?.<\/p>\n<p>ACERCA DEL PRODUCTOR<\/p>\n<p>Desarrollado por RICARDO URIBE, pianista de Jazz graduado con honores de la Universidad de Miami.<\/p>\n<p>Su carrera como pianista incluye la participaci\u00f3n en numerosos festivales de jazz y la direcci\u00f3n durante 6 a\u00f1os de la orquesta de MISI, la compa\u00f1\u00eda de teatro musical m\u00e1s importante de Colombia.<\/p>\n<p>En sus m\u00e1s de 25 a\u00f1os de actividad educativa, ha sido maestro de cientos de estudiantes, tanto aficionados como profesionales.<\/p>\n","protected":false},"excerpt":{"rendered":"<p>\u00bfEres un m\u00fasico emp\u00edrico y te sientes limitado al no poder leer con claridad las partituras?<\/p>\n<p>Con el Masterclass COMO LEER Y SEGUIR PARTITURAS, lograr\u00e1s leer y seguir una partitura desde lo m\u00e1s b\u00e1sico hasta un nivel intermedio, desarrollando tu habilidad en el instrumento que m\u00e1s domines.<\/p>\n","protected":false},"featured_media":4773,"template":"","meta":{"_joinchat":[]},"product_brand":[],"product_cat":[332,344],"product_tag":[],"class_list":{"0":"post-12637","1":"product","2":"type-product","3":"status-publish","4":"has-post-thumbnail","6":"product_cat-musica-y-artes","7":"product_cat-todos","9":"first","10":"instock","11":"sale","12":"shipping-taxable","13":"product-type-external"},"_links":{"self":[{"href":"https:\/\/cursos.talentup.cl\/index.php?rest_route=\/wp\/v2\/product\/12637","targetHints":{"allow":["GET"]}}],"collection":[{"href":"https:\/\/cursos.talentup.cl\/index.php?rest_route=\/wp\/v2\/product"}],"about":[{"href":"https:\/\/cursos.talentup.cl\/index.php?rest_route=\/wp\/v2\/types\/product"}],"version-history":[{"count":2,"href":"https:\/\/cursos.talentup.cl\/index.php?rest_route=\/wp\/v2\/product\/12637\/revisions"}],"predecessor-version":[{"id":14619,"href":"https:\/\/cursos.talentup.cl\/index.php?rest_route=\/wp\/v2\/product\/12637\/revisions\/14619"}],"wp:featuredmedia":[{"embeddable":true,"href":"https:\/\/cursos.talentup.cl\/index.php?rest_route=\/wp\/v2\/media\/4773"}],"wp:attachment":[{"href":"https:\/\/cursos.talentup.cl\/index.php?rest_route=%2Fwp%2Fv2%2Fmedia&parent=12637"}],"wp:term":[{"taxonomy":"product_brand","embeddable":true,"href":"https:\/\/cursos.talentup.cl\/index.php?rest_route=%2Fwp%2Fv2%2Fproduct_brand&post=12637"},{"taxonomy":"product_cat","embeddable":true,"href":"https:\/\/cursos.talentup.cl\/index.php?rest_route=%2Fwp%2Fv2%2Fproduct_cat&post=12637"},{"taxonomy":"product_tag","embeddable":true,"href":"https:\/\/cursos.talentup.cl\/index.php?rest_route=%2Fwp%2Fv2%2Fproduct_tag&post=12637"}],"curies":[{"name":"wp","href":"https:\/\/api.w.org\/{rel}","templated":true}]}}