{"id":12678,"date":"2023-01-10T04:41:01","date_gmt":"2023-01-10T07:41:01","guid":{"rendered":"https:\/\/cursos.talentup.cl\/?post_type=product&#038;p=12678"},"modified":"2024-02-07T23:38:00","modified_gmt":"2024-02-08T02:38:00","slug":"aprende-progressive-house-y-monetiza-tus-canciones","status":"publish","type":"product","link":"https:\/\/cursos.talentup.cl\/?product=aprende-progressive-house-y-monetiza-tus-canciones","title":{"rendered":"APRENDE PROGRESSIVE HOUSE Y MONETIZA TUS CANCIONES"},"content":{"rendered":"<p>\u00bfSabias que el progresive es uno de los g\u00e9neros mas populares e influyentes de la m\u00fasica electr\u00f3nica?<\/p>\n<p>Con el masterclass APRENDE PROGRESSIVE HOUSE Y MONETIZA TUS CANCIONES<br \/>\nLograr\u00e1s crear canciones del g\u00e9nero Progressive House de forma pr\u00e1ctica para que te conviertas en un discjokey de talla internacional<\/p>\n<p>\u00bfQU\u00c9 VAS A LOGRAR?<\/p>\n<p>Lograr\u00e1s crear canciones del g\u00e9nero Progressive House de forma pr\u00e1ctica en un m\u00e1ximo de 3 meses.<\/p>\n<p>Aprender\u00e1s los principios m\u00e1s b\u00e1sicos y elementales que te introducir\u00e1n al mundo del Progressive House.<\/p>\n<p>Lograr\u00e1s crear tus maquetas, demos, covers y podr\u00e1s mostrarlos en diferentes plataformas.<\/p>\n<p>Conocer\u00e1s los fundamentos esenciales de FL Studio y c\u00f3mo armonizar una canci\u00f3n completa desde cero.<\/p>\n<p>Conocer\u00e1s qu\u00e9 equipos y Plugins vas a necesitar para producir tu m\u00fasica y qu\u00e9 papel desempe\u00f1a cada uno, obviamente orientado a lo que econ\u00f3micamente te puedas permitir.<\/p>\n<p>Aprender\u00e1s sobre el MIDI, composici\u00f3n, como crear Leads, Bassline, Sub Bass, Chords, Drums, Intros, Build Drop y a sincronizar tus Acapellas.<\/p>\n<p>Aprender\u00e1s los procesos b\u00e1sicos de la mezcla, conceptos como ecualizaci\u00f3n y la compresi\u00f3n, as\u00ed como el uso de efectos consiguiendo claridad y coherencia sonora.<\/p>\n<p>Identificar\u00e1s qu\u00e9 es la masterizaci\u00f3n y dominar\u00e1s los mejores Plugins que te ayudar\u00e1n a potenciar t\u00fa producto final. <\/p>\n<p>Identificar\u00e1s qu\u00e9 plataformas puedes usar para monetizar tus producciones.<\/p>\n<p>Obtendr\u00e1s una canci\u00f3n producida por ti mismo.<\/p>\n<p>Obtendr\u00e1s conocimientos y principios b\u00e1sicos sobre producci\u00f3n musical.<\/p>\n<p>Acceder\u00e1s al certificado avalado por Hotmart y Seminarios Online.<\/p>\n<p>\u00bfC\u00d3MO LO VAS A LOGRAR?<\/p>\n<p>A trav\u00e9s del siguiente contenido, estructurado paso a paso:<\/p>\n<p>M\u00f3dulo No. 1 (CORE) PUV<\/p>\n<p>Inicia por aqu\u00ed<br \/>\n\u00bfPor qu\u00e9 soy yo el indicado?<br \/>\n\u00bfQu\u00e9 vas a lograr?<br \/>\n\u00bfQu\u00e9 vas a necesitar?<br \/>\nRecursos descargables<br \/>\n\u00bfTienes dudas?<br \/>\nRecomendaciones.<br \/>\nDonde descargar las librer\u00edas<br \/>\nParte 01 Conociendo FL STUDIO<br \/>\nParte 02 Conociendo FL STUDIO<br \/>\nParte 03 Conociendo FL STUDIO<\/p>\n<p>M\u00f3dulo No. 2 FL Studio (Pr\u00e1ctica)<\/p>\n<p>Como crear leads.<br \/>\nComo crear bassline y sub bass.<br \/>\nComo crear chords o acordes.<br \/>\nAgregar drums o percusiones.<br \/>\nComo crear introducci\u00f3n del track.<br \/>\nCreando el build drop o ascenso al drop.<br \/>\nAcapella.<\/p>\n<p>M\u00f3dulo No. 3 Mastering<\/p>\n<p>Mezcla.<br \/>\nMastering.<\/p>\n<p>M\u00f3dulo No. 4 Mastering materiales adicionales y bonos<\/p>\n<p>Material adicional, bancos de sonidos.<br \/>\nReferencias de artistas de progressive house.<br \/>\nComo monetizar tus proyectos.<br \/>\nRese\u00f1a de progressive house.<\/p>\n<p>M\u00f3dulo No. 5 Preguntas frecuentes<\/p>\n<p>\u00bfPor qu\u00e9 fl studio?<br \/>\n\u00bfD\u00f3nde descargar librer\u00edas y vst?<br \/>\n\u00bfMonitores o aud\u00edfonos?<br \/>\n\u00bfNecesito un controlador midi?<br \/>\n\u00bfC\u00f3mo obtener tu certificado?<br \/>\nC\u00f3mo hacer dinero con tu m\u00fasica.<br \/>\nSubir tus canciones a plataformas digitales.<\/p>\n<p>ACERCA DEL PRODUCTOR<\/p>\n<p>Desarrollado por PABLO PALMA profesional experto certificado en producci\u00f3n musical con m\u00e1s de 5 a\u00f1os de experiencia en la industria del progressive house, ha ganado reconocimientos a nivel internacional en la industria musical. <\/p>\n<p>Actualmente colabora con escuelas de producci\u00f3n y remix y adem\u00e1s es asesor y consultor en el montaje de diferentes proyectos musicales a nivel internacional.<\/p>\n","protected":false},"excerpt":{"rendered":"<p>\u00bfSabias que el progresive es uno de los g\u00e9neros mas populares e influyentes de la m\u00fasica electr\u00f3nica?<\/p>\n<p>Con el masterclass APRENDE PROGRESSIVE HOUSE Y MONETIZA TUS CANCIONES<br \/>\nLograr\u00e1s crear canciones del g\u00e9nero Progressive House de forma pr\u00e1ctica para que te conviertas en un discjokey de talla internacional<\/p>\n","protected":false},"featured_media":4784,"template":"","meta":{"_joinchat":[]},"product_brand":[],"product_cat":[332,344],"product_tag":[],"class_list":{"0":"post-12678","1":"product","2":"type-product","3":"status-publish","4":"has-post-thumbnail","6":"product_cat-musica-y-artes","7":"product_cat-todos","9":"first","10":"instock","11":"sale","12":"shipping-taxable","13":"product-type-external"},"_links":{"self":[{"href":"https:\/\/cursos.talentup.cl\/index.php?rest_route=\/wp\/v2\/product\/12678","targetHints":{"allow":["GET"]}}],"collection":[{"href":"https:\/\/cursos.talentup.cl\/index.php?rest_route=\/wp\/v2\/product"}],"about":[{"href":"https:\/\/cursos.talentup.cl\/index.php?rest_route=\/wp\/v2\/types\/product"}],"version-history":[{"count":2,"href":"https:\/\/cursos.talentup.cl\/index.php?rest_route=\/wp\/v2\/product\/12678\/revisions"}],"predecessor-version":[{"id":14630,"href":"https:\/\/cursos.talentup.cl\/index.php?rest_route=\/wp\/v2\/product\/12678\/revisions\/14630"}],"wp:featuredmedia":[{"embeddable":true,"href":"https:\/\/cursos.talentup.cl\/index.php?rest_route=\/wp\/v2\/media\/4784"}],"wp:attachment":[{"href":"https:\/\/cursos.talentup.cl\/index.php?rest_route=%2Fwp%2Fv2%2Fmedia&parent=12678"}],"wp:term":[{"taxonomy":"product_brand","embeddable":true,"href":"https:\/\/cursos.talentup.cl\/index.php?rest_route=%2Fwp%2Fv2%2Fproduct_brand&post=12678"},{"taxonomy":"product_cat","embeddable":true,"href":"https:\/\/cursos.talentup.cl\/index.php?rest_route=%2Fwp%2Fv2%2Fproduct_cat&post=12678"},{"taxonomy":"product_tag","embeddable":true,"href":"https:\/\/cursos.talentup.cl\/index.php?rest_route=%2Fwp%2Fv2%2Fproduct_tag&post=12678"}],"curies":[{"name":"wp","href":"https:\/\/api.w.org\/{rel}","templated":true}]}}