{"id":12679,"date":"2023-01-10T04:41:01","date_gmt":"2023-01-10T07:41:01","guid":{"rendered":"https:\/\/cursos.talentup.cl\/?post_type=product&#038;p=12679"},"modified":"2024-02-07T23:38:00","modified_gmt":"2024-02-08T02:38:00","slug":"danza-arabe-terapeutica","status":"publish","type":"product","link":"https:\/\/cursos.talentup.cl\/?product=danza-arabe-terapeutica","title":{"rendered":"DANZA \u00c1RABE TERAP\u00c9UTICA"},"content":{"rendered":"<p>\u00bfSabias que con el movimiento de tu cintura puedes armonizar tu energ\u00eda?<\/p>\n<p>Con el masterclass DANZA ARABE TERAPEUTICA podr\u00e1s hacer alineaci\u00f3n de chakras a trav\u00e9s de los movimientos de danza \u00e1rabe para ganar confianza y amor propio.<\/p>\n<p>\u00bfQU\u00c9 VAS A LOGRAR?<\/p>\n<p>Aprender\u00e1s los movimientos b\u00e1sicos de la danza \u00e1rabe.<\/p>\n<p>Conectaras con tu cuerpo y tu ser a trav\u00e9s del movimiento y la meditaci\u00f3n.<\/p>\n<p>Desarrollaras tu confianza y amor propio.<\/p>\n<p>Conocer\u00e1s acerca de los centros energ\u00e9ticos y como se armonizan a trav\u00e9s del Movimiento.<\/p>\n<p>Te acercaras un poco m\u00e1s a la cultura oriental a trav\u00e9s de la danza.<\/p>\n<p>Entender\u00e1s la conjunci\u00f3n entre tus puntos energ\u00e9ticos y los movimientos de la danza \u00e1rabe.<\/p>\n<p>Podr\u00e1s mejorar tu concentraci\u00f3n y coordinaci\u00f3n con los movimientos de la danza.<\/p>\n<p>Desarrollas destrezas en todo lo referente a la expresi\u00f3n corporal.<\/p>\n<p>Te sumergir\u00e1s en todo un mundo de posibilidades en cuanto a la danzoterapia.<\/p>\n<p>Encontraras un curso dise\u00f1ado para ti para que puedas disfrutar de tu tiempo y de encuentro contigo misma.<\/p>\n<p>Acceder\u00e1s al certificado avalado por Hotmart y Seminarios Online.<\/p>\n<p>\u00bfC\u00d3MO LO VAS A LOGRAR?<\/p>\n<p>A trav\u00e9s del siguiente contenido, estructurado paso a paso:<\/p>\n<p>Video 1: Presentaci\u00f3n personal de la productora.<br \/>\nVideo 2: La importancia de la danza \u00e1rabe terap\u00e9utica.<br \/>\nVideo 3: Historia de la danza oriental.<br \/>\nVideo 4: Actualidad de la danza oriental.<br \/>\nVideo 5: Como organizar tu espacio para la pr\u00e1ctica.<br \/>\nVideo 6: Centros de energ\u00eda \u2013 chakras.<br \/>\nVideo 7: Estrella de la tierra meditaci\u00f3n.<br \/>\nVideo 8: Chakra ra\u00edz.<br \/>\nVideo 9: Chakra sacro.<br \/>\nVideo 10: Chakra plexo solar.<br \/>\nVideo 11: Chakra coraz\u00f3n.<br \/>\nVideo 12: Chakra garganta.<br \/>\nVideo 13: Chakra del tercer ojo.<br \/>\nVideo 14: Chakra coronilla.<br \/>\nVideo 15: Estrella del cielo meditaci\u00f3n.<br \/>\nVideo 16: Coreograf\u00eda grupal.<br \/>\nVideo 17: Cierre.<\/p>\n<p>ACERCA DE LA PRODUCTORA<\/p>\n<p>Desarrollado por LINA MARIA RICO CALDER\u00d3N, una apasionada por el movimiento corporal humano, que encontr\u00f3 en la danza oriental, un medio de expresi\u00f3n art\u00edstico que a su vez es terap\u00e9utico y donde, hoy en d\u00eda ayuda a muchas mujeres a empoderarse en su seguridad y fortaleza interior.<\/p>\n<p>Se formo desde los 8 a\u00f1os en Reiki Usui y en diferentes terapias alternativas; desde los 13 a\u00f1os se ha formado en todo lo relacionado a la danza oriental y hace 9 a\u00f1os abri\u00f3 su academia de danza oriental Amara Nur, para entregar todo su conocimiento y a su vez formar un movimiento art\u00edstico en su ciudad natal, adem\u00e1s de ser un espacio hol\u00edstico donde cientos de mujeres asisten cada d\u00eda para transformar su ser a trav\u00e9s del movimiento consciente.<\/p>\n<p>Tambi\u00e9n es Fisioterapeuta con master en osteopat\u00eda y master experto en Gimnasia abdominal hipopresiva. Ha sido jurado de danza internacional y as\u00ed mismo ha participado en diferentes muestras art\u00edsticas locales y regionales, convirti\u00e9ndose en un referente de la danza oriental a nivel nacional.<\/p>\n","protected":false},"excerpt":{"rendered":"<p>\u00bfSabias que con el movimiento de tu cintura puedes armonizar tu energ\u00eda?<\/p>\n<p>Con el masterclass DANZA ARABE TERAPEUTICA podr\u00e1s hacer alineaci\u00f3n de chakras a trav\u00e9s de los movimientos de danza \u00e1rabe para ganar confianza y amor propio.<\/p>\n","protected":false},"featured_media":4785,"template":"","meta":{"_joinchat":[]},"product_brand":[],"product_cat":[332,344],"product_tag":[],"class_list":{"0":"post-12679","1":"product","2":"type-product","3":"status-publish","4":"has-post-thumbnail","6":"product_cat-musica-y-artes","7":"product_cat-todos","9":"first","10":"instock","11":"sale","12":"shipping-taxable","13":"product-type-external"},"_links":{"self":[{"href":"https:\/\/cursos.talentup.cl\/index.php?rest_route=\/wp\/v2\/product\/12679","targetHints":{"allow":["GET"]}}],"collection":[{"href":"https:\/\/cursos.talentup.cl\/index.php?rest_route=\/wp\/v2\/product"}],"about":[{"href":"https:\/\/cursos.talentup.cl\/index.php?rest_route=\/wp\/v2\/types\/product"}],"version-history":[{"count":2,"href":"https:\/\/cursos.talentup.cl\/index.php?rest_route=\/wp\/v2\/product\/12679\/revisions"}],"predecessor-version":[{"id":14631,"href":"https:\/\/cursos.talentup.cl\/index.php?rest_route=\/wp\/v2\/product\/12679\/revisions\/14631"}],"wp:featuredmedia":[{"embeddable":true,"href":"https:\/\/cursos.talentup.cl\/index.php?rest_route=\/wp\/v2\/media\/4785"}],"wp:attachment":[{"href":"https:\/\/cursos.talentup.cl\/index.php?rest_route=%2Fwp%2Fv2%2Fmedia&parent=12679"}],"wp:term":[{"taxonomy":"product_brand","embeddable":true,"href":"https:\/\/cursos.talentup.cl\/index.php?rest_route=%2Fwp%2Fv2%2Fproduct_brand&post=12679"},{"taxonomy":"product_cat","embeddable":true,"href":"https:\/\/cursos.talentup.cl\/index.php?rest_route=%2Fwp%2Fv2%2Fproduct_cat&post=12679"},{"taxonomy":"product_tag","embeddable":true,"href":"https:\/\/cursos.talentup.cl\/index.php?rest_route=%2Fwp%2Fv2%2Fproduct_tag&post=12679"}],"curies":[{"name":"wp","href":"https:\/\/api.w.org\/{rel}","templated":true}]}}