{"id":12682,"date":"2023-01-10T04:41:01","date_gmt":"2023-01-10T07:41:01","guid":{"rendered":"https:\/\/cursos.talentup.cl\/?post_type=product&#038;p=12682"},"modified":"2024-02-07T23:38:02","modified_gmt":"2024-02-08T02:38:02","slug":"podcast-poderoso-entrenamiento-vocal","status":"publish","type":"product","link":"https:\/\/cursos.talentup.cl\/?product=podcast-poderoso-entrenamiento-vocal","title":{"rendered":"PODCAST PODEROSO + ENTRENAMIENTO VOCAL"},"content":{"rendered":"<p>\u00bfTe gustar\u00eda producir un podcast impactante, efectivo, rentable y de excelente calidad?<\/p>\n<p>Con el masterclass Podcast Poderoso lograr\u00e1s Un entrenamiento vocal b\u00e1sico para voz hablada, de la mano de una de las voces m\u00e1s reconocidas en Am\u00e9rica Latina y con m\u00e1s de 25 a\u00f1os de experiencia en el medio.<\/p>\n<p>\u00bfQUE VAS A LOGRAR?<\/p>\n<p>Fortalecer\u00e1s tu estrategia comunicativa.<\/p>\n<p>Transmitir\u00e1s tus conocimientos, posiciones, ideas o proyectos a millones de personas.<\/p>\n<p>Aumentar\u00e1s el tr\u00e1fico hacia tus redes sociales, sitio web o plataformas.<\/p>\n<p>Reforzar\u00e1s tu marca personal, tu producto o servicio.<\/p>\n<p>Generar\u00e1s ingresos de manera directa e indirecta.<\/p>\n<p>Crear\u00e1s fidelidad.<\/p>\n<p>Hallar\u00e1s personas que conecten con tu mensaje o marca y que pueden convertirse en clientes.<\/p>\n<p>Nutrir\u00e1s a tus prospectos con informaci\u00f3n de valor.<\/p>\n<p>Diversificar\u00e1s la forma en la que te comunicas con tu audiencia.<\/p>\n<p>Incrementar\u00e1s tus ventas.<\/p>\n<p>Acceder\u00e1s al certificado avalado por Hotmart y Seminarios Online.<\/p>\n<p>\u00bfC\u00d3MO LO VAS A LOGRAR?<\/p>\n<p>A trav\u00e9s del siguiente contenido, estructurado paso a paso:<\/p>\n<p>M\u00d3DULO 1 PASO A PASO PARA CREAR UN PODCAST PODEROSO<\/p>\n<p>INTRODUCCI\u00d3N<br \/>\nJUSTIFICACI\u00d3N: IMPACTANTES CIFRAS DEL PODCAST HOY<br \/>\nPASO 1 &#8211; DEFINICI\u00d3N<br \/>\nPASO 2 &#8211; C\u00d3MO ESTRUCTURAR MI PROYECTO DE PODCAST<br \/>\nPASO 3 &#8211; C\u00d3MO ELABORAR UN PLAN DE TRABAJO EFECTIVO<br \/>\nPASO 4 &#8211; ASPECTOS T\u00c9CNICOS PARA PRODUCIR UN PODCAST 1<br \/>\nPASO 5 &#8211; ASPECTOS T\u00c9CNICOS PARA PRODUCIR UN PODCAST 2-C\u00d3MO ELABORAR UN CONTENIDO IMPACTANTE<br \/>\nPASO 6 &#8211; CREACI\u00d3N DE CONTENIDO &#8211; TIPOS DE G\u00c9NEROS<br \/>\nPASO 7 &#8211; CREACI\u00d3N DE CONTENIDO &#8211; FORMATOS Y TEMAS<br \/>\nPASO 8 &#8211; PLATAFORMAS DE ALOJAMIENTO Y DIFUSI\u00d3N.<br \/>\nPASO 9 &#8211; \u00bfQU\u00c9 ES UN RSS?<\/p>\n<p>M\u00d3DULO 2 \u00a1VOCES A LA OBRA!<\/p>\n<p>PASO 10 &#8211; TUTORIAL: COMO ABRIR UNA CUENTA EN ANCHOR<br \/>\nPASO 11 &#8211; COMO EMPLEAR ANCHOR<br \/>\nPASO 12 &#8211; TUTORIAL: VIDEOPODCAST CON MUSICVID<br \/>\nPASO 13 &#8211; CASO CLUB HOUSE<br \/>\nPASO 14 &#8211; C\u00d3MO MONETIZAR UN PODCAST<br \/>\nPASO 15 &#8211; EJEMPLO: VIDEOPODCAST DE MUESTRA &#8211; ESPECIAL<\/p>\n<p>M\u00d3DULO 3 BONUS 1 ENTRENAMIENTO VOCAL B\u00c1SICO<\/p>\n<p>CLASE 1 &#8211; RESPIRACI\u00d3N<br \/>\nCLASE 2 &#8211; RELAJACI\u00d3N<br \/>\nCLASE 3 &#8211; VOCALIZACI\u00d3N Y DICCI\u00d3N<br \/>\nCLASE 4 &#8211; CALENTAMIENTO DE CUERDAS VOCALES<\/p>\n<p>M\u00d3DULO 4 BONUS 2<\/p>\n<p>CLASE DE INTERPRETACI\u00d3N<\/p>\n<p>M\u00d3DULO 5 BONUS 3<\/p>\n<p>CALENTAMIENTO VOCAL + AUDIO GU\u00cdA<\/p>\n<p>M\u00d3DULO 6<\/p>\n<p>VIDEO RESPUESTAS<br \/>\nPREGUNTA FRECUENTE 1<br \/>\nPREGUNTA FRECUENTE 2<br \/>\nPREGUNTA FRECUENTE 3<br \/>\nPREGUNTA FRECUENTE 4<br \/>\nPREGUNTA FRECUENTE 5<\/p>\n<p>ACERCA DEL PRODUCTOR<\/p>\n<p>Desarrollado por CAMILO RODR\u00cdGUEZ cuenta con una experiencia de m\u00e1s de 27 a\u00f1os en los medios de comunicaci\u00f3n como voz comercial de miles de productos, actor de doblaje, narrador internacional, y asesor para diferentes empresas en la producci\u00f3n y realizaci\u00f3n de Podcast. Ha sido la voz de marcas como Telef\u00f3nica, Banco Av Villas, Almacenes Pepe Ganga, Knorr, Agua Cristal, Etb, Transmilenio, entre otras. <\/p>\n<p>Como actor de doblaje ha prestado su voz a Bruce Wiliis, Jason Statham, Jason Bateman, Luke Perry, Jhon Leguizamo, Charlie Sheen, Andy Garc\u00eda y a personajes emblem\u00e1ticos como Dr Black Jack, Jack Atlas en Yu Gi Oh, Dante Vale en Huntik, Victor Volt en el Show Secreto, Rusell en Chicas enamoradas, Dr Dos cerebros en Chica supersabia, entre muchos otros, ha sido narrador de los documentales Cat\u00e1strofes A\u00e9reas (NTGO), El Gran tibur\u00f3n blanco (Discovery), El vaticano Archivos Secretos (History), Ciencia Demente, Superh\u00e9roes la historia, entre muchos otros.<\/p>\n<p>Actualmente es la voz para Latinoam\u00e9rica de Marcus Lemonis \u00abEl Socio\u00bb de History Channel, de Samsung Latinoam\u00e9rica, Seguros Bol\u00edvar y narrador de la serie Tierra Apocal\u00edptica, es el Director del Club De la Oratoria y del portal supervoces.com, director y conductor del podcast La caja de pandora y de Tecnofans. Ha escrito 3 libros: Tu poderosa voz, el m\u00e9todo de neuroprogramaci\u00f3n mental Poderosamente y el Neurosistema para hablar en p\u00fablico. Creador del entrenamiento digital Neurospeaker, el poder de la comunicaci\u00f3n.<\/p>\n","protected":false},"excerpt":{"rendered":"<p>\u00bfTe gustar\u00eda producir un podcast impactante, efectivo, rentable y de excelente calidad?<\/p>\n<p>Con el masterclass Podcast Poderoso lograr\u00e1s Un entrenamiento vocal b\u00e1sico para voz hablada, de la mano de una de las voces m\u00e1s reconocidas en Am\u00e9rica Latina y con m\u00e1s de 25 a\u00f1os de experiencia en el medio.<\/p>\n","protected":false},"featured_media":4788,"template":"","meta":{"_joinchat":[]},"product_brand":[],"product_cat":[332,344],"product_tag":[],"class_list":{"0":"post-12682","1":"product","2":"type-product","3":"status-publish","4":"has-post-thumbnail","6":"product_cat-musica-y-artes","7":"product_cat-todos","9":"first","10":"instock","11":"sale","12":"shipping-taxable","13":"product-type-external"},"_links":{"self":[{"href":"https:\/\/cursos.talentup.cl\/index.php?rest_route=\/wp\/v2\/product\/12682","targetHints":{"allow":["GET"]}}],"collection":[{"href":"https:\/\/cursos.talentup.cl\/index.php?rest_route=\/wp\/v2\/product"}],"about":[{"href":"https:\/\/cursos.talentup.cl\/index.php?rest_route=\/wp\/v2\/types\/product"}],"version-history":[{"count":2,"href":"https:\/\/cursos.talentup.cl\/index.php?rest_route=\/wp\/v2\/product\/12682\/revisions"}],"predecessor-version":[{"id":14634,"href":"https:\/\/cursos.talentup.cl\/index.php?rest_route=\/wp\/v2\/product\/12682\/revisions\/14634"}],"wp:featuredmedia":[{"embeddable":true,"href":"https:\/\/cursos.talentup.cl\/index.php?rest_route=\/wp\/v2\/media\/4788"}],"wp:attachment":[{"href":"https:\/\/cursos.talentup.cl\/index.php?rest_route=%2Fwp%2Fv2%2Fmedia&parent=12682"}],"wp:term":[{"taxonomy":"product_brand","embeddable":true,"href":"https:\/\/cursos.talentup.cl\/index.php?rest_route=%2Fwp%2Fv2%2Fproduct_brand&post=12682"},{"taxonomy":"product_cat","embeddable":true,"href":"https:\/\/cursos.talentup.cl\/index.php?rest_route=%2Fwp%2Fv2%2Fproduct_cat&post=12682"},{"taxonomy":"product_tag","embeddable":true,"href":"https:\/\/cursos.talentup.cl\/index.php?rest_route=%2Fwp%2Fv2%2Fproduct_tag&post=12682"}],"curies":[{"name":"wp","href":"https:\/\/api.w.org\/{rel}","templated":true}]}}