{"id":12684,"date":"2023-01-10T04:41:02","date_gmt":"2023-01-10T07:41:02","guid":{"rendered":"https:\/\/cursos.talentup.cl\/?post_type=product&#038;p=12684"},"modified":"2024-02-07T23:38:02","modified_gmt":"2024-02-08T02:38:02","slug":"el-arte-del-reciclado-motolaton","status":"publish","type":"product","link":"https:\/\/cursos.talentup.cl\/?product=el-arte-del-reciclado-motolaton","title":{"rendered":"EL ARTE DEL RECICLADO MOTOLATON"},"content":{"rendered":"<p>Si eres de las personas que les gusta el arte did\u00e1ctico, les preocupa el medio ambiente, te preguntas como puedes reutilizar las cosas y c\u00f3mo crear arte al mismo tiempo, el MASTER CLASS EL ARTE DEL RECICLADO \u2013 MOTOLAT\u00d3N, es para ti.<\/p>\n<p>Aprender\u00e1s a crear desde una moto, un auto, un cami\u00f3n, un avi\u00f3n o hasta un barco, utilizando y conociendo los materiales reutilizables y con la finalidad de hacer arte y cuidar el planeta.<\/p>\n<p>\u00bfQU\u00c9 VAS A LOGRAR?<\/p>\n<p>Aprender\u00e1s como reutilizar los materiales reciclados como latas, pet, cart\u00f3n etc.<\/p>\n<p>Tendr\u00e1s el conocimiento y como identificar los materiales a utilizar, aunque muchos se parecen, pero tienen una peque\u00f1a diferencia que har\u00e1n que tus trabajos se vean mejor. <\/p>\n<p>Utilizar\u00e1s las herramientas necesarias que podemos tener en casa y paso a paso desde cero,<\/p>\n<p>Aprender\u00e1s la elaboraci\u00f3n y llev\u00e1ndote de la mano desde el inicio hasta el final de tu trabajo y todo esto te llevaran al conocimiento de transformaci\u00f3n para la creaci\u00f3n de algo incre\u00edble, como una moto, un auto, un cami\u00f3n, o un avi\u00f3n e incluso un barco. Lo que tu imaginaci\u00f3n y creatividad quieran crear.<\/p>\n<p>Lograr\u00e1s obtener el conocimiento y el aprendizaje necesario y con la pr\u00e1ctica tus creaciones ser\u00e1n las mejores.<\/p>\n<p>Aprender\u00e1s a desarrollar tus habilidades manuales, logrando as\u00ed que puedas realizarlas en menos tiempo.<\/p>\n<p>Acceder\u00e1s al certificado avalado por Hotmart y Seminarios Online.<\/p>\n<p>\u00bfC\u00d3MO LO VAS A LOGRAR?<\/p>\n<p>A trav\u00e9s del siguiente contenido estructurado paso a paso:<\/p>\n<p>ELABORACI\u00d3N DE UNA MOTO CON LATAS DE ALUMINIO<\/p>\n<p>HARLEY DAVIDSON BOBBER CHOPPER.<\/p>\n<p>Instructor: Abraham Monterrosas Altamirano.<\/p>\n<p>Video 1. Introducci\u00f3n.<br \/>\nVideo 2. Importancia de reciclar.<br \/>\nVideo 3. A qui\u00e9n va dirigido este curso.<br \/>\nVideo 4. Qu\u00e9 vas a lograr.<br \/>\nVideo 5. Partes de una moto.<br \/>\nVideo 6. Conocimiento de los materiales.<br \/>\nVideo 7. Herramientas y utensilios.<br \/>\nVideo 8. C\u00f3mo cortar la lata.<br \/>\nVideo 9. C\u00f3mo hacer los tubitos de lata.<br \/>\nVideo 10. Elaboraci\u00f3n de rines y llantas.<br \/>\nVideo 11. 2da parte rines y llantas.<br \/>\nVideo 12. 3era parte rines y llantas.<br \/>\nVideo 13. Elaboraci\u00f3n de chasis.<br \/>\nVideo 14. 2da parte chasis.<br \/>\nVideo 15. C\u00f3mo elaborar las tijeras delanteras.<br \/>\nVideo 16. Elaboraci\u00f3n de las horquillas.<br \/>\nVideo 17. Elaboraci\u00f3n del tanque de gasolina.<br \/>\nVideo 18. 2da parte tanque de gasolina.<br \/>\nVideo 19. Elaboraci\u00f3n del motor.<br \/>\nVideo 20. 2do paso motor.<br \/>\nVideo 21. 3er paso motor.<br \/>\nVideo 22. 4to paso motor.<br \/>\nVideo 23. 5to paso motor.<br \/>\nVideo 24. Elaboraci\u00f3n del escape.<br \/>\nVideo 25. Elaboraci\u00f3n de guardafangos.<br \/>\nVideo 26. Elaboraci\u00f3n de faros.<br \/>\nVideo 27. Elaboraci\u00f3n del asiento.<br \/>\nVideo 28. Elaboraci\u00f3n del manubrio.<br \/>\nVideo 29. Elaboraci\u00f3n de man\u00f3metro.<br \/>\nVideo 30. Armado de la moto.<br \/>\nVideo 31. 2da parte armado de la moto.<br \/>\nVideo 32. 3era parte armado de la moto.<br \/>\nVideo 33. Final del curso.<br \/>\nVideo 34. Tips Master.<br \/>\nVideo 35. Limpieza de las latas.<br \/>\nVideo 36. Mantenimiento.<br \/>\nVideo 37. Materiales.<\/p>\n<p>ACERCA DEL PRODUCTOR<\/p>\n<p>Desarrollado por ABRAHAM MONTERRISAS ALTAMIRANO, residente en M\u00e9xico, maestro en artes pl\u00e1sticas del reciclado graduado de la escuela de Artes Pl\u00e1sticas en M\u00e9xico, en el a\u00f1o de 2005.<\/p>\n<p>Con una experiencia de m\u00e1s de 15 a\u00f1os en el arte del reciclado ya como vocaci\u00f3n de ense\u00f1anza para ni\u00f1os, j\u00f3venes y adultos que les gusta el arte y reutilizar materiales cre\u00e1ndoles una conciencia de reciclar y reutilizar todo lo que desechamos y cuidar nuestro entorno y el planeta.<\/p>\n<p>La participaci\u00f3n en diversos eventos culturales y que se han ganado reconocimientos y premios importantes, quedando siempre entre los primeros lugares a nivel local y nacional.<\/p>\n<p>Exposiciones en Casa de la Cultura, Centro Expositor y Museos de la ciudad como en otras ciudades de la rep\u00fablica mexicana.<\/p>\n","protected":false},"excerpt":{"rendered":"<p>Si eres de las personas que les gusta el arte did\u00e1ctico, les preocupa el medio ambiente, te preguntas como puedes reutilizar las cosas y c\u00f3mo crear arte al mismo tiempo, el MASTER CLASS EL ARTE DEL RECICLADO \u2013 MOTOLAT\u00d3N, es para ti.<\/p>\n<p>Aprender\u00e1s a crear desde una moto, un auto, un cami\u00f3n, un avi\u00f3n o hasta un barco, utilizando y conociendo los materiales reutilizables y con la finalidad de hacer arte y cuidar el planeta.<\/p>\n","protected":false},"featured_media":4791,"template":"","meta":{"_joinchat":[]},"product_brand":[],"product_cat":[332,344],"product_tag":[],"class_list":{"0":"post-12684","1":"product","2":"type-product","3":"status-publish","4":"has-post-thumbnail","6":"product_cat-musica-y-artes","7":"product_cat-todos","9":"first","10":"instock","11":"sale","12":"shipping-taxable","13":"product-type-external"},"_links":{"self":[{"href":"https:\/\/cursos.talentup.cl\/index.php?rest_route=\/wp\/v2\/product\/12684","targetHints":{"allow":["GET"]}}],"collection":[{"href":"https:\/\/cursos.talentup.cl\/index.php?rest_route=\/wp\/v2\/product"}],"about":[{"href":"https:\/\/cursos.talentup.cl\/index.php?rest_route=\/wp\/v2\/types\/product"}],"version-history":[{"count":2,"href":"https:\/\/cursos.talentup.cl\/index.php?rest_route=\/wp\/v2\/product\/12684\/revisions"}],"predecessor-version":[{"id":14636,"href":"https:\/\/cursos.talentup.cl\/index.php?rest_route=\/wp\/v2\/product\/12684\/revisions\/14636"}],"wp:featuredmedia":[{"embeddable":true,"href":"https:\/\/cursos.talentup.cl\/index.php?rest_route=\/wp\/v2\/media\/4791"}],"wp:attachment":[{"href":"https:\/\/cursos.talentup.cl\/index.php?rest_route=%2Fwp%2Fv2%2Fmedia&parent=12684"}],"wp:term":[{"taxonomy":"product_brand","embeddable":true,"href":"https:\/\/cursos.talentup.cl\/index.php?rest_route=%2Fwp%2Fv2%2Fproduct_brand&post=12684"},{"taxonomy":"product_cat","embeddable":true,"href":"https:\/\/cursos.talentup.cl\/index.php?rest_route=%2Fwp%2Fv2%2Fproduct_cat&post=12684"},{"taxonomy":"product_tag","embeddable":true,"href":"https:\/\/cursos.talentup.cl\/index.php?rest_route=%2Fwp%2Fv2%2Fproduct_tag&post=12684"}],"curies":[{"name":"wp","href":"https:\/\/api.w.org\/{rel}","templated":true}]}}