{"id":12691,"date":"2023-01-10T04:41:02","date_gmt":"2023-01-10T07:41:02","guid":{"rendered":"https:\/\/cursos.talentup.cl\/?post_type=product&#038;p=12691"},"modified":"2024-02-07T23:38:02","modified_gmt":"2024-02-08T02:38:02","slug":"atractiva-y-sexy-con-twerking","status":"publish","type":"product","link":"https:\/\/cursos.talentup.cl\/?product=atractiva-y-sexy-con-twerking","title":{"rendered":"ATRACTIVA Y SEXY CON TWERKING"},"content":{"rendered":"<p>\u00bfTe gustar\u00eda sentirte m\u00e1s atractiva y sexy, sentirte m\u00e1s c\u00f3moda y libre para expresarte con tu cuerpo y fortalecer tu relaci\u00f3n de pareja?.<\/p>\n<p>En este MASTER CLASS ATRACTIVA Y SEXY CON TWERKING, aprender\u00e1s paso a paso y desde cero diferentes movimientos de baile y coreograf\u00edas que te ayudar\u00e1n a conectarte con tu feminidad, mejorar tu autoestima y sentirte mucho m\u00e1s atractiva.<\/p>\n<p>Aqu\u00ed encontrar\u00e1s rutinas de baile para armonizar tu cuerpo y sentirte m\u00e1s segura, adem\u00e1s, mejorar\u00e1s tu postura y coordinaci\u00f3n.<\/p>\n<p>\u00bfQU\u00c9 VAS A LOGRAR?<\/p>\n<p>Aprender\u00e1s un ritmo \u00fanico, sensual e incomparable, en donde disfrutar\u00e1s y te ejercitar\u00e1s al mismo tiempo.<\/p>\n<p>Conocer\u00e1s que al bailar twerking los gl\u00fateos no solo se mantienen fuertes: tambi\u00e9n se propicia que tu cola se eleve, mejorando su apariencia y haci\u00e9ndola m\u00e1s atractiva.<\/p>\n<p>Aprender\u00e1s a conectarte y sentirte mejor con tu cuerpo.<\/p>\n<p>Dir\u00e1s adi\u00f3s a los complejos y le dar\u00e1s rienda suelta a lo que sientes para comunicarlo y expresarlo a trav\u00e9s del baile<\/p>\n<p>Aprender\u00e1s a convertir tu sensualidad en arte.<\/p>\n<p>Quemar\u00e1s grasa y tonificar\u00e1s tu cola, piernas, abdomen y espalda baja, y lo mejor es que lo har\u00e1s mientras te diviertes.<\/p>\n<p>Aprender\u00e1s a sentirte m\u00e1s atractiva y a ser m\u00e1s segura de ti misma, con los pasos y coreograf\u00edas.<\/p>\n<p>Romper\u00e1s con las represiones sociales y barreras que como mujer te son impuestas por la sociedad.<\/p>\n<p>Te divertir\u00e1s con una serie de movimientos y coreograf\u00edas que ayudar\u00e1n a elevar tu nivel de endorfinas, reduciendo el estr\u00e9s y mejorando tu estado de \u00e1nimo.<\/p>\n<p>Realizar\u00e1s movimientos que aumentar\u00e1n la circulaci\u00f3n y tonificaci\u00f3n de tu zona p\u00e9lvica, lo que te ayudar\u00e1 a mejorar tus relaciones \u00edntimas, disminuir los dolores menstruales y atenuar los s\u00edntomas asociados a la menopausia.<\/p>\n<p>Acceder\u00e1s al certificado avalado por Hotmart y Seminarios Online.<\/p>\n<p>\u00bfC\u00d3MO LO VAS A LOGRAR?<\/p>\n<p>A trav\u00e9s del siguiente contenido estructurado paso a paso:<\/p>\n<p>Video 1 &#8211; Bienvenida.<br \/>\nVideo 2 &#8211; Calentamiento.<\/p>\n<p>M\u00d3DULO 1: PASOS B\u00c1SICOS.<\/p>\n<p>Video 3 &#8211; Introducci\u00f3n.<br \/>\nVideo 4 &#8211; Primer Paso B\u00e1sico &#8211; SHAKE.<br \/>\nVideo 5 &#8211; Segundo Paso B\u00e1sico &#8211; WINE.<br \/>\nVideo 6 &#8211; Tercer Paso B\u00e1sico &#8211; JIGGLE.<br \/>\nVideo 7 \u2013 Cuarto Paso B\u00e1sico \u2013 TIK TOK.<br \/>\nVideo 8 &#8211; Combinemos los Pasos B\u00e1sicos.<br \/>\nVideo 9 &#8211; Coreograf\u00eda con Pasos B\u00e1sicos.<\/p>\n<p>M\u00d3DULO2: PASOS B\u00c1SICOS CON VARIACIONES.<\/p>\n<p>Video 10 &#8211; Introducci\u00f3n.<br \/>\nVideo 11 &#8211; Variaciones SHAKE.<br \/>\nVideo 12 &#8211; Variaciones WINE.<br \/>\nVideo 13 &#8211; Variaciones JIGGLE.<br \/>\nVideo 14 &#8211; Variaciones TIK TOK.<br \/>\nVideo 15 &#8211; Combinemos los Pasos B\u00e1sicos y sus variaciones.<br \/>\nVideo 16 &#8211; Coreograf\u00eda con Pasos B\u00e1sicos y sus variaciones.<\/p>\n<p>M\u00d3DULO 3: POSICI\u00d3N PIR\u00c1MIDE Y 6 APOYOS.<\/p>\n<p>Video 17 &#8211; Introducci\u00f3n.<br \/>\nVideo 18 &#8211; Los 4 Pasos B\u00e1sicos en Posici\u00f3n Pir\u00e1mide.<br \/>\nVideo 19 &#8211; Combinemos los 4 Pasos B\u00e1sicos en las posiciones de Diamante y Pir\u00e1mide.<br \/>\nVideo 20 &#8211; Posici\u00f3n 6 Apoyos.<br \/>\nVideo 21 &#8211; Combinaci\u00f3n Pir\u00e1mide y 6 Apoyos con M\u00fasica.<br \/>\nVideo 22 &#8211; Coreograf\u00eda con las Posiciones Pir\u00e1mide y 6 Apoyos.<\/p>\n<p>M\u00d3DULO 4: COREOGRAF\u00cdAS.<\/p>\n<p>Video 24 &#8211; Coreograf\u00eda D\u00eda 1.<br \/>\nVideo 25 &#8211; Coreograf\u00eda D\u00eda 2.<br \/>\nVideo 26 &#8211; Coreograf\u00eda D\u00eda 3 + Paso Intermedio (Cuadrado).<br \/>\nVideo 27 &#8211; Coreograf\u00eda D\u00eda 4 + Paso Intermedio (Escalera).<br \/>\nVideo 28 &#8211; Coreograf\u00eda D\u00eda 5 (Nivel Intermedio).<\/p>\n<p>M\u00d3DULO 5: BONUS.<\/p>\n<p>Video 29 &#8211; BONO 1 &#8211; Booty Clap (Paso Intermedio Avanzado).<br \/>\nVideo 30 &#8211; BONO 2 &#8211; Disociaci\u00f3n de Gl\u00fateos (Ejercicios Pr\u00e1cticos).<br \/>\nVideo 31 &#8211; Felicitaciones y Finalizaci\u00f3n del Curso.<\/p>\n<p>ACERCA DE LA PRODUCTORA<\/p>\n<p>Desarrollado por LAURA BEDOYA, Profesional en Danza de la Universidad Distrital de Colombia y Profesora de Twerking.<\/p>\n<p>Desde hace m\u00e1s de 3 a\u00f1os, es instructora en la Academia Ritmo Vivo en la ciudad de Bogot\u00e1, en donde ha ense\u00f1ado a cientos de mujeres de todas las edades desde adolescentes hasta mujeres mayores de 50 a\u00f1os.<\/p>\n<p>Su metodolog\u00eda de ense\u00f1anza la ha convertido en un referente en el sector y le ha valido diferentes reconocimientos a nivel Bogot\u00e1 y a nivel nacional.<\/p>\n","protected":false},"excerpt":{"rendered":"<p>\u00bfTe gustar\u00eda sentirte m\u00e1s atractiva y sexy, sentirte m\u00e1s c\u00f3moda y libre para expresarte con tu cuerpo y fortalecer tu relaci\u00f3n de pareja?.<\/p>\n<p>En este MASTER CLASS ATRACTIVA Y SEXY CON TWERKING, aprender\u00e1s paso a paso y desde cero diferentes movimientos de baile y coreograf\u00edas que te ayudar\u00e1n a conectarte con tu feminidad, mejorar tu autoestima y sentirte mucho m\u00e1s atractiva.<\/p>\n<p>Aqu\u00ed encontrar\u00e1s rutinas de baile para armonizar tu cuerpo y sentirte m\u00e1s segura, adem\u00e1s, mejorar\u00e1s tu postura y coordinaci\u00f3n.<\/p>\n","protected":false},"featured_media":4798,"template":"","meta":{"_joinchat":[]},"product_brand":[],"product_cat":[332,344],"product_tag":[],"class_list":{"0":"post-12691","1":"product","2":"type-product","3":"status-publish","4":"has-post-thumbnail","6":"product_cat-musica-y-artes","7":"product_cat-todos","9":"first","10":"instock","11":"sale","12":"shipping-taxable","13":"product-type-external"},"_links":{"self":[{"href":"https:\/\/cursos.talentup.cl\/index.php?rest_route=\/wp\/v2\/product\/12691","targetHints":{"allow":["GET"]}}],"collection":[{"href":"https:\/\/cursos.talentup.cl\/index.php?rest_route=\/wp\/v2\/product"}],"about":[{"href":"https:\/\/cursos.talentup.cl\/index.php?rest_route=\/wp\/v2\/types\/product"}],"version-history":[{"count":2,"href":"https:\/\/cursos.talentup.cl\/index.php?rest_route=\/wp\/v2\/product\/12691\/revisions"}],"predecessor-version":[{"id":14643,"href":"https:\/\/cursos.talentup.cl\/index.php?rest_route=\/wp\/v2\/product\/12691\/revisions\/14643"}],"wp:featuredmedia":[{"embeddable":true,"href":"https:\/\/cursos.talentup.cl\/index.php?rest_route=\/wp\/v2\/media\/4798"}],"wp:attachment":[{"href":"https:\/\/cursos.talentup.cl\/index.php?rest_route=%2Fwp%2Fv2%2Fmedia&parent=12691"}],"wp:term":[{"taxonomy":"product_brand","embeddable":true,"href":"https:\/\/cursos.talentup.cl\/index.php?rest_route=%2Fwp%2Fv2%2Fproduct_brand&post=12691"},{"taxonomy":"product_cat","embeddable":true,"href":"https:\/\/cursos.talentup.cl\/index.php?rest_route=%2Fwp%2Fv2%2Fproduct_cat&post=12691"},{"taxonomy":"product_tag","embeddable":true,"href":"https:\/\/cursos.talentup.cl\/index.php?rest_route=%2Fwp%2Fv2%2Fproduct_tag&post=12691"}],"curies":[{"name":"wp","href":"https:\/\/api.w.org\/{rel}","templated":true}]}}