{"id":12727,"date":"2023-01-10T04:41:07","date_gmt":"2023-01-10T07:41:07","guid":{"rendered":"https:\/\/cursos.talentup.cl\/?post_type=product&#038;p=12727"},"modified":"2024-02-07T23:38:03","modified_gmt":"2024-02-08T02:38:03","slug":"la-musica-como-negocio-rentable","status":"publish","type":"product","link":"https:\/\/cursos.talentup.cl\/?product=la-musica-como-negocio-rentable","title":{"rendered":"LA M\u00daSICA COMO NEGOCIO RENTABLE"},"content":{"rendered":"<p>\u00bfQuieres entrar al mundo de la m\u00fasica de forma profesional con la facturaci\u00f3n que siempre has so\u00f1ado?<\/p>\n<p>Con el MasterClass LA M\u00daSICA COMO NEGOCIO RENTABLE, desarrolla las competencias y habilidades espec\u00edficas para que entres en esta industria.<\/p>\n<p>Convi\u00e9rtete en un manager musical, comprendiendo el funcionamiento de las compa\u00f1\u00edas disqueras, las emisoras, las editoras, los aspectos legales y las estrategias de marketing para que generes ingresos en una industria de amplio crecimiento.<\/p>\n<p>Adem\u00e1s, dirige proyectos musicales a gran escala con resultados exitosos de la mano de un experto quien te guiar\u00e1 paso a paso.<\/p>\n<p>\u00bfQU\u00c9 VAS A LOGRAR?<\/p>\n<p>Conocer\u00e1s los puntos administrativos para el \u00e9xito de tu proyecto musical.<\/p>\n<p>Utilizar\u00e1s la herramienta CPM, Critical Path Metod.<\/p>\n<p>Decidir\u00e1s si necesitas un sello discogr\u00e1fico o no.<\/p>\n<p>Desarrollar\u00e1s estrategias de marketing para tu proyecto.<\/p>\n<p>Conocer\u00e1s los roles del manager.<\/p>\n<p>Podr\u00e1s darle forma y estructura a tu proyecto musical.<\/p>\n<p>Aprender\u00e1s las herramientas legales de derecho de autor.<\/p>\n<p>Acceder\u00e1s al certificado de finalizaci\u00f3n descargable avalado por HOTMART y SEMINARIOS ONLINE.<\/p>\n<p>\u00bfC\u00d3MO LO VAS A LOGRAR?<\/p>\n<p>A trav\u00e9s del siguiente contenido estructurado paso a paso:<\/p>\n<p>VIDEO 1: Contenido.<br \/>\nVIDEO 2: Introducci\u00f3n.<br \/>\nVIDEO 3: Factores determinantes para el \u00e9xito.<br \/>\nVIDEO 4: Critical Path Metod.<br \/>\nVIDEO 5: Talento Humano.<br \/>\nVIDEO 6: Estructura organizacional.<br \/>\nVIDEO 7: El Manager.<br \/>\nVIDEO 8: Mitos y realidades.<br \/>\nVIDEO 9: \u00c9tica profesional.<br \/>\nVIDEO 10: Los cuatro poderes.<br \/>\nVIDEO 11: Sello discogr\u00e1fico.<br \/>\nVIDEO 12: Disco f\u00edsico o digital.<br \/>\nVIDEO 13: Venta al pormenor.<br \/>\nVIDEO 14: Firmar o no con un sello discogr\u00e1fico.<br \/>\nVIDEO 15: Lanzamiento en 13 pasos.<br \/>\nVIDEO 16: Social Media Plan.<br \/>\nVIDEO 17: P\u00e1gina web.<br \/>\nVIDEO 18: Presskit 1.<br \/>\nVIDEO 19: Presskit 2.<br \/>\nVIDEO 20: La imagen.<br \/>\nVIDEO 21: Estado financiero.<br \/>\nVIDEO 22: Esquema financiero paso a paso.<br \/>\nVIDEO 23: Merchandising.<br \/>\nVIDEO 24: Etapas de producci\u00f3n.<br \/>\nVIDEO 25: Modelo de negocio \u201cLas tres hermanas\u201d.<br \/>\nVIDEO 26: Reuniones ejecutivas.<br \/>\nVIDEO 27: Aspectos t\u00e9cnicos.<br \/>\nVIDEO 28: La gira.<br \/>\nVIDEO 29: Modelo de negocio en la gira.<br \/>\nVIDEO 30: Promoci\u00f3n a la acci\u00f3n.<br \/>\nVIDEO 31: La gira de medios.<br \/>\nVIDEO 32: Estrategias digitales.<br \/>\nVIDEO 33: Propiedad intelectual.\t<\/p>\n<p>ACERCA DEL PRODUCTOR<\/p>\n<p>Desarrollado por ROGER JAFFET, ha dedicado 22 a\u00f1os a la realizaci\u00f3n de este diplomado.<\/p>\n<p>Edit\u00f3 su primer disco a los 16 a\u00f1os, un disco terrible de 4 canciones que lo guio por el sendero del aprendizaje, ah\u00ed empez\u00f3 todo, fue tan malo en todos los sentidos que lo oblig\u00f3 a estudiar de manera autodidacta ingenier\u00eda en audio, relaciones p\u00fablicas, mercadotecnia, administraci\u00f3n de empresas y algunas otras moner\u00edas m\u00e1s. <\/p>\n<p>Para su disco numero 6 con un proyecto llamado JELTRO ya hab\u00eda pasado por varios sellos discogr\u00e1ficos donde aprendi\u00f3 el \u201cKnow How\u201d y donde aprendi\u00f3 lo que no se debe hacer como artista y lo que no se debe hacer como sellos discogr\u00e1ficos, aprendi\u00f3 el trabajo del manager y de la importancia del \u00e1rea legal. <\/p>\n<p>Estudi\u00f3 antropolog\u00eda, ciencias de la comunicaci\u00f3n, m\u00fasica, filosof\u00eda, dise\u00f1o gr\u00e1fico y programaci\u00f3n.<\/p>\n<p>En el 2005 Fund\u00f3 el primer sello discogr\u00e1fico del estado de M\u00e9xico, High Hopes Recording House, una casa productora y disquera que da lo mejor para los artistas independientes.<\/p>\n<p>Miembro y juez de los IMAS (Independent Music Awards) por varios a\u00f1os consecutivos.<\/p>\n<p>Miembro actual y desde hace 8 a\u00f1os de la LARAS, La academia latina de grabaci\u00f3n, responsable de los Lat\u00edn Grammys. <\/p>\n<p>Desde el a\u00f1o 2012 comparte sus experiencias en diferentes universidades como la EBC y TEC de Monterrey por mencionar algunas de las m\u00e1s importantes.<\/p>\n<p>Tambi\u00e9n en el 2012 incursion\u00f3 en el cine, haciendo efectos visuales y post producci\u00f3n para diferentes pel\u00edculas como \u201cNo se aceptan devoluciones\u201d, \u201cColosio\u201d, \u201cEl Encanto de \u00c1guila\u201d y varias m\u00e1s.<\/p>\n","protected":false},"excerpt":{"rendered":"<p>\u00bfQuieres entrar al mundo de la m\u00fasica de forma profesional con la facturaci\u00f3n que siempre has so\u00f1ado?<\/p>\n<p>Con el MasterClass LA M\u00daSICA COMO NEGOCIO RENTABLE, desarrolla las competencias y habilidades espec\u00edficas para que entres en esta industria.<\/p>\n<p>Convi\u00e9rtete en un manager musical, comprendiendo el funcionamiento de las compa\u00f1\u00edas disqueras, las emisoras, las editoras, los aspectos legales y las estrategias de marketing para que generes ingresos en una industria de amplio crecimiento.<\/p>\n<p>Adem\u00e1s, dirige proyectos musicales a gran escala con resultados exitosos de la mano de un experto quien te guiar\u00e1 paso a paso.<\/p>\n","protected":false},"featured_media":4805,"template":"","meta":{"_joinchat":[]},"product_brand":[],"product_cat":[332,344],"product_tag":[],"class_list":{"0":"post-12727","1":"product","2":"type-product","3":"status-publish","4":"has-post-thumbnail","6":"product_cat-musica-y-artes","7":"product_cat-todos","9":"first","10":"instock","11":"sale","12":"shipping-taxable","13":"product-type-external"},"_links":{"self":[{"href":"https:\/\/cursos.talentup.cl\/index.php?rest_route=\/wp\/v2\/product\/12727","targetHints":{"allow":["GET"]}}],"collection":[{"href":"https:\/\/cursos.talentup.cl\/index.php?rest_route=\/wp\/v2\/product"}],"about":[{"href":"https:\/\/cursos.talentup.cl\/index.php?rest_route=\/wp\/v2\/types\/product"}],"version-history":[{"count":2,"href":"https:\/\/cursos.talentup.cl\/index.php?rest_route=\/wp\/v2\/product\/12727\/revisions"}],"predecessor-version":[{"id":14651,"href":"https:\/\/cursos.talentup.cl\/index.php?rest_route=\/wp\/v2\/product\/12727\/revisions\/14651"}],"wp:featuredmedia":[{"embeddable":true,"href":"https:\/\/cursos.talentup.cl\/index.php?rest_route=\/wp\/v2\/media\/4805"}],"wp:attachment":[{"href":"https:\/\/cursos.talentup.cl\/index.php?rest_route=%2Fwp%2Fv2%2Fmedia&parent=12727"}],"wp:term":[{"taxonomy":"product_brand","embeddable":true,"href":"https:\/\/cursos.talentup.cl\/index.php?rest_route=%2Fwp%2Fv2%2Fproduct_brand&post=12727"},{"taxonomy":"product_cat","embeddable":true,"href":"https:\/\/cursos.talentup.cl\/index.php?rest_route=%2Fwp%2Fv2%2Fproduct_cat&post=12727"},{"taxonomy":"product_tag","embeddable":true,"href":"https:\/\/cursos.talentup.cl\/index.php?rest_route=%2Fwp%2Fv2%2Fproduct_tag&post=12727"}],"curies":[{"name":"wp","href":"https:\/\/api.w.org\/{rel}","templated":true}]}}