{"id":12730,"date":"2023-01-10T04:41:07","date_gmt":"2023-01-10T07:41:07","guid":{"rendered":"https:\/\/cursos.talentup.cl\/?post_type=product&#038;p=12730"},"modified":"2024-02-07T23:38:03","modified_gmt":"2024-02-08T02:38:03","slug":"twerking","status":"publish","type":"product","link":"https:\/\/cursos.talentup.cl\/?product=twerking","title":{"rendered":"TWERKING"},"content":{"rendered":"<p>El TWERKING es el arte de bailar con movimientos p\u00e9lvicos sensuales. Esta ex\u00f3tica danza es hoy TENDENCIA MUNDIAL.<\/p>\n<p>Con el MasterClass TWERKING, redefine tu cuerpo para que se vea m\u00e1s arm\u00f3nico, logrando mayor flexibilidad, resistencia y fuerza mientras te diviertes moviendo tus caderas r\u00edtmicamente.<\/p>\n<p>Desarrollado por SHOTTA GYAL, artista cubana reconocida internacionalmente por su trabajo como bailarina y docente de Pole Dance, Stripplastic y Twerk.<\/p>\n<p>Mejora tu nivel de atracci\u00f3n, tu est\u00e9tica y aumenta EL TAMA\u00d1O DE TUS GL\u00daTEOS con una danza que ha influenciados artistas de diferentes lugares del mundo.<\/p>\n<p>\u00bfQU\u00c9 VAS A LOGRAR?<\/p>\n<p>Mejorar tu seguridad a partir de una conexi\u00f3n con tu propio cuerpo y el movimiento.<br \/>\nDefinir tus m\u00fasculos de tal forma que te veas tonificada y magn\u00e9ticamente atractiva.<br \/>\nPerder grasa a partir de los movimientos arm\u00f3nicos de tus caderas.<br \/>\nDesarrollar mayor flexibilidad, resistencia y fuerza en tu cuerpo para sentirte m\u00e1s s\u00f3lida.<br \/>\nCorregir malas posturas, mejorando dolencias en diferentes lugares del cuerpo.<br \/>\nDivertirte con una serie de movimientos que activan tus niveles de endorfinas<br \/>\nReducir los niveles de ansiedad y la probabilidad de deprimirte.<br \/>\nDesarrollar una pr\u00e1ctica que disminuye la posibilidad de desarrollar Alzheimer.<br \/>\nMejorar tu est\u00e9tica corporal, aumentando tus gl\u00fateos<br \/>\nAcceder al certificado avalado por Hotmart y Seminarios Online.<\/p>\n<p>\u00bfC\u00d3MO LO VAS A LOGRAR?<\/p>\n<p>A partir de ejercicios pr\u00e1cticos que pueden motivarte a exigirte cada d\u00eda m\u00e1s para que tengas un estado f\u00edsico y un aspecto envidiable con ayuda de los siguientes m\u00f3dulos:<\/p>\n<p>Presentaci\u00f3n de la artista\/bailarina.<br \/>\nImportancia del baile y del Twerk<br \/>\nOrigen del Twerk.<br \/>\nCasos de \u00e9xito.<br \/>\nLa preparaci\u00f3n f\u00edsica: Calentamiento<br \/>\nLas bases del Twerk, movimientos b\u00e1sicos nivel principiante.<br \/>\nMovimiento b\u00e1sico 1: Bruk it up<br \/>\nMovimiento b\u00e1sico 2: Wine<br \/>\nMovimiento b\u00e1sico 3: Back it up.<br \/>\nMovimiento b\u00e1sico 1: Shake it<\/p>\n<p>ACERCA DE LA PRODUCTORA<\/p>\n<p>Desarrollado por SHOTTA GYAL, artista nacida en la provincia de Pinar del rio \u201cCuba\u201d, reconocida en el Valle del Cauca por su fuerte trabajo como bailarina y docente de Pole Dance y Twerk.<\/p>\n<p>Instructora profesional en las modalidades de Exoticpole and Stripplastic. Bailarina en un performance con compa\u00f1\u00edas europeas como Rising Stars Cruceros. Atleta de competencia en el Pole Art Italy 2017, Rototom Sun Splash Espa\u00f1a 2017, Festival Fiura \u201cUnirock\u201d 2018, Cali 2018.<\/p>\n<p>Actualmente, forma parte del colectivo multicultural \u201cPazifico Reggae\u201d como artista y docente y se dedica a su m\u00e1s reciente proyecto Booty Dance Studio.<\/p>\n","protected":false},"excerpt":{"rendered":"<p>El TWERKING es el arte de bailar con movimientos p\u00e9lvicos sensuales. Esta ex\u00f3tica danza es hoy TENDENCIA MUNDIAL.<\/p>\n<p>Con el MasterClass TWERKING, redefine tu cuerpo para que se vea m\u00e1s arm\u00f3nico, logrando mayor flexibilidad, resistencia y fuerza mientras te diviertes moviendo tus caderas r\u00edtmicamente.<\/p>\n<p>Desarrollado por SHOTTA GYAL, artista cubana reconocida internacionalmente por su trabajo como bailarina y docente de Pole Dance, Stripplastic y Twerk.<\/p>\n<p>Mejora tu nivel de atracci\u00f3n, tu est\u00e9tica y aumenta EL TAMA\u00d1O DE TUS GL\u00daTEOS con una danza que ha influenciados artistas de diferentes lugares del mundo.<\/p>\n","protected":false},"featured_media":4810,"template":"","meta":{"_joinchat":[]},"product_brand":[],"product_cat":[332,344],"product_tag":[],"class_list":{"0":"post-12730","1":"product","2":"type-product","3":"status-publish","4":"has-post-thumbnail","6":"product_cat-musica-y-artes","7":"product_cat-todos","9":"first","10":"instock","11":"sale","12":"shipping-taxable","13":"product-type-external"},"_links":{"self":[{"href":"https:\/\/cursos.talentup.cl\/index.php?rest_route=\/wp\/v2\/product\/12730","targetHints":{"allow":["GET"]}}],"collection":[{"href":"https:\/\/cursos.talentup.cl\/index.php?rest_route=\/wp\/v2\/product"}],"about":[{"href":"https:\/\/cursos.talentup.cl\/index.php?rest_route=\/wp\/v2\/types\/product"}],"version-history":[{"count":2,"href":"https:\/\/cursos.talentup.cl\/index.php?rest_route=\/wp\/v2\/product\/12730\/revisions"}],"predecessor-version":[{"id":14655,"href":"https:\/\/cursos.talentup.cl\/index.php?rest_route=\/wp\/v2\/product\/12730\/revisions\/14655"}],"wp:featuredmedia":[{"embeddable":true,"href":"https:\/\/cursos.talentup.cl\/index.php?rest_route=\/wp\/v2\/media\/4810"}],"wp:attachment":[{"href":"https:\/\/cursos.talentup.cl\/index.php?rest_route=%2Fwp%2Fv2%2Fmedia&parent=12730"}],"wp:term":[{"taxonomy":"product_brand","embeddable":true,"href":"https:\/\/cursos.talentup.cl\/index.php?rest_route=%2Fwp%2Fv2%2Fproduct_brand&post=12730"},{"taxonomy":"product_cat","embeddable":true,"href":"https:\/\/cursos.talentup.cl\/index.php?rest_route=%2Fwp%2Fv2%2Fproduct_cat&post=12730"},{"taxonomy":"product_tag","embeddable":true,"href":"https:\/\/cursos.talentup.cl\/index.php?rest_route=%2Fwp%2Fv2%2Fproduct_tag&post=12730"}],"curies":[{"name":"wp","href":"https:\/\/api.w.org\/{rel}","templated":true}]}}