{"id":12734,"date":"2023-01-10T04:41:08","date_gmt":"2023-01-10T07:41:08","guid":{"rendered":"https:\/\/cursos.talentup.cl\/?post_type=product&#038;p=12734"},"modified":"2024-02-07T23:38:04","modified_gmt":"2024-02-08T02:38:04","slug":"ecualizacion-y-compresion-musical","status":"publish","type":"product","link":"https:\/\/cursos.talentup.cl\/?product=ecualizacion-y-compresion-musical","title":{"rendered":"ECUALIZACI\u00d3N Y COMPRESI\u00d3N MUSICAL"},"content":{"rendered":"<p>Un alto porcentaje de m\u00fasicos y productores que comienzan en la industria musical, tienen proyectos donde no hay claridad en el sonido; no suena limpio, las voces no tienen presencia, suenan sucias las bater\u00edas, no tienen \u201cpegada\u201d, hay enmascaramiento de frecuencias y muchas resonancias. Eso ocurre cuando existe un alto desconocimiento y mal manejo de 2 herramientas que son indispensables en la producci\u00f3n: las herramientas de ecualizaci\u00f3n y compresi\u00f3n.<\/p>\n<p>Este es un MasterClass de ECUALIZACI\u00d3N Y COMPRESI\u00d3N MUSICAL que funciona como una gu\u00eda definitiva para que tu m\u00fasica suene profesional desarrollar\u00e1s todos los conocimientos.<\/p>\n<p>\u00bfQU\u00c9 VAS A LOGRAR?<\/p>\n<p>Reconocer y utilizar todos los tipos de EQ que usan los \u201cingenieros top del momento\u201d.<\/p>\n<p>Aplicar las t\u00e9cnicas utilizadas de EQ m\u00e1s utilizadas del mundo.<\/p>\n<p>Reconocer frecuencias problem\u00e1ticas, resonancias, enmascaramiento y tratarlos correctamente.<\/p>\n<p>Reconocer arm\u00f3nicos principales del sonido, puntos cr\u00edticos y puntos fuertes y c\u00f3mo tratarlos correctamente.<\/p>\n<p>Aplicar todas las t\u00e9cnicas de compresi\u00f3n m\u00e1s utilizadas; Sidechain y Compresi\u00f3n paralela para que logres un sonido profesional m\u00e1s claro, definido y con fuerza.  <\/p>\n<p>\u00bfC\u00d3MO LO VAS A LOGRAR?<\/p>\n<p>A partir de clases en video Full HD donde aprender\u00e1s todo lo que necesitas saber para desarrollar un sonido impecable con las siguientes tem\u00e1ticas:<\/p>\n<p>Conocer\u00e1s todos los tipos de EQ, su sonido caracter\u00edstico, sus arm\u00f3nicos y lo que nos aportan.<\/p>\n<p>Controlar todos los par\u00e1metros de una EQ, su frecuencia, ancho de Q y Ganancia.<\/p>\n<p>Aplicar y reconocer todos los tipos de filtros que hay para controlar resonancias y frecuencias innecesarias.<\/p>\n<p>Aplicar Ecualizaci\u00f3n sustractiva para quitar resonancias.<\/p>\n<p>Aplicar Ecualizaci\u00f3n adictiva para dar m\u00e1s presencia al sonido y conocer\u00e1s la EQ creativa.<\/p>\n<p>Reconocer arm\u00f3nicos principales y resonancias con tablas de EQ.<\/p>\n<p>Aplicar EQ din\u00e1mica para ciertas resonancias problem\u00e1ticas.<\/p>\n<p>Conocer\u00e1s todos los tipos de compresores que hay, su sonido, arm\u00f3nicos y lo que nos aportan.<\/p>\n<p>Aprender a dar Pegada a las bater\u00edas y a \u201credondear\u201d y \u201capretar\u201d el sonido. <\/p>\n<p>Poner los sonidos en la cara y darles vida.<\/p>\n<p>Controlar el rango Din\u00e1mico de los sonidos.<\/p>\n<p>Aplicar Sidechain para ciertas ocasiones. (Voces e Instrumentos).<\/p>\n<p>M\u00d3DULO 1 ECUALIZACI\u00d3N<\/p>\n<p>1. Presentaci\u00f3n.<br \/>\n2. Qu\u00e9 es un EQ-par\u00e1metros.<br \/>\n3. Tipos de EQ y tablas de ecualizaci\u00f3n.<br \/>\n4. T\u00e9cnica barrido de frecuencias.<br \/>\n5. EQ Din\u00e1mico.<br \/>\n6. Qu\u00e9 es un Channel Strip.<br \/>\n7. EQ adictiva aplicada.<br \/>\n8. EQ sustractiva aplicada<\/p>\n<p>M\u00d3DULO 2 COMPRESI\u00d3N<\/p>\n<p>9. Qu\u00e9 es un compresor.<br \/>\n10. Efectos de la compresi\u00f3n.<br \/>\n11. Tipos de compresores<br \/>\n12. Compresi\u00f3n sidechain y paralela<br \/>\n13. Reflexi\u00f3n comparaci\u00f3n A\/B<\/p>\n<p>ACERCA DEL PRODUCTOR:<\/p>\n<p>Desarrollado por AXEL; productor musical, Beatmaker y compositor hace casi 10 a\u00f1os. Egresado de la escuela de audio y sonido de Colombia como productor. Adem\u00e1s es Dj, Beatmaker y Youtuber.<br \/>\nHa trabajado con artistas como lo son Guianni, representante del g\u00e9nero de la Champeta en Cartagena, Chelo Mej\u00eda, representante g\u00e9nero urbano en Bogot\u00e1 y DG, representante g\u00e9nero urbano en Medell\u00edn, entre muchos otros artistas.<br \/>\nAxel, quiere ense\u00f1arte todo lo que te ha costado tiempo, sacrificio y dinero para darte unas bases s\u00f3lidas para que no pierdas tu tiempo.<\/p>\n","protected":false},"excerpt":{"rendered":"<p>Un alto porcentaje de m\u00fasicos y productores que comienzan en la industria musical, tienen proyectos donde no hay claridad en el sonido; no suena limpio, las voces no tienen presencia, suenan sucias las bater\u00edas, no tienen \u201cpegada\u201d, hay enmascaramiento de frecuencias y muchas resonancias. Eso ocurre cuando existe un alto desconocimiento y mal manejo de 2 herramientas que son indispensables en la producci\u00f3n: las herramientas de ecualizaci\u00f3n y compresi\u00f3n.<\/p>\n<p>Este es un MasterClass de ECUALIZACI\u00d3N Y COMPRESI\u00d3N MUSICAL que funciona como una gu\u00eda definitiva para que tu m\u00fasica suene profesional desarrollar\u00e1s todos los conocimientos.<\/p>\n","protected":false},"featured_media":4814,"template":"","meta":{"_joinchat":[]},"product_brand":[],"product_cat":[332,344],"product_tag":[],"class_list":{"0":"post-12734","1":"product","2":"type-product","3":"status-publish","4":"has-post-thumbnail","6":"product_cat-musica-y-artes","7":"product_cat-todos","9":"first","10":"instock","11":"sale","12":"shipping-taxable","13":"product-type-external"},"_links":{"self":[{"href":"https:\/\/cursos.talentup.cl\/index.php?rest_route=\/wp\/v2\/product\/12734","targetHints":{"allow":["GET"]}}],"collection":[{"href":"https:\/\/cursos.talentup.cl\/index.php?rest_route=\/wp\/v2\/product"}],"about":[{"href":"https:\/\/cursos.talentup.cl\/index.php?rest_route=\/wp\/v2\/types\/product"}],"version-history":[{"count":2,"href":"https:\/\/cursos.talentup.cl\/index.php?rest_route=\/wp\/v2\/product\/12734\/revisions"}],"predecessor-version":[{"id":14659,"href":"https:\/\/cursos.talentup.cl\/index.php?rest_route=\/wp\/v2\/product\/12734\/revisions\/14659"}],"wp:featuredmedia":[{"embeddable":true,"href":"https:\/\/cursos.talentup.cl\/index.php?rest_route=\/wp\/v2\/media\/4814"}],"wp:attachment":[{"href":"https:\/\/cursos.talentup.cl\/index.php?rest_route=%2Fwp%2Fv2%2Fmedia&parent=12734"}],"wp:term":[{"taxonomy":"product_brand","embeddable":true,"href":"https:\/\/cursos.talentup.cl\/index.php?rest_route=%2Fwp%2Fv2%2Fproduct_brand&post=12734"},{"taxonomy":"product_cat","embeddable":true,"href":"https:\/\/cursos.talentup.cl\/index.php?rest_route=%2Fwp%2Fv2%2Fproduct_cat&post=12734"},{"taxonomy":"product_tag","embeddable":true,"href":"https:\/\/cursos.talentup.cl\/index.php?rest_route=%2Fwp%2Fv2%2Fproduct_tag&post=12734"}],"curies":[{"name":"wp","href":"https:\/\/api.w.org\/{rel}","templated":true}]}}