{"id":12736,"date":"2023-01-10T04:41:08","date_gmt":"2023-01-10T07:41:08","guid":{"rendered":"https:\/\/cursos.talentup.cl\/?post_type=product&#038;p=12736"},"modified":"2024-02-07T23:38:04","modified_gmt":"2024-02-08T02:38:04","slug":"piano-en-7-dias","status":"publish","type":"product","link":"https:\/\/cursos.talentup.cl\/?product=piano-en-7-dias","title":{"rendered":"PIANO EN 7 D\u00cdAS"},"content":{"rendered":"<p>\u00bfQU\u00c9 VAS A LOGRAR?<\/p>\n<p>\u201cAprende a tocar el piano en 7 d\u00edas\u201d es un curso dise\u00f1ado para que aprendas a tocar el piano de forma elemental como lo indica su nombre; en siete d\u00edas. Encierra los conceptos musicales m\u00e1s importantes que debes saber para que puedas tocar tus canciones favoritas. <\/p>\n<p>Est\u00e1 dirigido a toda persona que desee aprender a tocar el piano (es requisito tener el instrumento para poder poner en pr\u00e1ctica todo el conocimiento adquirido). <\/p>\n<p>Con este curso vas a lograr:<\/p>\n<p>\u2022\tDesarrollar la destreza de tocar piano partiendo desde lo m\u00e1s b\u00e1sico.<br \/>\n\u2022\tAprender los principales acordes para que interpretes adecuadamente el piano.<br \/>\n\u2022\tInterpretar tus propias canciones<br \/>\n\u2022\tAbrir el espectro musical y desarrollar tu sensibilidad art\u00edstica.<br \/>\n\u2022\tInterpretar intuitivamente el piano para que sea una extensi\u00f3n m\u00e1s de ti.<\/p>\n<p>Desarrollado por el pianista colombiano SAMUEL ARCO; Naci\u00f3 en barranquilla. Inici\u00f3 sus estudios de piano de forma autodidacta a la edad de 8 a\u00f1os. Cuando ya ten\u00eda 16 a\u00f1os ingres\u00f3 a la facultad de m\u00fasica de la Universidad del Atl\u00e1ntico (Bellas Artes) donde se form\u00f3 como pianista cl\u00e1sico y popular bajo la tutor\u00eda de la maestra Jhany Lara y el destacado pianista de jazz Leonardo Donado. <\/p>\n<p>All\u00ed obtuvo el t\u00edtulo de Licenciado en m\u00fasica. Desde entonces, ha desarrollado la labor docente ense\u00f1ando a cientos de personas a tocar el piano. Incursiona en el \u00e1rea de arreglos y transcripci\u00f3n musical con el maestro Rey Arturo Gonzales. En su formaci\u00f3n particip\u00f3 en clases acad\u00e9micas con maestros como Gunter Renz y el reconocido pianista cubano Jorge Luis Prats. <\/p>\n<p>En su trayectoria musical ha trabajado junto a la cantante colombiana Daniella Mass siendo director musical y acompa\u00f1ando a diferentes artistas nacionales e internacionales como Jaime Murrel, Thalles Roberto, Papo Rivera, Jeff Morales, Willy Gonzales, Luis Fabi\u00e1n Pe\u00f1a entre otros.<\/p>\n<p> Ha pertenecido a agrupaciones musicales siendo pianista y transcriptor entre las cuales podemos destacar la orquesta de Mike Rodr\u00edguez, la Sonora Sax del maestro cubano Mois\u00e9s M\u00e1rquez entre otras. Recientemente, en el a\u00f1o 2019 gan\u00f3 un Congo de oro en el Carnaval de barranquilla junto a la Orquesta A 4 Varas sin fronteras.<\/p>\n<p>\u00bfC\u00d3MO LO VAS A LOGRAR?<\/p>\n<p>Desarrollado desde un enfoque netamente pr\u00e1ctico con aplicaciones para cada d\u00eda. En cada una de ellas encontrar\u00e1s indicaciones paso a paso donde pondr\u00e1s en pr\u00e1ctica de manera inmediata lo que has aprendido.<\/p>\n<p>Se encuentra dividido en siete (7) d\u00edas o lecciones con conceptos descritos de la siguiente manera:<\/p>\n<p>D\u00eda 1<br \/>\nConoce los elementos b\u00e1sicos en el instrumento<br \/>\n&#8211;\tNotas musicales y su ubicaci\u00f3n en el piano.<br \/>\n&#8211;\tCifrado musical.<br \/>\n&#8211;\tIntervalos.<br \/>\n&#8211;\tAlteraciones.<\/p>\n<p>D\u00eda 2<br \/>\nAprende a tocar acordes<br \/>\n&#8211;\tAcordes (en forma de triadas)<br \/>\n&#8211;\tEnlaces entre acordes.<br \/>\n&#8211;\tAcordes \u201cSlash\u201d.<\/p>\n<p>D\u00eda 3<br \/>\nFamiliar\u00edzate con el lenguaje musical<br \/>\n&#8211;\tLectura de un Chart o gu\u00eda musical. <\/p>\n<p>D\u00eda 4<br \/>\nEntendiendo un poco la m\u00fasica<br \/>\n&#8211;\tEscalas mayores.<br \/>\n&#8211;\tTonalidades.<br \/>\n&#8211;\tTransportaci\u00f3n. <\/p>\n<p>D\u00eda 5<br \/>\nMejora la forma como hasta ahora tocas tus canciones<br \/>\n&#8211;\tNotas de apoyo entre acordes. <\/p>\n<p>D\u00eda 6<br \/>\nAfianza los temas aprendidos y avanza en conocimiento aplicado<br \/>\n&#8211;\tT\u00e9tradas.<br \/>\n&#8211;\tAlgunas estructuras para acordes. <\/p>\n<p>D\u00eda 7<br \/>\nAumenta el nivel de destreza en el piano<br \/>\n&#8211;\tProgresiones arm\u00f3nicas. <\/p>\n<p>NOTA: Cada d\u00eda tiene una aplicaci\u00f3n, aquella la encontrar\u00e1s en un video al final del s\u00e9ptimo d\u00eda. Aqu\u00ed tendr\u00e1s el ejemplo de lo aprendido en cada lecci\u00f3n a trav\u00e9s de distintas canciones.<\/p>\n","protected":false},"excerpt":{"rendered":"<p>\u00bfQU\u00c9 VAS A LOGRAR?<\/p>\n<p>\u201cAprende a tocar el piano en 7 d\u00edas\u201d es un curso dise\u00f1ado para que aprendas a tocar el piano de forma elemental como lo indica su nombre; en siete d\u00edas. Encierra los conceptos musicales m\u00e1s importantes que debes saber para que puedas tocar tus canciones favoritas. <\/p>\n<p>Est\u00e1 dirigido a toda persona que desee aprender a tocar el piano (es requisito tener el instrumento para poder poner en pr\u00e1ctica todo el conocimiento adquirido). <\/p>\n<p>Con este curso vas a lograr:<\/p>\n<p>\u2022\tDesarrollar la destreza de tocar piano partiendo desde lo m\u00e1s b\u00e1sico.<br \/>\n\u2022\tAprender los principales acordes para que interpretes adecuadamente el piano.<br \/>\n\u2022\tInterpretar tus propias canciones<br \/>\n\u2022\tAbrir el espectro musical y desarrollar tu sensibilidad art\u00edstica.<br \/>\n\u2022\tInterpretar intuitivamente el piano para que sea una extensi\u00f3n m\u00e1s de ti.<\/p>\n<p>Desarrollado por el pianista colombiano SAMUEL ARCO; Naci\u00f3 en barranquilla. Inici\u00f3 sus estudios de piano de forma autodidacta a la edad de 8 a\u00f1os. Cuando ya ten\u00eda 16 a\u00f1os ingres\u00f3 a la facultad de m\u00fasica de la Universidad del Atl\u00e1ntico (Bellas Artes) donde se form\u00f3 como pianista cl\u00e1sico y popular bajo la tutor\u00eda de la maestra Jhany Lara y el destacado pianista de jazz Leonardo Donado. <\/p>\n<p>All\u00ed obtuvo el t\u00edtulo de Licenciado en m\u00fasica. Desde entonces, ha desarrollado la labor docente ense\u00f1ando a cientos de personas a tocar el piano. Incursiona en el \u00e1rea de arreglos y transcripci\u00f3n musical con el maestro Rey Arturo Gonzales. En su formaci\u00f3n particip\u00f3 en clases acad\u00e9micas con maestros como Gunter Renz y el reconocido pianista cubano Jorge Luis Prats. <\/p>\n<p>En su trayectoria musical ha trabajado junto a la cantante colombiana Daniella Mass siendo director musical y acompa\u00f1ando a diferentes artistas nacionales e internacionales como Jaime Murrel, Thalles Roberto, Papo Rivera, Jeff Morales, Willy Gonzales, Luis Fabi\u00e1n Pe\u00f1a entre otros.<\/p>\n<p> Ha pertenecido a agrupaciones musicales siendo pianista y transcriptor entre las cuales podemos destacar la orquesta de Mike Rodr\u00edguez, la Sonora Sax del maestro cubano Mois\u00e9s M\u00e1rquez entre otras. Recientemente, en el a\u00f1o 2019 gan\u00f3 un Congo de oro en el Carnaval de barranquilla junto a la Orquesta A 4 Varas sin fronteras.<\/p>\n","protected":false},"featured_media":4816,"template":"","meta":{"_joinchat":[]},"product_brand":[],"product_cat":[332,344],"product_tag":[],"class_list":{"0":"post-12736","1":"product","2":"type-product","3":"status-publish","4":"has-post-thumbnail","6":"product_cat-musica-y-artes","7":"product_cat-todos","9":"first","10":"instock","11":"sale","12":"shipping-taxable","13":"product-type-external"},"_links":{"self":[{"href":"https:\/\/cursos.talentup.cl\/index.php?rest_route=\/wp\/v2\/product\/12736","targetHints":{"allow":["GET"]}}],"collection":[{"href":"https:\/\/cursos.talentup.cl\/index.php?rest_route=\/wp\/v2\/product"}],"about":[{"href":"https:\/\/cursos.talentup.cl\/index.php?rest_route=\/wp\/v2\/types\/product"}],"version-history":[{"count":2,"href":"https:\/\/cursos.talentup.cl\/index.php?rest_route=\/wp\/v2\/product\/12736\/revisions"}],"predecessor-version":[{"id":14661,"href":"https:\/\/cursos.talentup.cl\/index.php?rest_route=\/wp\/v2\/product\/12736\/revisions\/14661"}],"wp:featuredmedia":[{"embeddable":true,"href":"https:\/\/cursos.talentup.cl\/index.php?rest_route=\/wp\/v2\/media\/4816"}],"wp:attachment":[{"href":"https:\/\/cursos.talentup.cl\/index.php?rest_route=%2Fwp%2Fv2%2Fmedia&parent=12736"}],"wp:term":[{"taxonomy":"product_brand","embeddable":true,"href":"https:\/\/cursos.talentup.cl\/index.php?rest_route=%2Fwp%2Fv2%2Fproduct_brand&post=12736"},{"taxonomy":"product_cat","embeddable":true,"href":"https:\/\/cursos.talentup.cl\/index.php?rest_route=%2Fwp%2Fv2%2Fproduct_cat&post=12736"},{"taxonomy":"product_tag","embeddable":true,"href":"https:\/\/cursos.talentup.cl\/index.php?rest_route=%2Fwp%2Fv2%2Fproduct_tag&post=12736"}],"curies":[{"name":"wp","href":"https:\/\/api.w.org\/{rel}","templated":true}]}}