{"id":12737,"date":"2023-01-10T04:41:08","date_gmt":"2023-01-10T07:41:08","guid":{"rendered":"https:\/\/cursos.talentup.cl\/?post_type=product&#038;p=12737"},"modified":"2024-02-07T23:38:05","modified_gmt":"2024-02-08T02:38:05","slug":"toca-piano-facil","status":"publish","type":"product","link":"https:\/\/cursos.talentup.cl\/?product=toca-piano-facil","title":{"rendered":"TOCA PIANO F\u00c1CIL"},"content":{"rendered":"<p>Interpretar el piano es una habilidad que pocos tienen, con una buena t\u00e9cnica puede ser mas sencillo de lo que la gente cree.<\/p>\n<p>Con el MasterClass TOCA PIANO FACIL aprende los secretos que algunos saben que existen y que muchos quisieran tener para dominar este instrumento.<\/p>\n<p>Desarrolla esta sensibilidad art\u00edstica desde cero para que puedas interpretar las canciones que mas te gustan, comprende las bases para que evoluciones en el mundo del piano con ejercicios pr\u00e1cticos que te sorprender\u00e1n.<\/p>\n<p>\u00bfQU\u00c9 VAS A LOGRAR? <\/p>\n<p>Posicionar\u00e1s los dedos en el teclado hasta lograr tocar 4 ritmos diferentes.<\/p>\n<p>Tocar\u00e1s el piano desde cero hasta que logres a nivel b\u00e1sico interpretar cualquier tipo de canci\u00f3n.<\/p>\n<p>Desarrollar\u00e1s la sensibilidad art\u00edstica a nivel interpretativo para que puedas poner en pr\u00e1ctica aquellas canciones que siempre quisiste tocar.<\/p>\n<p>Comprender\u00e1s las bases musicales que te ayudar\u00e1n a evolucionar en el mundo del piano.<\/p>\n<p>Acceder\u00e1s al certificado avalado por Hotmart y Seminarios Online.<\/p>\n<p>\u00bfC\u00d3MO LO VAS A LOGRAR?<\/p>\n<p>A trav\u00e9s del siguiente contenido, estructurado paso a paso:<\/p>\n<p>M\u00d3DULO 1 &#8211; SALUDO DE BIENVENIDA Y TEM\u00c1TICA<\/p>\n<p>Autor y bienvenida.<br \/>\nRecomendaci\u00f3n de acceso al entrenamiento.<br \/>\nMetodolog\u00eda que usaremos.<br \/>\nMentalidad correcta.<\/p>\n<p>M\u00d3DULO 2 &#8211; BASES O FUNDAMENTOS ESENCIALES<\/p>\n<p>\u00bfQu\u00e9 es m\u00fasica?<br \/>\nNumeraci\u00f3n de manos y ejercicio n\u00famero 1.<br \/>\nEjercicio n\u00famero 2.<br \/>\nEjercicio n\u00famero 3.<br \/>\nEjercicio n\u00famero 4.<br \/>\nEjercicio n\u00famero 5.<br \/>\nEjercicio n\u00famero 6.<br \/>\nEjercicio n\u00famero 7.<\/p>\n<p>M\u00d3DULO 3 &#8211; ESCALAS MUSICALES MAYORES<\/p>\n<p>Escala de Do mayor.<br \/>\nEscala de Re mayor.<br \/>\nEscala de Mi mayor.<br \/>\nEscala de Fa mayor.<br \/>\nEscala de Sol mayor.<br \/>\nEscala de La mayor.<br \/>\nEscala de Si mayor.<br \/>\nEjercicios para las escalas.<\/p>\n<p>M\u00d3DULO 4 &#8211; FORMEMOS LOS ACORDES, C\u00cdRCULOS E INVERSIONES<\/p>\n<p>Tonos musicales.<br \/>\nAcordes mayores.<br \/>\nEjercicio para acordes mayores.<br \/>\nInversiones en los acordes.<br \/>\nAcordes menores.<br \/>\nEjercicio para acordes menores.<br \/>\nAcordes sostenidos.<br \/>\nC\u00edrculos arm\u00f3nicos mayores.<br \/>\nEjercicio para pasar de un acorde a otro.<\/p>\n<p>M\u00d3DULO 5 &#8211; COMENCEMOS LA APLICACI\u00d3N DE TODO<\/p>\n<p>Toquemos la primera canci\u00f3n.<br \/>\nEjercicio circulo de La mayor.<br \/>\nCanci\u00f3n no hay lugar m\u00e1s alto.<br \/>\nEjercicio circulo de Sol mayor.<br \/>\nCanci\u00f3n: libre y es un canto de libertad.<br \/>\nEjercicio circulo de Re mayor.<br \/>\nCanci\u00f3n: que ser\u00eda de m\u00ed.<br \/>\nSaquemos el circulo de acordes menores.<br \/>\nEjercicio c\u00edrculos menores.<br \/>\nCanci\u00f3n hay victoria en La menor.<br \/>\nRitmo de merengue tono menor.<br \/>\nCanci\u00f3n en merengue.<br \/>\nRitmo rock and roll.<br \/>\nCanci\u00f3n en rock and roll.<\/p>\n<p>M\u00d3DULO 6 &#8211; \u00bfC\u00d3MO OBTENER TU CERTIFICADO?<\/p>\n<p>\u00bfC\u00f3mo obtener tu certificado?<\/p>\n<p>ACERCA DEL PRODUCTOR<\/p>\n<p>Desarrollado por ESTEBAN VARGAS URIBE de nacionalidad Colombiana.<\/p>\n<p>Se ha destacado en diferentes lugares del pa\u00eds interpretando el teclado y ayudando a muchos amantes de la m\u00fasica a que logren sus sue\u00f1os de tocar el piano.<\/p>\n<p>Tiene 13 a\u00f1os de experiencia compartiendo con muchas personas de manera presencial sus conocimientos y ayudado tambi\u00e9n a m\u00e1s de 3.500 personas de manera online, su metodolog\u00eda y forma de ense\u00f1ar a conectado con muchas personas de diferentes edades ya que es pr\u00e1ctico y capaz de darse a entender de manera f\u00e1cil y r\u00e1pida.<\/p>\n<p>Su forma de ense\u00f1ar es 100% practica y sigue dispuesto para ayudar a todas esas personas que quieran aprender a tocar el piano desde cero.<\/p>\n","protected":false},"excerpt":{"rendered":"<p>Interpretar el piano es una habilidad que pocos tienen, con una buena t\u00e9cnica puede ser mas sencillo de lo que la gente cree.<\/p>\n<p>Con el MasterClass TOCA PIANO FACIL aprende los secretos que algunos saben que existen y que muchos quisieran tener para dominar este instrumento.<\/p>\n<p>Desarrolla esta sensibilidad art\u00edstica desde cero para que puedas interpretar las canciones que mas te gustan, comprende las bases para que evoluciones en el mundo del piano con ejercicios pr\u00e1cticos que te sorprender\u00e1n.<\/p>\n","protected":false},"featured_media":4819,"template":"","meta":{"_joinchat":[]},"product_brand":[],"product_cat":[332,344],"product_tag":[],"class_list":{"0":"post-12737","1":"product","2":"type-product","3":"status-publish","4":"has-post-thumbnail","6":"product_cat-musica-y-artes","7":"product_cat-todos","9":"first","10":"instock","11":"sale","12":"shipping-taxable","13":"product-type-external"},"_links":{"self":[{"href":"https:\/\/cursos.talentup.cl\/index.php?rest_route=\/wp\/v2\/product\/12737","targetHints":{"allow":["GET"]}}],"collection":[{"href":"https:\/\/cursos.talentup.cl\/index.php?rest_route=\/wp\/v2\/product"}],"about":[{"href":"https:\/\/cursos.talentup.cl\/index.php?rest_route=\/wp\/v2\/types\/product"}],"version-history":[{"count":2,"href":"https:\/\/cursos.talentup.cl\/index.php?rest_route=\/wp\/v2\/product\/12737\/revisions"}],"predecessor-version":[{"id":14662,"href":"https:\/\/cursos.talentup.cl\/index.php?rest_route=\/wp\/v2\/product\/12737\/revisions\/14662"}],"wp:featuredmedia":[{"embeddable":true,"href":"https:\/\/cursos.talentup.cl\/index.php?rest_route=\/wp\/v2\/media\/4819"}],"wp:attachment":[{"href":"https:\/\/cursos.talentup.cl\/index.php?rest_route=%2Fwp%2Fv2%2Fmedia&parent=12737"}],"wp:term":[{"taxonomy":"product_brand","embeddable":true,"href":"https:\/\/cursos.talentup.cl\/index.php?rest_route=%2Fwp%2Fv2%2Fproduct_brand&post=12737"},{"taxonomy":"product_cat","embeddable":true,"href":"https:\/\/cursos.talentup.cl\/index.php?rest_route=%2Fwp%2Fv2%2Fproduct_cat&post=12737"},{"taxonomy":"product_tag","embeddable":true,"href":"https:\/\/cursos.talentup.cl\/index.php?rest_route=%2Fwp%2Fv2%2Fproduct_tag&post=12737"}],"curies":[{"name":"wp","href":"https:\/\/api.w.org\/{rel}","templated":true}]}}