{"id":12782,"date":"2023-01-10T04:41:13","date_gmt":"2023-01-10T07:41:13","guid":{"rendered":"https:\/\/cursos.talentup.cl\/?post_type=product&#038;p=12782"},"modified":"2024-02-07T23:38:07","modified_gmt":"2024-02-08T02:38:07","slug":"disena-cocinas-sin-ser-arquitecto","status":"publish","type":"product","link":"https:\/\/cursos.talentup.cl\/?product=disena-cocinas-sin-ser-arquitecto","title":{"rendered":"DISE\u00d1A COCINAS SIN SER ARQUITECTO"},"content":{"rendered":"<p>Si siempre te encant\u00f3 crear espacios agradables y c\u00f3modos y te apasiona el dise\u00f1o de Interiores de cocina, tienes que conocer el MasterClass, DISE\u00d1A COCINAS SIN SER ARQUITECTO.<\/p>\n<p>Un programa desarrollado para que rompas tus propios paradigmas.  <\/p>\n<p>Crea sensaciones \u00fanicas a trav\u00e9s de la estrategia, la creatividad y la innovaci\u00f3n con conceptos \u00fanicos.<\/p>\n<p>Desarrolla soluciones funcionales para mejorar el confort de las personas al interior de su cocina.<\/p>\n<p>Conoce los materiales, las instalaciones y todo para que dise\u00f1es una cocina full tendencia.<\/p>\n<p>\u00bfQU\u00c9 VAS A LOGRAR?<\/p>\n<p>Lograr\u00e1s seleccionar los mejores estilos de cocina m\u00e1s demandados en la actualidad: Industrial, moderno y contempor\u00e1neo. <\/p>\n<p>Identificar\u00e1s los factores de acondicionamientos que toda cocina debe tener.<\/p>\n<p>Emplear\u00e1s los diferentes tipos de estilos de cocinas que m\u00e1s se ajusta a tus gustos y\/o a los gustos de tu cliente.<\/p>\n<p>Ser\u00e1s capaz de identificar los materiales principales que componen la cocina.<\/p>\n<p>Reconocer\u00e1s los colores y el tipo de iluminaci\u00f3n que m\u00e1s se ajuste al dise\u00f1o de cocina que desees hacer.<\/p>\n<p>Aprender\u00e1s a instalar el agua y el desag\u00fce de la cocina.<\/p>\n<p>Seleccionar\u00e1s las plantas que mejor aspecto y aroma dan a tu cocina a dise\u00f1ar.<\/p>\n<p>Obtendr\u00e1s una carpeta con m\u00e1s de 9 ebook y dem\u00e1s archivos sobre dise\u00f1o de cocina para que refuerces lo aprendido y lo compartas con tus amigos, familiares o colegas<\/p>\n<p>Acceder\u00e1s al certificado avalado por Hotmart y Seminarios Online.\t<\/p>\n<p>\u00bfC\u00d3MO LO VAS A LOGRAR?<\/p>\n<p>A trav\u00e9s del siguiente contenido estructurado paso a paso:<\/p>\n<p>VIDEO 1: Introducci\u00f3n al Dise\u00f1o de cocinas.<br \/>\nVIDEO 2: Recomendaciones antes de empezar.<br \/>\nVIDEO 3: Importancia de un buen dise\u00f1o de cocina.<br \/>\nVIDEO 4: Reflexi\u00f3n y final del m\u00f3dulo 1.<br \/>\nVIDEO 5: Qu\u00e9 tipos de estilos son los m\u00e1s empleados en cocina.<br \/>\nVIDEO 6: Estilo industrial.<br \/>\nVIDEO 7: Estilo Moderno.<br \/>\nVIDEO 8: Estilo Contempor\u00e1neo.<br \/>\nVIDEO 9: Reflexi\u00f3n y final del m\u00f3dulo 2.<br \/>\nVIDEO 10: Factores importantes para dise\u00f1ar una cocina.<br \/>\nVIDEO 11: La orientaci\u00f3n.<br \/>\nVIDEO 12: La ventilaci\u00f3n.<br \/>\nVIDEO 13: \u00bfQu\u00e9 tipo de cocina dise\u00f1ar?.<br \/>\nVIDEO 14: \u00c1reas y flujos de trabajo.<br \/>\nVIDEO 15: Tri\u00e1ngulo de trabajo.<br \/>\nVIDEO 16: Cocina lineal.<br \/>\nVIDEO 17: Cocina en paralelo.<br \/>\nVIDEO 18: Cocinas en L.<br \/>\nVIDEO 19: Cocinas en U.<br \/>\nVIDEO 20: Cocina americana.<br \/>\nVIDEO 21: \u00bfCu\u00e1les son los materiales m\u00e1s empleados en cocinas?.<br \/>\nVIDEO 22: Pisos.<br \/>\nVIDEO 23: Tableros.<br \/>\nVIDEO 24: Muebles.<br \/>\nVIDEO 25: Dimensiones para los muebles de una cocina.<br \/>\nVIDEO 26: Importancia de conocer los tipos de color en una cocina.<br \/>\nVIDEO 27: C\u00edrculo crom\u00e1tico.<br \/>\nVIDEO 28: Colores en melanina.<br \/>\nVIDEO 29: Importancia de una buena iluminaci\u00f3n en la cocina.<br \/>\nVIDEO 30: Potencia vs flujo luminoso.<br \/>\nVIDEO 31: Tipos de l\u00e1mparas.<br \/>\nVIDEO 32: Iluminancia.<br \/>\nVIDEO 33: Temperatura de color.<br \/>\nVIDEO 34: Tipos de iluminaci\u00f3n.<br \/>\nVIDEO 35: Importancia del uso de vegetaci\u00f3n dentro de una cocina.<br \/>\nVIDEO 36: Plantas de interior.<br \/>\nVIDEO 37: Importancia del dise\u00f1o de las instalaciones sanitarias en la cocina.<br \/>\nVIDEO 38: Regalos especiales y final del curso.<\/p>\n<p>EBOOKS Y BONUS: pisos de cocinas, iluminarias, melanina y dise\u00f1o de cocinas.<\/p>\n<p>ACERCA DEL PRODUCTOR<\/p>\n<p>Desarrollado por FREDY REYES ROJAS, arquitecto de profesi\u00f3n y especialista en dise\u00f1o de interiores.<\/p>\n<p>Con m\u00e1s de 5 a\u00f1os dise\u00f1ando cocinas profesionalmente y con deseos de ense\u00f1ar toda su experiencia.  <\/p>\n<p>Apasionado con el dise\u00f1o de cocinas, profesional egresado de la Universidad Nacional de Trujillo- Per\u00fa. <\/p>\n","protected":false},"excerpt":{"rendered":"<p>Si siempre te encant\u00f3 crear espacios agradables y c\u00f3modos y te apasiona el dise\u00f1o de Interiores de cocina, tienes que conocer el MasterClass, DISE\u00d1A COCINAS SIN SER ARQUITECTO.<\/p>\n<p>Un programa desarrollado para que rompas tus propios paradigmas.  <\/p>\n<p>Crea sensaciones \u00fanicas a trav\u00e9s de la estrategia, la creatividad y la innovaci\u00f3n con conceptos \u00fanicos.<\/p>\n<p>Desarrolla soluciones funcionales para mejorar el confort de las personas al interior de su cocina.<\/p>\n<p>Conoce los materiales, las instalaciones y todo para que dise\u00f1es una cocina full tendencia.<\/p>\n","protected":false},"featured_media":4835,"template":"","meta":{"_joinchat":[]},"product_brand":[],"product_cat":[333,344],"product_tag":[],"class_list":{"0":"post-12782","1":"product","2":"type-product","3":"status-publish","4":"has-post-thumbnail","6":"product_cat-negocios-y-marketing","7":"product_cat-todos","9":"first","10":"instock","11":"sale","12":"shipping-taxable","13":"product-type-external"},"_links":{"self":[{"href":"https:\/\/cursos.talentup.cl\/index.php?rest_route=\/wp\/v2\/product\/12782","targetHints":{"allow":["GET"]}}],"collection":[{"href":"https:\/\/cursos.talentup.cl\/index.php?rest_route=\/wp\/v2\/product"}],"about":[{"href":"https:\/\/cursos.talentup.cl\/index.php?rest_route=\/wp\/v2\/types\/product"}],"version-history":[{"count":2,"href":"https:\/\/cursos.talentup.cl\/index.php?rest_route=\/wp\/v2\/product\/12782\/revisions"}],"predecessor-version":[{"id":14677,"href":"https:\/\/cursos.talentup.cl\/index.php?rest_route=\/wp\/v2\/product\/12782\/revisions\/14677"}],"wp:featuredmedia":[{"embeddable":true,"href":"https:\/\/cursos.talentup.cl\/index.php?rest_route=\/wp\/v2\/media\/4835"}],"wp:attachment":[{"href":"https:\/\/cursos.talentup.cl\/index.php?rest_route=%2Fwp%2Fv2%2Fmedia&parent=12782"}],"wp:term":[{"taxonomy":"product_brand","embeddable":true,"href":"https:\/\/cursos.talentup.cl\/index.php?rest_route=%2Fwp%2Fv2%2Fproduct_brand&post=12782"},{"taxonomy":"product_cat","embeddable":true,"href":"https:\/\/cursos.talentup.cl\/index.php?rest_route=%2Fwp%2Fv2%2Fproduct_cat&post=12782"},{"taxonomy":"product_tag","embeddable":true,"href":"https:\/\/cursos.talentup.cl\/index.php?rest_route=%2Fwp%2Fv2%2Fproduct_tag&post=12782"}],"curies":[{"name":"wp","href":"https:\/\/api.w.org\/{rel}","templated":true}]}}