{"id":12783,"date":"2023-01-10T04:41:13","date_gmt":"2023-01-10T07:41:13","guid":{"rendered":"https:\/\/cursos.talentup.cl\/?post_type=product&#038;p=12783"},"modified":"2024-02-07T23:38:07","modified_gmt":"2024-02-08T02:38:07","slug":"experta-en-wedding-planner","status":"publish","type":"product","link":"https:\/\/cursos.talentup.cl\/?product=experta-en-wedding-planner","title":{"rendered":"EXPERTA EN WEDDING PLANNER"},"content":{"rendered":"<p>\u00bfTe has imaginado organizar tu propia boda, la de una amiga, un familiar o iniciarte en este negocio de la organizaci\u00f3n de estos eventos?<\/p>\n<p>Con el MasterClass EXPERTA EN WEDDING PLANNER, aprende el paso a paso para que el resultado sea inolvidable.<\/p>\n<p>Aqu\u00ed encontrar\u00e1s los secretos pr\u00e1cticos para que coordines y decores ambientes envolventes, emotivos y rom\u00e1nticos que lleguen al coraz\u00f3n de los Novios y de sus invitados.<\/p>\n<p>Aprende sobre etiqueta, protocolo, los platos, los costos y la log\u00edstica para que tengas un negocio rentable y que nunca se olviden de ti.<\/p>\n<p>\u00bfQU\u00c9 VAS A LOGRAR?<\/p>\n<p>Aprender\u00e1s qu\u00e9 es una Wedding Planner y cu\u00e1les son sus funciones y su papel en el desarrollo de una boda.<\/p>\n<p>Aprender\u00e1s c\u00f3mo empezar a trabajar como Wedding planner y c\u00f3mo definir tus honorarios.<\/p>\n<p>Organizar\u00e1s tu trabajo y sabr\u00e1s cu\u00e1les son los entregables que debes dar a la pareja.<\/p>\n<p>Aprender\u00e1s cuales son los aspectos legales para la organizaci\u00f3n de una boda que puede ser cat\u00f3lica, cristiana, civil y dem\u00e1s.<\/p>\n<p>Entender\u00e1s la relaci\u00f3n entre la fecha de la boda, la locaci\u00f3n y el presupuesto que la pareja tenga para la organizaci\u00f3n del evento.<\/p>\n<p>Aprender\u00e1s a identificar cu\u00e1les son los diferentes tipos de bodas y que debes tener en cuenta en cada uno de ellos.<\/p>\n<p>Sabr\u00e1s que hacer si tu boda es campestre y de repente comienza a llover, aprender\u00e1s como manejar esa situaci\u00f3n.<\/p>\n<p>Aprender\u00e1s cu\u00e1l es la etiqueta y el protocolo para una boda.<\/p>\n<p>Aprender\u00e1s cu\u00e1l es la agenda de la boda (el momento a momento) y como Wedding Planner qu\u00e9 debes hacer y tener en cuenta en cada una de las partes de la boda (ceremonia, cocktail, cena, fiesta).<\/p>\n<p>Aprender\u00e1s todo lo que necesitas para elegir a los proveedores m\u00e1s adecuados para una boda (ambientaci\u00f3n musical, catering, fotograf\u00eda y video, comunicaci\u00f3n e invitaciones) y conocer\u00e1s los tips para manejar muy bien tu relaci\u00f3n con ellos.<\/p>\n<p>Aprender\u00e1s todo lo necesario acerca de la decoraci\u00f3n de la boda, como decorar el sal\u00f3n, como decorar la capilla, el ramo de la novia, las flores de las damas de honor, los pajecitos y mucho m\u00e1s.<\/p>\n<p>Acceder\u00e1s al certificado avalado por Hotmart y Seminarios Online.<\/p>\n<p>\u00bfC\u00d3MO LO VAS A LOGRAR?<\/p>\n<p>Este curso ONLINE compuesto por 32 Lecciones en video HD, en las que abordaremos todo lo que necesitas para convertirte en una Gran Wedding Planner:<\/p>\n<p>1 \u2013 Bienvenida<br \/>\n2 &#8211; Caracter\u00edsticas y Roles de una Wedding Planner.<br \/>\n3 &#8211; Consejos Pr\u00e1cticos para comenzar a trabajar como Wedding Planner.<br \/>\n4 &#8211; Entregables de la Wedding Planner (Bit\u00e1cora o Timing).<br \/>\n5 &#8211; Como cobrar y definir tus honorarios como Wedding Planner.<br \/>\n6 &#8211; Introducci\u00f3n M\u00f3dulo 2 (Aspectos Generales de Planeaci\u00f3n).<br \/>\n7 &#8211; Aspectos Legales.<br \/>\n8 &#8211; La Fecha de la Boda.<br \/>\n9 \u2013 Presupuesto.<br \/>\n10 &#8211; La Locaci\u00f3n para la Boda.<br \/>\n11 &#8211; Estilos de Bodas.<br \/>\n12 &#8211; Profundizando Boda Campestre.<br \/>\n13 &#8211; Etiqueta y Protocolo.<br \/>\n14 &#8211; Protocolo para la Boda.<br \/>\n15 &#8211; Introducci\u00f3n M\u00f3dulo (La Agenda de la Boda).<br \/>\n16 &#8211; La Ceremonia.<br \/>\n17 &#8211; La Hora del Cocktail.<br \/>\n18 &#8211; El Momento del Comedor (La Cena).<br \/>\n19 &#8211; La Fiesta.<br \/>\n20 &#8211; Introducci\u00f3n M\u00f3dulo (Tomando Decisiones).<br \/>\n21 &#8211; Criterios para la Elecci\u00f3n de Proveedores.<br \/>\n22 &#8211; Ambientaci\u00f3n Musical.<br \/>\n23 &#8211; El Catering.<br \/>\n24 &#8211; Video y Fotograf\u00eda.<br \/>\n25 &#8211; Comunicaci\u00f3n e Invitaciones.<br \/>\n26 &#8211; Consejos para la Decoraci\u00f3n.<br \/>\n27 &#8211; Flores y Decoraci\u00f3n.<br \/>\n28 &#8211; Flores y Decoraci\u00f3n del Sal\u00f3n.<br \/>\n29 &#8211; Centros de Mesa.<br \/>\n30 &#8211; Flores de los Novios y para la Corte de la Novia.<br \/>\n31 &#8211; (BONO) 5 Tips que toda wedding Planner debe saber.<br \/>\n32 &#8211; Felicitaciones y Finalizaci\u00f3n del Curso.<\/p>\n<p>ACERCA DE LA PRODUCTORA<\/p>\n<p>Desarrollado por EUGENIA RAMOS, fundadora de Eugenia Ramos Eventos y Wedding Planner desde hace 15 a\u00f1os, Especializada en la planeaci\u00f3n, desarrollo y ejecuci\u00f3n de Bodas emotivas y vanguardistas y ganadora del premio Ziwa Awards 2020 en la categor\u00eda de Mejor Wedding Planner.<\/p>\n<p>Su \u00e9xito y reconocimiento en el mercado se debe a que se mantiene actualizada y siempre trabaja de acuerdo a las \u00faltimas tendencias en Catering, Decoraci\u00f3n, Servicios Musicales, Fotograf\u00eda y Video.<\/p>\n<p>Tiene la premisa de que toda Boda es \u00fanica y refleja el estilo y personalidad de la pareja, debido a ello hace que el evento se destaque por esos peque\u00f1os y grandes detalles trabajados con amor y cuidado.<\/p>\n","protected":false},"excerpt":{"rendered":"<p>\u00bfTe has imaginado organizar tu propia boda, la de una amiga, un familiar o iniciarte en este negocio de la organizaci\u00f3n de estos eventos?<\/p>\n<p>Con el MasterClass EXPERTA EN WEDDING PLANNER, aprende el paso a paso para que el resultado sea inolvidable.<\/p>\n<p>Aqu\u00ed encontrar\u00e1s los secretos pr\u00e1cticos para que coordines y decores ambientes envolventes, emotivos y rom\u00e1nticos que lleguen al coraz\u00f3n de los Novios y de sus invitados.<\/p>\n<p>Aprende sobre etiqueta, protocolo, los platos, los costos y la log\u00edstica para que tengas un negocio rentable y que nunca se olviden de ti.<\/p>\n","protected":false},"featured_media":4836,"template":"","meta":{"_joinchat":[]},"product_brand":[],"product_cat":[333,344],"product_tag":[],"class_list":{"0":"post-12783","1":"product","2":"type-product","3":"status-publish","4":"has-post-thumbnail","6":"product_cat-negocios-y-marketing","7":"product_cat-todos","9":"first","10":"instock","11":"sale","12":"shipping-taxable","13":"product-type-external"},"_links":{"self":[{"href":"https:\/\/cursos.talentup.cl\/index.php?rest_route=\/wp\/v2\/product\/12783","targetHints":{"allow":["GET"]}}],"collection":[{"href":"https:\/\/cursos.talentup.cl\/index.php?rest_route=\/wp\/v2\/product"}],"about":[{"href":"https:\/\/cursos.talentup.cl\/index.php?rest_route=\/wp\/v2\/types\/product"}],"version-history":[{"count":2,"href":"https:\/\/cursos.talentup.cl\/index.php?rest_route=\/wp\/v2\/product\/12783\/revisions"}],"predecessor-version":[{"id":14678,"href":"https:\/\/cursos.talentup.cl\/index.php?rest_route=\/wp\/v2\/product\/12783\/revisions\/14678"}],"wp:featuredmedia":[{"embeddable":true,"href":"https:\/\/cursos.talentup.cl\/index.php?rest_route=\/wp\/v2\/media\/4836"}],"wp:attachment":[{"href":"https:\/\/cursos.talentup.cl\/index.php?rest_route=%2Fwp%2Fv2%2Fmedia&parent=12783"}],"wp:term":[{"taxonomy":"product_brand","embeddable":true,"href":"https:\/\/cursos.talentup.cl\/index.php?rest_route=%2Fwp%2Fv2%2Fproduct_brand&post=12783"},{"taxonomy":"product_cat","embeddable":true,"href":"https:\/\/cursos.talentup.cl\/index.php?rest_route=%2Fwp%2Fv2%2Fproduct_cat&post=12783"},{"taxonomy":"product_tag","embeddable":true,"href":"https:\/\/cursos.talentup.cl\/index.php?rest_route=%2Fwp%2Fv2%2Fproduct_tag&post=12783"}],"curies":[{"name":"wp","href":"https:\/\/api.w.org\/{rel}","templated":true}]}}