{"id":12788,"date":"2023-01-10T04:41:14","date_gmt":"2023-01-10T07:41:14","guid":{"rendered":"https:\/\/cursos.talentup.cl\/?post_type=product&#038;p=12788"},"modified":"2024-02-07T23:38:07","modified_gmt":"2024-02-08T02:38:07","slug":"bouquet-de-globos-para-eventos-y-fiestas","status":"publish","type":"product","link":"https:\/\/cursos.talentup.cl\/?product=bouquet-de-globos-para-eventos-y-fiestas","title":{"rendered":"BOUQUET DE GLOBOS PARA EVENTOS Y FIESTAS"},"content":{"rendered":"<p>\u00bfQuieres impactar con momentos inolvidables en diferentes celebraciones?<\/p>\n<p>Con el programa BOUQUET DE GLOBOS PARA EVENTOS Y FIESTAS, encuentras todo para esa experiencia sea \u00fanica.<\/p>\n<p>Aprende los secretos para armar estructuras maravillosas de globos para tus reuniones.<\/p>\n<p>Activa tu creatividad y sorprende a las personas \u00b4generando el impacto que necesitas.<\/p>\n<p>Tus clientes te lo agradecer\u00e1n. Este es un negocio de alto crecimiento y rentabilidad.<\/p>\n<p>\u00bfQU\u00c9 VAS A LOGRAR?<\/p>\n<p>Lograr\u00e1s inflar globos correctamente.<\/p>\n<p>Identificar\u00e1s los materiales correctos para pegado y estabilidad.<\/p>\n<p>Entender\u00e1s la t\u00e9cnica correcta de una base de ballon bouquet estable.<\/p>\n<p>Aprender\u00e1s la forma t\u00e9cnica: inflar, amarrar tus globos, calibrar y sujetar.<\/p>\n<p>Conocer\u00e1s los errores son un proceso normal en el aprendizaje y la pr\u00e1ctica, pero se pueden evitar, mejor a\u00fan, fortalecer tus debilidades imaginadas.<\/p>\n<p>Aprender\u00e1s Tips para ahorrar materiales, sacar rentabilidad y mejorar tu situaci\u00f3n econ\u00f3mica.<\/p>\n<p>Conocer\u00e1s cu\u00e1les son las herramientas apropiadas y los materiales requeridos.<\/p>\n<p>Aprender\u00e1s los colores y figuras con globos en tendencia, para que est\u00e9s al d\u00eda, con lo que tu competencia exige.  <\/p>\n<p>Tendr\u00e1s la capacidad de juntar globos proporcionalmente para crear estructuras majestuosas e imponentes, que lleguen a medir 2 metros de alto y m\u00e1s, que sean estables y seguras de transportar. <\/p>\n<p>Tendr\u00e1s la habilidad de complacer al cliente o tus familiares con la tem\u00e1tica que te pida, solo dejando llevar tu imaginaci\u00f3n, porque la t\u00e9cnica estar\u00e1 completa.<\/p>\n<p>Acceder\u00e1s al certificado avalado por Hotmart y Seminarios Online.<\/p>\n<p>\u00bfC\u00d3MO LO VAS A LOGRAR?<\/p>\n<p>A trav\u00e9s del siguiente contenido estructurado paso a paso:<\/p>\n<p>VIDEO 1: Presentaci\u00f3n.<br \/>\nVIDEO 2: Introducci\u00f3n al curso.<br \/>\nVIDEO 3: Historia.<br \/>\nVIDEO 4: Tendencias.<br \/>\nVIDEO 5: Referencia 1: Materiales.<br \/>\nVIDEO 6: Inflado y calibrado.<br \/>\nVIDEO 7: Elaboraci\u00f3n parte 1.<br \/>\nVIDEO 8: Elaboraci\u00f3n parte 2.<br \/>\nVIDEO 9: Elaboraci\u00f3n parte 3.<br \/>\nVIDEO 10: Elaboraci\u00f3n parte 4.<br \/>\nVIDEO 11: Elaboraci\u00f3n parte 5.<br \/>\nVIDEO 12: Elaboraci\u00f3n parte 6.<br \/>\nVIDEO 13: Conclusiones presupuesto.<br \/>\nVIDEO 14: Bono bouquet desayuno sorpresa parte 1.<br \/>\nVIDEO 15: Bono bouquet desayuno sorpresa parte 2.<br \/>\nVIDEO 16: Bono bouquet desayuno sorpresa parte 3.<br \/>\nVIDEO 17: Bono bouquet desayuno sorpresa parte 4.<\/p>\n<p>ACERCA DE LOS PRODUCTORES<\/p>\n<p>Desarrollado por JULI\u00c1N G\u00d3MEZ FIESCO y ALEXANDRA VALENCIA, colombianos, emprendedores y esposos, llenos de deseos de ense\u00f1ar a otros como emprender en esta industria. Artistas con globos con m\u00e1s de 7 a\u00f1os de experiencia.<\/p>\n<p>Alexandra es una apasionada con la calidad y el emprendimiento. <\/p>\n<p>Juli\u00e1n y Alexandra han capacitado a trav\u00e9s del mundo, un n\u00famero de personas igual de apasionadas a ellos, que desean emprender en un medio tan competitivo, tan creativo, pero tan gratificante en todos los aspectos. Sus alumnos aseguran que su m\u00e9todo de ense\u00f1anza les permiti\u00f3 avanzar y aprender para crear su propia empresa y potencializar sus conocimientos.<\/p>\n","protected":false},"excerpt":{"rendered":"<p>\u00bfQuieres impactar con momentos inolvidables en diferentes celebraciones?<\/p>\n<p>Con el programa BOUQUET DE GLOBOS PARA EVENTOS Y FIESTAS, encuentras todo para esa experiencia sea \u00fanica.<\/p>\n<p>Aprende los secretos para armar estructuras maravillosas de globos para tus reuniones.<\/p>\n<p>Activa tu creatividad y sorprende a las personas \u00b4generando el impacto que necesitas.<\/p>\n<p>Tus clientes te lo agradecer\u00e1n. Este es un negocio de alto crecimiento y rentabilidad.<\/p>\n","protected":false},"featured_media":4840,"template":"","meta":{"_joinchat":[]},"product_brand":[],"product_cat":[333,344],"product_tag":[],"class_list":{"0":"post-12788","1":"product","2":"type-product","3":"status-publish","4":"has-post-thumbnail","6":"product_cat-negocios-y-marketing","7":"product_cat-todos","9":"first","10":"instock","11":"sale","12":"shipping-taxable","13":"product-type-external"},"_links":{"self":[{"href":"https:\/\/cursos.talentup.cl\/index.php?rest_route=\/wp\/v2\/product\/12788","targetHints":{"allow":["GET"]}}],"collection":[{"href":"https:\/\/cursos.talentup.cl\/index.php?rest_route=\/wp\/v2\/product"}],"about":[{"href":"https:\/\/cursos.talentup.cl\/index.php?rest_route=\/wp\/v2\/types\/product"}],"version-history":[{"count":2,"href":"https:\/\/cursos.talentup.cl\/index.php?rest_route=\/wp\/v2\/product\/12788\/revisions"}],"predecessor-version":[{"id":14685,"href":"https:\/\/cursos.talentup.cl\/index.php?rest_route=\/wp\/v2\/product\/12788\/revisions\/14685"}],"wp:featuredmedia":[{"embeddable":true,"href":"https:\/\/cursos.talentup.cl\/index.php?rest_route=\/wp\/v2\/media\/4840"}],"wp:attachment":[{"href":"https:\/\/cursos.talentup.cl\/index.php?rest_route=%2Fwp%2Fv2%2Fmedia&parent=12788"}],"wp:term":[{"taxonomy":"product_brand","embeddable":true,"href":"https:\/\/cursos.talentup.cl\/index.php?rest_route=%2Fwp%2Fv2%2Fproduct_brand&post=12788"},{"taxonomy":"product_cat","embeddable":true,"href":"https:\/\/cursos.talentup.cl\/index.php?rest_route=%2Fwp%2Fv2%2Fproduct_cat&post=12788"},{"taxonomy":"product_tag","embeddable":true,"href":"https:\/\/cursos.talentup.cl\/index.php?rest_route=%2Fwp%2Fv2%2Fproduct_tag&post=12788"}],"curies":[{"name":"wp","href":"https:\/\/api.w.org\/{rel}","templated":true}]}}