{"id":12792,"date":"2023-01-10T04:41:14","date_gmt":"2023-01-10T07:41:14","guid":{"rendered":"https:\/\/cursos.talentup.cl\/?post_type=product&#038;p=12792"},"modified":"2024-02-07T23:38:07","modified_gmt":"2024-02-08T02:38:07","slug":"tejido-ecologico-y-decorativo-como-negocio","status":"publish","type":"product","link":"https:\/\/cursos.talentup.cl\/?product=tejido-ecologico-y-decorativo-como-negocio","title":{"rendered":"TEJIDO ECOL\u00d3GICO Y DECORATIVO COMO NEGOCIO"},"content":{"rendered":"<p>El tejido manual es una actividad totalmente artesanal que se puede desarrollar a partir de diferentes t\u00e9cnicas. <\/p>\n<p>Con el MASTER CLASS TEJIDO ECOL\u00d3GICO Y DECORATIVO COMO NEGOCIO aprender\u00e1s t\u00e9cnicas de tejido crochet con una y dos agujas.<\/p>\n<p>Realizar\u00e1s piezas tejidas para decorar tu casa, la de tus amigos o cambiar la imagen de esos elementos que deseas renovar.<\/p>\n<p>\u00a1Desarrolla esta actividad y genera altos ingresos!<\/p>\n<p>\u00bfQU\u00c9 VAS A APRENDER?<\/p>\n<p>Lograr\u00e1s hacer tejido b\u00e1sico a dos agujas o palillos.<\/p>\n<p>Realizar\u00e1s terminaciones en el tejido crochet y dos agujas.<\/p>\n<p>Encarar\u00e1s costura en piezas tejidas al crochet y dos agujas.<\/p>\n<p>Aprender\u00e1s a combinar dos o m\u00e1s colores y como aplicarlos en el tejido de crochet y dos agujas.<\/p>\n<p>Aprender\u00e1s c\u00f3mo hacer tejidos al crochet circular.<\/p>\n<p>Aprender\u00e1s c\u00f3mo hacer tejidos al crochet plano.<\/p>\n<p>Aprender\u00e1s la t\u00e9cnica de tejido con la mano para realizar lo que se conoce como manta n\u00f3rdica.<\/p>\n<p>Aprender\u00e1s la t\u00e9cnica de tejido al crochet con la mano para realizar tejidos gruesos como tapetes para las sillas, cubre sillas.<\/p>\n<p>Aprender\u00e1s muchos puntos de tejido al crochet y a dos agujas. <\/p>\n<p>Acceder\u00e1s al certificado avalado por Hotmart y Seminarios Online.<\/p>\n<p>\u00bfC\u00d3MO LO VAS A LOGRAR?<\/p>\n<p>A trav\u00e9s del siguiente contenido estructurado paso a paso:<\/p>\n<p>1. \u00a1Bienvenida al curso de tejido!<br \/>\n2. Introducci\u00f3n al curso y contact\u00e1ndonos.<br \/>\n3. Recomendaciones.<br \/>\n4. M\u00f3dulo 1 \u2013 Kit limpieza A.<br \/>\n5. M\u00f3dulo 1 \u2013 Kit limpieza B.<br \/>\n6. M\u00f3dulo 1 \u2013 Kit limpieza B.<br \/>\n7. M\u00f3dulo 2 \u2013 Kit decorativo de mesa A.<br \/>\n8. M\u00f3dulo 2 \u2013 Kit decorativo de mesa B.<br \/>\n9. M\u00f3dulo 2 \u2013 Kit decorativo de mesa C.<br \/>\n10. M\u00f3dulo 2 \u2013 Kit decorativo de mesa D.<br \/>\n11. M\u00f3dulo 3 \u2013 Kit de cocina A.<br \/>\n12. M\u00f3dulo 3 \u2013 Kit de cocina B.<br \/>\n13. M\u00f3dulo 3 \u2013 Kit de cocina C.<br \/>\n14. M\u00f3dulo 3 \u2013 Kit de cocina D.<br \/>\n15. M\u00f3dulo 3 \u2013 Kit de cocina E.<br \/>\n16. M\u00f3dulo 4 \u2013 Kit de ba\u00f1o A.<br \/>\n17. M\u00f3dulo 4 \u2013 Kit de ba\u00f1o B.<br \/>\n18. M\u00f3dulo 4 \u2013 Kit de ba\u00f1o C.<br \/>\n19. M\u00f3dulo 5 \u2013 Funda almohad\u00f3n A.<br \/>\n20. M\u00f3dulo 5 \u2013 Funda almohad\u00f3n B.<br \/>\n21. M\u00f3dulo 6 \u2013 Manta n\u00f3rdica A.<br \/>\n22. M\u00f3dulo 6 \u2013 Manta n\u00f3rdica B.<br \/>\n23. M\u00f3dulo 7 \u2013 Tapete y cubre silla A.<br \/>\n24. M\u00f3dulo 7 \u2013 Tapete y cubre silla B.<br \/>\n25. M\u00f3dulo 7 \u2013 Tapete y cubre silla C.<br \/>\n26. M\u00f3dulo 8 \u2013 Vistiendo envases A.<br \/>\n27. M\u00f3dulo 8 \u2013 Vistiendo envases B.<br \/>\n28. M\u00f3dulo 8 \u2013 Vistiendo envases C.<br \/>\n29. M\u00f3dulo 8 \u2013 Vistiendo envases D.<\/p>\n<p>ACERCA DE LA PRODUCTORA<\/p>\n<p>Desarrollado por, MARIANA SCHERR, especialista en tejido crochet y dos agujas.<\/p>\n<p>Especialista en el Programa \u201cPuntos y Puntadas\u201d emitido por el canal Util\u00edsima Satelital entre los a\u00f1os 1999 y 2002. Programa de emisi\u00f3n semanal <\/p>\n<p>Autora del Libro: \u201cGran Diccionario Ilustrado del tejido a dos Agujas\u201d ED. Atl\u00e1ntida. Argentina.<\/p>\n<p>Colaboradora en la revista \u201cEl arte de Tejer\u201d. Ed. E.V de V. Argentina.<\/p>\n<p>Desde el a\u00f1o 2004 al 2008 realizo y dise\u00f1\u00f3 prendas tejidas a mano para la revista \u201cGran \u00c1lbum Labores\u201d. Ed. Perfil. Desarroll\u00f3 el contenido de las mismas y la correcci\u00f3n de la revista previa a su publicaci\u00f3n. <\/p>\n<p>Del a\u00f1o 2002 al 2005 particip\u00f3 en la revista: \u201cMIA\u201d de ed. Perfil con la publicaci\u00f3n de art\u00edculos sobre tejidos en forma semanal y p\u00e1gina completa, en la secci\u00f3n \u201cTejiendo con Mariana\u201d. Elaboraci\u00f3n de tips y consejos sobre tejido a mano, moda, y realizaci\u00f3n de prendas artesanales. <\/p>\n","protected":false},"excerpt":{"rendered":"<p>El tejido manual es una actividad totalmente artesanal que se puede desarrollar a partir de diferentes t\u00e9cnicas. <\/p>\n<p>Con el MASTER CLASS TEJIDO ECOL\u00d3GICO Y DECORATIVO COMO NEGOCIO aprender\u00e1s t\u00e9cnicas de tejido crochet con una y dos agujas.<\/p>\n<p>Realizar\u00e1s piezas tejidas para decorar tu casa, la de tus amigos o cambiar la imagen de esos elementos que deseas renovar.<\/p>\n<p>\u00a1Desarrolla esta actividad y genera altos ingresos!<\/p>\n","protected":false},"featured_media":4845,"template":"","meta":{"_joinchat":[]},"product_brand":[],"product_cat":[333,344],"product_tag":[],"class_list":{"0":"post-12792","1":"product","2":"type-product","3":"status-publish","4":"has-post-thumbnail","6":"product_cat-negocios-y-marketing","7":"product_cat-todos","9":"first","10":"instock","11":"sale","12":"shipping-taxable","13":"product-type-external"},"_links":{"self":[{"href":"https:\/\/cursos.talentup.cl\/index.php?rest_route=\/wp\/v2\/product\/12792","targetHints":{"allow":["GET"]}}],"collection":[{"href":"https:\/\/cursos.talentup.cl\/index.php?rest_route=\/wp\/v2\/product"}],"about":[{"href":"https:\/\/cursos.talentup.cl\/index.php?rest_route=\/wp\/v2\/types\/product"}],"version-history":[{"count":2,"href":"https:\/\/cursos.talentup.cl\/index.php?rest_route=\/wp\/v2\/product\/12792\/revisions"}],"predecessor-version":[{"id":14689,"href":"https:\/\/cursos.talentup.cl\/index.php?rest_route=\/wp\/v2\/product\/12792\/revisions\/14689"}],"wp:featuredmedia":[{"embeddable":true,"href":"https:\/\/cursos.talentup.cl\/index.php?rest_route=\/wp\/v2\/media\/4845"}],"wp:attachment":[{"href":"https:\/\/cursos.talentup.cl\/index.php?rest_route=%2Fwp%2Fv2%2Fmedia&parent=12792"}],"wp:term":[{"taxonomy":"product_brand","embeddable":true,"href":"https:\/\/cursos.talentup.cl\/index.php?rest_route=%2Fwp%2Fv2%2Fproduct_brand&post=12792"},{"taxonomy":"product_cat","embeddable":true,"href":"https:\/\/cursos.talentup.cl\/index.php?rest_route=%2Fwp%2Fv2%2Fproduct_cat&post=12792"},{"taxonomy":"product_tag","embeddable":true,"href":"https:\/\/cursos.talentup.cl\/index.php?rest_route=%2Fwp%2Fv2%2Fproduct_tag&post=12792"}],"curies":[{"name":"wp","href":"https:\/\/api.w.org\/{rel}","templated":true}]}}