{"id":12793,"date":"2023-01-10T04:41:14","date_gmt":"2023-01-10T07:41:14","guid":{"rendered":"https:\/\/cursos.talentup.cl\/?post_type=product&#038;p=12793"},"modified":"2024-02-07T23:38:08","modified_gmt":"2024-02-08T02:38:08","slug":"remodelacion-de-banos-y-cocinas-como-negocio","status":"publish","type":"product","link":"https:\/\/cursos.talentup.cl\/?product=remodelacion-de-banos-y-cocinas-como-negocio","title":{"rendered":"REMODELACI\u00d3N DE BA\u00d1OS Y COCINAS COMO NEGOCIO"},"content":{"rendered":"<p>\u00bfSab\u00edas que la cocina y los ba\u00f1os de una casa son los espacios que m\u00e1s impacto tienen a la hora de elegir un lugar para vivir?<br \/>\nPor esta raz\u00f3n, la renovaci\u00f3n y mejoras de estas \u00e1reas, aumentan el valor de venta de un inmueble.<\/p>\n<p>Con el masterclass REMODELACI\u00d3N DE BA\u00d1OS Y COCINAS COMO NEGOCIO, conocer\u00e1s a detalle todos los factores determinantes para incursionar con \u00e9xito y ofrecer tus servicios en esta lucrativa industria, adem\u00e1s recibir\u00e1s todos los recursos<br \/>\ny herramientas que te permitir\u00e1n, con o sin experiencia previa, iniciar y consolidar tu negocio.<\/p>\n<p>\u00bfQU\u00c9 VAS A LOGRAR?<\/p>\n<p>Comprender\u00e1s en su totalidad las fases que componen un proyecto de remodelaci\u00f3n. Conocer\u00e1s desde el recurso humano necesario, hasta los procesos, herramientas y protocolos necesarios para brindar un servicio de calidad.<\/p>\n<p>Desarrollar\u00e1s las habilidades necesarias para realizar un dise\u00f1o profesional y funcional de cocinas y ba\u00f1os, orientado siempre a resolver las necesidades de cada cliente.<\/p>\n<p>Aprender\u00e1s a planear un proyecto de remodelaci\u00f3n como un profesional. Teniendo en cuenta cada elemento que influya en su desarrollo exitoso. Sabr\u00e1s como determinar desde el presupuesto de obra hasta el tiempo de entrega del mismo.<\/p>\n<p>Reconocer\u00e1s cada recurso y procedimiento necesario para ejecutar tu proyecto de remodelaci\u00f3n. A\u00fan si no tienes experiencia aprender\u00e1s los diferentes procesos constructivos involucrados y t\u00e9cnicas de control de calidad.<\/p>\n<p>Descubrir\u00e1s a detalle la manera correcta de manejar el dinero en un proyecto de remodelaci\u00f3n. Lo que involucra el pago a contratistas, el cobro por tus servicios y el an\u00e1lisis financiero del mismo.<\/p>\n<p>Conocer\u00e1s una metodolog\u00eda precisa para construir y fidelizar una cartera de clientes. Lo que te permitir\u00e1 ver como tu negocio crece de forma s\u00f3lida.<\/p>\n<p>Acceder\u00e1s al certificado avalado por Hotmart y Seminarios Online.<\/p>\n<p>\u00bfC\u00d3MO LO VAS A LOGRAR?<\/p>\n<p>A trav\u00e9s del siguiente contenido, estructurado paso a paso:<\/p>\n<p>M\u00f3dulo 1. Bienvenida.<\/p>\n<p>Lecci\u00f3n 1. Introducci\u00f3n.<\/p>\n<p>Lecci\u00f3n 2. \u00bfc\u00f3mo y por qu\u00e9 vas a lograr iniciar desde cero y con \u00e9xito tu propio negocio, ofreciendo servicios de remodelaci\u00f3n de ba\u00f1os y cocinas?<\/p>\n<p>Lecci\u00f3n 3. Debes tener en cuenta las siguientes recomendaciones.<\/p>\n<p>M\u00f3dulo 2. Conceptualizaci\u00f3n del proyecto de remodelaci\u00f3n.<\/p>\n<p>Lecci\u00f3n 4. El impacto que generamos con un proyecto de remodelaci\u00f3n.<\/p>\n<p>Lecci\u00f3n 5. Conceptos fundamentales para ser un profesional en el negocio.<\/p>\n<p>Lecci\u00f3n 6. El proyecto de remodelaci\u00f3n y sus fases.<\/p>\n<p>M\u00f3dulo 3. Fase de dise\u00f1o.<\/p>\n<p>Lecci\u00f3n 7. Equipo de trabajo requerido para el desarrollo de esta fase.<\/p>\n<p>Lecci\u00f3n 8. Evaluaci\u00f3n de lugar a intervenir y levantamiento.<\/p>\n<p>Lecci\u00f3n 9. Conceptos fundamentales para el dise\u00f1o de cocinas.<\/p>\n<p>Lecci\u00f3n 10. Conceptos fundamentales para el dise\u00f1o de ba\u00f1os.<\/p>\n<p>Lecci\u00f3n 11. Conceptos complementarios para el dise\u00f1o de ba\u00f1os y cocinas.<\/p>\n<p>Lecci\u00f3n 12. Aspectos relevantes para prestar un servicio profesional y encantar a tu cliente.<\/p>\n<p>M\u00f3dulo 4. Fase de planeaci\u00f3n.<\/p>\n<p>Lecci\u00f3n 13. Equipo de trabajo requerido para el desarrollo de esta fase.<\/p>\n<p>Lecci\u00f3n 14. Presupuesto del proyecto de remodelaci\u00f3n.<\/p>\n<p>Lecci\u00f3n 15. C\u00e1lculo de cantidades de obra.<\/p>\n<p>Lecci\u00f3n 16. Evaluaci\u00f3n del rendimiento de las actividades en un proyecto de remodelaci\u00f3n.<\/p>\n<p>Lecci\u00f3n 17. Construcci\u00f3n de an\u00e1lisis de precios unitarios y su importancia.<\/p>\n<p>Lecci\u00f3n 18. Presentaci\u00f3n de propuesta final.<\/p>\n<p>Lecci\u00f3n 19. Los tiempos del proyecto de remodelaci\u00f3n.<\/p>\n<p>M\u00f3dulo 5. Fase de ejecuci\u00f3n.<\/p>\n<p>Lecci\u00f3n 20. Equipo de trabajo en obra, funciones y jerarqu\u00eda.<\/p>\n<p>Lecci\u00f3n 21. Comprendiendo el proceso constructivo en un proyecto de remodelaci\u00f3n.<\/p>\n<p>Lecci\u00f3n 22. T\u00e9cnicas para el control de calidad.<\/p>\n<p>Lecci\u00f3n 23. Manejo correcto del dinero en un proyecto de remodelaci\u00f3n.<\/p>\n<p>Lecci\u00f3n 24. Control del flujo del dinero durante el proyecto.<\/p>\n<p>Lecci\u00f3n 25. La manera correcta de contratar personal para un proyecto de remodelaci\u00f3n.<\/p>\n<p>Lecci\u00f3n 26. Protocolo de finalizaci\u00f3n de proyecto y entrega de obra.<\/p>\n<p>M\u00f3dulo 6. Escalando tu negocio.<\/p>\n<p>Lecci\u00f3n 27. Creando una cartera de clientes.<\/p>\n<p>Lecci\u00f3n 28. Creando un portafolio de servicios.<\/p>\n<p>M\u00f3dulo 7. Recursos adicionales en video.<\/p>\n<p>Lecci\u00f3n 29. Ampl\u00eda tu conocimiento.<\/p>\n<p>M\u00f3dulo 8. Recursos adicionales descargables.<\/p>\n<p>Lecci\u00f3n 30. Utiliza estos recursos que potenciar\u00e1n tu negocio.<\/p>\n<p>Modelo presupuesto de proyecto.<br \/>\nAn\u00e1lisis de precios unitarios.<br \/>\nModelo entrega propuesta cliente tipo constructor.<br \/>\nModelo entrega propuesta cliente tipo no constructor.<br \/>\nModelo acta de pago a contratistas.<br \/>\nModelo flujo de dinero del proyecto.<br \/>\nModelo acta de entrega de proyecto.<br \/>\nModelador 3D de Cocinas GRATUITO.<br \/>\nModelador 3D de Ba\u00f1os GRATUITO.<\/p>\n<p>ACERCA DEL PRODUCTOR<\/p>\n<p>Desarrollado por CARLOS PERAFAN, ingeniero civil con m\u00e1s de 5 a\u00f1os de experiencia como contratista de construcci\u00f3n. Ha liderado el desarrollo de proyectos tanto residenciales como comerciales y ha integrado el \u00e1rea de planeaci\u00f3n y presupuestos de algunas de las constructoras de mayor reconocimiento en la ciudad.<\/p>\n<p>Su experiencia lo llev\u00f3 a identificar en el mercado de la remodelaci\u00f3n de ba\u00f1os y cocinas, una enorme oportunidad de negocio, debido a la alta demanda que presenta y la falta de profesionalizaci\u00f3n en el sector.<\/p>\n<p>Ha desarrollado una metodolog\u00eda precisa que permite concebir una reforma en las \u00e1reas de ba\u00f1os y cocinas de un inmueble como un proyecto integral en el cual juega un papel fundamental el conocimiento pleno de t\u00e9cnicas y recursos que permitan desarrollar un dise\u00f1o, un presupuesto y un cronograma de forma eficiente y sin la necesidad de tener experiencia previa en el sector.<\/p>\n","protected":false},"excerpt":{"rendered":"<p>\u00bfSab\u00edas que la cocina y los ba\u00f1os de una casa son los espacios que m\u00e1s impacto tienen a la hora de elegir un lugar para vivir?<br \/>\nPor esta raz\u00f3n, la renovaci\u00f3n y mejoras de estas \u00e1reas, aumentan el valor de venta de un inmueble.<\/p>\n<p>Con el masterclass REMODELACI\u00d3N DE BA\u00d1OS Y COCINAS COMO NEGOCIO, conocer\u00e1s a detalle todos los factores determinantes para incursionar con \u00e9xito y ofrecer tus servicios en esta lucrativa industria, adem\u00e1s recibir\u00e1s todos los recursos<br \/>\ny herramientas que te permitir\u00e1n, con o sin experiencia previa, iniciar y consolidar tu negocio.<\/p>\n","protected":false},"featured_media":4847,"template":"","meta":{"_joinchat":[]},"product_brand":[],"product_cat":[333,344],"product_tag":[],"class_list":{"0":"post-12793","1":"product","2":"type-product","3":"status-publish","4":"has-post-thumbnail","6":"product_cat-negocios-y-marketing","7":"product_cat-todos","9":"first","10":"instock","11":"sale","12":"shipping-taxable","13":"product-type-external"},"_links":{"self":[{"href":"https:\/\/cursos.talentup.cl\/index.php?rest_route=\/wp\/v2\/product\/12793","targetHints":{"allow":["GET"]}}],"collection":[{"href":"https:\/\/cursos.talentup.cl\/index.php?rest_route=\/wp\/v2\/product"}],"about":[{"href":"https:\/\/cursos.talentup.cl\/index.php?rest_route=\/wp\/v2\/types\/product"}],"version-history":[{"count":2,"href":"https:\/\/cursos.talentup.cl\/index.php?rest_route=\/wp\/v2\/product\/12793\/revisions"}],"predecessor-version":[{"id":14690,"href":"https:\/\/cursos.talentup.cl\/index.php?rest_route=\/wp\/v2\/product\/12793\/revisions\/14690"}],"wp:featuredmedia":[{"embeddable":true,"href":"https:\/\/cursos.talentup.cl\/index.php?rest_route=\/wp\/v2\/media\/4847"}],"wp:attachment":[{"href":"https:\/\/cursos.talentup.cl\/index.php?rest_route=%2Fwp%2Fv2%2Fmedia&parent=12793"}],"wp:term":[{"taxonomy":"product_brand","embeddable":true,"href":"https:\/\/cursos.talentup.cl\/index.php?rest_route=%2Fwp%2Fv2%2Fproduct_brand&post=12793"},{"taxonomy":"product_cat","embeddable":true,"href":"https:\/\/cursos.talentup.cl\/index.php?rest_route=%2Fwp%2Fv2%2Fproduct_cat&post=12793"},{"taxonomy":"product_tag","embeddable":true,"href":"https:\/\/cursos.talentup.cl\/index.php?rest_route=%2Fwp%2Fv2%2Fproduct_tag&post=12793"}],"curies":[{"name":"wp","href":"https:\/\/api.w.org\/{rel}","templated":true}]}}